{"id":15,"date":"2022-11-08T10:45:32","date_gmt":"2022-11-08T13:45:32","guid":{"rendered":"https:\/\/eventos.cmm.uchile.cl\/allaire2022\/?page_id=15"},"modified":"2022-11-24T17:15:45","modified_gmt":"2022-11-24T20:15:45","slug":"home","status":"publish","type":"page","link":"https:\/\/eventos.cmm.uchile.cl\/allaire2022\/","title":{"rendered":"Home"},"content":{"rendered":"<p>This course is a series of six lectures (one and a half hours each), devoted to the specific models and tools of <strong>shape and topology optimization<\/strong> for designing mechanical structures built by <a href=\"https:\/\/www.wikiwand.com\/en\/Additive_manufacturing\" target=\"_blank\" rel=\"noopener\"><strong>additive manufacturing<\/strong><\/a>, taught by Prof. Gr\u00e9goire Allaire, \u00c9cole Polytechnique, France. The focus is on powder bed fusion processes. The course will be held between <strong>December 1 and 22, 2022<\/strong>.<\/p>\n<p><a href=\"https:\/\/eventos.cmm.uchile.cl\/allaire2022\/?page_id=18\">More information<\/a> about the course and Prof. Allaire.<\/p>\n<div class=\"su-button-center\"><a href=\"https:\/\/eventos.cmm.uchile.cl\/allaire2022\/?page_id=38\" class=\"su-button su-button-style-flat\" style=\"color:#FFFFFF;background-color:#27234F;border-color:#201c40;border-radius:9px\" target=\"_self\"><span style=\"color:#FFFFFF;padding:8px 24px;font-size:18px;line-height:27px;border-color:#686584;border-radius:9px;text-shadow:none\"><i class=\"sui sui-wpforms\" style=\"font-size:18px;color:#FFFFFF\"><\/i> Register to attend<\/span><\/a><\/div>\n<p>&nbsp;<\/p>\n<p><em>Este curso es una serie de seis conferencias (de una hora y media cada una, en ingl\u00e9s), dedicadas a los modelos y herramientas espec\u00edficos de <strong>optimizaci\u00f3n de forma y topolog\u00eda<\/strong> para el dise\u00f1o de estructuras mec\u00e1nicas construidas mediante <strong>fabricaci\u00f3n aditiva (impresi\u00f3n 3D)<\/strong>, impartidas por el profesor <strong>Gr\u00e9goire Allaire<\/strong>, de la \u00c9cole Polytechnique, Francia. El curso se centra en los procesos de powder bed fusion (PBF), tambi\u00e9n conocida como fusi\u00f3n de lecho de polvo. El curso se impartir\u00e1 en el Centro de Modelamiento Matem\u00e1tico <strong>entre el 1 y el 22 de diciembre de 2022<\/strong> (martes y jueves a las 17:00). Abierto a estudiantes de ingenier\u00eda de universidades chilenas.<\/em><\/p>\n<h3>Organizing Committee<\/h3>\n<ul>\n<li>Carlos Conca, UChile<\/li>\n<li>Sergio Guti\u00e9rrez, UC<\/li>\n<li>Rodrigo Lecaros, USM<\/li>\n<li>Sebasti\u00e1n Zamorano, Usach<\/li>\n<\/ul>\n","protected":false},"excerpt":{"rendered":"<p>This course is a series of six lectures (one and a half hours each), devoted to the specific models and tools of shape and topology optimization for designing mechanical structures built by additive manufacturing, taught by Prof. Gr\u00e9goire Allaire, \u00c9cole Polytechnique, France. The focus is on powder bed fusion processes. The course will be held &hellip; <a href=\"https:\/\/eventos.cmm.uchile.cl\/allaire2022\/\" class=\"more-link\">Continue reading <span class=\"screen-reader-text\">Home<\/span> <span class=\"meta-nav\">&rarr;<\/span><\/a><\/p>\n","protected":false},"author":2,"featured_media":0,"parent":0,"menu_order":0,"comment_status":"closed","ping_status":"closed","template":"","meta":{"inline_featured_image":false,"footnotes":""},"class_list":["post-15","page","type-page","status-publish","hentry"],"_links":{"self":[{"href":"https:\/\/eventos.cmm.uchile.cl\/allaire2022\/index.php?rest_route=\/wp\/v2\/pages\/15","targetHints":{"allow":["GET"]}}],"collection":[{"href":"https:\/\/eventos.cmm.uchile.cl\/allaire2022\/index.php?rest_route=\/wp\/v2\/pages"}],"about":[{"href":"https:\/\/eventos.cmm.uchile.cl\/allaire2022\/index.php?rest_route=\/wp\/v2\/types\/page"}],"author":[{"embeddable":true,"href":"https:\/\/eventos.cmm.uchile.cl\/allaire2022\/index.php?rest_route=\/wp\/v2\/users\/2"}],"replies":[{"embeddable":true,"href":"https:\/\/eventos.cmm.uchile.cl\/allaire2022\/index.php?rest_route=%2Fwp%2Fv2%2Fcomments&post=15"}],"version-history":[{"count":15,"href":"https:\/\/eventos.cmm.uchile.cl\/allaire2022\/index.php?rest_route=\/wp\/v2\/pages\/15\/revisions"}],"predecessor-version":[{"id":85,"href":"https:\/\/eventos.cmm.uchile.cl\/allaire2022\/index.php?rest_route=\/wp\/v2\/pages\/15\/revisions\/85"}],"wp:attachment":[{"href":"https:\/\/eventos.cmm.uchile.cl\/allaire2022\/index.php?rest_route=%2Fwp%2Fv2%2Fmedia&parent=15"}],"curies":[{"name":"wp","href":"https:\/\/api.w.org\/{rel}","templated":true}]}}