{"id":44,"date":"2022-11-08T14:53:03","date_gmt":"2022-11-08T17:53:03","guid":{"rendered":"https:\/\/eventos.cmm.uchile.cl\/allaire2022\/?page_id=44"},"modified":"2022-11-16T09:32:39","modified_gmt":"2022-11-16T12:32:39","slug":"venue","status":"publish","type":"page","link":"https:\/\/eventos.cmm.uchile.cl\/allaire2022\/?page_id=44","title":{"rendered":"Venue"},"content":{"rendered":"<p>The first class will be taught at the Department of Mathematical Engineering (DIM) Seminar Room.<\/p>\n<p><strong>Sala de Seminarios Felipe \u00c1lvarez<\/strong><br \/>\nDepartamento de Ingenier\u00eda Matem\u00e1tica<br \/>\nFacultad de Ciencias F\u00edsicas y Matem\u00e1ticas<br \/>\nUniversidad de Chile<br \/>\nBeauchef 851, Edificio Norte \u2013 piso 6<\/p>\n<p>All remaining classes will be taught at the John von Neumann Seminar Room, Center for Mathematical Modeling.<\/p>\n<p><strong>Sala de Seminarios John von Neumann<\/strong><br \/>\nCentro de Modelamiento Matem\u00e1tico<br \/>\nFacultad de Ciencias F\u00edsicas y Matem\u00e1ticas<br \/>\nUniversidad de Chile<br \/>\nBeauchef 851, Edificio Norte \u2013 piso 7<\/p>\n","protected":false},"excerpt":{"rendered":"<p>The first class will be taught at the Department of Mathematical Engineering (DIM) Seminar Room. Sala de Seminarios Felipe \u00c1lvarez Departamento de Ingenier\u00eda Matem\u00e1tica Facultad de Ciencias F\u00edsicas y Matem\u00e1ticas Universidad de Chile Beauchef 851, Edificio Norte \u2013 piso 6 All remaining classes will be taught at the John von Neumann Seminar Room, Center for &hellip; <a href=\"https:\/\/eventos.cmm.uchile.cl\/allaire2022\/?page_id=44\" class=\"more-link\">Continue reading <span class=\"screen-reader-text\">Venue<\/span> <span class=\"meta-nav\">&rarr;<\/span><\/a><\/p>\n","protected":false},"author":2,"featured_media":0,"parent":0,"menu_order":4,"comment_status":"closed","ping_status":"closed","template":"","meta":{"inline_featured_image":false,"footnotes":""},"class_list":["post-44","page","type-page","status-publish","hentry"],"_links":{"self":[{"href":"https:\/\/eventos.cmm.uchile.cl\/allaire2022\/index.php?rest_route=\/wp\/v2\/pages\/44","targetHints":{"allow":["GET"]}}],"collection":[{"href":"https:\/\/eventos.cmm.uchile.cl\/allaire2022\/index.php?rest_route=\/wp\/v2\/pages"}],"about":[{"href":"https:\/\/eventos.cmm.uchile.cl\/allaire2022\/index.php?rest_route=\/wp\/v2\/types\/page"}],"author":[{"embeddable":true,"href":"https:\/\/eventos.cmm.uchile.cl\/allaire2022\/index.php?rest_route=\/wp\/v2\/users\/2"}],"replies":[{"embeddable":true,"href":"https:\/\/eventos.cmm.uchile.cl\/allaire2022\/index.php?rest_route=%2Fwp%2Fv2%2Fcomments&post=44"}],"version-history":[{"count":2,"href":"https:\/\/eventos.cmm.uchile.cl\/allaire2022\/index.php?rest_route=\/wp\/v2\/pages\/44\/revisions"}],"predecessor-version":[{"id":75,"href":"https:\/\/eventos.cmm.uchile.cl\/allaire2022\/index.php?rest_route=\/wp\/v2\/pages\/44\/revisions\/75"}],"wp:attachment":[{"href":"https:\/\/eventos.cmm.uchile.cl\/allaire2022\/index.php?rest_route=%2Fwp%2Fv2%2Fmedia&parent=44"}],"curies":[{"name":"wp","href":"https:\/\/api.w.org\/{rel}","templated":true}]}}