{"id":17,"date":"2018-12-05T17:01:24","date_gmt":"2018-12-05T20:01:24","guid":{"rendered":"http:\/\/eventos.cmm.uchile.cl\/analisisvariacional2019\/?page_id=17"},"modified":"2019-01-14T15:28:18","modified_gmt":"2019-01-14T18:28:18","slug":"ubicacion","status":"publish","type":"page","link":"https:\/\/eventos.cmm.uchile.cl\/analisisvariacional2019\/ubicacion\/","title":{"rendered":"Ubicaci\u00f3n"},"content":{"rendered":"<p>Las actividades se realizar\u00e1n en la Universidad de Chile \u2013 en la\u00a0<strong>B08, piso -1, del Campus Beauchef 851 (FCFM)<\/strong>, y en la <a href=\"#uoh\">Universidad de O&#8217;Higgins<\/a> &#8211; <strong>en la Sala C312 del Campus Rancagua<\/strong>, en Rancagua.<\/p>\n<h2 id=\"uchile\">Ubicaci\u00f3n &#8211; U. de Chile<\/h2>\n<p><img loading=\"lazy\" decoding=\"async\" class=\"alignnone size-medium\" src=\"http:\/\/static.cmm.uchile.cl\/descargas\/venue\/beauchef851_b08_venue03.jpg\" alt=\"Sala B08\" width=\"604\" height=\"200\" \/><\/p>\n<p><strong>Sala B08<\/strong><br \/>\nFacultad de Ciencias F\u00edsicas y Matem\u00e1ticas<br \/>\nUniversidad de Chile<br \/>\nBeauchef 851, Santiago, piso -1<\/p>\n<p>\n<!-- iframe plugin v.6.0 wordpress.org\/plugins\/iframe\/ -->\n<iframe loading=\"lazy\" src=\"https:\/\/www.google.com\/maps\/d\/embed?mid=1OhELpBDH2QgchpkL0CXp3Aq9FsFRKJBy\" width=\"604\" height=\"502\" frameborder=\"0\" marginwidth=\"0\" marginheight=\"0\" scrolling=\"no\" class=\"iframe-class\"><\/iframe>\n<br \/>\n<small>Ver la\u00a0<a href=\"https:\/\/drive.google.com\/open?id=1OhELpBDH2QgchpkL0CXp3Aq9FsFRKJBy&amp;usp=sharing\" target=\"_blank\" rel=\"noopener noreferrer\">Facultad<\/a>\u00a0en un mapa m\u00e1s amplio<br \/>\n<\/small><\/p>\n<p><a href=\"http:\/\/static.cmm.uchile.cl\/descargas\/venue\/UChile_B851_location_map_01print.pdf\" target=\"_blank\" rel=\"noopener\"><img loading=\"lazy\" decoding=\"async\" class=\"wp-image-76 size-medium aligncenter\" src=\"http:\/\/static.cmm.uchile.cl\/descargas\/venue\/UChile_B851_location_map_01.png\" alt=\"Beauchef 851 map\" width=\"604\" height=\"604\" \/><\/a><\/p>\n<p style=\"text-align: justify\">Las estaciones de Metro m\u00e1s cercanas son <em>Toesca<\/em> y <em>Parque O\u2019Higgins<\/em>, ambas en l\u00ednea 2.<\/p>\n<p style=\"text-align: center\"><a href=\"http:\/\/static.cmm.uchile.cl\/descargas\/venue\/2017-plano-metro-red.pdf\" class=\"su-button su-button-style-default\" style=\"color:#FFF;background-color:#EE3124;border-color:#bf281d;border-radius:5px\" target=\"__blank\" title=\"download map\"><span style=\"color:#FFF;padding:6px 16px;font-size:13px;line-height:20px;border-color:#f46f66;border-radius:5px;text-shadow:none\"><i class=\"sui sui-file-pdf-o\" style=\"font-size:13px;color:#FFF\"><\/i> Mapa de red Metro de Santiago<\/span><\/a> <a href=\"http:\/\/static.cmm.uchile.cl\/descargas\/venue\/UChile_B851_location_map_01print.pdf\" class=\"su-button su-button-style-default\" style=\"color:#FFF;background-color:#EE3124;border-color:#bf281d;border-radius:5px\" target=\"__blank\" title=\"download map\"><span style=\"color:#FFF;padding:6px 16px;font-size:13px;line-height:20px;border-color:#f46f66;border-radius:5px;text-shadow:none\"><i class=\"sui sui-file-pdf-o\" style=\"font-size:13px;color:#FFF\"><\/i> Mapa de ubicaci\u00f3n de Beauchef 851 y la FCFM<\/span><\/a><\/p>\n<h2 id=\"uoh\">Ubicaci\u00f3n &#8211; U. de O&#8217;Higgins<\/h2>\n<p><strong>Sala C312, Campus Rancagua<br \/>\nUniversidad de O&#8217;Higgins<br \/>\n<\/strong>Avda. Libertador Bernardo O\u2019Higgins N\u00b0 611, Rancagua<\/p>\n\n<!-- iframe plugin v.6.0 wordpress.org\/plugins\/iframe\/ -->\n<iframe loading=\"lazy\" src=\"https:\/\/www.google.com\/maps\/d\/embed?mid=1Z4w09tcyNnJC9rb91OVjuwqJmFZ3jsty\" width=\"640\" height=\"502\" frameborder=\"0\" marginwidth=\"0\" marginheight=\"0\" scrolling=\"no\" class=\"iframe-class\"><\/iframe>\n\n","protected":false},"excerpt":{"rendered":"<p>Las actividades se realizar\u00e1n en la Universidad de Chile \u2013 en la\u00a0B08, piso -1, del Campus Beauchef 851 (FCFM), y en la Universidad de O&#8217;Higgins &#8211; en la Sala C312 del Campus Rancagua, en Rancagua. Ubicaci\u00f3n &#8211; U. de Chile Sala B08 Facultad de Ciencias F\u00edsicas y Matem\u00e1ticas Universidad de Chile Beauchef 851, Santiago, piso &hellip; <a href=\"https:\/\/eventos.cmm.uchile.cl\/analisisvariacional2019\/ubicacion\/\" class=\"more-link\">Seguir leyendo <span class=\"screen-reader-text\">Ubicaci\u00f3n<\/span> <span class=\"meta-nav\">&rarr;<\/span><\/a><\/p>\n","protected":false},"author":2,"featured_media":0,"parent":0,"menu_order":4,"comment_status":"closed","ping_status":"closed","template":"","meta":{"inline_featured_image":false,"footnotes":""},"class_list":["post-17","page","type-page","status-publish","hentry"],"_links":{"self":[{"href":"https:\/\/eventos.cmm.uchile.cl\/analisisvariacional2019\/wp-json\/wp\/v2\/pages\/17","targetHints":{"allow":["GET"]}}],"collection":[{"href":"https:\/\/eventos.cmm.uchile.cl\/analisisvariacional2019\/wp-json\/wp\/v2\/pages"}],"about":[{"href":"https:\/\/eventos.cmm.uchile.cl\/analisisvariacional2019\/wp-json\/wp\/v2\/types\/page"}],"author":[{"embeddable":true,"href":"https:\/\/eventos.cmm.uchile.cl\/analisisvariacional2019\/wp-json\/wp\/v2\/users\/2"}],"replies":[{"embeddable":true,"href":"https:\/\/eventos.cmm.uchile.cl\/analisisvariacional2019\/wp-json\/wp\/v2\/comments?post=17"}],"version-history":[{"count":16,"href":"https:\/\/eventos.cmm.uchile.cl\/analisisvariacional2019\/wp-json\/wp\/v2\/pages\/17\/revisions"}],"predecessor-version":[{"id":131,"href":"https:\/\/eventos.cmm.uchile.cl\/analisisvariacional2019\/wp-json\/wp\/v2\/pages\/17\/revisions\/131"}],"wp:attachment":[{"href":"https:\/\/eventos.cmm.uchile.cl\/analisisvariacional2019\/wp-json\/wp\/v2\/media?parent=17"}],"curies":[{"name":"wp","href":"https:\/\/api.w.org\/{rel}","templated":true}]}}