{"id":10,"date":"2014-06-11T15:48:21","date_gmt":"2014-06-11T19:48:21","guid":{"rendered":"http:\/\/eventos.cmm.uchile.cl\/astro2014\/?page_id=10"},"modified":"2014-09-16T21:45:52","modified_gmt":"2014-09-17T00:45:52","slug":"program","status":"publish","type":"page","link":"https:\/\/eventos.cmm.uchile.cl\/astro2014\/program\/","title":{"rendered":"Program"},"content":{"rendered":"<p>Final Program<br \/>\nVersion 3.5 &#8211; 26 Aug 2014<br \/>\nHotel San Mart\u00edn, Vi\u00f1a del Mar<br \/>\nValpara\u00edso Region, CHILE<br \/>\nAugust 25-29, 2014<\/p>\n<h2>Mon 25<\/h2>\n<p><strong>Santiago Airport -&gt; Vi\u00f1a del Mar, Valpara\u00edso Region<br \/>\n<\/strong>Official Public transport (Buses\/Vans\/Cars) available at exit lobby on-demand at your own arrival time: about 90 minutes drive<\/p>\n<p><strong>Hotel Check-in<br \/>\n<\/strong>12:00 onwards (early check-in, if possible depending on hotel availability)<\/p>\n<p><strong>Registration<br \/>\n<\/strong>14:00-16:00 (Conference Hall, 1<sup>st<\/sup> Floor)<\/p>\n<p><strong>Opening Remarks and Introduction<br \/>\n<\/strong>16:00-16:30 Authorities &amp; Co-Chairs Eduardo Vera, George Djorgovski and Giuseppe Longo<br \/>\nMAS Director Mario Hamuy, Millennium Scientific Initiative Director Claudio Wernli<\/p>\n<p><strong>Inaugural Session<br \/>\n<\/strong>16:30-18:30 \u201cContext and Background of the Astroinformatics Conference\u201d<br \/>\nDan Fay, Microsoft Research, USA (<a href=\"http:\/\/eventos.cmm.uchile.cl\/astro2014\/wp-content\/uploads\/sites\/13\/2014\/06\/Dan-Fay-AstroInformatics-2014_op.pdf\">IT Overview of Massive Data Driven Science<\/a>)<br \/>\nR. Chris Smith, AURA Observatory in Chile (<a href=\"http:\/\/eventos.cmm.uchile.cl\/astro2014\/wp-content\/uploads\/sites\/13\/2014\/06\/FutureOpticalAstronomy_Aug2014-email.pdf\">LSST: From Photons to Petabytes<\/a>)<br \/>\nJorge Ibsen, Joint ALMA Observatory, Chile (<a href=\"http:\/\/eventos.cmm.uchile.cl\/astro2014\/wp-content\/uploads\/sites\/13\/2014\/06\/Ibsen-ALMA-Observatory-Status-and-New-Frontiers-web_op3.pdf\">ALMA\u2019s new Frontiers<\/a>)<br \/>\nFernando Liello, GARR, Italy (<a href=\"http:\/\/eventos.cmm.uchile.cl\/astro2014\/wp-content\/uploads\/sites\/13\/2014\/06\/Liello-Novel-Strategies.pdf\">Infrastructure for e-Science<\/a>)<\/p>\n<p><strong>Welcome Reception (everyone invited)<br \/>\n<\/strong>18:30-20:00 (Conference Hall, 1<sup>st<\/sup> Floor)<\/p>\n<h2>Tue 26<\/h2>\n<p><strong>Session 1 <\/strong><strong>Knowledge Discovery Tools<br \/>\nChair:<\/strong><strong> Jorge Ibsen<\/strong><br \/>\n09:00-09:30 <a href=\"http:\/\/eventos.cmm.uchile.cl\/astro2014\/wp-content\/uploads\/sites\/13\/2014\/06\/Donalek-Immersive-Visualization-DIY_op.pdf\">&#8220;Immersive Visualization DIY\u201d<\/a><br \/>\nCiro Donalek, Caltech, USA<br \/>\n09:30-10:00 \u201cScientific and Research Computing\u201d<br \/>\nJames Kinney, Amazon Web Services, USA<br \/>\n10:00-10:30 &#8220;Looking for structure in ALMA data with machine learning&#8221;<br \/>\nErzsebet Merenyi, Rice University, USA<\/p>\n<p><strong>Coffee Break<\/strong><br \/>\n10:30-11:00 (Conference Hall, 1<sup>st<\/sup> Floor)<\/p>\n<p><strong>Session 2 <\/strong><strong>Time domain: transient phenomena, supernova, \u2026<br \/>\nChair: Eduardo Vera<\/strong><br \/>\n11:00-11:30\u00a0<a href=\"http:\/\/eventos.cmm.uchile.cl\/astro2014\/wp-content\/uploads\/sites\/13\/2014\/06\/Djorgovski_AI2014_TimeDomain_op.pdf\">\u201cExploration of the Time Domain: A Perfect Playground for Astroinformatics\u201d<\/a>,<br \/>\nGeorge Djorgovski, Caltech, USA<br \/>\n11:30-12:30\u00a0<a href=\"http:\/\/eventos.cmm.uchile.cl\/astro2014\/wp-content\/uploads\/sites\/13\/2014\/06\/Forster_Astroinformatics2014.pdf\">\u201cHITS: HIgh cadence Transient Survey at CMM \/ MAS\u201d<\/a>,<br \/>\nFrancisco F\u00f6rster, MAS\/CMM, University of Chile<br \/>\n12:00-12-30\u00a0<a href=\"http:\/\/eventos.cmm.uchile.cl\/astro2014\/wp-content\/uploads\/sites\/13\/2014\/06\/Astroinformatics2014.pdf\">\u201cFlexible and Scalable Methods for Time-Series Characterization\u201d<\/a>,<br \/>\nAndrew Becker, University of Washington, USA<\/p>\n<p><strong>Lunch Break<\/strong><br \/>\n12:30-14:30 (on your own: free choice)<\/p>\n<p><strong>Session 3 <\/strong><strong>Machine Learning<br \/>\nChair: Pablo Est\u00e9vez<\/strong><br \/>\n14:30-15:00\u00a0<a href=\"http:\/\/eventos.cmm.uchile.cl\/astro2014\/wp-content\/uploads\/sites\/13\/2014\/06\/longo.pdf\">\u201cPhotometric redshifts with machine learning methods\u201d<\/a>,<br \/>\nGiuseppe Longo, S. Cavouti and M. Brescia, Universit\u00e0 Federico II, Napoli, Italy<br \/>\n15:00-15:30 <a href=\"http:\/\/eventos.cmm.uchile.cl\/astro2014\/wp-content\/uploads\/sites\/13\/2014\/06\/Pres_AstroInf_2014.pdf\">\u201cRobust automatic classification of variable stars\u201d<\/a><br \/>\nKarim Pichara, Catholic University of Chile<br \/>\n15:30-16:00\u00a0<a href=\"http:\/\/eventos.cmm.uchile.cl\/astro2014\/wp-content\/uploads\/sites\/13\/2014\/06\/Astroinformatics_2014_short.pdf\">\u201cDe-biasing \u2018Gold Standard\u2019 Classification for Galaxy Morphologies\u201d<\/a><br \/>\nChris Miller, University of Michigan, USA<\/p>\n<p><strong>Coffee Break<\/strong><br \/>\n16:00-16:30 (Conference Hall, 1<sup>st<\/sup> Floor)<\/p>\n<p><strong>Session 4 <\/strong><strong>Time domain: variable objects, time series, \u2026<br \/>\nChair: Andrew Becker<\/strong><br \/>\n16:30-17:00 <a href=\"http:\/\/eventos.cmm.uchile.cl\/astro2014\/wp-content\/uploads\/sites\/13\/2014\/06\/Astroinformatics2014-PE.pdf\">\u201cCorrentropy-based Spectral Methods for Detecting Periodic Variables\u201d<\/a>, Pablo Est\u00e9vez and Pablo Huijse, MAS\/DIE, University of Chile<br \/>\n17:00-17:30\u00a0<a href=\"http:\/\/eventos.cmm.uchile.cl\/astro2014\/wp-content\/uploads\/sites\/13\/2014\/06\/reducedai14.pdf\">\u201cProbing quasar variability with CRTS\u201d<\/a>, Matthew Graham, Caltech, USA<br \/>\n17:30-18:00 Pavlos Protopapas, IACS, Harvard University, USA<\/p>\n<p><strong>Dinner <\/strong><br \/>\n20:00-&gt; (on your own: free choice)<\/p>\n<h2>Wed 27<\/h2>\n<p><strong>Session 5 <\/strong><strong>Statistics<br \/>\nChair: Mario Hamuy <\/strong><br \/>\n09:00-09:30 \u201cBrain Informatics for Web Intelligence\u201d, Juan Vel\u00e1squez, DII, University of Chile<br \/>\n09:30-10:00\u00a0<a href=\"http:\/\/eventos.cmm.uchile.cl\/astro2014\/wp-content\/uploads\/sites\/13\/2014\/06\/Brunner-AI-2014.pdf\">&#8220;Statistical Learning in the era of Petascale Astronomy&#8221;<\/a>, Robert Brunner [*], University of Illinois, Urbana-Champaign, USA<br \/>\n10:00-10:30 &#8220;A mapping of the sky at high spatial and temporal resolution&#8221;, Andr\u00e9s Jordan, Catholic University of Chile<\/p>\n<p><strong>Coffee Break<\/strong><br \/>\n10:30-11:00 (Conference Hall, 1<sup>st<\/sup> Floor)<\/p>\n<p><strong>Session 6 <\/strong><strong>Astronomy Applications<br \/>\nChair: M\u00f3nica Rubio<\/strong><br \/>\n11:00-11:30 <a href=\"http:\/\/eventos.cmm.uchile.cl\/astro2014\/wp-content\/uploads\/sites\/13\/2014\/06\/EELT_0814.pdf\">\u201cNew Facilities &amp; Instruments: E-ELT\u201d<\/a><br \/>\nFernando Comer\u00f3n, ESO Vitacura, Chile<br \/>\n11:30-12:00 <a href=\"http:\/\/eventos.cmm.uchile.cl\/astro2014\/wp-content\/uploads\/sites\/13\/2014\/06\/Machine-Learning-for-SKA-Radio-Astronomy-Challenges5.pdf\">&#8220;Machine Learning for SKA Radio Astronomy Challenges&#8221;<\/a>,<br \/>\nBruce Elmegreen and Alain Biem [*], IBM T.J. Watson Research Center, New York, USA<br \/>\n12:00-12:30 <a href=\"http:\/\/eventos.cmm.uchile.cl\/astro2014\/wp-content\/uploads\/sites\/13\/2014\/06\/Vina-del-mar_op.pdf\">&#8220;The Millennium Institute of Astrophysics (MAS)&#8221;<\/a><br \/>\nMario Hamuy, MAS\/DAS, University of Chile<\/p>\n<p><strong>Lunch Break<\/strong><br \/>\n12:30-14:30 (on your own: free choice)<\/p>\n<p><strong>Session 7 Virtual Observatory<br \/>\nChair: Mathew Graham<\/strong><br \/>\n14:30-15:00\u00a0<a href=\"http:\/\/eventos.cmm.uchile.cl\/astro2014\/wp-content\/uploads\/sites\/13\/2014\/06\/ABAYO_BD_VO.pdf\">\u201cVOSA lessons learned and future work\u201d<\/a>, Amelia Bayo, University of Valpara\u00edso, Chile<br \/>\n15:00-15:30 <a href=\"http:\/\/eventos.cmm.uchile.cl\/astro2014\/wp-content\/uploads\/sites\/13\/2014\/06\/DMardones_ChiVO_Astroinformatics2014.pdf\">&#8220;Envisioning a Chilean Virtual Observatory&#8221;<\/a>, Diego Mardones, DAS, University of Chile<br \/>\n15:30-16:00 &#8220;Astroinformatics Platform for Management and Intelligent Analysis of Big Data&#8221;, Mauricio Solar, Technical University Federico Santa Mar\u00eda (UTFSM), Chile<\/p>\n<p><strong>Coffee Break<\/strong><br \/>\n16:00-16:30 (Conference Hall, 1<sup>st<\/sup> Floor)<\/p>\n<p><strong>Session 8 Optional Parallel Activities<br \/>\nChair: Jaime San Mart\u00edn<\/strong><br \/>\n16:30-18:00 <strong>Activity-1<\/strong>: ChiVO (Chilean Virtual Observatory)<br \/>\nChair: Mauricio Solar, UTFSM, Chile<br \/>\n16:30-16:40 \u201cInitial remarks and roadmap\u201d, Mauricio Araya, UTFSM<br \/>\n16:40-17:00 \u201cChiVO Software Current Status\u201d, Jonathan Antognini, UTFSM<br \/>\n17:00-17:20 \u201cASYDO: Synthetic Spectral Data Generation\u201d, Mauricio Araya, UTFSM<br \/>\n17:20-17:40 \u201cDetection and classification of spectroscopic lines\u201d, Andr\u00e9s Riveros, PUC Chile<br \/>\n17:40-18:00 \u201cMolecular Lines Association Analysis\u201d, Nicolas Miranda, University of Chile<br \/>\n16:30-18:00 <strong>Activity-2<\/strong>: SPECIAL POSTER Session (student participation)<br \/>\nChair: Francisco F\u00f6rster, CMM\/MAS, University of Chile<\/p>\n<p><strong>Conference Dinner (everyone invited)<br \/>\n<\/strong>19:15-19:45 Chartered Bus transport from Hotel San Mart\u00edn to downtown Valpara\u00edso<br \/>\n19:45-20:00 Cable-car (ascensor) to Cerro Alegre<br \/>\n20:00-22:30 Restaurant La Colombina, Cerro Alegre, Valpara\u00edso<br \/>\n22:30-23:00 Chartered Bus transport from Cerro Alegre to Hotel San Mart\u00edn<\/p>\n<h2>Thu 28<\/h2>\n<p><strong>Session 9 Astronomy Applications<br \/>\nChair: <\/strong> <strong>Pavlos Protopapas<\/strong><br \/>\n09:00-09:30 <a href=\"http:\/\/eventos.cmm.uchile.cl\/astro2014\/wp-content\/uploads\/sites\/13\/2014\/06\/Ibsen-A-web-based-dashboard-for-the-high-level-monitoring-of-ALMA.pdf\">\u201cVisualization Tools for ALMA\u201d<\/a><br \/>\nJorge Ibsen, JAO Chile<br \/>\n09:30-10:00 <a href=\"http:\/\/eventos.cmm.uchile.cl\/astro2014\/wp-content\/uploads\/sites\/13\/2014\/06\/ImageSynthesis.pdf\">&#8220;Beyond the CLEAN approach in image synthesis&#8221;<\/a><br \/>\nPablo Rom\u00e1n and Sim\u00f3n Casassus, CMM\/AS, University of Chile<br \/>\n10:00-10:30 <a href=\"http:\/\/eventos.cmm.uchile.cl\/astro2014\/wp-content\/uploads\/sites\/13\/2014\/06\/motiv_astro2014-1-5.pdf\">\u201cFourier Synthesis with application to reconstruction of astronomical images\u201d<\/a><br \/>\nJaime Ortega, Gianfranco Liberona and Takeshi Asahi, CMM, University of Chile<\/p>\n<p><strong>Coffee Break<\/strong><br \/>\n10:30-11:00 (Conference Hall, 1<sup>st<\/sup> Floor)<\/p>\n<p><strong>Session 10 <\/strong><strong>Cross-disciplinary Research Initiatives<br \/>\nChair: <\/strong><strong>Chris Miller<\/strong><br \/>\n11:00-12:30 Roundtable discussion or special case presentations:<br \/>\nChris Smith, Jaime San Mart\u00edn, Michel Cure,<br \/>\nChris Miller, Pavlos Protopapas, George Djorgovski, \u2026<\/p>\n<p><strong>Lunch Break<\/strong><br \/>\n12:30-14:30 (on your own: free choice)<\/p>\n<p><strong>Session 11 Connecting Research, Education &amp; Outreach<br \/>\nChair: Giuseppe Longo<\/strong><br \/>\n14:30-16:00 Panel-led discussion opened to all participants<\/p>\n<p><strong>Coffee Break<\/strong><br \/>\n16:00-16:30 (Conference Hall, 1<sup>st<\/sup> Floor)<\/p>\n<p><strong>Session 12 Review of Unsolved Problems &amp; Wrap-up<br \/>\nChair: George Djorgovski<\/strong><br \/>\n16:30-18:00 Panel-led discussion opened to all participants<\/p>\n<hr \/>\n<p><strong>Special Parallel Evening Activity (Chair: Mauricio Solar, UTFSM, Chile)<br \/>\n<\/strong>18:00-20:00 Board Meeting of Astroinformatics FONDEF Project led by UTFSM, Chile, in joint collaboration with UChile, PUC, USACH, UdeC, REUNA and ALMA<\/p>\n<h2>Fri 29<\/h2>\n<p><strong>Hotel Check-out<br \/>\n<\/strong>08:00-10:00<\/p>\n<p><strong>Valparaiso Tour<br \/>\n<\/strong>10:30-12:00 by chartered bus<\/p>\n<p><strong>Valparaiso -&gt; Casablanca Wine Valley<br \/>\n<\/strong>12:00-13:00 by chartered bus<\/p>\n<p><strong>Farewell Lunch<br \/>\n<\/strong>13:30-15:30 at Wine Vineyard, Estancia El Cuadro, Camino La Vinilla, Km 14, Casablanca<\/p>\n<p><strong>Casablanca Wine Valley -&gt; Santiago Airport<br \/>\n<\/strong>16:00-17:30 by chartered bus (1st stop for those departing in that evening\u2019s flights)<\/p>\n<p><strong>Santiago Airport -&gt; downtown Santiago<\/strong><\/p>\n<p>18:00-18:30 by chartered bus (2nd stop for those staying extra days in downtown Santiago hotels)<\/p>\n<p><strong>downtown Santiago -&gt; Santiago Oriente (Providencia &#8211; El Golf)<br \/>\n<\/strong>19:00-19:30 by chartered bus (3rd stop for those staying extra days in Santiago Oriente hotels)<\/p>\n[*] remote presentation (skype connection)<\/p>\n","protected":false},"excerpt":{"rendered":"<p>Final Program Version 3.5 &#8211; 26 Aug 2014 Hotel San Mart\u00edn, Vi\u00f1a del Mar Valpara\u00edso Region, CHILE August 25-29, 2014 Mon 25 Santiago Airport -&gt; Vi\u00f1a del Mar, Valpara\u00edso Region Official Public transport (Buses\/Vans\/Cars) available at exit lobby on-demand at your own arrival time: about 90 minutes drive Hotel Check-in 12:00 onwards (early check-in, if &hellip; <a href=\"https:\/\/eventos.cmm.uchile.cl\/astro2014\/program\/\" class=\"more-link\">Continue reading <span class=\"screen-reader-text\">Program<\/span> <span class=\"meta-nav\">&rarr;<\/span><\/a><\/p>\n","protected":false},"author":2,"featured_media":0,"parent":0,"menu_order":2,"comment_status":"closed","ping_status":"closed","template":"","meta":{"inline_featured_image":false,"footnotes":""},"class_list":["post-10","page","type-page","status-publish","hentry"],"_links":{"self":[{"href":"https:\/\/eventos.cmm.uchile.cl\/astro2014\/wp-json\/wp\/v2\/pages\/10","targetHints":{"allow":["GET"]}}],"collection":[{"href":"https:\/\/eventos.cmm.uchile.cl\/astro2014\/wp-json\/wp\/v2\/pages"}],"about":[{"href":"https:\/\/eventos.cmm.uchile.cl\/astro2014\/wp-json\/wp\/v2\/types\/page"}],"author":[{"embeddable":true,"href":"https:\/\/eventos.cmm.uchile.cl\/astro2014\/wp-json\/wp\/v2\/users\/2"}],"replies":[{"embeddable":true,"href":"https:\/\/eventos.cmm.uchile.cl\/astro2014\/wp-json\/wp\/v2\/comments?post=10"}],"version-history":[{"count":36,"href":"https:\/\/eventos.cmm.uchile.cl\/astro2014\/wp-json\/wp\/v2\/pages\/10\/revisions"}],"predecessor-version":[{"id":147,"href":"https:\/\/eventos.cmm.uchile.cl\/astro2014\/wp-json\/wp\/v2\/pages\/10\/revisions\/147"}],"wp:attachment":[{"href":"https:\/\/eventos.cmm.uchile.cl\/astro2014\/wp-json\/wp\/v2\/media?parent=10"}],"curies":[{"name":"wp","href":"https:\/\/api.w.org\/{rel}","templated":true}]}}