{"id":28,"date":"2022-11-08T12:28:50","date_gmt":"2022-11-08T15:28:50","guid":{"rendered":"https:\/\/eventos.cmm.uchile.cl\/allaire2022\/?page_id=28"},"modified":"2023-12-02T04:26:58","modified_gmt":"2023-12-02T07:26:58","slug":"programa","status":"publish","type":"page","link":"https:\/\/eventos.cmm.uchile.cl\/bertoglio2023\/programa\/","title":{"rendered":"Programa"},"content":{"rendered":"<h3>Temario<\/h3>\n<ol>\n<li>Ecuaciones principales y proyecci\u00f3n de funciones<\/li>\n<li>Problemas el\u00edpticos (reacci\u00f3n-difusi\u00f3n)<\/li>\n<li>Elasticidad lineal estacionaria<\/li>\n<li>Flujo incompresible estacionario<\/li>\n<li>Condiciones de acoplamiento<\/li>\n<li>Flujo incompresible transiente<\/li>\n<li>Interacci\u00f3n fluido-estructura transiente<\/li>\n<li>Desacoplamiento de velocidad y presi\u00f3n en el fluido<\/li>\n<li>Acoplamiento fluido-s\u00f3lido semi-impl\u00edcito<\/li>\n<li>Interacci\u00f3n no lineal fluido-s\u00f3lido<\/li>\n<li>Problemas inversos en interacci\u00f3n fluido-s\u00f3lido (seminario)<\/li>\n<\/ol>\n<h3>Requisitos<\/h3>\n<ul>\n<li>C\u00e1lculo en varias variables (operadores, integraci\u00f3n por partes, etc)<\/li>\n<li>\u00c1lgebra lineal<\/li>\n<li>M\u00e9todos num\u00e9ricos (interpolaci\u00f3n, integraci\u00f3n num\u00e9rica,\u00a0 EDOs)<\/li>\n<li>Para algunas de las clases se entregar\u00e1 material de repaso de estas materias<\/li>\n<li>Nociones de elementos finitos para problemas el\u00edpticos ser\u00e1n de gran ayuda<\/li>\n<\/ul>\n<h3>Horarios<\/h3>\n<ul>\n<li>Lunes a viernes, 11 al 15 de diciembre 2023, 17:30 &#8211; 20:00* hrs<\/li>\n<li>Lunes a viernes, 18 al 22 de diciembre 2023, 17:30 &#8211; 20:00* hrs<\/li>\n<li>*Horario exacto de t\u00e9rmino depender\u00e1 de cada clase<\/li>\n<\/ul>\n<h3>Salas<\/h3>\n<ul>\n<li>Sala B02: 11, 12, 14, 15 de diciembre<\/li>\n<li>Sala B04: 13, 18&#8211;22 de diciembre<\/li>\n<\/ul>\n<div id=\"gtx-trans\" style=\"position: absolute; left: 677px; top: 705.594px;\">\n<div class=\"gtx-trans-icon\"><\/div>\n<\/div>\n","protected":false},"excerpt":{"rendered":"<p>Temario Ecuaciones principales y proyecci\u00f3n de funciones Problemas el\u00edpticos (reacci\u00f3n-difusi\u00f3n) Elasticidad lineal estacionaria Flujo incompresible estacionario Condiciones de acoplamiento Flujo incompresible transiente Interacci\u00f3n fluido-estructura transiente Desacoplamiento de velocidad y presi\u00f3n en el fluido Acoplamiento fluido-s\u00f3lido semi-impl\u00edcito Interacci\u00f3n no lineal fluido-s\u00f3lido Problemas inversos en interacci\u00f3n fluido-s\u00f3lido (seminario) Requisitos C\u00e1lculo en varias variables (operadores, integraci\u00f3n por partes, &hellip; <a href=\"https:\/\/eventos.cmm.uchile.cl\/bertoglio2023\/programa\/\" class=\"more-link\">Seguir leyendo <span class=\"screen-reader-text\">Programa<\/span> <span class=\"meta-nav\">&rarr;<\/span><\/a><\/p>\n","protected":false},"author":2,"featured_media":0,"parent":0,"menu_order":2,"comment_status":"closed","ping_status":"closed","template":"","meta":{"inline_featured_image":false,"footnotes":""},"class_list":["post-28","page","type-page","status-publish","hentry"],"_links":{"self":[{"href":"https:\/\/eventos.cmm.uchile.cl\/bertoglio2023\/wp-json\/wp\/v2\/pages\/28","targetHints":{"allow":["GET"]}}],"collection":[{"href":"https:\/\/eventos.cmm.uchile.cl\/bertoglio2023\/wp-json\/wp\/v2\/pages"}],"about":[{"href":"https:\/\/eventos.cmm.uchile.cl\/bertoglio2023\/wp-json\/wp\/v2\/types\/page"}],"author":[{"embeddable":true,"href":"https:\/\/eventos.cmm.uchile.cl\/bertoglio2023\/wp-json\/wp\/v2\/users\/2"}],"replies":[{"embeddable":true,"href":"https:\/\/eventos.cmm.uchile.cl\/bertoglio2023\/wp-json\/wp\/v2\/comments?post=28"}],"version-history":[{"count":16,"href":"https:\/\/eventos.cmm.uchile.cl\/bertoglio2023\/wp-json\/wp\/v2\/pages\/28\/revisions"}],"predecessor-version":[{"id":157,"href":"https:\/\/eventos.cmm.uchile.cl\/bertoglio2023\/wp-json\/wp\/v2\/pages\/28\/revisions\/157"}],"wp:attachment":[{"href":"https:\/\/eventos.cmm.uchile.cl\/bertoglio2023\/wp-json\/wp\/v2\/media?parent=28"}],"curies":[{"name":"wp","href":"https:\/\/api.w.org\/{rel}","templated":true}]}}