{"id":6,"date":"2014-08-14T19:24:15","date_gmt":"2014-08-14T23:24:15","guid":{"rendered":"http:\/\/eventos.cmm.uchile.cl\/bionature-agosto2014\/?page_id=5"},"modified":"2015-07-02T11:42:26","modified_gmt":"2015-07-02T14:42:26","slug":"jornada","status":"publish","type":"page","link":"https:\/\/eventos.cmm.uchile.cl\/bionature-julio2015\/","title":{"rendered":"Jornada Cient\u00edfica BIONATURE"},"content":{"rendered":"<p>El centro de investigaci\u00f3n e innovaci\u00f3n <a href=\"http:\/\/www.ciric.cl\/\">CIRIC<\/a> nace a partir de la uni\u00f3n entre el Centro de Excelencia e Innovaci\u00f3n Internacional <a href=\"http:\/\/www.inria.cl\/\">INRIA Chile<\/a> y nueve universidades chilenas, con el fin de actuar como nexo entre la investigaci\u00f3n que se desarrolla en la universidad y las necesidades de las empresas, constituyendo as\u00ed el puente para la transferencia tecnol\u00f3gica de I+D Aplicada.<\/p>\n<p>Una de las \u00e1reas de desarrollo del CIRIC es la Gesti\u00f3n de Bioprocesos y Recursos Naturales, representada por el equipo-proyecto <a href=\"http:\/\/www.bionature.cl\/\">BIONATURE<\/a>. BIONATURE es un equipo multidisciplinario conformado por investigadores y tesistas de pre y postgrado de la Universidad de Chile, Universidad T\u00e9cnica Federico Santa Mar\u00eda, Pontificia Universidad Cat\u00f3lica de Valpara\u00edso y Universidad de la Frontera, con inter\u00e9s en I+D aplicada al modelamiento y optimizaci\u00f3n en bioprocesos y en pesquer\u00eda.<\/p>\n<p>Esta jornada, en su cuarta\u00a0versi\u00f3n, tiene como objetivo difundir las diversas investigaciones en modelamiento y optimizaci\u00f3n de bioprocesos que se llevan a cabo dentro del equipo, junto con su estado de avance y proyecciones.<\/p>\n<p><strong>Inscripciones:<\/strong>\u00a0A trav\u00e9s de nuestro <a title=\"Registro en l\u00ednea\" href=\"http:\/\/eventos.cmm.uchile.cl\/bionature-julio2015\/registro-en-linea\/\">Formulario de Registro<\/a> o escribiendo a bionature@inria.cl<\/p>\n<p><strong>Lugar:<\/strong> <a href=\"http:\/\/www.cmm.uchile.cl\/\">Centro de Modelamiento Matem\u00e1tico<\/a> (CMM), Universidad de Chile<br \/>\nBeauchef 851, Edificio Norte \u2013 piso 7\u00a0\u2013 Sala John Von Neumann<br \/>\nSantiago \u2013 CHILE<\/p>\n<p><strong>Fecha:<\/strong>\u00a0Lunes\u00a06 de\u00a0Julio 2015<\/p>\n<p>&nbsp;<\/p>\n<p>&nbsp;<\/p>\n","protected":false},"excerpt":{"rendered":"<p>El centro de investigaci\u00f3n e innovaci\u00f3n CIRIC nace a partir de la uni\u00f3n entre el Centro de Excelencia e Innovaci\u00f3n Internacional INRIA Chile y nueve universidades chilenas, con el fin de actuar como nexo entre la investigaci\u00f3n que se desarrolla en la universidad y las necesidades de las empresas, constituyendo as\u00ed el puente para la &hellip; <a href=\"https:\/\/eventos.cmm.uchile.cl\/bionature-julio2015\/\" class=\"more-link\">Seguir leyendo <span class=\"screen-reader-text\">Jornada Cient\u00edfica BIONATURE<\/span> <span class=\"meta-nav\">&rarr;<\/span><\/a><\/p>\n","protected":false},"author":2,"featured_media":0,"parent":0,"menu_order":0,"comment_status":"closed","ping_status":"closed","template":"","meta":{"inline_featured_image":false,"footnotes":""},"class_list":["post-6","page","type-page","status-publish","hentry"],"_links":{"self":[{"href":"https:\/\/eventos.cmm.uchile.cl\/bionature-julio2015\/wp-json\/wp\/v2\/pages\/6","targetHints":{"allow":["GET"]}}],"collection":[{"href":"https:\/\/eventos.cmm.uchile.cl\/bionature-julio2015\/wp-json\/wp\/v2\/pages"}],"about":[{"href":"https:\/\/eventos.cmm.uchile.cl\/bionature-julio2015\/wp-json\/wp\/v2\/types\/page"}],"author":[{"embeddable":true,"href":"https:\/\/eventos.cmm.uchile.cl\/bionature-julio2015\/wp-json\/wp\/v2\/users\/2"}],"replies":[{"embeddable":true,"href":"https:\/\/eventos.cmm.uchile.cl\/bionature-julio2015\/wp-json\/wp\/v2\/comments?post=6"}],"version-history":[{"count":4,"href":"https:\/\/eventos.cmm.uchile.cl\/bionature-julio2015\/wp-json\/wp\/v2\/pages\/6\/revisions"}],"predecessor-version":[{"id":69,"href":"https:\/\/eventos.cmm.uchile.cl\/bionature-julio2015\/wp-json\/wp\/v2\/pages\/6\/revisions\/69"}],"wp:attachment":[{"href":"https:\/\/eventos.cmm.uchile.cl\/bionature-julio2015\/wp-json\/wp\/v2\/media?parent=6"}],"curies":[{"name":"wp","href":"https:\/\/api.w.org\/{rel}","templated":true}]}}