{"id":18,"date":"2022-11-08T11:28:27","date_gmt":"2022-11-08T14:28:27","guid":{"rendered":"https:\/\/eventos.cmm.uchile.cl\/allaire2022\/?page_id=18"},"modified":"2024-03-13T19:43:15","modified_gmt":"2024-03-13T22:43:15","slug":"acerca","status":"publish","type":"page","link":"https:\/\/eventos.cmm.uchile.cl\/blockchain2024\/acerca\/","title":{"rendered":"Acerca"},"content":{"rendered":"<h2>Minicurso<\/h2>\n<p>El minicurso <em>\u2018Blockchains&#8217; y \u2018Ledgers\u2019: Qu\u00e9 Son y sus Posibles Aplicaciones M\u00e1s All\u00e1 de las Criptomonedas<\/em> ser\u00e1 impartido por el <a href=\"#fernandezanta\">prof. Antonio Fern\u00e1ndez Anta<\/a>.<\/p>\n<p>Las cadenas de bloques o <em>blockchains<\/em> son conocidos popularmente por ser la tecnolog\u00eda sobre la que se apoyan las criptomonedas como el Bitcoin. Sin embargo, las criptomonedas son solo un ejemplo de una tecnolog\u00eda m\u00e1s general, que son los registros distribuidos <em>(distributed ledgers)<\/em>. Los registros distribuidos tienen muchas aplicaciones en el mundo empresarial m\u00e1s all\u00e1 de la moneda digital. En este minicurso presentamos estos conceptos y elementos, c\u00f3mo podr\u00edan usarse en la pr\u00e1ctica, y algunas l\u00edneas de investigaci\u00f3n.<\/p>\n<p>&nbsp;<\/p>\n<h2 id=\"fernandezanta\">Prof. Antonio Fern\u00e1ndez Anta<\/h2>\n<h5>Research Professor, IMDEA-Networks Institute, Madrid, Espa\u00f1a<\/h5>\n<h2><img loading=\"lazy\" decoding=\"async\" class=\"persona alignright wp-image-169 size-full\" src=\"https:\/\/eventos.cmm.uchile.cl\/blockchain2024\/wp-content\/uploads\/sites\/187\/2024\/03\/fernandezanta_01.jpg\" alt=\"Antonio Fern\u00e1ndez Anta\" width=\"200\" height=\"200\" srcset=\"https:\/\/eventos.cmm.uchile.cl\/blockchain2024\/wp-content\/uploads\/sites\/187\/2024\/03\/fernandezanta_01.jpg 200w, https:\/\/eventos.cmm.uchile.cl\/blockchain2024\/wp-content\/uploads\/sites\/187\/2024\/03\/fernandezanta_01-150x150.jpg 150w\" sizes=\"auto, (max-width: 200px) 100vw, 200px\" \/><\/h2>\n<p>Antonio Fern\u00e1ndez Anta es <em>Research Professor<\/em> en el IMDEA Networks Institute. Anteriormente fue profesor en la Universidad Rey Juan Carlos (URJC), y en la Universidad Polit\u00e9cnica de Madrid (UPM), donde recibi\u00f3 un premio por su productividad en investigaci\u00f3n. Realiz\u00f3 una estancia postdoctoral en el MIT de 1995 a 1997, y sendos sab\u00e1ticos en los laboratorios Bell Labs en Murray Hill 2008-2009 y MIT Media Lab 2016-2017.<\/p>\n<p>Tiene m\u00e1s de 30 a\u00f1os de experiencia en investigaci\u00f3n y m\u00e1s de 200 publicaciones cient\u00edficas. Recibi\u00f3 el Premio Nacional de Inform\u00e1tica \u00abAritmel\u00bb en 2019 y es Mercator Fellow del SFB MAKI en Alemania desde 2018 hasta 2024. Recientemente sus trabajos cient\u00edficos han recibido premios como el <em>2nd Best Paper Award<\/em> en el <em>Social Impact Track<\/em> de AAAI 2024, el <em>Mario Gerla Best Paper Award<\/em> en MedComNet 2022 o el <em>Best Teaser Award<\/em> en WoWMoM 2021.<\/p>\n<p>Ha sido Chair del <em>Steering Committee<\/em> de DISC y ha estado en el Comit\u00e9 Cient\u00edfico de numerosos congresos. Es <em>Deputy Editor<\/em> de The Computer Journal, Oxford Journals.<\/p>\n<p>Antonio Fern\u00e1ndez Anta recibi\u00f3 sus t\u00edtulos de M.Sc. y Ph.D. en Computer Science por la University of Louisiana en 1992 y 1994, respectivamente. Previamente, complet\u00f3 sus estudios de Licenciado y Diplomado en Inform\u00e1tica en la Universidad Polit\u00e9cnica de Madrid, en 1988 y 1991, habiendo recibido premios nacionales y de la universidad por su rendimiento acad\u00e9mico. Es senior member del IEEE desde 2002 y de la ACM desde 2007.<\/p>\n<p>Perfil del prof. Fern\u00e1ndez Anta en el <a href=\"https:\/\/networks.imdea.org\/team\/imdea-networks-team\/people\/antonio-fernandez-anta\/\" target=\"_blank\" rel=\"noopener\">sitio web de IMDEA<\/a>.<\/p>\n<p><strong>Campo\/disciplina:<\/strong> distributed computing, networks, algorithms, distributed ledgers, data analysis<\/p>\n","protected":false},"excerpt":{"rendered":"<p>Minicurso El minicurso \u2018Blockchains&#8217; y \u2018Ledgers\u2019: Qu\u00e9 Son y sus Posibles Aplicaciones M\u00e1s All\u00e1 de las Criptomonedas ser\u00e1 impartido por el prof. Antonio Fern\u00e1ndez Anta. Las cadenas de bloques o blockchains son conocidos popularmente por ser la tecnolog\u00eda sobre la que se apoyan las criptomonedas como el Bitcoin. Sin embargo, las criptomonedas son solo un &hellip; <a href=\"https:\/\/eventos.cmm.uchile.cl\/blockchain2024\/acerca\/\" class=\"more-link\">Seguir leyendo <span class=\"screen-reader-text\">Acerca<\/span> <span class=\"meta-nav\">&rarr;<\/span><\/a><\/p>\n","protected":false},"author":2,"featured_media":0,"parent":0,"menu_order":1,"comment_status":"closed","ping_status":"closed","template":"","meta":{"inline_featured_image":false,"footnotes":""},"class_list":["post-18","page","type-page","status-publish","hentry"],"_links":{"self":[{"href":"https:\/\/eventos.cmm.uchile.cl\/blockchain2024\/wp-json\/wp\/v2\/pages\/18","targetHints":{"allow":["GET"]}}],"collection":[{"href":"https:\/\/eventos.cmm.uchile.cl\/blockchain2024\/wp-json\/wp\/v2\/pages"}],"about":[{"href":"https:\/\/eventos.cmm.uchile.cl\/blockchain2024\/wp-json\/wp\/v2\/types\/page"}],"author":[{"embeddable":true,"href":"https:\/\/eventos.cmm.uchile.cl\/blockchain2024\/wp-json\/wp\/v2\/users\/2"}],"replies":[{"embeddable":true,"href":"https:\/\/eventos.cmm.uchile.cl\/blockchain2024\/wp-json\/wp\/v2\/comments?post=18"}],"version-history":[{"count":20,"href":"https:\/\/eventos.cmm.uchile.cl\/blockchain2024\/wp-json\/wp\/v2\/pages\/18\/revisions"}],"predecessor-version":[{"id":183,"href":"https:\/\/eventos.cmm.uchile.cl\/blockchain2024\/wp-json\/wp\/v2\/pages\/18\/revisions\/183"}],"wp:attachment":[{"href":"https:\/\/eventos.cmm.uchile.cl\/blockchain2024\/wp-json\/wp\/v2\/media?parent=18"}],"curies":[{"name":"wp","href":"https:\/\/api.w.org\/{rel}","templated":true}]}}