{"id":28,"date":"2022-11-08T12:28:50","date_gmt":"2022-11-08T15:28:50","guid":{"rendered":"https:\/\/eventos.cmm.uchile.cl\/allaire2022\/?page_id=28"},"modified":"2024-03-28T16:05:45","modified_gmt":"2024-03-28T19:05:45","slug":"programa","status":"publish","type":"page","link":"https:\/\/eventos.cmm.uchile.cl\/blockchain2024\/programa\/","title":{"rendered":"Programa"},"content":{"rendered":"<h3>Temario<\/h3>\n<ol>\n<li>Introducci\u00f3n a lo que es el <em>blockchain<\/em> y los <em>ledgers<\/em>, con ejemplos de posibles aplicaciones.<\/li>\n<li>Abstracciones del <em>blockchain<\/em> y su uso. Objetos m\u00e1s \u201cligeros\u201d.<\/li>\n<li>Ejemplo de un sistema de votaci\u00f3n basado en Ethereum.<\/li>\n<\/ol>\n<h3>Horarios<\/h3>\n<ul>\n<li>Mi\u00e9rcoles 3 de abril de 2024, 16:00 horas<\/li>\n<li>Lunes 8 de abril de 2024, 16:00 horas<\/li>\n<li>Mi\u00e9rcoles 10 de abril de 2024, 16:00 horas<\/li>\n<\/ul>\n<h3>Sala<\/h3>\n<ul>\n<li>Auditorio John von Neumann del Centro de Modelamiento Matem\u00e1tico de la Universidad de Chile, ubicado en Beauchef 851, Santiago \u2013 Edificio Norte, piso 7<\/li>\n<\/ul>\n<div id=\"gtx-trans\" style=\"position: absolute; left: 677px; top: 705.594px;\">\n<div class=\"gtx-trans-icon\"><\/div>\n<\/div>\n","protected":false},"excerpt":{"rendered":"<p>Temario Introducci\u00f3n a lo que es el blockchain y los ledgers, con ejemplos de posibles aplicaciones. Abstracciones del blockchain y su uso. Objetos m\u00e1s \u201cligeros\u201d. Ejemplo de un sistema de votaci\u00f3n basado en Ethereum. Horarios Mi\u00e9rcoles 3 de abril de 2024, 16:00 horas Lunes 8 de abril de 2024, 16:00 horas Mi\u00e9rcoles 10 de abril &hellip; <a href=\"https:\/\/eventos.cmm.uchile.cl\/blockchain2024\/programa\/\" class=\"more-link\">Seguir leyendo <span class=\"screen-reader-text\">Programa<\/span> <span class=\"meta-nav\">&rarr;<\/span><\/a><\/p>\n","protected":false},"author":2,"featured_media":0,"parent":0,"menu_order":2,"comment_status":"closed","ping_status":"closed","template":"","meta":{"inline_featured_image":false,"footnotes":""},"class_list":["post-28","page","type-page","status-publish","hentry"],"_links":{"self":[{"href":"https:\/\/eventos.cmm.uchile.cl\/blockchain2024\/wp-json\/wp\/v2\/pages\/28","targetHints":{"allow":["GET"]}}],"collection":[{"href":"https:\/\/eventos.cmm.uchile.cl\/blockchain2024\/wp-json\/wp\/v2\/pages"}],"about":[{"href":"https:\/\/eventos.cmm.uchile.cl\/blockchain2024\/wp-json\/wp\/v2\/types\/page"}],"author":[{"embeddable":true,"href":"https:\/\/eventos.cmm.uchile.cl\/blockchain2024\/wp-json\/wp\/v2\/users\/2"}],"replies":[{"embeddable":true,"href":"https:\/\/eventos.cmm.uchile.cl\/blockchain2024\/wp-json\/wp\/v2\/comments?post=28"}],"version-history":[{"count":19,"href":"https:\/\/eventos.cmm.uchile.cl\/blockchain2024\/wp-json\/wp\/v2\/pages\/28\/revisions"}],"predecessor-version":[{"id":192,"href":"https:\/\/eventos.cmm.uchile.cl\/blockchain2024\/wp-json\/wp\/v2\/pages\/28\/revisions\/192"}],"wp:attachment":[{"href":"https:\/\/eventos.cmm.uchile.cl\/blockchain2024\/wp-json\/wp\/v2\/media?parent=28"}],"curies":[{"name":"wp","href":"https:\/\/api.w.org\/{rel}","templated":true}]}}