{"id":1369,"date":"2024-08-26T15:53:06","date_gmt":"2024-08-26T19:53:06","guid":{"rendered":"https:\/\/eventos.cmm.uchile.cl\/ceds2024\/?page_id=1369"},"modified":"2024-09-13T12:16:28","modified_gmt":"2024-09-13T15:16:28","slug":"organizing-committee-2","status":"publish","type":"page","link":"https:\/\/eventos.cmm.uchile.cl\/ceds2024\/en\/organizing-committee-2\/","title":{"rendered":"Organizing Committee"},"content":{"rendered":"[et_pb_section fb_built=\u00bb1&#8243; _builder_version=\u00bb4.27.0&#8243; _module_preset=\u00bbdefault\u00bb locked=\u00bboff\u00bb global_colors_info=\u00bb{}\u00bb][et_pb_row _builder_version=\u00bb4.27.0&#8243; _module_preset=\u00bbdefault\u00bb hover_enabled=\u00bb0&#8243; global_colors_info=\u00bb{}\u00bb custom_css_free_form=\u00bb.et_pb_member_position{||  margin-bottom: 15px||}\u00bb sticky_enabled=\u00bb0&#8243;][et_pb_column type=\u00bb4_4&#8243; _builder_version=\u00bb4.27.0&#8243; _module_preset=\u00bbdefault\u00bb global_colors_info=\u00bb{}\u00bb][et_pb_text _builder_version=\u00bb4.27.0&#8243; _module_preset=\u00bbdefault\u00bb custom_margin=\u00bb||50px||false|false\u00bb global_colors_info=\u00bb{}\u00bb]\n<h1 style=\"text-align: center\">Organizing Committee<\/h1>\n[\/et_pb_text][et_pb_team_member name=\u00bbMacarena Perez Garc\u00eda\u00bb position=\u00bbGeographer PUC. Academic at the UC Institute of Geography\u00bb image_url=\u00bbhttps:\/\/eventos.cmm.uchile.cl\/ceds2024\/wp-content\/uploads\/sites\/193\/2024\/08\/1.-Macarena-Perez-1.jpg\u00bb linkedin_url=\u00bbhttps:\/\/www.linkedin.com\/in\/macarena-p%C3%A9rez-garc%C3%ADa-1094b592&#8243; _builder_version=\u00bb4.27.0&#8243; _module_preset=\u00bbdefault\u00bb body_line_height=\u00bb1.8em\u00bb position_text_color=\u00bb#000000&#8243; position_line_height=\u00bb1.8em\u00bb custom_margin=\u00bb||50px||false|false\u00bb global_colors_info=\u00bb{}\u00bb]\n<p>Geographer with a Master&#8217;s degree in Human Settlements and Environment from Pontifical Catholic University of Chile. With 11 years of experience in the Chilean public sector, she has served as the Executive Secretary of the National System for Territorial Information Coordination (SNIT-IDE Chile) since 2017. Additionally, she was the Vice President of UN-GGIM Americas from 2018 to 2021 and has been the Vice President of the academic network of the United Nations Committee on Geospatial Information for the Americas since 2023.<\/p>\n<p>Since 2011, she has been a lecturer at Pontifical Catholic University of Chile, teaching courses related to territorial planning and analysis. She currently serves as the Director of Outreach at the Institute for Disaster Resilience (Itrend).<\/p>\n[\/et_pb_team_member][et_pb_team_member name=\u00bbJaime Ortega\u00bb position=\u00bbCenter for Mathematical Modeling\u00bb image_url=\u00bbhttps:\/\/eventos.cmm.uchile.cl\/ceds2024\/wp-content\/uploads\/sites\/193\/2024\/08\/jaime_ortega.jpg\u00bb linkedin_url=\u00bbhttps:\/\/www.linkedin.com\/in\/jaime-h-o-a2538519\/\u00bb _builder_version=\u00bb4.27.0&#8243; _module_preset=\u00bbdefault\u00bb body_line_height=\u00bb1.8em\u00bb position_text_color=\u00bb#000000&#8243; position_line_height=\u00bb1.8em\u00bb custom_margin=\u00bb||50px||false|false\u00bb global_colors_info=\u00bb{}\u00bb]\n<p>D. in Mathematical Sciences from the Complutense University of Madrid (Spain), Master and Bachelor in Mathematics from the University of Concepci\u00f3n. He is a full professor at the Department of Mathematical Engineering and principal researcher at the Centre for Mathematical Modelling (CMM) of the University of Chile.<\/p>\n<p>He has more than 20 years of experience in R&amp;D projects in mining and applications of image processing and optimal design. He is currently Principal Researcher and in charge of the Digital Mining area of the Centre for Mathematical Modelling, he is also coordinator of the Copernicus Project of the University of Chile at CMM, a project that develops the Satellite Data Repository provided by the Copernicus Programme of the European Union and co-director of the Satellite Imagery Group.<\/p>\n[\/et_pb_team_member][et_pb_team_member name=\u00bbFlorencio Utreras\u00bb position=\u00bbCenter for Mathematical Modeling\u00bb image_url=\u00bbhttps:\/\/eventos.cmm.uchile.cl\/ceds2024\/wp-content\/uploads\/sites\/193\/2024\/08\/florencio_utreras.jpg\u00bb linkedin_url=\u00bbhttps:\/\/www.linkedin.com\/in\/florencio-utreras-2765b283\/\u00bb _builder_version=\u00bb4.27.0&#8243; _module_preset=\u00bbdefault\u00bb body_line_height=\u00bb1.8em\u00bb position_text_color=\u00bb#000000&#8243; position_line_height=\u00bb1.8em\u00bb custom_margin=\u00bb||50px||false|false\u00bb global_colors_info=\u00bb{}\u00bb]\n<p>D. in Applied Mathematics from the Universit\u00e9 Grenoble-I (France) and Mathematical Engineering from the University of Chile. He was executive director of the Latin American Cooperation of Advanced Networks (RedCLARA) and director of the BELLA-T Project.<\/p>\n<p>In 2017 he was elected to the Internet Hall of Fame for his important and pioneering contributions to connectivity in Chile and Latin America.<\/p>\n<p>His areas of expertise are telecommunications and applied mathematics (Spline Functions, Wavelets, approximation).<\/p>\n[\/et_pb_team_member][et_pb_team_member name=\u00bbPedro Ram\u00edrez\u00bb position=\u00bbConsultant in space business\u00bb image_url=\u00bbhttps:\/\/eventos.cmm.uchile.cl\/ceds2024\/wp-content\/uploads\/sites\/193\/2024\/08\/Foto-Pedro-Ramirez.jpg\u00bb linkedin_url=\u00bbhttps:\/\/www.linkedin.com\/in\/pedro-ramirez-41009611\/\u00bb _builder_version=\u00bb4.27.0&#8243; _module_preset=\u00bbdefault\u00bb body_line_height=\u00bb1.8em\u00bb position_text_color=\u00bb#000000&#8243; position_line_height=\u00bb1.8em\u00bb custom_margin=\u00bb||50px||false|false\u00bb global_colors_info=\u00bb{}\u00bb]\n<p>Civil Electrical Engineer from the University of Chile, with postgraduate studies, and several specializations in the United States, Chile and Europe. Professor of Computer Science at the Faculty of Engineering of the University of Chile.<br \/>\u2028He has developed his career as an engineer, professor, consultant and executive in various institutions, such as the University of Chile, NASA as a subcontractor, the satellite company SSC of Sweden and KSAT of Norway (the largest satellite tracking company worldwide), being General Manager and CEO of both companies in the subsidiaries in Chile.<\/p>\n<p>He is currently a consultant in special and satellite matters.\u2028<\/p>\n[\/et_pb_team_member][et_pb_team_member name=\u00bbSof\u00eda Nilo\u00bb position=\u00bbMinistry of National Assets\u00bb image_url=\u00bbhttps:\/\/eventos.cmm.uchile.cl\/ceds2024\/wp-content\/uploads\/sites\/193\/2024\/08\/5.-Sofia-Nilo.jpg\u00bb linkedin_url=\u00bbhttps:\/\/www.linkedin.com\/in\/sof%C3%ADa-nilo-cris%C3%B3stomo-979b0723&#8243; _builder_version=\u00bb4.27.0&#8243; _module_preset=\u00bbdefault\u00bb body_line_height=\u00bb1.8em\u00bb position_text_color=\u00bb#000000&#8243; position_line_height=\u00bb1.8em\u00bb custom_margin=\u00bb||50px||false|false\u00bb global_colors_info=\u00bb{}\u00bb]\n<p>Executive Secretary of the Spatial Data Infrastructure of Chile (Ministry of National Assets) and President of the United Nations Regional Committee on Global Geospatial Information Management for the Americas (UN-GGIM: Americas). She holds a postgraduate degree in Geomatics and a degree in Geography from Pontificia Universidad Cat\u00f3lica de Chile.<\/p>\n<p>She specializes in managing large projects, territorial analysis and evaluation, and socio-spatial linkage with communities. Her expertise focuses on data management and the use of geospatial information for the development of evidence-based public policies.<\/p>\n[\/et_pb_team_member][et_pb_team_member name=\u00bbRodrigo Abarca\u00bb position=\u00bbUniversity of Concepci\u00f3n\u00bb image_url=\u00bbhttps:\/\/eventos.cmm.uchile.cl\/ceds2024\/wp-content\/uploads\/sites\/193\/2024\/08\/6.-Rodrigo-Abarca.jpg\u00bb _builder_version=\u00bb4.27.0&#8243; _module_preset=\u00bbdefault\u00bb body_line_height=\u00bb1.8em\u00bb position_text_color=\u00bb#000000&#8243; position_line_height=\u00bb1.8em\u00bb custom_margin=\u00bb||50px||false|false\u00bb global_colors_info=\u00bb{}\u00bb]\n<p>Specialist in Climate-Geophysics and Geodesy, with a Ph.D. obtained from the Space Geodesy Research Group (GRGS) at the National Centre for Space Studies (CNES) in collaboration with the University Paul Sabatier (UPS) in Toulouse, France. Additionally, he holds a Master&#8217;s degree in Electronics, Electrotechnics, and Control Design and a Bachelor&#8217;s degree in Physical Sciences, both awarded by the same French university.<\/p>\n<p>His work focuses on research areas such as satellite geodesy, Earth&#8217;s rotation, and angular atmosphere. His expertise in these fields significantly contributes to the understanding of geophysical and atmospheric phenomena through the analysis of satellite data and advanced geodetic models.<\/p>\n[\/et_pb_team_member][et_pb_team_member name=\u00bbCarlos Kan\u00bb position=\u00bbCopernicus Regional Centre for Latin America and the Caribbean: CopernicusLAC Panama\u00bb image_url=\u00bbhttps:\/\/eventos.cmm.uchile.cl\/ceds2024\/wp-content\/uploads\/sites\/193\/2024\/08\/7.-Carlos-Kan.jpg\u00bb linkedin_url=\u00bbhttps:\/\/www.linkedin.com\/in\/carloskan\u00bb _builder_version=\u00bb4.27.0&#8243; _module_preset=\u00bbdefault\u00bb body_line_height=\u00bb1.8em\u00bb position_text_color=\u00bb#000000&#8243; position_line_height=\u00bb1.8em\u00bb custom_margin=\u00bb||50px||false|false\u00bb global_colors_info=\u00bb{}\u00bb]\n<p>Copernicus LAC Coordinator in Panama, managing initiatives related to the Copernicus program in Latin America and the Caribbean. He also held the position of Coordinator of Plans and Programs at the National Authority for Government Innovation (AIG) in Panama.<\/p>\n<p>He holds an International MBA in Technology Management from National Tsing Hua University (NTHU), with a focus on innovation systems, intellectual capital, and high-tech industries. Additionally, he has a Master\u2019s degree in Public Policy Management from ADEN University.<\/p>\n[\/et_pb_team_member][\/et_pb_column][\/et_pb_row][\/et_pb_section][et_pb_section fb_built=\u00bb1&#8243; disabled_on=\u00bbon|on|on\u00bb _builder_version=\u00bb4.16&#8243; disabled=\u00bbon\u00bb locked=\u00bboff\u00bb global_colors_info=\u00bb{}\u00bb][et_pb_row _builder_version=\u00bb4.16&#8243; global_colors_info=\u00bb{}\u00bb][et_pb_column type=\u00bb4_4&#8243; _builder_version=\u00bb4.16&#8243; custom_padding=\u00bb|||\u00bb global_colors_info=\u00bb{}\u00bb custom_padding__hover=\u00bb|||\u00bb][et_pb_text admin_label=\u00bbComit\u00e9 programa\u00bb _builder_version=\u00bb4.27.0&#8243; custom_padding=\u00bb10px||\u00bb border_width_top=\u00bb3px\u00bb border_color_top=\u00bb#0c71c3&#8243; global_colors_info=\u00bb{}\u00bb]\n<h3>International Program Committee<\/h3>\n<ul>\n<li>Jos\u00e9 Sobrino, University of Valencia, Spain.<\/li>\n<li>Itziar Alonso, European Space Agency, Italy.<\/li>\n<li>Juan Manuel de Farami\u00f1\u00e1n, University of Ja\u00e9n, Spain.<\/li>\n<li>Giao Nguyen, Promethee, France.<\/li>\n<li>Walter Everetts, Independent Space consultant, USA.<\/li>\n<li>Marcos D\u00edaz, U. de Chile.<\/li>\n<li>Philippe Lattes, Expertise France, France.<\/li>\n<li>Juan Carlos Valdiviezo, director CentroGeo, M\u00e9xico.<\/li>\n<li>Jos\u00e9 Fernando Jim\u00e9nez. U de Los Andes, Colombia.<\/li>\n<li>Alina Nassar, Nassar Abogados, Costa Rica <\/li>\n<\/ul>\n[\/et_pb_text][\/et_pb_column][\/et_pb_row][et_pb_row _builder_version=\u00bb4.16&#8243; global_colors_info=\u00bb{}\u00bb][et_pb_column type=\u00bb4_4&#8243; _builder_version=\u00bb4.16&#8243; custom_padding=\u00bb|||\u00bb global_colors_info=\u00bb{}\u00bb custom_padding__hover=\u00bb|||\u00bb][et_pb_text admin_label=\u00bbComit\u00e9 Organizador\u00bb _builder_version=\u00bb4.25.1&#8243; custom_padding=\u00bb10px||\u00bb border_width_top=\u00bb3px\u00bb border_color_top=\u00bb#0c71c3&#8243; global_colors_info=\u00bb{}\u00bb]\n<h3>Organizing Committee<\/h3>\n<ul>\n<li>Macarena Perez Garc\u00eda, Geographer PUC. Academic at the UC Institute of Geography.<\/li>\n<li>Jaime Ortega, Center for Mathematical Modeling.<\/li>\n<li>Florencio Utreras, Center for Mathematical Modeling.<\/li>\n<li>Pedro Ram\u00edrez, Consultant in spatial issues<\/li>\n<li>Sof\u00eda Nilo, Ministry of National Assets<\/li>\n<li>Rodrigo Abarca. University of Concepci\u00f3n<\/li>\n<li>Carlos Kan. Copernicus Regional Centre for Latin America and the Caribbean: CopernicusLAC Panama<\/li>\n<\/ul>\n[\/et_pb_text][\/et_pb_column][\/et_pb_row][\/et_pb_section]\n","protected":false},"excerpt":{"rendered":"<p>Organizing CommitteeGeographer with a Master&#8217;s degree in Human Settlements and Environment from Pontifical Catholic University of Chile. With 11 years of experience in the Chilean public sector, she has served as the Executive Secretary of the National System for Territorial Information Coordination (SNIT-IDE Chile) since 2017. Additionally, she was the Vice President of UN-GGIM Americas [&hellip;]<\/p>\n","protected":false},"author":106,"featured_media":0,"parent":0,"menu_order":0,"comment_status":"closed","ping_status":"closed","template":"","meta":{"_et_pb_use_builder":"on","_et_pb_old_content":"<p>[et_pb_section fb_built=\"1\" fullwidth=\"on\" _builder_version=\"3.18.2\" locked=\"off\"][et_pb_fullwidth_header title=\"About CEDS2020\" _builder_version=\"3.18.2\" use_background_color_gradient=\"on\" background_color_gradient_end=\"rgba(41,196,169,0.8)\" background_color_gradient_overlays_image=\"on\" background_image=\"http:\/\/eventos.cmm.uchile.cl\/ceds2024\/wp-content\/uploads\/sites\/82\/2019\/08\/ceds2020_header_01.jpg\"][\/et_pb_fullwidth_header][\/et_pb_section][et_pb_section fb_built=\"1\" _builder_version=\"3.18.2\" locked=\"off\"][et_pb_row _builder_version=\"3.18.2\"][et_pb_column type=\"4_4\" _builder_version=\"3.18.2\" parallax=\"off\" parallax_method=\"on\"][et_pb_text admin_label=\"Ultimos a\u00f1os...\" _builder_version=\"3.18.2\"]<\/p><p>Recent years have seen a strong growth in the interest of the national and international community in space-related issues and their use by all nations. In this scenario, Latin American countries, and in particular Chile, are called to play a frontline role due to their positioning in space activity and the growing activity that is taking place in our countries, which compels us to advance in the search for strategies and guidelines that can contribute to the development of space applications.<\/p><p>[\/et_pb_text][\/et_pb_column][\/et_pb_row][et_pb_row _builder_version=\"3.18.2\"][et_pb_column type=\"1_2\" _builder_version=\"3.18.2\" parallax=\"off\" parallax_method=\"on\"][et_pb_text admin_label=\"Chile en el desarrollo de la actividad espacial\" _builder_version=\"3.18.2\" locked=\"off\"]<\/p><h4>Chile in space activity development<\/h4><ul><li>Concentrates a high percentage of observatories on a global scale.<\/li><li>Has an ideal ambience, such as the Atacama desert, for testing harsh environments and outer space vehicles.<\/li><li>Alliance with <a href=\"http:\/\/copernicus-chile.cl\/\" target=\"_blank\" rel=\"noopener noreferrer\">Copernicus Program<\/a> of the European Union that will enable access to open data.<\/li><\/ul><p>[\/et_pb_text][\/et_pb_column][et_pb_column type=\"1_2\" _builder_version=\"3.18.2\" parallax=\"off\" parallax_method=\"on\"][et_pb_text admin_label=\"Universidad de Chile\" _builder_version=\"3.18.2\" locked=\"off\"]<\/p><h4>Universidad de Chile<\/h4><ul><li>1958 \u2013 Signature of agreement to support NASA programs and creation of the Center for Space Studies.<\/li><li>2015 \u2013 Creation of the SUCHAI nanosatellite programme.<\/li><li>2017 \u2013 Launch of the first Chilean nanosatellite.<\/li><li>2019 \u2013 Signature of the agreement with the <a href=\"http:\/\/copernicus-chile.cl\/\" target=\"_blank\" rel=\"noopener noreferrer\">Copernicus Program<\/a>.<\/li><\/ul><p>[\/et_pb_text][\/et_pb_column][\/et_pb_row][et_pb_row _builder_version=\"3.18.2\"][et_pb_column type=\"4_4\" _builder_version=\"3.18.2\" parallax=\"off\" parallax_method=\"on\"][et_pb_text admin_label=\"La Universidad de Chile, desde 1958\" _builder_version=\"3.18.2\"]<\/p><p>The Universidad de Chile, since 1958, has been closely linked to space activities and the University along with a number of national and international institutions, public and private, have organized this <strong>International Conference on Space and Sustainable Development (CEDS 2020)<\/strong>.<\/p><p>[\/et_pb_text][et_pb_text admin_label=\"Ejes tem\u00e1ticos\" _builder_version=\"3.18.2\"]<\/p><h2>Main Areas<\/h2><ul><li><strong>Space development, Opportunities and Challenges<\/strong><br \/>Including the role to be played by academia, industry and government.<\/li><li><strong>Promotion of Space Science and Technology development<\/strong><br \/>Addressing the various areas involved, as well as the necessary new human resource development strategies.<\/li><li><strong>Promote Innovation and Industrial Development in Space<\/strong><br \/>Analyzing the opportunities that arise in the multiple fields of space activity and their importance in economic development.<\/li><li><strong>Space as an Asset of Humankind<\/strong><br \/>Reviewing legal and collaborative frameworks to ensure their equitable and sustainable use, and the advantage of their use to tackle global issues.<\/li><\/ul><p>[\/et_pb_text][\/et_pb_column][\/et_pb_row][et_pb_row _builder_version=\"3.18.2\"][et_pb_column type=\"4_4\" _builder_version=\"3.18.2\" parallax=\"off\" parallax_method=\"on\"][et_pb_text admin_label=\"Comit\u00e9 programa\" _builder_version=\"3.18.2\" border_width_top=\"3px\" border_color_top=\"#0c71c3\" custom_padding=\"10px||\"]<\/p><h3>International Program Committee<\/h3><ul><li>Philippe Bouchez, CSL<\/li><li>Jan Cermak, KIT<\/li><li>Juan Manuel de Farami\u00f1\u00e1n, Universidad de Ja\u00e9n<\/li><li>Rory Donnelly, EARSC<\/li><li>Walt Everetts, Iridium<\/li><li>Marco Ferranzani, ESA<\/li><li>Ricardo Galv\u00e3o, Universidade de S\u00e3o Paulo (IF-USP)<\/li><li>Guido Girardi, Senator, Commission on Science, Technology, Innovation and Challenges of the Future, Senate of Chile<\/li><li>Anne Orban, CSL<\/li><li>Christian Rossi, Satellite Applications Catapult<\/li><li>Servet Mart\u00ednez, Center for Mathematical Modeling, Universidad de Chile, President<\/li><\/ul><p>[\/et_pb_text][\/et_pb_column][\/et_pb_row][et_pb_row _builder_version=\"3.18.2\"][et_pb_column type=\"4_4\" _builder_version=\"3.18.2\" parallax=\"off\" parallax_method=\"on\"][et_pb_text admin_label=\"Comit\u00e9 Organizador\" _builder_version=\"3.18.2\" border_width_top=\"3px\" border_color_top=\"#0c71c3\" custom_padding=\"10px||\"]<\/p><h3>Organizing Committee<\/h3><ul><li>Carlos C\u00e1rdenas, Universidad de Magallanes<\/li><li>Marcos D\u00edaz, DEI, Universidad de Chile<\/li><li>Alvaro G\u00f3mez, KimGlobal<\/li><li>Raimundo Gonz\u00e1lez, Ambassador<\/li><li>Carmen Gloria Labb\u00e9, Conference coordinator<\/li><li>Cristi\u00e1n Mattar, Universidad de Ays\u00e9n<\/li><li>Jaime Ortega, Center for Mathematical Modeling, Universidad de Chile<\/li><li>Macarena P\u00e9rez, SNIT Chile, Ministerio de Bienes Nacionales<\/li><li>Pedro Ram\u00edrez, KSAT<\/li><li>Luis Vargas, Faculty of Physical and Mathematical Sciences, Universidad de Chile<\/li><li>Florencio Utreras, Center for Mathematical Modeling, Universidad de Chile, Chair<\/li><\/ul><p>[\/et_pb_text][\/et_pb_column][\/et_pb_row][\/et_pb_section]<\/p>","_et_gb_content_width":"","inline_featured_image":false,"footnotes":""},"class_list":["post-1369","page","type-page","status-publish","hentry"],"_links":{"self":[{"href":"https:\/\/eventos.cmm.uchile.cl\/ceds2024\/wp-json\/wp\/v2\/pages\/1369","targetHints":{"allow":["GET"]}}],"collection":[{"href":"https:\/\/eventos.cmm.uchile.cl\/ceds2024\/wp-json\/wp\/v2\/pages"}],"about":[{"href":"https:\/\/eventos.cmm.uchile.cl\/ceds2024\/wp-json\/wp\/v2\/types\/page"}],"author":[{"embeddable":true,"href":"https:\/\/eventos.cmm.uchile.cl\/ceds2024\/wp-json\/wp\/v2\/users\/106"}],"replies":[{"embeddable":true,"href":"https:\/\/eventos.cmm.uchile.cl\/ceds2024\/wp-json\/wp\/v2\/comments?post=1369"}],"version-history":[{"count":7,"href":"https:\/\/eventos.cmm.uchile.cl\/ceds2024\/wp-json\/wp\/v2\/pages\/1369\/revisions"}],"predecessor-version":[{"id":1629,"href":"https:\/\/eventos.cmm.uchile.cl\/ceds2024\/wp-json\/wp\/v2\/pages\/1369\/revisions\/1629"}],"wp:attachment":[{"href":"https:\/\/eventos.cmm.uchile.cl\/ceds2024\/wp-json\/wp\/v2\/media?parent=1369"}],"curies":[{"name":"wp","href":"https:\/\/api.w.org\/{rel}","templated":true}]}}