{"id":142,"date":"2019-09-06T12:39:37","date_gmt":"2019-09-06T15:39:37","guid":{"rendered":"http:\/\/eventos.cmm.uchile.cl\/ceds2024\/?page_id=142"},"modified":"2024-10-01T12:46:17","modified_gmt":"2024-10-01T15:46:17","slug":"registro","status":"publish","type":"page","link":"https:\/\/eventos.cmm.uchile.cl\/ceds2024\/registro\/","title":{"rendered":"Registro"},"content":{"rendered":"[et_pb_section fb_built=\u00bb1&#8243; _builder_version=\u00bb4.16&#8243; global_colors_info=\u00bb{}\u00bb][et_pb_row _builder_version=\u00bb4.16&#8243; global_colors_info=\u00bb{}\u00bb][et_pb_column type=\u00bb4_4&#8243; _builder_version=\u00bb4.16&#8243; custom_padding=\u00bb|||\u00bb global_colors_info=\u00bb{}\u00bb custom_padding__hover=\u00bb|||\u00bb][et_pb_text _builder_version=\u00bb4.27.0&#8243; _module_preset=\u00bbdefault\u00bb global_colors_info=\u00bb{}\u00bb]\n<h1 style=\"text-align: center\">Registro<\/h1>\n[\/et_pb_text][et_pb_blurb title=\u00bbPr\u00f3ximamente\u00bb use_icon=\u00bbon\u00bb font_icon=\u00bb&#x70;||divi||400&#8243; disabled_on=\u00bbon|on|on\u00bb _builder_version=\u00bb4.16&#8243; disabled=\u00bbon\u00bb global_colors_info=\u00bb{}\u00bb]\n<p>El registro para nuestra Conferencia a\u00fan no est\u00e1 abierto. Comunicaremos pr\u00f3ximamente la apertura. Gracias por su inter\u00e9s.<\/p>\n[\/et_pb_blurb][et_pb_image src=\u00bbhttps:\/\/eventos.cmm.uchile.cl\/ceds2024\/wp-content\/uploads\/sites\/193\/2024\/10\/CEDS2024-Valores-de-Inscripcion@3x-1.png\u00bb title_text=\u00bbCEDS2024 Valores de Inscripcio\u0301n@3x\u00bb _builder_version=\u00bb4.27.0&#8243; _module_preset=\u00bbdefault\u00bb hover_enabled=\u00bb0&#8243; global_colors_info=\u00bb{}\u00bb sticky_enabled=\u00bb0&#8243;][\/et_pb_image][et_pb_text _builder_version=\u00bb4.25.1&#8243; _module_preset=\u00bbdefault\u00bb global_colors_info=\u00bb{}\u00bb]\n\n<div class=\"wpcf7 no-js\" id=\"wpcf7-f756-o1\" lang=\"es-ES\" dir=\"ltr\" data-wpcf7-id=\"756\">\n<div class=\"screen-reader-response\"><p role=\"status\" aria-live=\"polite\" aria-atomic=\"true\"><\/p> <ul><\/ul><\/div>\n<form action=\"\/ceds2024\/wp-json\/wp\/v2\/pages\/142#wpcf7-f756-o1\" method=\"post\" class=\"wpcf7-form init\" aria-label=\"Formulario de contacto\" novalidate=\"novalidate\" data-status=\"init\">\n<fieldset class=\"hidden-fields-container\"><input type=\"hidden\" name=\"_wpcf7\" value=\"756\" \/><input type=\"hidden\" name=\"_wpcf7_version\" value=\"6.1.5\" \/><input type=\"hidden\" name=\"_wpcf7_locale\" value=\"es_ES\" \/><input type=\"hidden\" name=\"_wpcf7_unit_tag\" value=\"wpcf7-f756-o1\" \/><input type=\"hidden\" name=\"_wpcf7_container_post\" value=\"0\" \/><input type=\"hidden\" name=\"_wpcf7_posted_data_hash\" value=\"\" \/><input type=\"hidden\" name=\"_wpcf7cf_hidden_group_fields\" value=\"[]\" \/><input type=\"hidden\" name=\"_wpcf7cf_hidden_groups\" value=\"[]\" \/><input type=\"hidden\" name=\"_wpcf7cf_visible_groups\" value=\"[]\" \/><input type=\"hidden\" name=\"_wpcf7cf_repeaters\" value=\"[]\" \/><input type=\"hidden\" name=\"_wpcf7cf_steps\" value=\"{}\" \/><input type=\"hidden\" name=\"_wpcf7cf_options\" value=\"{&quot;form_id&quot;:756,&quot;conditions&quot;:[],&quot;settings&quot;:{&quot;animation&quot;:&quot;yes&quot;,&quot;animation_intime&quot;:200,&quot;animation_outtime&quot;:200,&quot;conditions_ui&quot;:&quot;normal&quot;,&quot;notice_dismissed&quot;:false,&quot;repeater_remove_button&quot;:&quot;bottom&quot;}}\" \/>\n<\/fieldset>\n<p><strong>Pronto se le har\u00e1 llegar informaci\u00f3n sobre como realizar el pago.<\/strong>\n<\/p>\n<p>Muchas gracias por su inter\u00e9s en CEDS 2024.\n<\/p>\n<h4>Valor de Inscripci\u00f3n\n<\/h4>\n<p><label>Valor (requerido)<br \/>\n<span class=\"wpcf7-form-control-wrap\" data-name=\"valor-inscripcion\"><select class=\"wpcf7-form-control wpcf7-select\" aria-invalid=\"false\" name=\"valor-inscripcion\"><option value=\"\">&#8212;Por favor, elige una opci\u00f3n&#8212;<\/option><option value=\"Inscripci\u00f3n hasta el 6 de noviembre: USD$120\">Inscripci\u00f3n hasta el 6 de noviembre: USD$120<\/option><option value=\"Inscripci\u00f3n desde el 7 al 14 de noviembre: USD$135\">Inscripci\u00f3n desde el 7 al 14 de noviembre: USD$135<\/option><option value=\"Inscripci\u00f3n entre el 15 al 22 de noviembre: USD$150\">Inscripci\u00f3n entre el 15 al 22 de noviembre: USD$150<\/option><option value=\"Inscripci\u00f3n para expositores de trabajos y posters: USD$75\">Inscripci\u00f3n para expositores de trabajos y posters: USD$75<\/option><\/select><\/span><\/label>\n<\/p>\n<h4>Informaci\u00f3n de Contacto\n<\/h4>\n<p><label>Nombre (requerido)<br \/>\n<span class=\"wpcf7-form-control-wrap\" data-name=\"event-name\"><input size=\"40\" maxlength=\"400\" class=\"wpcf7-form-control wpcf7-text wpcf7-validates-as-required\" aria-required=\"true\" aria-invalid=\"false\" value=\"\" type=\"text\" name=\"event-name\" \/><\/span> <\/label><br \/>\n<label>Apellido (requerido)<br \/>\n<span class=\"wpcf7-form-control-wrap\" data-name=\"event-lastname\"><input size=\"40\" maxlength=\"400\" class=\"wpcf7-form-control wpcf7-text wpcf7-validates-as-required\" aria-required=\"true\" aria-invalid=\"false\" value=\"\" type=\"text\" name=\"event-lastname\" \/><\/span> <\/label>\n<\/p>\n<p><label>Cargo (requerido)<br \/>\n<span class=\"wpcf7-form-control-wrap\" data-name=\"event-position\"><select class=\"wpcf7-form-control wpcf7-select\" aria-invalid=\"false\" name=\"event-position\"><option value=\"\">&#8212;Por favor, elige una opci\u00f3n&#8212;<\/option><option value=\"Estudiante\">Estudiante<\/option><option value=\"Estudiante de Doctorado\">Estudiante de Doctorado<\/option><option value=\"Posdoctorado\">Posdoctorado<\/option><option value=\"Profesor\">Profesor<\/option><option value=\"Otro\">Otro<\/option><\/select><\/span><\/label>\n<\/p>\n<p><label>Instituci\u00f3n (requerido)<br \/>\n<span class=\"wpcf7-form-control-wrap\" data-name=\"event-institution\"><input size=\"40\" maxlength=\"400\" class=\"wpcf7-form-control wpcf7-text wpcf7-validates-as-required\" aria-required=\"true\" aria-invalid=\"false\" value=\"\" type=\"text\" name=\"event-institution\" \/><\/span> <\/label>\n<\/p>\n<p><label>Correo Electr\u00f3nico (requerido)<br \/>\n<span class=\"wpcf7-form-control-wrap\" data-name=\"event-email\"><input size=\"40\" maxlength=\"400\" class=\"wpcf7-form-control wpcf7-email wpcf7-validates-as-required wpcf7-text wpcf7-validates-as-email\" aria-required=\"true\" aria-invalid=\"false\" value=\"\" type=\"email\" name=\"event-email\" \/><\/span> <\/label>\n<\/p>\n<p><input class=\"wpcf7-form-control wpcf7-submit has-spinner\" type=\"submit\" value=\"Registrar\" \/>\n<\/p><div class=\"wpcf7-response-output\" aria-hidden=\"true\"><\/div>\n<\/form>\n<\/div>\n\n[\/et_pb_text][\/et_pb_column][\/et_pb_row][\/et_pb_section]\n","protected":false},"excerpt":{"rendered":"<p>RegistroEl registro para nuestra Conferencia a\u00fan no est\u00e1 abierto. Comunicaremos pr\u00f3ximamente la apertura. Gracias por su inter\u00e9s.\n<div class=\"wpcf7 no-js\" id=\"wpcf7-f756-o2\" lang=\"es-ES\" dir=\"ltr\" data-wpcf7-id=\"756\">\n<div class=\"screen-reader-response\"><p role=\"status\" aria-live=\"polite\" aria-atomic=\"true\"><\/p> <ul><\/ul><\/div>\n<form action=\"\/ceds2024\/wp-json\/wp\/v2\/pages\/142#wpcf7-f756-o2\" method=\"post\" class=\"wpcf7-form init\" aria-label=\"Formulario de contacto\" novalidate=\"novalidate\" data-status=\"init\">\n<fieldset class=\"hidden-fields-container\"><input type=\"hidden\" name=\"_wpcf7\" value=\"756\" \/><input type=\"hidden\" name=\"_wpcf7_version\" value=\"6.1.5\" \/><input type=\"hidden\" name=\"_wpcf7_locale\" value=\"es_ES\" \/><input type=\"hidden\" name=\"_wpcf7_unit_tag\" value=\"wpcf7-f756-o2\" \/><input type=\"hidden\" name=\"_wpcf7_container_post\" value=\"0\" \/><input type=\"hidden\" name=\"_wpcf7_posted_data_hash\" value=\"\" \/><input type=\"hidden\" name=\"_wpcf7cf_hidden_group_fields\" value=\"[]\" \/><input type=\"hidden\" name=\"_wpcf7cf_hidden_groups\" value=\"[]\" \/><input type=\"hidden\" name=\"_wpcf7cf_visible_groups\" value=\"[]\" \/><input type=\"hidden\" name=\"_wpcf7cf_repeaters\" value=\"[]\" \/><input type=\"hidden\" name=\"_wpcf7cf_steps\" value=\"{}\" \/><input type=\"hidden\" name=\"_wpcf7cf_options\" value=\"{&quot;form_id&quot;:756,&quot;conditions&quot;:[],&quot;settings&quot;:{&quot;animation&quot;:&quot;yes&quot;,&quot;animation_intime&quot;:200,&quot;animation_outtime&quot;:200,&quot;conditions_ui&quot;:&quot;normal&quot;,&quot;notice_dismissed&quot;:false,&quot;repeater_remove_button&quot;:&quot;bottom&quot;}}\" \/>\n<\/fieldset>\n<p><strong>Pronto se le har\u00e1 llegar informaci\u00f3n sobre como realizar el pago.<\/strong>\n<\/p>\n<p>Muchas gracias por su inter\u00e9s en CEDS 2024.\n<\/p>\n<h4>Valor de Inscripci\u00f3n\n<\/h4>\n<p><label>Valor (requerido)<br \/>\n<span class=\"wpcf7-form-control-wrap\" data-name=\"valor-inscripcion\"><select class=\"wpcf7-form-control wpcf7-select\" aria-invalid=\"false\" name=\"valor-inscripcion\"><option value=\"\">&#8212;Por favor, elige una opci\u00f3n&#8212;<\/option><option value=\"Inscripci\u00f3n hasta el 6 de noviembre: USD$120\">Inscripci\u00f3n hasta el 6 de noviembre: USD$120<\/option><option value=\"Inscripci\u00f3n desde el 7 al 14 de noviembre: USD$135\">Inscripci\u00f3n desde el 7 al 14 de noviembre: USD$135<\/option><option value=\"Inscripci\u00f3n entre el 15 al 22 de noviembre: USD$150\">Inscripci\u00f3n entre el 15 al 22 de noviembre: USD$150<\/option><option value=\"Inscripci\u00f3n para expositores de trabajos y posters: USD$75\">Inscripci\u00f3n para expositores de trabajos y posters: USD$75<\/option><\/select><\/span><\/label>\n<\/p>\n<h4>Informaci\u00f3n de Contacto\n<\/h4>\n<p><label>Nombre (requerido)<br \/>\n<span class=\"wpcf7-form-control-wrap\" data-name=\"event-name\"><input size=\"40\" maxlength=\"400\" class=\"wpcf7-form-control wpcf7-text wpcf7-validates-as-required\" aria-required=\"true\" aria-invalid=\"false\" value=\"\" type=\"text\" name=\"event-name\" \/><\/span> <\/label><br \/>\n<label>Apellido (requerido)<br \/>\n<span class=\"wpcf7-form-control-wrap\" data-name=\"event-lastname\"><input size=\"40\" maxlength=\"400\" class=\"wpcf7-form-control wpcf7-text wpcf7-validates-as-required\" aria-required=\"true\" aria-invalid=\"false\" value=\"\" type=\"text\" name=\"event-lastname\" \/><\/span> <\/label>\n<\/p>\n<p><label>Cargo (requerido)<br \/>\n<span class=\"wpcf7-form-control-wrap\" data-name=\"event-position\"><select class=\"wpcf7-form-control wpcf7-select\" aria-invalid=\"false\" name=\"event-position\"><option value=\"\">&#8212;Por favor, elige una opci\u00f3n&#8212;<\/option><option value=\"Estudiante\">Estudiante<\/option><option value=\"Estudiante de Doctorado\">Estudiante de Doctorado<\/option><option value=\"Posdoctorado\">Posdoctorado<\/option><option value=\"Profesor\">Profesor<\/option><option value=\"Otro\">Otro<\/option><\/select><\/span><\/label>\n<\/p>\n<p><label>Instituci\u00f3n (requerido)<br \/>\n<span class=\"wpcf7-form-control-wrap\" data-name=\"event-institution\"><input size=\"40\" maxlength=\"400\" class=\"wpcf7-form-control wpcf7-text wpcf7-validates-as-required\" aria-required=\"true\" aria-invalid=\"false\" value=\"\" type=\"text\" name=\"event-institution\" \/><\/span> <\/label>\n<\/p>\n<p><label>Correo Electr\u00f3nico (requerido)<br \/>\n<span class=\"wpcf7-form-control-wrap\" data-name=\"event-email\"><input size=\"40\" maxlength=\"400\" class=\"wpcf7-form-control wpcf7-email wpcf7-validates-as-required wpcf7-text wpcf7-validates-as-email\" aria-required=\"true\" aria-invalid=\"false\" value=\"\" type=\"email\" name=\"event-email\" \/><\/span> <\/label>\n<\/p>\n<p><input class=\"wpcf7-form-control wpcf7-submit has-spinner\" type=\"submit\" value=\"Registrar\" \/>\n<\/p><div class=\"wpcf7-response-output\" aria-hidden=\"true\"><\/div>\n<\/form>\n<\/div>\n<\/p>\n","protected":false},"author":2,"featured_media":0,"parent":0,"menu_order":4,"comment_status":"closed","ping_status":"closed","template":"","meta":{"_et_pb_use_builder":"on","_et_pb_old_content":"","_et_gb_content_width":"","inline_featured_image":false,"footnotes":""},"class_list":["post-142","page","type-page","status-publish","hentry"],"_links":{"self":[{"href":"https:\/\/eventos.cmm.uchile.cl\/ceds2024\/wp-json\/wp\/v2\/pages\/142","targetHints":{"allow":["GET"]}}],"collection":[{"href":"https:\/\/eventos.cmm.uchile.cl\/ceds2024\/wp-json\/wp\/v2\/pages"}],"about":[{"href":"https:\/\/eventos.cmm.uchile.cl\/ceds2024\/wp-json\/wp\/v2\/types\/page"}],"author":[{"embeddable":true,"href":"https:\/\/eventos.cmm.uchile.cl\/ceds2024\/wp-json\/wp\/v2\/users\/2"}],"replies":[{"embeddable":true,"href":"https:\/\/eventos.cmm.uchile.cl\/ceds2024\/wp-json\/wp\/v2\/comments?post=142"}],"version-history":[{"count":11,"href":"https:\/\/eventos.cmm.uchile.cl\/ceds2024\/wp-json\/wp\/v2\/pages\/142\/revisions"}],"predecessor-version":[{"id":1748,"href":"https:\/\/eventos.cmm.uchile.cl\/ceds2024\/wp-json\/wp\/v2\/pages\/142\/revisions\/1748"}],"wp:attachment":[{"href":"https:\/\/eventos.cmm.uchile.cl\/ceds2024\/wp-json\/wp\/v2\/media?parent=142"}],"curies":[{"name":"wp","href":"https:\/\/api.w.org\/{rel}","templated":true}]}}