{"id":171,"date":"2019-10-14T10:11:57","date_gmt":"2019-10-14T13:11:57","guid":{"rendered":"http:\/\/eventos.cmm.uchile.cl\/ceds2024\/?page_id=171"},"modified":"2024-08-26T12:16:57","modified_gmt":"2024-08-26T16:16:57","slug":"acerca-de","status":"publish","type":"page","link":"https:\/\/eventos.cmm.uchile.cl\/ceds2024\/acerca-de\/","title":{"rendered":"Acerca de"},"content":{"rendered":"[et_pb_section fb_built=\u00bb1&#8243; _builder_version=\u00bb4.16&#8243; global_colors_info=\u00bb{}\u00bb][et_pb_row _builder_version=\u00bb4.16&#8243; global_colors_info=\u00bb{}\u00bb][et_pb_column type=\u00bb4_4&#8243; _builder_version=\u00bb4.16&#8243; custom_padding=\u00bb|||\u00bb global_colors_info=\u00bb{}\u00bb custom_padding__hover=\u00bb|||\u00bb][et_pb_text _builder_version=\u00bb4.27.0&#8243; _module_preset=\u00bbdefault\u00bb custom_margin=\u00bb||50px||false|false\u00bb global_colors_info=\u00bb{}\u00bb]\n<h1 style=\"text-align: center\">Acerca de CEDS2024<\/h1>\n[\/et_pb_text][et_pb_text admin_label=\u00bbUltimos a\u00f1os&#8230;\u00bb _builder_version=\u00bb4.25.1&#8243; global_colors_info=\u00bb{}\u00bb]\n<p>Los \u00faltimos a\u00f1os han visto crecer con fuerza el inter\u00e9s de la comunidad nacional e internacional en los temas ligados al Espacio y su uso pac\u00edfico. Dicho inter\u00e9s se verifica en diversos \u00e1mbitos, tanto en los m\u00faltiples y variados usos que tiene la tecnolog\u00eda espacial, las oportunidades de desarrollo de una creciente industria (New Space) en torno a nuevos y crecientes desaf\u00edos (tales como la basura espacial, el mantenimiento de cielos limpios, etc.), nuevos requerimientos y actores, y la necesaria regulaci\u00f3n, tanto a nivel local como internacional, que aseguro un uso sostenible y pac\u00edfico.<\/p>\n<p><strong>CEDS2024<\/strong> ha sido concebida como un espacio de conocimiento e intercambio de ideas en torno a los desaf\u00edos y oportunidades que se presentan y la b\u00fasqueda de alternativas de acci\u00f3n en el avance de los usos pac\u00edficos del Espacio. Para ello convocamos a un amplio colectivo de actores, reconocidos expertos internacionales en los diversos \u00e1mbitos del espacio, la industria quien aporta tecnolog\u00eda y servicios, la academia en su rol para en el desarrollo cient\u00edfico-tecnol\u00f3gico y actores del \u00e1mbito p\u00fablico responsable de proveer un marco de acci\u00f3n que asegure la sustentabilidad de estas acciones.<\/p>\n<p>Asimismo, invitamos a investigadores y acad\u00e9micos que est\u00e9n llevando a cabo experiencias en estos \u00e1mbitos a dar a conocer sus trabajos y su visi\u00f3n en esta Conferencia, con el objeto de aportar en la b\u00fasqueda de estrategias y acciones para el avance de la actividad espacial y su aporte al desarrollo sostenible de la sociedad.<\/p>\n[\/et_pb_text][\/et_pb_column][\/et_pb_row][et_pb_row _builder_version=\u00bb4.16&#8243; global_colors_info=\u00bb{}\u00bb][et_pb_column type=\u00bb4_4&#8243; _builder_version=\u00bb4.16&#8243; custom_padding=\u00bb|||\u00bb global_colors_info=\u00bb{}\u00bb custom_padding__hover=\u00bb|||\u00bb][et_pb_text admin_label=\u00bbChile en el desarrollo de la actividad espacial\u00bb _builder_version=\u00bb4.25.1&#8243; global_colors_info=\u00bb{}\u00bb]\n<h2>Chile en el desarrollo de la actividad espacial<\/h2>\n<ul>\n<li>Chile est\u00e1 llamado a jugar un rol de primera l\u00ednea. Su posicionamiento en el desarrollo de la actividad espacial, en especial de la Astronom\u00eda, concentrando un alto porcentaje de los observatorios a escala mundial; Poseer un entorno ideal de prueba de ambientes y veh\u00edculos como es el Desierto de Atacama; la actividad en torno a nanosat\u00e9lites, la alianza con el programa Copernicus de la Uni\u00f3n Europea que permite la disponibilidad de datos abiertos, son s\u00f3lo una muestra de la creciente actividad que est\u00e1 ocurriendo en el pa\u00eds, lo que nos demanda avanzar en la b\u00fasqueda de estrategias y lineamientos que contribuyan al desarrollo de los temas ligados al espacio.<\/li>\n<\/ul>\n[\/et_pb_text][et_pb_text admin_label=\u00bbLa Universidad de Chile, desde 1958&#8243; _builder_version=\u00bb4.25.1&#8243; locked=\u00bboff\u00bb global_colors_info=\u00bb{}\u00bb]\n<h2>Rol de la Universidad de Chile<\/h2>\n<ul>\n<li>La Universidad de Chile, ha estado estrechamente vinculada a estos temas, desde que firmara el acuerdo en 1958 para apoyar los programas de la NASA y crear el Centro de Estudios Espaciales, o en 2017 cuando, a trav\u00e9s del Programa SUCHAI de nano-sat\u00e9lites lanzara el primer nano-sat\u00e9lite chileno, base de la actual constelaci\u00f3n de nano-sat\u00e9lites de Chile y, actualmente llevando cabo el proyecto <a href=\"https:\/\/www.copernicuslac-chile.eu\/\" target=\"_blank\" rel=\"noopener\">Centro Regional Copernicus para Am\u00e9rica Latina y el Caribe: CopernicusLAC Chile<\/a>, en el marco del acuerdo firmado con la Uni\u00f3n Europea, el que est\u00e1 desplegando una poderosa infraestructura para el almacenamiento y procesamiento de datos, entregando servicios a la regi\u00f3n que beneficiar\u00e1n la toma de decisiones en diversos \u00e1mbitos que afectan hoy a la sociedad. Por estas y otras razones, junto a instituciones nacionales e internacionales, tanto p\u00fablicas como privadas, han decidido organizar la <strong>Conferencia Internacional Espacio y Desarrollo Sostenible (CEDS2024).<\/strong><\/li>\n<\/ul>\n<p>\u200b<\/p>\n[\/et_pb_text][et_pb_image src=\u00bbhttps:\/\/eventos.cmm.uchile.cl\/ceds2024\/wp-content\/uploads\/sites\/193\/2024\/08\/linea_de_tiempo_universidad_de_chile.png\u00bb title_text=\u00bblinea_de_tiempo_universidad_de_chile\u00bb _builder_version=\u00bb4.27.0&#8243; _module_preset=\u00bbdefault\u00bb custom_margin=\u00bb||50px||false|false\u00bb global_colors_info=\u00bb{}\u00bb][\/et_pb_image][et_pb_text admin_label=\u00bbEjes tem\u00e1ticos\u00bb _builder_version=\u00bb4.25.1&#8243; global_colors_info=\u00bb{}\u00bb]\n<h2>Ejes tem\u00e1ticos<\/h2>\n<p>&nbsp;<\/p>\n<p>CEDS2024 es un espacio donde se analizar\u00e1 y discutir\u00e1 acerca de:<\/p>\n<ol>\n<li><strong>Oportunidades y Desaf\u00edos en el desarrollo espacial.<\/strong> B\u00fasqueda y promoci\u00f3n de estrategias sustentables para la actividad espacial, como las definidas en el documento Espacio 2030 y los ODS de la Naciones Unidas. Esta discusi\u00f3n deber\u00eda abarcar, entre otros, los siguientes puntos:\n<ul>\n<li><em>Ventajas estrat\u00e9gicas para el desarrollo de la actividad espacial y la tecnolog\u00eda planetaria.<\/em> Para facilitar la descripci\u00f3n prospectiva de los nuevos escenarios que emergen a nivel global y los retos cient\u00edficos que de ellos emanan.<\/li>\n<li><em>Rol de la industria, la academia y el gobierno.<\/em> Los roles de cada uno, en una pol\u00edtica de desarrollo espacial que fortalezca el desarrollo de los pa\u00edses.<\/li>\n<li><em>Estrategias y marcos regulatorios.<\/em> Estrategias y marcos regulatorios que enfaticen el desarrollo sustentable y favorezcan un alto grado de inclusi\u00f3n social y desarrollo econ\u00f3mico.<\/li>\n<\/ul>\n<\/li>\n<\/ol>\n<ol start=\"2\">\n<li><strong>Promoci\u00f3n del desarrollo de la Ciencia y Tecnolog\u00eda Espacial.<\/strong> En la sociedad del conocimiento la generaci\u00f3n de valor y la posici\u00f3n de las naciones en el contexto internacional son definidos por su nivel de desarrollo e inversi\u00f3n en ciencia y tecnolog\u00eda. Lo mismo y con mayor raz\u00f3n ocurre en los temas del Espacio. Por tanto, se debieran abordar t\u00f3picos tales como:<\/li>\n<\/ol>\n<ul>\n<li><em>Desarrollo de ciencias afines:<\/em> La F\u00edsica, la Ciencia de los Datos, la Inform\u00e1tica, las Matem\u00e1ticas Aplicadas, la Biolog\u00eda del Espacio, entre otras.<\/li>\n<li><em>Desarrollo Tecnol\u00f3gico en \u00e1reas clave,<\/em> las Telecomunicaciones, el Control Autom\u00e1tico, la Geom\u00e1tica, la Rob\u00f3tica, etc.,<\/li>\n<li><em>Formaci\u00f3n de capital humano:<\/em> Enfatizando el desarrollo de esquemas de Colaboraci\u00f3n con la Industria para la b\u00fasqueda de nuevos planes de formaci\u00f3n son altamente deseables en esta l\u00ednea.<\/li>\n<\/ul>\n<ol start=\"3\">\n<li><strong>Promover la Innovaci\u00f3n y el Desarrollo industrial en materia Espacial<\/strong>. Participar en el desarrollo econ\u00f3mico que genera la industria espacial no es s\u00f3lo una oportunidad disponible en los pa\u00edses desarrollados, en esta actividad en crecimiento exponencial existen numerosas oportunidades para participar de los beneficios econ\u00f3micos generando industrias que participen activamente en la generaci\u00f3n de nuevos productos y servicios que, construidos a partir de la innovaci\u00f3n, construyan bienestar para todos. Entre otros, se analizar\u00e1n las oportunidades que aparecen en:<\/li>\n<\/ol>\n<ul>\n<li>Geoprocesamiento, industria clave para el aprovechamiento de los datos provistos por los sat\u00e9lites, drones, aviones y otros instrumentos de observaci\u00f3n de la Tierra.<\/li>\n<li><em>Nanosat\u00e9lites,<\/em> la macrotendencia a usar enjambres de nanosat\u00e9lites para suplir una parte de las funciones cumplidas hasta ahora por los sat\u00e9lites de mayor tama\u00f1o.<\/li>\n<li><em>Sensores e instrumentaci\u00f3n,<\/em> desarrollo de sensores para la industria espacial y sus bases terrestres.<\/li>\n<li><em>Rob\u00f3tica,<\/em> para aportar al desarrollo de instrumentos y procesos en el espacio y en otros planetas<\/li>\n<li><em>Ciencia de Datos,<\/em> donde se analizan la informaci\u00f3n y generaci\u00f3n de conocimiento derivado del procesamiento de las masas de datos que est\u00e1n proveyendo los instrumentos espaciales y los numerosos sensores<\/li>\n<li><em>Inteligencia Artificial,<\/em> para desarrollar la capacidad de gestionar sistemas complejos sin intervenci\u00f3n humana, claves en el desarrollo de misiones en el espacio exterior.<\/li>\n<li><em>Nuevo Espacio,<\/em> con la irrupci\u00f3n del sector privado en todos los \u00e1mbitos del quehacer espacial.<\/li>\n<\/ul>\n<ol start=\"4\">\n<li><strong>El Espacio en los Grandes Desaf\u00edos Globales.<\/strong> Teniendo en cuenta que el espacio nos pertenece a todos, se busca lineamientos en c\u00f3mo poder construir marcos legales y de colaboraci\u00f3n que garanticen su uso equitativo y sostenible, la generaci\u00f3n de negocios, el aprovechamiento de las tecnolog\u00edas y gesti\u00f3n de recursos, entre otros:<\/li>\n<\/ol>\n<ul>\n<li><em>Participaci\u00f3n en acuerdos internacionales:<\/em> Distinguiendo entre los que son de aplicaci\u00f3n universal y otros que reflejan compromisos no vinculantes, adem\u00e1s de analizar y dimensionar el rol del sector privado.<\/li>\n<li><em>Legislaci\u00f3n Internacional:<\/em> An\u00e1lisis de los Tratados del Espacio y sus modificaciones con vistas a los nuevos desaf\u00edos, retos y crisis de la globalizaci\u00f3n. Tema clave como la Agenda \u201cSpace 2030\u201d, etc.<\/li>\n<li><em>Cooperaci\u00f3n:<\/em> como elemento que reduzca las asimetr\u00edas en materia de tecnolog\u00eda espacial y permita la sinergia.<\/li>\n<li><em>Tem\u00e1ticas emergentes: tales como un Espacio Limpio y Silencioso,<\/em> o la propiedad de los activos que se encuentran m\u00e1s all\u00e1 de nuestro planeta, etc.<\/li>\n<\/ul>\n[\/et_pb_text][et_pb_text _builder_version=\u00bb4.25.1&#8243; _module_preset=\u00bbdefault\u00bb global_colors_info=\u00bb{}\u00bb]\n<h2><strong>Estructura<\/strong><\/h2>\n<p>La Conferencia se extender\u00e1 durante 3 d\u00edas e incluye las siguientes actividades:<\/p>\n<ul>\n<li>Sesiones Plenarias, con reconocidos expertos internacionales sobre las materias ejes de la Conferencia<\/li>\n<li>Sesiones paralelas, con presentaci\u00f3n de trabajos y ponencias que profundizar\u00e1n los temas propuestos para la Conferencia<\/li>\n<li>Sesiones para generar intercambios de propuestas y conclusiones<\/li>\n<\/ul>\n[\/et_pb_text][\/et_pb_column][\/et_pb_row][\/et_pb_section]\n","protected":false},"excerpt":{"rendered":"<p>Acerca de CEDS2024Los \u00faltimos a\u00f1os han visto crecer con fuerza el inter\u00e9s de la comunidad nacional e internacional en los temas ligados al Espacio y su uso pac\u00edfico. Dicho inter\u00e9s se verifica en diversos \u00e1mbitos, tanto en los m\u00faltiples y variados usos que tiene la tecnolog\u00eda espacial, las oportunidades de desarrollo de una creciente industria [&hellip;]<\/p>\n","protected":false},"author":2,"featured_media":0,"parent":0,"menu_order":0,"comment_status":"closed","ping_status":"closed","template":"","meta":{"_et_pb_use_builder":"on","_et_pb_old_content":"","_et_gb_content_width":"","inline_featured_image":false,"footnotes":""},"class_list":["post-171","page","type-page","status-publish","hentry"],"_links":{"self":[{"href":"https:\/\/eventos.cmm.uchile.cl\/ceds2024\/wp-json\/wp\/v2\/pages\/171","targetHints":{"allow":["GET"]}}],"collection":[{"href":"https:\/\/eventos.cmm.uchile.cl\/ceds2024\/wp-json\/wp\/v2\/pages"}],"about":[{"href":"https:\/\/eventos.cmm.uchile.cl\/ceds2024\/wp-json\/wp\/v2\/types\/page"}],"author":[{"embeddable":true,"href":"https:\/\/eventos.cmm.uchile.cl\/ceds2024\/wp-json\/wp\/v2\/users\/2"}],"replies":[{"embeddable":true,"href":"https:\/\/eventos.cmm.uchile.cl\/ceds2024\/wp-json\/wp\/v2\/comments?post=171"}],"version-history":[{"count":69,"href":"https:\/\/eventos.cmm.uchile.cl\/ceds2024\/wp-json\/wp\/v2\/pages\/171\/revisions"}],"predecessor-version":[{"id":1301,"href":"https:\/\/eventos.cmm.uchile.cl\/ceds2024\/wp-json\/wp\/v2\/pages\/171\/revisions\/1301"}],"wp:attachment":[{"href":"https:\/\/eventos.cmm.uchile.cl\/ceds2024\/wp-json\/wp\/v2\/media?parent=171"}],"curies":[{"name":"wp","href":"https:\/\/api.w.org\/{rel}","templated":true}]}}