{"id":2168,"date":"2024-12-11T13:44:46","date_gmt":"2024-12-11T16:44:46","guid":{"rendered":"https:\/\/eventos.cmm.uchile.cl\/ceds2024\/?page_id=2168"},"modified":"2024-12-18T17:32:18","modified_gmt":"2024-12-18T20:32:18","slug":"presentaciones-27-noviembre","status":"publish","type":"page","link":"https:\/\/eventos.cmm.uchile.cl\/ceds2024\/presentaciones-27-noviembre\/","title":{"rendered":"27 de noviembre"},"content":{"rendered":"[et_pb_section fb_built=\u00bb1&#8243; _builder_version=\u00bb4.27.0&#8243; _module_preset=\u00bbdefault\u00bb global_colors_info=\u00bb{}\u00bb][et_pb_row _builder_version=\u00bb4.27.0&#8243; _module_preset=\u00bbdefault\u00bb global_colors_info=\u00bb{}\u00bb][et_pb_column type=\u00bb4_4&#8243; _builder_version=\u00bb4.27.0&#8243; _module_preset=\u00bbdefault\u00bb global_colors_info=\u00bb{}\u00bb][et_pb_heading title=\u00bbD\u00eda 1: 27 de noviembre\u00bb admin_label=\u00bbD\u00eda 1 &#8211; 27 de noviembre\u00bb _builder_version=\u00bb4.27.0&#8243; _module_preset=\u00bbdefault\u00bb title_text_align=\u00bbcenter\u00bb title_text_color=\u00bb#FFFFFF\u00bb title_line_height=\u00bb2em\u00bb background_color=\u00bb#8300E9&#8243; use_background_color_gradient=\u00bbon\u00bb background_color_gradient_stops=\u00bb#f39c12 0%|#9b59b6 100%\u00bb background_last_edited=\u00bbon|desktop\u00bb text_shadow_style=\u00bbpreset1&#8243; text_shadow_vertical_length=\u00bb0em\u00bb text_shadow_blur_strength=\u00bb0em\u00bb text_shadow_color=\u00bb#d59b49&#8243; global_colors_info=\u00bb{}\u00bb][\/et_pb_heading][et_pb_text admin_label=\u00bbDescarga aqu\u00ed las presentaciones del primer d\u00eda de la conferencia CEDS 2024:\u00bb _builder_version=\u00bb4.27.0&#8243; _module_preset=\u00bbdefault\u00bb global_colors_info=\u00bb{}\u00bb]\n<p>Descarga aqu\u00ed las presentaciones del primer d\u00eda de la conferencia CEDS 2024:<\/p>\n[\/et_pb_text][\/et_pb_column][\/et_pb_row][et_pb_row _builder_version=\u00bb4.27.0&#8243; _module_preset=\u00bbdefault\u00bb global_colors_info=\u00bb{}\u00bb][et_pb_column type=\u00bb4_4&#8243; _builder_version=\u00bb4.27.0&#8243; _module_preset=\u00bbdefault\u00bb global_colors_info=\u00bb{}\u00bb][et_pb_heading title=\u00bbTaller sobre Alianza Digital UE-LAC\u00bb admin_label=\u00bbTaller sobre Alianza Digital UE-LAC\u00bb _builder_version=\u00bb4.27.0&#8243; _module_preset=\u00bbdefault\u00bb title_level=\u00bbh3&#8243; title_text_align=\u00bbcenter\u00bb title_text_color=\u00bb#FFFFFF\u00bb title_line_height=\u00bb1.5em\u00bb background_color=\u00bb#8300E9&#8243; use_background_color_gradient=\u00bbon\u00bb background_color_gradient_stops=\u00bb#f39c12 0%|#9b59b6 100%\u00bb custom_margin=\u00bb30px||||false|false\u00bb text_shadow_style=\u00bbpreset1&#8243; text_shadow_vertical_length=\u00bb0em\u00bb text_shadow_blur_strength=\u00bb0em\u00bb text_shadow_color=\u00bb#FFFFFF\u00bb global_colors_info=\u00bb{}\u00bb][\/et_pb_heading][\/et_pb_column][\/et_pb_row][et_pb_row column_structure=\u00bb1_2,1_2&#8243; _builder_version=\u00bb4.27.0&#8243; _module_preset=\u00bbdefault\u00bb global_colors_info=\u00bb{}\u00bb][et_pb_column type=\u00bb1_2&#8243; _builder_version=\u00bb4.27.0&#8243; _module_preset=\u00bbdefault\u00bb global_colors_info=\u00bb{}\u00bb][et_pb_text admin_label=\u00bbFU\u00bb _builder_version=\u00bb4.27.0&#8243; _module_preset=\u00bbdefault\u00bb background_color=\u00bb#f4e6f8&#8243; custom_margin=\u00bb||||false|false\u00bb custom_padding=\u00bb20px|20px|20px|20px|false|false\u00bb border_radii=\u00bbon|10px|10px|10px|10px\u00bb border_width_all=\u00bb1px\u00bb global_colors_info=\u00bb{}\u00bb]\n<div style=\"text-align: center\">\n<h4 style=\"margin-bottom: 10px;font-size: 18px;font-weight: bold;color: #000000\">Florencio Utreras<\/h4>\n<p style=\"margin-bottom: 10px;font-size: 16px;color: #666666\"><strong>Instituci\u00f3n:<\/strong> CopernicusLAC Chile<\/p>\n<\/div>\n[\/et_pb_text][et_pb_button button_url=\u00bbhttps:\/\/eventos.cmm.uchile.cl\/ceds2024\/wp-content\/uploads\/sites\/193\/2024\/12\/Florencio-Utreras-CopernicusLAC-Chile.pdf\u00bb url_new_window=\u00bbon\u00bb button_text=\u00bbDescargar aqu\u00ed\u00bb button_alignment=\u00bbcenter\u00bb _builder_version=\u00bb4.27.0&#8243; _module_preset=\u00bbdefault\u00bb custom_button=\u00bbon\u00bb button_text_color=\u00bb#FFFFFF\u00bb button_bg_color=\u00bb#8300E9&#8243; button_border_color=\u00bb#FFFFFF\u00bb button_use_icon=\u00bboff\u00bb custom_css_before=\u00bb.boton-descargar {||    display: inline-block;||    padding: 12px 24px;||    background-color: #8300e9;||    color: #ffffff;||    text-decoration: none;||    font-weight: bold;||    font-size: 14px;||    border: 2px solid #ffffff;||    border-radius: 5px;||    transition: background-color 0.3s ease, transform 0.2s ease;||    text-align: center;||}||||.boton-descargar:hover {||    background-color: #a875e9;||    transform: scale(1.05);||}||\u00bb global_colors_info=\u00bb{}\u00bb][\/et_pb_button][\/et_pb_column][et_pb_column type=\u00bb1_2&#8243; _builder_version=\u00bb4.27.0&#8243; _module_preset=\u00bbdefault\u00bb global_colors_info=\u00bb{}\u00bb][et_pb_text admin_label=\u00bbF Kramer\u00bb _builder_version=\u00bb4.27.0&#8243; _module_preset=\u00bbdefault\u00bb background_color=\u00bb#f4e6f8&#8243; custom_margin=\u00bb||||false|false\u00bb custom_padding=\u00bb20px|20px|20px|20px|false|false\u00bb border_radii=\u00bbon|10px|10px|10px|10px\u00bb border_width_all=\u00bb1px\u00bb global_colors_info=\u00bb{}\u00bb]\n<div style=\"text-align: center\">\n<h4 style=\"margin-bottom: 10px;font-size: 18px;font-weight: bold;color: #000000\">Federico Kramer<\/h4>\n<p style=\"margin-bottom: 10px;font-size: 16px;color: #666666\"><strong>Instituci\u00f3n:<\/strong> Tecnalia<\/p>\n<\/div>\n[\/et_pb_text][et_pb_button button_url=\u00bbhttps:\/\/eventos.cmm.uchile.cl\/ceds2024\/wp-content\/uploads\/sites\/193\/2024\/12\/Federico-Kramer-Tecnalia.pdf\u00bb url_new_window=\u00bbon\u00bb button_text=\u00bbDescargar aqu\u00ed\u00bb button_alignment=\u00bbcenter\u00bb _builder_version=\u00bb4.27.0&#8243; _module_preset=\u00bbdefault\u00bb custom_button=\u00bbon\u00bb button_text_color=\u00bb#FFFFFF\u00bb button_bg_color=\u00bb#8300E9&#8243; button_border_color=\u00bb#FFFFFF\u00bb button_use_icon=\u00bboff\u00bb custom_css_before=\u00bb.boton-descargar {||    display: inline-block;||    padding: 12px 24px;||    background-color: #8300e9;||    color: #ffffff;||    text-decoration: none;||    font-weight: bold;||    font-size: 14px;||    border: 2px solid #ffffff;||    border-radius: 5px;||    transition: background-color 0.3s ease, transform 0.2s ease;||    text-align: center;||}||||.boton-descargar:hover {||    background-color: #a875e9;||    transform: scale(1.05);||}||\u00bb global_colors_info=\u00bb{}\u00bb][\/et_pb_button][\/et_pb_column][\/et_pb_row][et_pb_row _builder_version=\u00bb4.27.0&#8243; _module_preset=\u00bbdefault\u00bb global_colors_info=\u00bb{}\u00bb][et_pb_column type=\u00bb4_4&#8243; _builder_version=\u00bb4.27.0&#8243; _module_preset=\u00bbdefault\u00bb global_colors_info=\u00bb{}\u00bb][et_pb_heading title=\u00bbPlenaria %22Pol\u00edticas espaciales nacionales y regionales%22&#8243; admin_label=\u00bbPlenaria %22Pol\u00edticas espaciales nacionales y regionales%22&#8243; _builder_version=\u00bb4.27.0&#8243; _module_preset=\u00bbdefault\u00bb title_level=\u00bbh3&#8243; title_text_align=\u00bbcenter\u00bb title_text_color=\u00bb#FFFFFF\u00bb title_line_height=\u00bb1.5em\u00bb background_color=\u00bb#8300E9&#8243; use_background_color_gradient=\u00bbon\u00bb background_color_gradient_stops=\u00bb#f39c12 0%|#9b59b6 100%\u00bb custom_margin=\u00bb30px||||false|false\u00bb text_shadow_style=\u00bbpreset1&#8243; text_shadow_vertical_length=\u00bb0em\u00bb text_shadow_blur_strength=\u00bb0em\u00bb text_shadow_color=\u00bb#FFFFFF\u00bb global_colors_info=\u00bb{}\u00bb][\/et_pb_heading][\/et_pb_column][\/et_pb_row][et_pb_row _builder_version=\u00bb4.27.0&#8243; _module_preset=\u00bbdefault\u00bb global_colors_info=\u00bb{}\u00bb][et_pb_column type=\u00bb4_4&#8243; _builder_version=\u00bb4.27.0&#8243; _module_preset=\u00bbdefault\u00bb global_colors_info=\u00bb{}\u00bb][et_pb_text admin_label=\u00bbG Cabrera\u00bb _builder_version=\u00bb4.27.0&#8243; _module_preset=\u00bbdefault\u00bb background_color=\u00bb#f4e6f8&#8243; custom_margin=\u00bb||||false|false\u00bb custom_padding=\u00bb20px|20px|20px|20px|false|false\u00bb border_radii=\u00bbon|10px|10px|10px|10px\u00bb border_width_all=\u00bb1px\u00bb global_colors_info=\u00bb{}\u00bb]\n<div style=\"text-align: center\">\n<h4 style=\"margin-bottom: 10px;font-size: 18px;font-weight: bold;color: #000000\">Gustavo Cabrera<\/h4>\n<p style=\"margin-bottom: 10px;font-size: 16px;color: #666666\"><strong>Instituci\u00f3n:<\/strong> Agencia Latinoamericana y Caribe\u00f1a del Espacio (ALCE)<\/p>\n<\/div>\n[\/et_pb_text][et_pb_button button_url=\u00bbhttps:\/\/eventos.cmm.uchile.cl\/ceds2024\/wp-content\/uploads\/sites\/193\/2024\/12\/Gustavo-Cabrera-ALCE.pdf\u00bb url_new_window=\u00bbon\u00bb button_text=\u00bbDescargar aqu\u00ed\u00bb button_alignment=\u00bbcenter\u00bb admin_label=\u00bbBot\u00f3n\u00bb _builder_version=\u00bb4.27.0&#8243; _module_preset=\u00bbdefault\u00bb custom_button=\u00bbon\u00bb button_text_color=\u00bb#FFFFFF\u00bb button_bg_color=\u00bb#8300E9&#8243; button_border_color=\u00bb#FFFFFF\u00bb button_use_icon=\u00bboff\u00bb custom_css_before=\u00bb.boton-descargar {||    display: inline-block;||    padding: 12px 24px;||    background-color: #8300e9;||    color: #ffffff;||    text-decoration: none;||    font-weight: bold;||    font-size: 14px;||    border: 2px solid #ffffff;||    border-radius: 5px;||    transition: background-color 0.3s ease, transform 0.2s ease;||    text-align: center;||}||||.boton-descargar:hover {||    background-color: #a875e9;||    transform: scale(1.05);||}||\u00bb global_colors_info=\u00bb{}\u00bb][\/et_pb_button][\/et_pb_column][\/et_pb_row][et_pb_row _builder_version=\u00bb4.27.0&#8243; _module_preset=\u00bbdefault\u00bb global_colors_info=\u00bb{}\u00bb][et_pb_column type=\u00bb4_4&#8243; _builder_version=\u00bb4.27.0&#8243; _module_preset=\u00bbdefault\u00bb global_colors_info=\u00bb{}\u00bb][et_pb_heading title=\u00bbPanel %22La necesidad de una pol\u00edtica espacial nacional%22&#8243; admin_label=\u00bbPanel 1&#8243; _builder_version=\u00bb4.27.0&#8243; _module_preset=\u00bbdefault\u00bb title_level=\u00bbh3&#8243; title_text_align=\u00bbcenter\u00bb title_text_color=\u00bb#FFFFFF\u00bb title_line_height=\u00bb1.5em\u00bb background_color=\u00bb#8300E9&#8243; use_background_color_gradient=\u00bbon\u00bb background_color_gradient_stops=\u00bb#f39c12 0%|#9b59b6 100%\u00bb custom_margin=\u00bb30px||||false|false\u00bb text_shadow_style=\u00bbpreset1&#8243; text_shadow_vertical_length=\u00bb0em\u00bb text_shadow_blur_strength=\u00bb0em\u00bb text_shadow_color=\u00bb#FFFFFF\u00bb global_colors_info=\u00bb{}\u00bb][\/et_pb_heading][\/et_pb_column][\/et_pb_row][et_pb_row column_structure=\u00bb1_3,1_3,1_3&#8243; _builder_version=\u00bb4.27.0&#8243; _module_preset=\u00bbdefault\u00bb global_colors_info=\u00bb{}\u00bb][et_pb_column type=\u00bb1_3&#8243; _builder_version=\u00bb4.27.0&#8243; _module_preset=\u00bbdefault\u00bb global_colors_info=\u00bb{}\u00bb][et_pb_text admin_label=\u00bbCatani\u00bb _builder_version=\u00bb4.27.0&#8243; _module_preset=\u00bbdefault\u00bb background_color=\u00bb#f4e6f8&#8243; custom_margin=\u00bb||||false|false\u00bb custom_padding=\u00bb20px|20px|20px|20px|false|false\u00bb border_radii=\u00bbon|10px|10px|10px|10px\u00bb border_width_all=\u00bb1px\u00bb global_colors_info=\u00bb{}\u00bb]\n<div style=\"text-align: center\">\n<h4 style=\"margin-bottom: 10px;font-size: 18px;font-weight: bold;color: #000000\">Carolina Catani<\/h4>\n<p style=\"margin-bottom: 10px;font-size: 16px;color: #666666\"><strong>Instituci\u00f3n:<\/strong> Comisi\u00f3n Nacional de Actividades Espaciales de Argentina (CONAE)<\/p>\n<\/div>\n[\/et_pb_text][et_pb_button button_url=\u00bbhttps:\/\/eventos.cmm.uchile.cl\/ceds2024\/wp-content\/uploads\/sites\/193\/2024\/12\/Carolina-Catani-CONAE-Argentina.pdf\u00bb url_new_window=\u00bbon\u00bb button_text=\u00bbDescargar aqu\u00ed\u00bb button_alignment=\u00bbcenter\u00bb admin_label=\u00bbBot\u00f3n\u00bb _builder_version=\u00bb4.27.0&#8243; _module_preset=\u00bbdefault\u00bb custom_button=\u00bbon\u00bb button_text_color=\u00bb#FFFFFF\u00bb button_bg_color=\u00bb#8300E9&#8243; button_border_color=\u00bb#FFFFFF\u00bb button_use_icon=\u00bboff\u00bb custom_css_before=\u00bb.boton-descargar {||    display: inline-block;||    padding: 12px 24px;||    background-color: #8300e9;||    color: #ffffff;||    text-decoration: none;||    font-weight: bold;||    font-size: 14px;||    border: 2px solid #ffffff;||    border-radius: 5px;||    transition: background-color 0.3s ease, transform 0.2s ease;||    text-align: center;||}||||.boton-descargar:hover {||    background-color: #a875e9;||    transform: scale(1.05);||}||\u00bb global_colors_info=\u00bb{}\u00bb][\/et_pb_button][\/et_pb_column][et_pb_column type=\u00bb1_3&#8243; _builder_version=\u00bb4.27.0&#8243; _module_preset=\u00bbdefault\u00bb global_colors_info=\u00bb{}\u00bb][et_pb_text admin_label=\u00bbCaldas\u00bb _builder_version=\u00bb4.27.0&#8243; _module_preset=\u00bbdefault\u00bb background_color=\u00bb#f4e6f8&#8243; custom_margin=\u00bb||||false|false\u00bb custom_padding=\u00bb20px|20px|20px|20px|false|false\u00bb border_radii=\u00bbon|10px|10px|10px|10px\u00bb border_width_all=\u00bb1px\u00bb global_colors_info=\u00bb{}\u00bb]\n<div style=\"text-align: center\">\n<h4 style=\"margin-bottom: 10px;font-size: 18px;font-weight: bold;color: #000000\">Manuel Caldas<\/h4>\n<p style=\"margin-bottom: 10px;font-size: 16px;color: #666666\"><strong>Instituci\u00f3n:<\/strong> Ministerio de Industria e Instituto del Espacio (Uruguay)<\/p>\n<\/div>\n[\/et_pb_text][et_pb_button button_url=\u00bbhttps:\/\/eventos.cmm.uchile.cl\/ceds2024\/wp-content\/uploads\/sites\/193\/2024\/12\/Manuel-Caldas-Uruguay.pdf\u00bb url_new_window=\u00bbon\u00bb button_text=\u00bbDescargar aqu\u00ed\u00bb button_alignment=\u00bbcenter\u00bb admin_label=\u00bbBot\u00f3n\u00bb _builder_version=\u00bb4.27.0&#8243; _module_preset=\u00bbdefault\u00bb custom_button=\u00bbon\u00bb button_text_color=\u00bb#FFFFFF\u00bb button_bg_color=\u00bb#8300E9&#8243; button_border_color=\u00bb#FFFFFF\u00bb button_use_icon=\u00bboff\u00bb custom_css_before=\u00bb.boton-descargar {||    display: inline-block;||    padding: 12px 24px;||    background-color: #8300e9;||    color: #ffffff;||    text-decoration: none;||    font-weight: bold;||    font-size: 14px;||    border: 2px solid #ffffff;||    border-radius: 5px;||    transition: background-color 0.3s ease, transform 0.2s ease;||    text-align: center;||}||||.boton-descargar:hover {||    background-color: #a875e9;||    transform: scale(1.05);||}||\u00bb global_colors_info=\u00bb{}\u00bb][\/et_pb_button][\/et_pb_column][et_pb_column type=\u00bb1_3&#8243; _builder_version=\u00bb4.27.0&#8243; _module_preset=\u00bbdefault\u00bb global_colors_info=\u00bb{}\u00bb][et_pb_text admin_label=\u00bbSalazar\u00bb _builder_version=\u00bb4.27.0&#8243; _module_preset=\u00bbdefault\u00bb background_color=\u00bb#f4e6f8&#8243; custom_margin=\u00bb||||false|false\u00bb custom_padding=\u00bb20px|20px|20px|20px|false|false\u00bb border_radii=\u00bbon|10px|10px|10px|10px\u00bb border_width_all=\u00bb1px\u00bb global_colors_info=\u00bb{}\u00bb]\n<div style=\"text-align: center\">\n<h4 style=\"margin-bottom: 10px;font-size: 18px;font-weight: bold;color: #000000\">Ad\u00e1n Salazar<\/h4>\n<p style=\"margin-bottom: 10px;font-size: 16px;color: #666666\"><strong>Instituci\u00f3n:<\/strong> Agencia Espacial Mexicana (AEM)<\/p>\n<\/div>\n[\/et_pb_text][et_pb_button button_url=\u00bbhttps:\/\/eventos.cmm.uchile.cl\/ceds2024\/wp-content\/uploads\/sites\/193\/2024\/12\/Adan-Salazar-AEM-Mexico.pdf\u00bb url_new_window=\u00bbon\u00bb button_text=\u00bbDescargar aqu\u00ed\u00bb button_alignment=\u00bbcenter\u00bb admin_label=\u00bbBot\u00f3n\u00bb _builder_version=\u00bb4.27.0&#8243; _module_preset=\u00bbdefault\u00bb custom_button=\u00bbon\u00bb button_text_color=\u00bb#FFFFFF\u00bb button_bg_color=\u00bb#8300E9&#8243; button_border_color=\u00bb#FFFFFF\u00bb button_use_icon=\u00bboff\u00bb custom_css_before=\u00bb.boton-descargar {||    display: inline-block;||    padding: 12px 24px;||    background-color: #8300e9;||    color: #ffffff;||    text-decoration: none;||    font-weight: bold;||    font-size: 14px;||    border: 2px solid #ffffff;||    border-radius: 5px;||    transition: background-color 0.3s ease, transform 0.2s ease;||    text-align: center;||}||||.boton-descargar:hover {||    background-color: #a875e9;||    transform: scale(1.05);||}||\u00bb global_colors_info=\u00bb{}\u00bb][\/et_pb_button][\/et_pb_column][\/et_pb_row][et_pb_row _builder_version=\u00bb4.27.0&#8243; _module_preset=\u00bbdefault\u00bb global_colors_info=\u00bb{}\u00bb][et_pb_column type=\u00bb4_4&#8243; _builder_version=\u00bb4.27.0&#8243; _module_preset=\u00bbdefault\u00bb global_colors_info=\u00bb{}\u00bb][et_pb_heading title=\u00bbSesi\u00f3n de incentivo a la innovaci\u00f3n\u00bb admin_label=\u00bbSesi\u00f3n incentivo a la innovacion\u00bb _builder_version=\u00bb4.27.0&#8243; _module_preset=\u00bbdefault\u00bb title_level=\u00bbh3&#8243; title_text_align=\u00bbcenter\u00bb title_text_color=\u00bb#FFFFFF\u00bb title_line_height=\u00bb1.5em\u00bb background_color=\u00bb#8300E9&#8243; use_background_color_gradient=\u00bbon\u00bb background_color_gradient_stops=\u00bb#f39c12 0%|#9b59b6 100%\u00bb custom_margin=\u00bb30px||||false|false\u00bb text_shadow_style=\u00bbpreset1&#8243; text_shadow_vertical_length=\u00bb0em\u00bb text_shadow_blur_strength=\u00bb0em\u00bb text_shadow_color=\u00bb#FFFFFF\u00bb global_colors_info=\u00bb{}\u00bb][\/et_pb_heading][\/et_pb_column][\/et_pb_row][et_pb_row column_structure=\u00bb1_4,1_4,1_4,1_4&#8243; _builder_version=\u00bb4.27.0&#8243; _module_preset=\u00bbdefault\u00bb global_colors_info=\u00bb{}\u00bb][et_pb_column type=\u00bb1_4&#8243; _builder_version=\u00bb4.27.0&#8243; _module_preset=\u00bbdefault\u00bb global_colors_info=\u00bb{}\u00bb][et_pb_text admin_label=\u00bbAraneda Start-UP\u00bb _builder_version=\u00bb4.27.0&#8243; _module_preset=\u00bbdefault\u00bb background_color=\u00bb#f4e6f8&#8243; custom_margin=\u00bb||||false|false\u00bb custom_padding=\u00bb20px|20px|20px|20px|false|false\u00bb border_radii=\u00bbon|10px|10px|10px|10px\u00bb border_width_all=\u00bb1px\u00bb global_colors_info=\u00bb{}\u00bb]\n<div style=\"text-align: center\">\n<h4 style=\"margin-bottom: 10px;font-size: 18px;font-weight: bold;color: #000000\">Javiera Araneda<\/h4>\n<p style=\"margin-bottom: 10px;font-size: 16px;color: #666666\"><strong>Instituci\u00f3n:<\/strong> CORFO &#8211; Start-up Chile<\/p>\n<\/div>\n[\/et_pb_text][et_pb_button button_url=\u00bbhttps:\/\/eventos.cmm.uchile.cl\/ceds2024\/wp-content\/uploads\/sites\/193\/2024\/12\/Javiera-Araneda-CORFO-Start-Up-Chile.pdf\u00bb url_new_window=\u00bbon\u00bb button_text=\u00bbDescargar aqu\u00ed\u00bb button_alignment=\u00bbcenter\u00bb admin_label=\u00bbBot\u00f3n\u00bb _builder_version=\u00bb4.27.0&#8243; _module_preset=\u00bbdefault\u00bb custom_button=\u00bbon\u00bb button_text_color=\u00bb#FFFFFF\u00bb button_bg_color=\u00bb#8300E9&#8243; button_border_color=\u00bb#FFFFFF\u00bb button_use_icon=\u00bboff\u00bb custom_css_before=\u00bb.boton-descargar {||    display: inline-block;||    padding: 12px 24px;||    background-color: #8300e9;||    color: #ffffff;||    text-decoration: none;||    font-weight: bold;||    font-size: 14px;||    border: 2px solid #ffffff;||    border-radius: 5px;||    transition: background-color 0.3s ease, transform 0.2s ease;||    text-align: center;||}||||.boton-descargar:hover {||    background-color: #a875e9;||    transform: scale(1.05);||}||\u00bb global_colors_info=\u00bb{}\u00bb][\/et_pb_button][\/et_pb_column][et_pb_column type=\u00bb1_4&#8243; _builder_version=\u00bb4.27.0&#8243; _module_preset=\u00bbdefault\u00bb global_colors_info=\u00bb{}\u00bb][et_pb_text admin_label=\u00bbZapata ANID\u00bb _builder_version=\u00bb4.27.0&#8243; _module_preset=\u00bbdefault\u00bb background_color=\u00bb#f4e6f8&#8243; custom_margin=\u00bb||||false|false\u00bb custom_padding=\u00bb20px|20px|20px|20px|false|false\u00bb border_radii=\u00bbon|10px|10px|10px|10px\u00bb border_width_all=\u00bb1px\u00bb global_colors_info=\u00bb{}\u00bb]\n<div style=\"text-align: center\">\n<h4 style=\"margin-bottom: 10px;font-size: 18px;font-weight: bold;color: #000000\">Esteban Zapata<\/h4>\n<p style=\"margin-bottom: 10px;font-size: 16px;color: #666666\"><strong>Instituci\u00f3n:<\/strong> ANID &#8211; Programa Startup Ciencia<\/p>\n<\/div>\n[\/et_pb_text][et_pb_button button_url=\u00bbhttps:\/\/eventos.cmm.uchile.cl\/ceds2024\/wp-content\/uploads\/sites\/193\/2024\/12\/Esteban-Zapata-ANID.pdf\u00bb url_new_window=\u00bbon\u00bb button_text=\u00bbDescargar aqu\u00ed\u00bb button_alignment=\u00bbcenter\u00bb admin_label=\u00bbBot\u00f3n\u00bb _builder_version=\u00bb4.27.0&#8243; _module_preset=\u00bbdefault\u00bb custom_button=\u00bbon\u00bb button_text_color=\u00bb#FFFFFF\u00bb button_bg_color=\u00bb#8300E9&#8243; button_border_color=\u00bb#FFFFFF\u00bb button_use_icon=\u00bboff\u00bb custom_css_before=\u00bb.boton-descargar {||    display: inline-block;||    padding: 12px 24px;||    background-color: #8300e9;||    color: #ffffff;||    text-decoration: none;||    font-weight: bold;||    font-size: 14px;||    border: 2px solid #ffffff;||    border-radius: 5px;||    transition: background-color 0.3s ease, transform 0.2s ease;||    text-align: center;||}||||.boton-descargar:hover {||    background-color: #a875e9;||    transform: scale(1.05);||}||\u00bb global_colors_info=\u00bb{}\u00bb][\/et_pb_button][\/et_pb_column][et_pb_column type=\u00bb1_4&#8243; _builder_version=\u00bb4.27.0&#8243; _module_preset=\u00bbdefault\u00bb global_colors_info=\u00bb{}\u00bb][et_pb_text admin_label=\u00bbJMB\u00bb _builder_version=\u00bb4.27.0&#8243; _module_preset=\u00bbdefault\u00bb background_color=\u00bb#f4e6f8&#8243; custom_margin=\u00bb||||false|false\u00bb custom_padding=\u00bb20px|20px|20px|20px|false|false\u00bb border_radii=\u00bbon|10px|10px|10px|10px\u00bb border_width_all=\u00bb1px\u00bb global_colors_info=\u00bb{}\u00bb]\n<div style=\"text-align: center\">\n<h4 style=\"margin-bottom: 10px;font-size: 18px;font-weight: bold;color: #000000\">Jos\u00e9 Medina Bosleman<\/h4>\n<p style=\"margin-bottom: 10px;font-size: 16px;color: #666666\"><strong>Instituci\u00f3n:<\/strong> ASTRA LAB Space<\/p>\n<\/div>\n[\/et_pb_text][et_pb_button button_url=\u00bbhttps:\/\/eventos.cmm.uchile.cl\/ceds2024\/wp-content\/uploads\/sites\/193\/2024\/12\/Jose-Medina-Bosleman-Astra-Lab.pdf\u00bb url_new_window=\u00bbon\u00bb button_text=\u00bbDescargar aqu\u00ed\u00bb button_alignment=\u00bbcenter\u00bb admin_label=\u00bbBot\u00f3n\u00bb _builder_version=\u00bb4.27.0&#8243; _module_preset=\u00bbdefault\u00bb custom_button=\u00bbon\u00bb button_text_color=\u00bb#FFFFFF\u00bb button_bg_color=\u00bb#8300E9&#8243; button_border_color=\u00bb#FFFFFF\u00bb button_use_icon=\u00bboff\u00bb custom_css_before=\u00bb.boton-descargar {||    display: inline-block;||    padding: 12px 24px;||    background-color: #8300e9;||    color: #ffffff;||    text-decoration: none;||    font-weight: bold;||    font-size: 14px;||    border: 2px solid #ffffff;||    border-radius: 5px;||    transition: background-color 0.3s ease, transform 0.2s ease;||    text-align: center;||}||||.boton-descargar:hover {||    background-color: #a875e9;||    transform: scale(1.05);||}||\u00bb global_colors_info=\u00bb{}\u00bb][\/et_pb_button][\/et_pb_column][et_pb_column type=\u00bb1_4&#8243; _builder_version=\u00bb4.27.0&#8243; _module_preset=\u00bbdefault\u00bb global_colors_info=\u00bb{}\u00bb][et_pb_text admin_label=\u00bbFKramer\u00bb _builder_version=\u00bb4.27.0&#8243; _module_preset=\u00bbdefault\u00bb background_color=\u00bb#f4e6f8&#8243; custom_margin=\u00bb||||false|false\u00bb custom_padding=\u00bb20px|20px|20px|20px|false|false\u00bb border_radii=\u00bbon|10px|10px|10px|10px\u00bb border_width_all=\u00bb1px\u00bb global_colors_info=\u00bb{}\u00bb]\n<div style=\"text-align: center\">\n<h4 style=\"margin-bottom: 10px;font-size: 18px;font-weight: bold;color: #000000\">Federico Kramer<\/h4>\n<p style=\"margin-bottom: 10px;font-size: 16px;color: #666666\"><strong>Instituci\u00f3n:<\/strong> Octantis<\/p>\n<\/div>\n[\/et_pb_text][et_pb_button button_url=\u00bbhttps:\/\/eventos.cmm.uchile.cl\/ceds2024\/wp-content\/uploads\/sites\/193\/2024\/12\/Federico-Kramer-Octantis.pdf\u00bb url_new_window=\u00bbon\u00bb button_text=\u00bbDescargar aqu\u00ed\u00bb button_alignment=\u00bbcenter\u00bb admin_label=\u00bbBot\u00f3n\u00bb _builder_version=\u00bb4.27.0&#8243; _module_preset=\u00bbdefault\u00bb custom_button=\u00bbon\u00bb button_text_color=\u00bb#FFFFFF\u00bb button_bg_color=\u00bb#8300E9&#8243; button_border_color=\u00bb#FFFFFF\u00bb button_use_icon=\u00bboff\u00bb custom_css_before=\u00bb.boton-descargar {||    display: inline-block;||    padding: 12px 24px;||    background-color: #8300e9;||    color: #ffffff;||    text-decoration: none;||    font-weight: bold;||    font-size: 14px;||    border: 2px solid #ffffff;||    border-radius: 5px;||    transition: background-color 0.3s ease, transform 0.2s ease;||    text-align: center;||}||||.boton-descargar:hover {||    background-color: #a875e9;||    transform: scale(1.05);||}||\u00bb global_colors_info=\u00bb{}\u00bb][\/et_pb_button][\/et_pb_column][\/et_pb_row][\/et_pb_section]\n","protected":false},"excerpt":{"rendered":"<p>Descarga aqu\u00ed las presentaciones del primer d\u00eda de la conferencia CEDS 2024: Florencio Utreras Instituci\u00f3n: CopernicusLAC Chile Federico Kramer Instituci\u00f3n: Tecnalia Gustavo Cabrera Instituci\u00f3n: Agencia Latinoamericana y Caribe\u00f1a del Espacio (ALCE) Carolina Catani Instituci\u00f3n: Comisi\u00f3n Nacional de Actividades Espaciales de Argentina (CONAE) Manuel Caldas Instituci\u00f3n: Ministerio de Industria e Instituto del Espacio (Uruguay) Ad\u00e1n Salazar [&hellip;]<\/p>\n","protected":false},"author":105,"featured_media":0,"parent":0,"menu_order":0,"comment_status":"closed","ping_status":"closed","template":"","meta":{"_et_pb_use_builder":"on","_et_pb_old_content":"","_et_gb_content_width":"","inline_featured_image":false,"footnotes":""},"class_list":["post-2168","page","type-page","status-publish","hentry"],"_links":{"self":[{"href":"https:\/\/eventos.cmm.uchile.cl\/ceds2024\/wp-json\/wp\/v2\/pages\/2168","targetHints":{"allow":["GET"]}}],"collection":[{"href":"https:\/\/eventos.cmm.uchile.cl\/ceds2024\/wp-json\/wp\/v2\/pages"}],"about":[{"href":"https:\/\/eventos.cmm.uchile.cl\/ceds2024\/wp-json\/wp\/v2\/types\/page"}],"author":[{"embeddable":true,"href":"https:\/\/eventos.cmm.uchile.cl\/ceds2024\/wp-json\/wp\/v2\/users\/105"}],"replies":[{"embeddable":true,"href":"https:\/\/eventos.cmm.uchile.cl\/ceds2024\/wp-json\/wp\/v2\/comments?post=2168"}],"version-history":[{"count":106,"href":"https:\/\/eventos.cmm.uchile.cl\/ceds2024\/wp-json\/wp\/v2\/pages\/2168\/revisions"}],"predecessor-version":[{"id":2497,"href":"https:\/\/eventos.cmm.uchile.cl\/ceds2024\/wp-json\/wp\/v2\/pages\/2168\/revisions\/2497"}],"wp:attachment":[{"href":"https:\/\/eventos.cmm.uchile.cl\/ceds2024\/wp-json\/wp\/v2\/media?parent=2168"}],"curies":[{"name":"wp","href":"https:\/\/api.w.org\/{rel}","templated":true}]}}