{"id":326,"date":"2022-11-23T18:56:29","date_gmt":"2022-11-23T21:56:29","guid":{"rendered":"https:\/\/eventos.cmm.uchile.cl\/chilejapanforum2022\/?page_id=326"},"modified":"2025-09-11T10:51:05","modified_gmt":"2025-09-11T13:51:05","slug":"w4","status":"publish","type":"page","link":"https:\/\/eventos.cmm.uchile.cl\/chilejapanforum2025\/program\/w4\/","title":{"rendered":"Workshop 4"},"content":{"rendered":"<h2 class=\"w_title\">Social, Cultural and Educational Challenges<\/h2>\n<p>&nbsp;<\/p>\n<h3>\u00a0Session Day 1 \u2014 September 30 (Tuesday)<\/h3>\n<table class=\"module_table-01\">\n<tbody>\n<tr>\n<td><\/td>\n<td><strong>Room A<\/strong><\/td>\n<td><strong>Room B<\/strong><\/td>\n<\/tr>\n<tr>\n<td><strong>Zoom<\/strong><\/td>\n<td>9\/30 Room A Zoom link here<br \/>\n(available on September 28)<\/td>\n<td>9\/30Room B Zoom link here<br \/>\n(available on September 28)<\/td>\n<\/tr>\n<tr>\n<td>09:00-10:45<\/td>\n<td><a href=\"https:\/\/www.gsi.c.u-tokyo.ac.jp\/event\/6328\/#panela1\"><strong>Panel A-1<\/strong><\/a><br \/>\nGender and Political Challenges<\/p>\n<ul class=\"module_list-01\">\n<li><a href=\"https:\/\/www.gsi.c.u-tokyo.ac.jp\/event\/6328\/#namizuka\">Nao Namizuka (UTokyo)<\/a><\/li>\n<li><a href=\"https:\/\/www.gsi.c.u-tokyo.ac.jp\/event\/6328\/#ikekita\">Maho Ikekita (UTokyo)<\/a><\/li>\n<li><a href=\"https:\/\/www.gsi.c.u-tokyo.ac.jp\/event\/6328\/#dominguez\">Mar\u00eda S. Dom\u00ednguez (U Panam\u00e1)<\/a><\/li>\n<li><a href=\"https:\/\/www.gsi.c.u-tokyo.ac.jp\/event\/6328\/#oshiro\">Minoru Oshiro (UTokyo)<\/a><\/li>\n<\/ul>\n<\/td>\n<td><a href=\"https:\/\/www.gsi.c.u-tokyo.ac.jp\/event\/6328\/#panelb1\"><strong>Panel B-1<\/strong><\/a><br \/>\nPolitical Challenges<\/p>\n<ul class=\"module_list-01\">\n<li><a href=\"https:\/\/www.gsi.c.u-tokyo.ac.jp\/event\/6328\/#tamayo\">Sergio Tamayo (UAM, Mexico)<\/a><\/li>\n<li><a href=\"https:\/\/www.gsi.c.u-tokyo.ac.jp\/event\/6328\/#toba\">Mayuko Toba (UTokyo)<\/a><\/li>\n<li><a href=\"https:\/\/www.gsi.c.u-tokyo.ac.jp\/event\/6328\/#sanchez\">Felipe S\u00e1nchez (U los Andes)<\/a><\/li>\n<li><a href=\"https:\/\/www.gsi.c.u-tokyo.ac.jp\/event\/6328\/#medel\">Rodrigo Medel Sierralta (U Andr\u00e9s Bello)<\/a><\/li>\n<\/ul>\n<\/td>\n<\/tr>\n<tr>\n<td>10:45-11:15<\/td>\n<td colspan=\"2\">Coffee Break<\/td>\n<\/tr>\n<tr>\n<td>11:15-13:00<\/td>\n<td><a href=\"https:\/\/www.gsi.c.u-tokyo.ac.jp\/event\/6328\/#panela2\"><strong>Panel A-2<\/strong><\/a><br \/>\nInternational\/Transnational Challenges<\/p>\n<ul class=\"module_list-01\">\n<li><a href=\"https:\/\/www.gsi.c.u-tokyo.ac.jp\/event\/6328\/#nagata\">Yukiko Nagata (UTokyo)<\/a><\/li>\n<li><a href=\"https:\/\/www.gsi.c.u-tokyo.ac.jp\/event\/6328\/#mendoza\">Juan Eduardo Mendoza Pinto (U Concepci\u00f3n)<\/a><\/li>\n<li><a href=\"https:\/\/www.gsi.c.u-tokyo.ac.jp\/event\/6328\/#cabana\">Isabel Caba\u00f1a Rojas (Ritsumeikan U)<\/a><\/li>\n<\/ul>\n<\/td>\n<td><a href=\"https:\/\/www.gsi.c.u-tokyo.ac.jp\/event\/6328\/#panelb2\"><strong>Panel B-2<\/strong><\/a><br \/>\nChallenges in the study of State, Market, and Society<\/p>\n<ul class=\"module_list-01\">\n<li><a href=\"https:\/\/www.gsi.c.u-tokyo.ac.jp\/event\/6328\/#kakihara\">Shiho Kakihara (UTokyo)<\/a><\/li>\n<li><a href=\"https:\/\/www.gsi.c.u-tokyo.ac.jp\/event\/6328\/#sosa\">Paolo Sosa-Villagarcia (Tulane U)<\/a><\/li>\n<li><a href=\"https:\/\/www.gsi.c.u-tokyo.ac.jp\/event\/6328\/#michelotti\">Andressa Michelotti (UFMG)<\/a><\/li>\n<\/ul>\n<\/td>\n<\/tr>\n<tr>\n<td>13:00-15:00<\/td>\n<td colspan=\"2\">Lunch Break<\/td>\n<\/tr>\n<tr>\n<td>15:00-16:45<\/td>\n<td><a href=\"https:\/\/www.gsi.c.u-tokyo.ac.jp\/event\/6328\/#panela3\"><strong>Panel A-3<\/strong><\/a><br \/>\nChallenges in Economy, Poverty, and Security<\/p>\n<ul class=\"module_list-01\">\n<li><a href=\"https:\/\/www.gsi.c.u-tokyo.ac.jp\/event\/6328\/#saito\">Kensuke Saito (UTokyo)<\/a><\/li>\n<li><a href=\"https:\/\/www.gsi.c.u-tokyo.ac.jp\/event\/6328\/#inooka\">Aika Inooka (UTokyo)<\/a><\/li>\n<li><a href=\"https:\/\/www.gsi.c.u-tokyo.ac.jp\/event\/6328\/#ukeda\">Hiroyuki Ukeda (UTokyo)<\/a><\/li>\n<li><a href=\"https:\/\/www.gsi.c.u-tokyo.ac.jp\/event\/6328\/#cejudo\">Guillermo M. Cejudo (CIDE)<\/a><\/li>\n<\/ul>\n<\/td>\n<td><a href=\"https:\/\/www.gsi.c.u-tokyo.ac.jp\/event\/6328\/#panelb3\"><strong>Panel B-3<\/strong><\/a><br \/>\nChallenges for Social Movement Research<\/p>\n<ul class=\"module_list-01\">\n<li><a href=\"https:\/\/www.gsi.c.u-tokyo.ac.jp\/event\/6328\/#miura\">Kota Miura (IDE)<\/a><\/li>\n<li><a href=\"https:\/\/www.gsi.c.u-tokyo.ac.jp\/event\/6328\/#aoki\">Yoshiyuki Aoki (Dokkyo U)<\/a><\/li>\n<li><a href=\"https:\/\/www.gsi.c.u-tokyo.ac.jp\/event\/6328\/#donoso\">Sof\u00eda Donoso (UChile)<\/a><\/li>\n<li><a href=\"https:\/\/www.gsi.c.u-tokyo.ac.jp\/event\/6328\/#badilla\">Manuela Badilla Rajevic<\/a><\/li>\n<\/ul>\n<\/td>\n<\/tr>\n<tr>\n<td>16:45-17:00<\/td>\n<td colspan=\"2\">Coffee Break<\/td>\n<\/tr>\n<tr>\n<td>17:00-18:45<\/td>\n<td><a href=\"https:\/\/www.gsi.c.u-tokyo.ac.jp\/event\/6328\/#panela4\"><strong>Panel A-4<\/strong><\/a><br \/>\nChallenges in Arts and Aesthetics<\/p>\n<ul class=\"module_list-01\">\n<li><a href=\"https:\/\/www.gsi.c.u-tokyo.ac.jp\/event\/6328\/#lira\">Claudia Lira (PUC)<\/a><\/li>\n<li><a href=\"https:\/\/www.gsi.c.u-tokyo.ac.jp\/event\/6328\/#rodriguezplaza\">Patricio Rodr\u00edguez-Plaza (PUC)<\/a><\/li>\n<\/ul>\n<\/td>\n<td><a href=\"https:\/\/www.gsi.c.u-tokyo.ac.jp\/event\/6328\/#panelb4\"><strong>Panel B-4<\/strong><\/a><br \/>\nChallenges in Public Security<\/p>\n<ul class=\"module_list-01\">\n<li><a href=\"https:\/\/www.gsi.c.u-tokyo.ac.jp\/event\/6328\/#araki\">Momoko Araki (UTokyo)<\/a><\/li>\n<li><a href=\"https:\/\/www.gsi.c.u-tokyo.ac.jp\/event\/6328\/#huertanunes\">Sof\u00eda Huerta Nu\u00f1es (TUFS)<\/a><\/li>\n<li><a href=\"https:\/\/www.gsi.c.u-tokyo.ac.jp\/event\/6328\/#moriyama\">Hikaru Moriyama (UTokyo)<\/a><\/li>\n<li><a href=\"https:\/\/www.gsi.c.u-tokyo.ac.jp\/event\/6328\/#mila\">Arturo Mila (U Alicante)<\/a><\/li>\n<\/ul>\n<\/td>\n<\/tr>\n<\/tbody>\n<\/table>\n<div class=\"su-divider su-divider-style-default\" style=\"margin:15px 0;border-width:2px;border-color:#2F70B4\"><a href=\"#\" style=\"color:#999999\">Go to top<\/a><\/div>\n<h3>\u00a0Session Day 2 \u2014 October 1 (Wednesday)<\/h3>\n<table class=\"module_table-01\">\n<tbody>\n<tr>\n<td><\/td>\n<td><strong>Room A<\/strong><\/td>\n<td><strong>Room B<\/strong><\/td>\n<\/tr>\n<tr>\n<td><strong>Zoom<\/strong><\/td>\n<td>10\/1 Room A Zoom link here<br \/>\n(available on September 28)<\/td>\n<td>10\/1 Room B Zoom link here<br \/>\n(available on September 28)<\/td>\n<\/tr>\n<tr>\n<td>09:00-10:45<\/td>\n<td><a href=\"https:\/\/www.gsi.c.u-tokyo.ac.jp\/event\/6328\/#panela5\"><strong>Panel A-5<\/strong><\/a><br \/>\nChallenges in Latin American Literature<\/p>\n<ul class=\"module_list-01\">\n<li><a href=\"https:\/\/www.gsi.c.u-tokyo.ac.jp\/event\/6328\/#chavez\">Wladimir Ch\u00e1vez (\u00d8stfold U)<\/a><\/li>\n<li><a href=\"https:\/\/www.gsi.c.u-tokyo.ac.jp\/event\/6328\/#tanase\">Azusa Tanase (UTokyo)<\/a><\/li>\n<li><a href=\"https:\/\/www.gsi.c.u-tokyo.ac.jp\/event\/6328\/#ambo\">Hironao Ambo (Ritsumeikan U)<\/a><\/li>\n<\/ul>\n<\/td>\n<td><a href=\"https:\/\/www.gsi.c.u-tokyo.ac.jp\/event\/6328\/#panelb5\"><strong>Panel B-5<\/strong><\/a><br \/>\nChallenges in Relational Political Analysis<\/p>\n<ul class=\"module_list-01\">\n<li><a href=\"https:\/\/www.gsi.c.u-tokyo.ac.jp\/event\/6328\/#alonso\">Angela Alonso (U S\u00e3o Paulo)<\/a><\/li>\n<li><a href=\"https:\/\/www.gsi.c.u-tokyo.ac.jp\/event\/6328\/#wada\">Takeshi Wada (UTokyo)<\/a><\/li>\n<\/ul>\n<\/td>\n<\/tr>\n<tr>\n<td>10:45-11:15<\/td>\n<td colspan=\"2\">Coffee Break<\/td>\n<\/tr>\n<tr>\n<td>11:15-13:00<\/td>\n<td><a href=\"https:\/\/www.gsi.c.u-tokyo.ac.jp\/event\/6328\/#panela6\"><strong>Panel A-6<\/strong><\/a><br \/>\nEducational Challenges in Global and Local Context<\/p>\n<ul class=\"module_list-01\">\n<li><a href=\"https:\/\/www.gsi.c.u-tokyo.ac.jp\/event\/6328\/#bruna\">Carola Bruna (U Concepci\u00f3n)<\/a><\/li>\n<li><a href=\"https:\/\/www.gsi.c.u-tokyo.ac.jp\/event\/6328\/#sato\">Masahisa Sato (Tokyo City U)<\/a><\/li>\n<\/ul>\n<\/td>\n<td><a href=\"https:\/\/www.gsi.c.u-tokyo.ac.jp\/event\/6328\/#panelb6\"><strong>Panel B-6<\/strong><\/a><br \/>\nDevelopment and Democracy: Challenges Ahead<\/p>\n<ul class=\"module_list-01\">\n<li><a href=\"https:\/\/www.gsi.c.u-tokyo.ac.jp\/event\/6328\/#heller\">Patrick Heller (Brown U)<\/a><\/li>\n<li><a href=\"https:\/\/www.gsi.c.u-tokyo.ac.jp\/event\/6328\/#adhikari\">Anindita Adhikari (NLS)<\/a><\/li>\n<li><a href=\"https:\/\/www.gsi.c.u-tokyo.ac.jp\/event\/6328\/#hurtado\">Ver\u00f3nica Hurtado (U Adolfo Ib\u00e1\u00f1ez)<\/a><\/li>\n<li><a href=\"https:\/\/www.gsi.c.u-tokyo.ac.jp\/event\/6328\/#murakami\">Yusuke Murakami (Kyoto U)<\/a><\/li>\n<\/ul>\n<\/td>\n<\/tr>\n<tr>\n<td>13:00~<\/td>\n<td colspan=\"2\">Excursion<\/td>\n<\/tr>\n<\/tbody>\n<\/table>\n<div class=\"su-divider su-divider-style-default\" style=\"margin:15px 0;border-width:2px;border-color:#2F70B4\"><a href=\"#\" style=\"color:#999999\">Go to top<\/a><\/div>\n<h3>\u00a0Closing Day \u2014 October 2 (Thursday)<\/h3>\n<table class=\"module_table-01\">\n<tbody>\n<tr>\n<td>09:00-10:30<\/td>\n<td colspan=\"2\">Workshop Plenary Reports<\/p>\n<ul class=\"module_list-01\">\n<li>Sof\u00eda Donoso (UChile) on Workshop 4<\/li>\n<\/ul>\n<\/td>\n<\/tr>\n<\/tbody>\n<\/table>\n<div class=\"su-divider su-divider-style-default\" style=\"margin:15px 0;border-width:2px;border-color:#2F70B4\"><a href=\"#\" style=\"color:#999999\">Go to top<\/a><\/div>\n","protected":false},"excerpt":{"rendered":"<p>Social, Cultural and Educational Challenges &nbsp; \u00a0Session Day 1 \u2014 September 30 (Tuesday) Room A Room B Zoom 9\/30 Room A Zoom link here (available on September 28) 9\/30Room B Zoom link here (available on September 28) 09:00-10:45 Panel A-1 Gender and Political Challenges Nao Namizuka (UTokyo) Maho Ikekita (UTokyo) Mar\u00eda S. Dom\u00ednguez (U Panam\u00e1) &hellip; <a href=\"https:\/\/eventos.cmm.uchile.cl\/chilejapanforum2025\/program\/w4\/\" class=\"more-link\">Continue reading <span class=\"screen-reader-text\">Workshop 4<\/span> <span class=\"meta-nav\">&rarr;<\/span><\/a><\/p>\n","protected":false},"author":2,"featured_media":0,"parent":11,"menu_order":4,"comment_status":"closed","ping_status":"closed","template":"","meta":{"inline_featured_image":false,"footnotes":""},"class_list":["post-326","page","type-page","status-publish","hentry"],"_links":{"self":[{"href":"https:\/\/eventos.cmm.uchile.cl\/chilejapanforum2025\/wp-json\/wp\/v2\/pages\/326","targetHints":{"allow":["GET"]}}],"collection":[{"href":"https:\/\/eventos.cmm.uchile.cl\/chilejapanforum2025\/wp-json\/wp\/v2\/pages"}],"about":[{"href":"https:\/\/eventos.cmm.uchile.cl\/chilejapanforum2025\/wp-json\/wp\/v2\/types\/page"}],"author":[{"embeddable":true,"href":"https:\/\/eventos.cmm.uchile.cl\/chilejapanforum2025\/wp-json\/wp\/v2\/users\/2"}],"replies":[{"embeddable":true,"href":"https:\/\/eventos.cmm.uchile.cl\/chilejapanforum2025\/wp-json\/wp\/v2\/comments?post=326"}],"version-history":[{"count":12,"href":"https:\/\/eventos.cmm.uchile.cl\/chilejapanforum2025\/wp-json\/wp\/v2\/pages\/326\/revisions"}],"predecessor-version":[{"id":590,"href":"https:\/\/eventos.cmm.uchile.cl\/chilejapanforum2025\/wp-json\/wp\/v2\/pages\/326\/revisions\/590"}],"up":[{"embeddable":true,"href":"https:\/\/eventos.cmm.uchile.cl\/chilejapanforum2025\/wp-json\/wp\/v2\/pages\/11"}],"wp:attachment":[{"href":"https:\/\/eventos.cmm.uchile.cl\/chilejapanforum2025\/wp-json\/wp\/v2\/media?parent=326"}],"curies":[{"name":"wp","href":"https:\/\/api.w.org\/{rel}","templated":true}]}}