{"id":110,"date":"2022-07-12T16:04:52","date_gmt":"2022-07-12T20:04:52","guid":{"rendered":"https:\/\/eventos.cmm.uchile.cl\/ciclogodelius\/?page_id=110"},"modified":"2022-07-12T16:29:34","modified_gmt":"2022-07-12T20:29:34","slug":"conferencias","status":"publish","type":"page","link":"https:\/\/eventos.cmm.uchile.cl\/ciclogodelius\/?page_id=110","title":{"rendered":"Conferencias"},"content":{"rendered":"<ul class=\"lcp_catlist\" id=\"lcp_instance_0\"><li><h2><a href=\"https:\/\/eventos.cmm.uchile.cl\/ciclogodelius\/?p=196\">Miner\u00eda Espacial<\/a><\/h2><div class=\"catlist-fecha\">9 de octubre de 2025 \/ 17:30 hrs.<\/div><div class=\"lcp_excerpt\">H\u00e9ctor Ram\u00edrez, director del Centro de Modelamiento Matem\u00e1tico de la Universidad de Chile, y Fernando Bracco, gerente general de SK Godelius, invitan a la quinta sesi\u00f3n del Ciclo de Conferencias CMM-Godelius, en la que el Fernando Bracco dar\u00e1 la conferencia \u201cMiner\u00eda Espacial\u201d. El encuentro se llevar\u00e1 a cabo el\u00a0jueves 9 de octubre de 2025 a ...<\/div><a href=\"https:\/\/eventos.cmm.uchile.cl\/ciclogodelius\/?p=196\">Leer m\u00e1s<\/a><\/li><li><h2><a href=\"https:\/\/eventos.cmm.uchile.cl\/ciclogodelius\/?p=182\">Inteligencia Artificial en Ciencias Exactas<\/a><\/h2><div class=\"catlist-fecha\">24 de octubre de 2024 \/ 17:00 hrs.<\/div><div class=\"lcp_excerpt\">H\u00e9ctor Ram\u00edrez, director del Centro de Modelamiento Matem\u00e1tico de la Universidad de Chile, y Fernando Bracco, gerente general de SK Godelius, invitan a la cuarta sesi\u00f3n del Ciclo de Conferencias CMM-Godelius, en la que Francisco F\u00f6rster y Leoncio Cabrera dictar\u00e1n dos conferencias bajo el tema \u201cInteligencia Artificial en Ciencias Exactas\u201d. El encuentro se llevar\u00e1 a ...<\/div><a href=\"https:\/\/eventos.cmm.uchile.cl\/ciclogodelius\/?p=182\">Leer m\u00e1s<\/a><\/li><li><h2><a href=\"https:\/\/eventos.cmm.uchile.cl\/ciclogodelius\/?p=161\">Una ventana a la mente: Estudios de actividad neuronal intracraneana en humanos<\/a><\/h2><div class=\"catlist-fecha\">24 de agosto de 2023 \/ 17:00 hrs.<\/div><div class=\"lcp_excerpt\">H\u00e9ctor Ram\u00edrez, director del Centro de Modelamiento Matem\u00e1tico de la Universidad de Chile, y Fernando Bracco, gerente general de SK Godelius, invitan a la tercera sesi\u00f3n del Ciclo de Conferencias CMM-Godelius, en la que el Dr. Francisco Aboitiz, director del Centro Interdisciplinario de Neurociencia en la Facultad de Medicina de la Pontificia Universidad Cat\u00f3lica de ...<\/div><a href=\"https:\/\/eventos.cmm.uchile.cl\/ciclogodelius\/?p=161\">Leer m\u00e1s<\/a><\/li><li><h2><a href=\"https:\/\/eventos.cmm.uchile.cl\/ciclogodelius\/?p=133\">Medir para comprender: Modelando el mundo invisible del oc\u00e9ano<\/a><\/h2><div class=\"catlist-fecha\">20 de octubre de 2022 \/ 17:00 hrs.<\/div><div class=\"lcp_excerpt\">H\u00e9ctor Ram\u00edrez, director del Centro de Modelamiento Matem\u00e1tico de la Universidad de Chile, y Fernando Bracco, gerente general de SK Godelius, invitan a la segunda sesi\u00f3n del\u00a0Ciclo de Conferencias CMM-Godelius, en la que\u00a0Alejandro Maass, Doctor en Matem\u00e1ticas, investigador y director de Relaciones Internacionales del CMM, dar\u00e1 la conferencia\u00a0&#8220;Medir para comprender: Modelando el mundo invisible del ...<\/div><a href=\"https:\/\/eventos.cmm.uchile.cl\/ciclogodelius\/?p=133\">Leer m\u00e1s<\/a><\/li><li><h2><a href=\"https:\/\/eventos.cmm.uchile.cl\/ciclogodelius\/?p=101\">Matem\u00e1ticas en la ingenier\u00eda: Ideas de la ingenier\u00eda para la sociedad contempor\u00e1nea<\/a><\/h2><div class=\"catlist-fecha\">30 de junio de 2022 \/ 17:00 hrs.<\/div><div class=\"lcp_excerpt\">H\u00e9ctor Ram\u00edrez, director del Centro de Modelamiento Matem\u00e1tico de la Universidad de Chile, y Fernando Bracco, gerente general de SK Godelius, invitan a la primera sesi\u00f3n del Ciclo de Conferencias CMM-Godelius, en la que\u00a0Servet Mart\u00ednez, Doctor en Matem\u00e1ticas y Premio Nacional de Ciencias Exactas, dar\u00e1 la conferencia &#8220;Matem\u00e1ticas en la ingenier\u00eda: Ideas de la ingenier\u00eda ...<\/div><a href=\"https:\/\/eventos.cmm.uchile.cl\/ciclogodelius\/?p=101\">Leer m\u00e1s<\/a><\/li><\/ul>\n","protected":false},"excerpt":{"rendered":"","protected":false},"author":2,"featured_media":0,"parent":0,"menu_order":1,"comment_status":"closed","ping_status":"closed","template":"","meta":{"inline_featured_image":false,"footnotes":""},"class_list":["post-110","page","type-page","status-publish","hentry"],"_links":{"self":[{"href":"https:\/\/eventos.cmm.uchile.cl\/ciclogodelius\/index.php?rest_route=\/wp\/v2\/pages\/110","targetHints":{"allow":["GET"]}}],"collection":[{"href":"https:\/\/eventos.cmm.uchile.cl\/ciclogodelius\/index.php?rest_route=\/wp\/v2\/pages"}],"about":[{"href":"https:\/\/eventos.cmm.uchile.cl\/ciclogodelius\/index.php?rest_route=\/wp\/v2\/types\/page"}],"author":[{"embeddable":true,"href":"https:\/\/eventos.cmm.uchile.cl\/ciclogodelius\/index.php?rest_route=\/wp\/v2\/users\/2"}],"replies":[{"embeddable":true,"href":"https:\/\/eventos.cmm.uchile.cl\/ciclogodelius\/index.php?rest_route=%2Fwp%2Fv2%2Fcomments&post=110"}],"version-history":[{"count":4,"href":"https:\/\/eventos.cmm.uchile.cl\/ciclogodelius\/index.php?rest_route=\/wp\/v2\/pages\/110\/revisions"}],"predecessor-version":[{"id":112,"href":"https:\/\/eventos.cmm.uchile.cl\/ciclogodelius\/index.php?rest_route=\/wp\/v2\/pages\/110\/revisions\/112"}],"wp:attachment":[{"href":"https:\/\/eventos.cmm.uchile.cl\/ciclogodelius\/index.php?rest_route=%2Fwp%2Fv2%2Fmedia&parent=110"}],"curies":[{"name":"wp","href":"https:\/\/api.w.org\/{rel}","templated":true}]}}