{"id":67,"date":"2023-09-28T16:20:37","date_gmt":"2023-09-28T19:20:37","guid":{"rendered":"https:\/\/eventos.cmm.uchile.cl\/cmmimi2023\/?page_id=67"},"modified":"2023-09-28T16:56:22","modified_gmt":"2023-09-28T19:56:22","slug":"problema","status":"publish","type":"page","link":"https:\/\/eventos.cmm.uchile.cl\/cmmimi2023\/como-participar\/problema\/","title":{"rendered":"Problema"},"content":{"rendered":"<p>Se anunci\u00f3 el jueves 28\/09\/2023 17:00 (hora peninsular espa\u00f1ola).<\/p>\n<p>El problema propuesto este a\u00f1o se titula <strong><em>Aterrizaje vertical de cohetes espaciales<\/em><\/strong>, preparado por Jos\u00e9 Manuel Gonz\u00e1lez Vida, de la Universidad de M\u00e1laga.<\/p>\n<div class=\"su-button-center\"><a href=\"https:\/\/go.cmm.uchile.cl\/cmmimi23\" class=\"su-button su-button-style-flat\" style=\"color:#FFFFFF;background-color:#C7542F;border-color:#a04426;border-radius:9px\" target=\"_blank\" rel=\"noopener noreferrer\"><span style=\"color:#FFFFFF;padding:8px 24px;font-size:18px;line-height:27px;border-color:#d8886e;border-radius:9px;text-shadow:none\"><i class=\"sui sui-file-pdf-o\" style=\"font-size:18px;color:#FFFFFF\"><\/i> Descarga el enunciado del problema<\/span><\/a><\/div>\n<p>&nbsp;<\/p>\n<p><iframe loading=\"lazy\" title=\"YouTube video player\" src=\"https:\/\/www.youtube-nocookie.com\/embed\/BE6_xNbJrl4?si=SRL03YjqszUmCL5k\" width=\"660\" height=\"370\" frameborder=\"0\" allowfullscreen=\"allowfullscreen\"><span data-mce-type=\"bookmark\" style=\"display: inline-block; width: 0px; overflow: hidden; line-height: 0;\" class=\"mce_SELRES_start\">\ufeff<\/span><\/iframe><\/p>\n<p style=\"text-align: center;\"><a href=\"https:\/\/www.youtube.com\/watch?v=BE6_xNbJrl4\" target=\"_blank\" rel=\"noopener\">Video de presentaci\u00f3n del problema del CMM-IMI 2023<\/a><\/p>\n<div class=\"su-divider su-divider-style-default\" style=\"margin:15px 0;border-width:3px;border-color:#C7542F\"><\/div>\n<p>&nbsp;<\/p>\n<div class=\"su-button-center\"><a href=\"https:\/\/eventos.cmm.uchile.cl\/cmmimi2023\/como-participar\/\" class=\"su-button su-button-style-flat\" style=\"color:#FFFFFF;background-color:#C7542F;border-color:#a04426;border-radius:9px\" target=\"_self\"><span style=\"color:#FFFFFF;padding:8px 24px;font-size:18px;line-height:27px;border-color:#d8886e;border-radius:9px;text-shadow:none\"><i class=\"sui sui-hand-o-right\" style=\"font-size:18px;color:#FFFFFF\"><\/i> C\u00f3mo participar<\/span><\/a><\/div>\n","protected":false},"excerpt":{"rendered":"<p>Se anunci\u00f3 el jueves 28\/09\/2023 17:00 (hora peninsular espa\u00f1ola). El problema propuesto este a\u00f1o se titula Aterrizaje vertical de cohetes espaciales, preparado por Jos\u00e9 Manuel Gonz\u00e1lez Vida, de la Universidad de M\u00e1laga. &nbsp; \ufeff Video de presentaci\u00f3n del problema del CMM-IMI 2023 &nbsp;<\/p>\n","protected":false},"author":2,"featured_media":0,"parent":20,"menu_order":1,"comment_status":"closed","ping_status":"closed","template":"","meta":{"inline_featured_image":false,"footnotes":""},"class_list":["post-67","page","type-page","status-publish","hentry"],"_links":{"self":[{"href":"https:\/\/eventos.cmm.uchile.cl\/cmmimi2023\/wp-json\/wp\/v2\/pages\/67","targetHints":{"allow":["GET"]}}],"collection":[{"href":"https:\/\/eventos.cmm.uchile.cl\/cmmimi2023\/wp-json\/wp\/v2\/pages"}],"about":[{"href":"https:\/\/eventos.cmm.uchile.cl\/cmmimi2023\/wp-json\/wp\/v2\/types\/page"}],"author":[{"embeddable":true,"href":"https:\/\/eventos.cmm.uchile.cl\/cmmimi2023\/wp-json\/wp\/v2\/users\/2"}],"replies":[{"embeddable":true,"href":"https:\/\/eventos.cmm.uchile.cl\/cmmimi2023\/wp-json\/wp\/v2\/comments?post=67"}],"version-history":[{"count":14,"href":"https:\/\/eventos.cmm.uchile.cl\/cmmimi2023\/wp-json\/wp\/v2\/pages\/67\/revisions"}],"predecessor-version":[{"id":82,"href":"https:\/\/eventos.cmm.uchile.cl\/cmmimi2023\/wp-json\/wp\/v2\/pages\/67\/revisions\/82"}],"up":[{"embeddable":true,"href":"https:\/\/eventos.cmm.uchile.cl\/cmmimi2023\/wp-json\/wp\/v2\/pages\/20"}],"wp:attachment":[{"href":"https:\/\/eventos.cmm.uchile.cl\/cmmimi2023\/wp-json\/wp\/v2\/media?parent=67"}],"curies":[{"name":"wp","href":"https:\/\/api.w.org\/{rel}","templated":true}]}}