{"id":13,"date":"2018-11-12T17:12:02","date_gmt":"2018-11-12T20:12:02","guid":{"rendered":"http:\/\/eventos.cmm.uchile.cl\/datacardio2020\/?page_id=13"},"modified":"2020-01-14T11:29:47","modified_gmt":"2020-01-14T14:29:47","slug":"program","status":"publish","type":"page","link":"https:\/\/eventos.cmm.uchile.cl\/datacardio2020\/program\/","title":{"rendered":"Programa"},"content":{"rendered":"<div>(Programa final)<\/div>\n<div><\/div>\n<h4><strong>mi\u00e9rcoles 15 enero 2020 <\/strong><\/h4>\n<div>09:30 -13:00<\/div>\n<div><strong>M\u00f3dulos Primera Parte Introductoria<\/strong><\/div>\n<div>\n<div><strong>Lugar: Sala BC22, Campus San Joaqu\u00edn, PUC, Facultad de Ingenier\u00eda<\/strong><\/div>\n<\/div>\n<div>09:30-10:15 Introducci\u00f3n al modelamiento en electrofisiolog\u00eda card\u00edaca (D. Hurtado)<\/div>\n<div>10:15-11:00 Introducci\u00f3n a machine learning (F. Sahli)<\/div>\n<div><em>11:00-11:30 Coffee break<\/em><\/div>\n<div>11:30-12:15 Introducci\u00f3n a las ecuaciones de Navier-Stokes (C. Bertoglio)<\/div>\n<div>12:15-13:00 Introducci\u00f3n a problemas inversos num\u00e9ricos en fluidos (A. Osses)<\/div>\n<div><\/div>\n<div><em>13:00-14:00 Almuerzo libre<\/em><\/div>\n<div><\/div>\n<div>14:00-17:30<\/div>\n<div><strong>M\u00f3dulos Segunda Parte Intermedia<\/strong><\/div>\n<div>\n<div><strong>Lugar: Sala BC22, Campus San Joaqu\u00edn, PUC, Facultad de Ingenier\u00eda<\/strong><\/div>\n<\/div>\n<div>14:00-15:30 M\u00e9todos de machine learning (F. Sahli)<\/div>\n<div><em>15:30-16:00 Coffee break<\/em><\/div>\n<div>16:00-17:30 M\u00e9todos en problemas inversos para fluidos y fluido-estructura (C. Bertoglio)<\/div>\n<div><\/div>\n<h4><strong>jueves 16 enero 2020 <\/strong><\/h4>\n<div>\n<div>09:30 -13:00<\/div>\n<p><strong>M\u00f3dulos Tercera Parte Avanzada<\/strong><\/p>\n<\/div>\n<div>\n<div><strong>Lugar: Sala de seminarios John Von Neumann, Centro de Modelamiento Matem\u00e1tico, U. de Chile, Beauchef 851, Santiago, 7mo piso<br \/>\n<\/strong><\/div>\n<\/div>\n<div>09:30-10:15 \u00a0T\u00f3picos avanzados de modelamiento en electrofisiolog\u00eda card\u00edaca (D. Hurtado)<\/div>\n<div>10:15-11:00 T\u00f3picos avanzados en machine learning (F. Sahli)<\/div>\n<div>\n<div><em>11:00-11:30 Coffee break<\/em><\/div>\n<\/div>\n<div>11:30-12:15 T\u00f3picos avanzados problemas inversos num\u00e9ricos en fluidos (A. Osses)<\/div>\n<div>12:15-13:00 T\u00f3picos avanzados para problemas inversos para fluidos y fluido-estructura (C. Bertoglio)<\/div>\n<div><\/div>\n<div>13:00-15:00<\/div>\n<div><strong>Sesi\u00f3n de p\u00f3sters y discusi\u00f3n<br \/>\n<\/strong><\/div>\n<div><strong>Lugar: Sala Open Space Departamento de Ingenier\u00eda Matem\u00e1tica, Beauchef 851, Santiago, 4to piso DIM<\/strong><\/div>\n<div>Invitaci\u00f3n a almuerzo ligero junto con la presentaci\u00f3n de p\u00f3sters.<\/div>\n<div>Discusi\u00f3n: \u201c\u00bfMachine learning v\/s modelaci\u00f3n directa o cooperaci\u00f3n entre ambas?\u201d<\/div>\n","protected":false},"excerpt":{"rendered":"<p>(Programa final) mi\u00e9rcoles 15 enero 2020 09:30 -13:00 M\u00f3dulos Primera Parte Introductoria Lugar: Sala BC22, Campus San Joaqu\u00edn, PUC, Facultad de Ingenier\u00eda 09:30-10:15 Introducci\u00f3n al modelamiento en electrofisiolog\u00eda card\u00edaca (D. Hurtado) 10:15-11:00 Introducci\u00f3n a machine learning (F. Sahli) 11:00-11:30 Coffee break 11:30-12:15 Introducci\u00f3n a las ecuaciones de Navier-Stokes (C. Bertoglio) 12:15-13:00 Introducci\u00f3n a problemas inversos &hellip; <a href=\"https:\/\/eventos.cmm.uchile.cl\/datacardio2020\/program\/\" class=\"more-link\">Continue reading <span class=\"screen-reader-text\">Programa<\/span> <span class=\"meta-nav\">&rarr;<\/span><\/a><\/p>\n","protected":false},"author":2,"featured_media":0,"parent":0,"menu_order":2,"comment_status":"closed","ping_status":"closed","template":"","meta":{"inline_featured_image":false,"footnotes":""},"class_list":["post-13","page","type-page","status-publish","hentry"],"_links":{"self":[{"href":"https:\/\/eventos.cmm.uchile.cl\/datacardio2020\/wp-json\/wp\/v2\/pages\/13","targetHints":{"allow":["GET"]}}],"collection":[{"href":"https:\/\/eventos.cmm.uchile.cl\/datacardio2020\/wp-json\/wp\/v2\/pages"}],"about":[{"href":"https:\/\/eventos.cmm.uchile.cl\/datacardio2020\/wp-json\/wp\/v2\/types\/page"}],"author":[{"embeddable":true,"href":"https:\/\/eventos.cmm.uchile.cl\/datacardio2020\/wp-json\/wp\/v2\/users\/2"}],"replies":[{"embeddable":true,"href":"https:\/\/eventos.cmm.uchile.cl\/datacardio2020\/wp-json\/wp\/v2\/comments?post=13"}],"version-history":[{"count":21,"href":"https:\/\/eventos.cmm.uchile.cl\/datacardio2020\/wp-json\/wp\/v2\/pages\/13\/revisions"}],"predecessor-version":[{"id":266,"href":"https:\/\/eventos.cmm.uchile.cl\/datacardio2020\/wp-json\/wp\/v2\/pages\/13\/revisions\/266"}],"wp:attachment":[{"href":"https:\/\/eventos.cmm.uchile.cl\/datacardio2020\/wp-json\/wp\/v2\/media?parent=13"}],"curies":[{"name":"wp","href":"https:\/\/api.w.org\/{rel}","templated":true}]}}