{"id":192,"date":"2019-01-14T15:50:42","date_gmt":"2019-01-14T18:50:42","guid":{"rendered":"http:\/\/eventos.cmm.uchile.cl\/datacardio2020\/?page_id=192"},"modified":"2020-01-08T12:05:25","modified_gmt":"2020-01-08T15:05:25","slug":"posters-session","status":"publish","type":"page","link":"https:\/\/eventos.cmm.uchile.cl\/datacardio2020\/posters-session\/","title":{"rendered":"Sesi\u00f3n de p\u00f3sters"},"content":{"rendered":"<p>Aqu\u00ed publicaremos la lista de p\u00f3sters seleccionados para el DataCardio2020.<\/p>\n<p><strong><em>Presentaci\u00f3n de p\u00f3sters<\/em><\/strong>: los invitamos a someter desde ya los p\u00f3sters de investigadores y\/o estudiantes relacionados con el tema de modelamiento en biomec\u00e1nica\/an\u00e1lisis de im\u00e1genes en formato A0 vertical para su selecci\u00f3n (<strong>fecha l\u00edmite 13 de enero 2020<\/strong>).<\/p>\n<a href=\"http:\/\/eventos.cmm.uchile.cl\/datacardio2020\/registration\/poster-submission\/\" class=\"su-button su-button-style-flat\" style=\"color:#FFFFFF;background-color:#2B3081;border-color:#232768;border-radius:7px\" target=\"_self\"><span style=\"color:#FFFFFF;padding:7px 20px;font-size:16px;line-height:24px;border-color:#6b6fa7;border-radius:7px;text-shadow:none\"><i class=\"sui sui-cloud-upload\" style=\"font-size:16px;color:#FFFFFF\"><\/i>  Someter un poster aqu\u00ed<\/span><\/a>\n<p>&nbsp;<\/p>\n","protected":false},"excerpt":{"rendered":"<p>Aqu\u00ed publicaremos la lista de p\u00f3sters seleccionados para el DataCardio2020. Presentaci\u00f3n de p\u00f3sters: los invitamos a someter desde ya los p\u00f3sters de investigadores y\/o estudiantes relacionados con el tema de modelamiento en biomec\u00e1nica\/an\u00e1lisis de im\u00e1genes en formato A0 vertical para su selecci\u00f3n (fecha l\u00edmite 13 de enero 2020). &nbsp;<\/p>\n","protected":false},"author":21,"featured_media":0,"parent":0,"menu_order":0,"comment_status":"closed","ping_status":"closed","template":"","meta":{"inline_featured_image":false,"footnotes":""},"class_list":["post-192","page","type-page","status-publish","hentry"],"_links":{"self":[{"href":"https:\/\/eventos.cmm.uchile.cl\/datacardio2020\/wp-json\/wp\/v2\/pages\/192","targetHints":{"allow":["GET"]}}],"collection":[{"href":"https:\/\/eventos.cmm.uchile.cl\/datacardio2020\/wp-json\/wp\/v2\/pages"}],"about":[{"href":"https:\/\/eventos.cmm.uchile.cl\/datacardio2020\/wp-json\/wp\/v2\/types\/page"}],"author":[{"embeddable":true,"href":"https:\/\/eventos.cmm.uchile.cl\/datacardio2020\/wp-json\/wp\/v2\/users\/21"}],"replies":[{"embeddable":true,"href":"https:\/\/eventos.cmm.uchile.cl\/datacardio2020\/wp-json\/wp\/v2\/comments?post=192"}],"version-history":[{"count":18,"href":"https:\/\/eventos.cmm.uchile.cl\/datacardio2020\/wp-json\/wp\/v2\/pages\/192\/revisions"}],"predecessor-version":[{"id":251,"href":"https:\/\/eventos.cmm.uchile.cl\/datacardio2020\/wp-json\/wp\/v2\/pages\/192\/revisions\/251"}],"wp:attachment":[{"href":"https:\/\/eventos.cmm.uchile.cl\/datacardio2020\/wp-json\/wp\/v2\/media?parent=192"}],"curies":[{"name":"wp","href":"https:\/\/api.w.org\/{rel}","templated":true}]}}