{"id":267,"date":"2020-01-14T17:19:00","date_gmt":"2020-01-14T20:19:00","guid":{"rendered":"http:\/\/eventos.cmm.uchile.cl\/datacardio2020\/?page_id=267"},"modified":"2020-01-14T17:49:57","modified_gmt":"2020-01-14T20:49:57","slug":"como-llegar","status":"publish","type":"page","link":"https:\/\/eventos.cmm.uchile.cl\/datacardio2020\/como-llegar\/","title":{"rendered":"C\u00f3mo llegar"},"content":{"rendered":"<p><strong>Mi\u00e9rcoles 15 de Enero:<\/strong><\/p>\n<p>Sala BC22 Facultad de Ingenier\u00eda<\/p>\n<p>Campus San Joaqu\u00edn<\/p>\n<p>Pontificia Universidad Cat\u00f3lica de Chile<\/p>\n<p>Avenida Vicu\u00f1a Mackenna 4860, San Joaqu\u00edn<\/p>\n<p>Metro San Joaqu\u00edn<\/p>\n<p><a href=\"http:\/\/eventos.cmm.uchile.cl\/datacardio2020\/wp-content\/uploads\/sites\/86\/2020\/01\/MAPA_BC22.pdf\">MAPA_BC22 PUC San Joaquin descargar pdf<\/a><\/p>\n<p><img loading=\"lazy\" decoding=\"async\" class=\"alignnone size-medium wp-image-269\" src=\"http:\/\/eventos.cmm.uchile.cl\/datacardio2020\/wp-content\/uploads\/sites\/86\/2020\/01\/2020-01-14-17.17.45-300x258.png\" alt=\"\" width=\"300\" height=\"258\" srcset=\"https:\/\/eventos.cmm.uchile.cl\/datacardio2020\/wp-content\/uploads\/sites\/86\/2020\/01\/2020-01-14-17.17.45-300x258.png 300w, https:\/\/eventos.cmm.uchile.cl\/datacardio2020\/wp-content\/uploads\/sites\/86\/2020\/01\/2020-01-14-17.17.45-1024x881.png 1024w, https:\/\/eventos.cmm.uchile.cl\/datacardio2020\/wp-content\/uploads\/sites\/86\/2020\/01\/2020-01-14-17.17.45-768x661.png 768w, https:\/\/eventos.cmm.uchile.cl\/datacardio2020\/wp-content\/uploads\/sites\/86\/2020\/01\/2020-01-14-17.17.45-1536x1321.png 1536w, https:\/\/eventos.cmm.uchile.cl\/datacardio2020\/wp-content\/uploads\/sites\/86\/2020\/01\/2020-01-14-17.17.45-2048x1761.png 2048w\" sizes=\"auto, (max-width: 300px) 100vw, 300px\" \/><\/p>\n<p><strong>Jueves 16 de Enero:<\/strong><\/p>\n<p>Auditorio John Von Neumann (CMM 7mo) y Sala Open Space (DIM 4to)<\/p>\n<p>Facultad de Ciencias F\u00edsicas y Matem\u00e1ticas<\/p>\n<p>Universidad de Chile<\/p>\n<p>Beauchef 851, Santiago<\/p>\n<p>Metro Toesca &#8211; Parque O&#8217;Higgins<\/p>\n<p><a href=\"http:\/\/eventos.cmm.uchile.cl\/datacardio2020\/wp-content\/uploads\/sites\/86\/2020\/01\/mapa_FCFM.pdf\">Mapa_CMM-FCFM U de Chile decargar pdf<\/a><\/p>\n<p><img loading=\"lazy\" decoding=\"async\" class=\"alignnone size-medium wp-image-274\" src=\"http:\/\/eventos.cmm.uchile.cl\/datacardio2020\/wp-content\/uploads\/sites\/86\/2020\/01\/mapa_FCFM-300x199.png\" alt=\"\" width=\"300\" height=\"199\" srcset=\"https:\/\/eventos.cmm.uchile.cl\/datacardio2020\/wp-content\/uploads\/sites\/86\/2020\/01\/mapa_FCFM-300x199.png 300w, https:\/\/eventos.cmm.uchile.cl\/datacardio2020\/wp-content\/uploads\/sites\/86\/2020\/01\/mapa_FCFM-1024x680.png 1024w, https:\/\/eventos.cmm.uchile.cl\/datacardio2020\/wp-content\/uploads\/sites\/86\/2020\/01\/mapa_FCFM-768x510.png 768w, https:\/\/eventos.cmm.uchile.cl\/datacardio2020\/wp-content\/uploads\/sites\/86\/2020\/01\/mapa_FCFM-1536x1020.png 1536w, https:\/\/eventos.cmm.uchile.cl\/datacardio2020\/wp-content\/uploads\/sites\/86\/2020\/01\/mapa_FCFM.png 1868w\" sizes=\"auto, (max-width: 300px) 100vw, 300px\" \/><\/p>\n<p><img loading=\"lazy\" decoding=\"async\" class=\"alignnone size-medium wp-image-277\" src=\"http:\/\/eventos.cmm.uchile.cl\/datacardio2020\/wp-content\/uploads\/sites\/86\/2020\/01\/uchile_cmm-dim_map03-300x300.png\" alt=\"\" width=\"300\" height=\"300\" srcset=\"https:\/\/eventos.cmm.uchile.cl\/datacardio2020\/wp-content\/uploads\/sites\/86\/2020\/01\/uchile_cmm-dim_map03-300x300.png 300w, https:\/\/eventos.cmm.uchile.cl\/datacardio2020\/wp-content\/uploads\/sites\/86\/2020\/01\/uchile_cmm-dim_map03-150x150.png 150w, https:\/\/eventos.cmm.uchile.cl\/datacardio2020\/wp-content\/uploads\/sites\/86\/2020\/01\/uchile_cmm-dim_map03.png 600w\" sizes=\"auto, (max-width: 300px) 100vw, 300px\" \/><\/p>\n<p>trayecto peatonal desde metro Toesca<\/p>\n","protected":false},"excerpt":{"rendered":"<p>Mi\u00e9rcoles 15 de Enero: Sala BC22 Facultad de Ingenier\u00eda Campus San Joaqu\u00edn Pontificia Universidad Cat\u00f3lica de Chile Avenida Vicu\u00f1a Mackenna 4860, San Joaqu\u00edn Metro San Joaqu\u00edn MAPA_BC22 PUC San Joaquin descargar pdf Jueves 16 de Enero: Auditorio John Von Neumann (CMM 7mo) y Sala Open Space (DIM 4to) Facultad de Ciencias F\u00edsicas y Matem\u00e1ticas Universidad &hellip; <a href=\"https:\/\/eventos.cmm.uchile.cl\/datacardio2020\/como-llegar\/\" class=\"more-link\">Continue reading <span class=\"screen-reader-text\">C\u00f3mo llegar<\/span> <span class=\"meta-nav\">&rarr;<\/span><\/a><\/p>\n","protected":false},"author":21,"featured_media":0,"parent":0,"menu_order":0,"comment_status":"closed","ping_status":"closed","template":"","meta":{"inline_featured_image":false,"footnotes":""},"class_list":["post-267","page","type-page","status-publish","hentry"],"_links":{"self":[{"href":"https:\/\/eventos.cmm.uchile.cl\/datacardio2020\/wp-json\/wp\/v2\/pages\/267","targetHints":{"allow":["GET"]}}],"collection":[{"href":"https:\/\/eventos.cmm.uchile.cl\/datacardio2020\/wp-json\/wp\/v2\/pages"}],"about":[{"href":"https:\/\/eventos.cmm.uchile.cl\/datacardio2020\/wp-json\/wp\/v2\/types\/page"}],"author":[{"embeddable":true,"href":"https:\/\/eventos.cmm.uchile.cl\/datacardio2020\/wp-json\/wp\/v2\/users\/21"}],"replies":[{"embeddable":true,"href":"https:\/\/eventos.cmm.uchile.cl\/datacardio2020\/wp-json\/wp\/v2\/comments?post=267"}],"version-history":[{"count":5,"href":"https:\/\/eventos.cmm.uchile.cl\/datacardio2020\/wp-json\/wp\/v2\/pages\/267\/revisions"}],"predecessor-version":[{"id":278,"href":"https:\/\/eventos.cmm.uchile.cl\/datacardio2020\/wp-json\/wp\/v2\/pages\/267\/revisions\/278"}],"wp:attachment":[{"href":"https:\/\/eventos.cmm.uchile.cl\/datacardio2020\/wp-json\/wp\/v2\/media?parent=267"}],"curies":[{"name":"wp","href":"https:\/\/api.w.org\/{rel}","templated":true}]}}