{"id":7,"date":"2018-11-12T18:24:27","date_gmt":"2018-11-12T18:24:27","guid":{"rendered":"http:\/\/eventos.cmm.uchile.cl\/datacardio2020\/?page_id=7"},"modified":"2020-02-03T09:12:07","modified_gmt":"2020-02-03T12:12:07","slug":"workshop","status":"publish","type":"page","link":"https:\/\/eventos.cmm.uchile.cl\/datacardio2020\/","title":{"rendered":"Workshop-escuela"},"content":{"rendered":"<div>El workshop-escuela <em><strong>Data-based modeling in the cardiovascular system:<\/strong><\/em> <strong>DataCardio-2020<\/strong> est\u00e1 abierto a todos los estudantes e investigadores interesados y se realizar\u00e1 el 15 y 16 de Enero pr\u00f3ximos en el Campus San Joaqu\u00edn (IIBM) y Campus Beauchef (CMM), actividad auspiciada por IIBM-PUC, CMM-U. Chile y N\u00facleo Cardio MR.<\/div>\n<div><\/div>\n<div><\/div>\n<div>El workshop-escuela consistir\u00e1 en 2 mini-cursos y una presentaci\u00f3n de p\u00f3sters. El objetivo del encuentro es incentivar el intercambio de nuevas t\u00e9cnicas de modelamiento directo e inverso del sistema cardiovascular basadas en datos, t\u00e9cnicas tambi\u00e9n \u00fatiles en otros \u00e1mbitos del modelamiento en biomec\u00e1nica.<\/div>\n<div><\/div>\n<div><\/div>\n<div>\n<ul>\n<li>Mini-Curso 1 (6 sesiones de 45 min): <em><strong>Introducci\u00f3n a los m\u00e9todos de problemas Inversos num\u00e9ricos en fluidos y fluido-estructura<\/strong><\/em>. Profesores: Crist\u00f3bal Bertoglio (Instituto Bernoulli, U. Gr\u00f6ningen) y Axel Osses (DIM-CMM U. de Chile)<\/li>\n<li>Mini-Curso 2 (6 sesiones de 45min): <strong><em>Intro<\/em><\/strong><strong><em>ducci\u00f3n a machine learning con aplicaciones en modelos de electrofisiolog\u00eda card\u00edaca<\/em><\/strong>. Profesores: Daniel Hurtado (IIBM-N\u00facleo RMC, PUC) y Francisco Sahli (IIBM-N\u00facleo RMC, PUC)<\/li>\n<\/ul>\n<a href=\"http:\/\/eventos.cmm.uchile.cl\/datacardio2020\/material\/\" class=\"su-button su-button-style-flat\" style=\"color:#FFFFFF;background-color:#FF0000;border-color:#cc0000;border-radius:7px\" target=\"_self\"><span style=\"color:#FFFFFF;padding:0px 20px;font-size:16px;line-height:32px;border-color:#ff4d4d;border-radius:7px;text-shadow:none\"> Nuevo: ver notas de los cursos en la secci\u00f3n Material<\/span><\/a>\n<ul>\n<li><strong><em>Presentaci\u00f3n de p\u00f3sters<\/em><\/strong>: los invitamos a someter desde ya los p\u00f3sters de investigadores y\/o estudiantes relacionados con el tema de modelamiento en biomec\u00e1nica\/an\u00e1lisis de im\u00e1genes en formato A0 vertical para su selecci\u00f3n (<strong>hasta el martes 14 de enero 2020<\/strong>).<\/li>\n<\/ul>\n<\/div>\n<div><a href=\"http:\/\/eventos.cmm.uchile.cl\/datacardio2020\/registration\/poster-submission\/\" class=\"su-button su-button-style-flat\" style=\"color:#FFFFFF;background-color:#2B3081;border-color:#232768;border-radius:7px\" target=\"_self\"><span style=\"color:#FFFFFF;padding:7px 20px;font-size:16px;line-height:24px;border-color:#6b6fa7;border-radius:7px;text-shadow:none\"><i class=\"sui sui-cloud-upload\" style=\"font-size:16px;color:#FFFFFF\"><\/i>  Someter un poster aqu\u00ed<\/span><\/a><\/div>\n<div><\/div>\n<div><\/div>\n<p>Key words: machine learning, cadiovascular modeling, inverse problems<\/p>\n<h3>Comit\u00e9 Organizador<\/h3>\n<ul>\n<li>Daniel Hurtado (IIBM-PUC)<\/li>\n<li>Francisco Sahli (IIBM-PUC)<\/li>\n<li>Axel Osses (DIM\/CMM-UChile)<\/li>\n<\/ul>\n<p><img loading=\"lazy\" decoding=\"async\" class=\"alignnone wp-image-252\" src=\"http:\/\/eventos.cmm.uchile.cl\/datacardio2020\/wp-content\/uploads\/sites\/86\/2020\/01\/logo_cmm2020_es_horiz_rgb_01-300x125.png\" alt=\"\" width=\"171\" height=\"71\" srcset=\"https:\/\/eventos.cmm.uchile.cl\/datacardio2020\/wp-content\/uploads\/sites\/86\/2020\/01\/logo_cmm2020_es_horiz_rgb_01-300x125.png 300w, https:\/\/eventos.cmm.uchile.cl\/datacardio2020\/wp-content\/uploads\/sites\/86\/2020\/01\/logo_cmm2020_es_horiz_rgb_01.png 720w\" sizes=\"auto, (max-width: 171px) 100vw, 171px\" \/> \u00a0\u00a0 <img loading=\"lazy\" decoding=\"async\" class=\"alignnone wp-image-261\" src=\"http:\/\/eventos.cmm.uchile.cl\/datacardio2020\/wp-content\/uploads\/sites\/86\/2020\/01\/LogoDim-300x98.jpg\" alt=\"\" width=\"208\" height=\"68\" srcset=\"https:\/\/eventos.cmm.uchile.cl\/datacardio2020\/wp-content\/uploads\/sites\/86\/2020\/01\/LogoDim-300x98.jpg 300w, https:\/\/eventos.cmm.uchile.cl\/datacardio2020\/wp-content\/uploads\/sites\/86\/2020\/01\/LogoDim-768x250.jpg 768w, https:\/\/eventos.cmm.uchile.cl\/datacardio2020\/wp-content\/uploads\/sites\/86\/2020\/01\/LogoDim.jpg 880w\" sizes=\"auto, (max-width: 208px) 100vw, 208px\" \/><img loading=\"lazy\" decoding=\"async\" class=\"alignnone wp-image-234\" src=\"http:\/\/eventos.cmm.uchile.cl\/datacardio2020\/wp-content\/uploads\/sites\/86\/2020\/01\/Logo-ANID_MILENIO-300x107.png\" alt=\"\" width=\"250\" height=\"89\" srcset=\"https:\/\/eventos.cmm.uchile.cl\/datacardio2020\/wp-content\/uploads\/sites\/86\/2020\/01\/Logo-ANID_MILENIO-300x107.png 300w, https:\/\/eventos.cmm.uchile.cl\/datacardio2020\/wp-content\/uploads\/sites\/86\/2020\/01\/Logo-ANID_MILENIO-1024x365.png 1024w, https:\/\/eventos.cmm.uchile.cl\/datacardio2020\/wp-content\/uploads\/sites\/86\/2020\/01\/Logo-ANID_MILENIO-768x274.png 768w, https:\/\/eventos.cmm.uchile.cl\/datacardio2020\/wp-content\/uploads\/sites\/86\/2020\/01\/Logo-ANID_MILENIO-1536x547.png 1536w, https:\/\/eventos.cmm.uchile.cl\/datacardio2020\/wp-content\/uploads\/sites\/86\/2020\/01\/Logo-ANID_MILENIO-2048x730.png 2048w\" sizes=\"auto, (max-width: 250px) 100vw, 250px\" \/>\u00a0 <img loading=\"lazy\" decoding=\"async\" class=\"alignnone wp-image-235\" src=\"http:\/\/eventos.cmm.uchile.cl\/datacardio2020\/wp-content\/uploads\/sites\/86\/2020\/01\/Cardio-MR_color-1-300x140.jpg\" alt=\"\" width=\"206\" height=\"96\" srcset=\"https:\/\/eventos.cmm.uchile.cl\/datacardio2020\/wp-content\/uploads\/sites\/86\/2020\/01\/Cardio-MR_color-1-300x140.jpg 300w, https:\/\/eventos.cmm.uchile.cl\/datacardio2020\/wp-content\/uploads\/sites\/86\/2020\/01\/Cardio-MR_color-1-1024x478.jpg 1024w, https:\/\/eventos.cmm.uchile.cl\/datacardio2020\/wp-content\/uploads\/sites\/86\/2020\/01\/Cardio-MR_color-1-768x359.jpg 768w, https:\/\/eventos.cmm.uchile.cl\/datacardio2020\/wp-content\/uploads\/sites\/86\/2020\/01\/Cardio-MR_color-1-1536x717.jpg 1536w, https:\/\/eventos.cmm.uchile.cl\/datacardio2020\/wp-content\/uploads\/sites\/86\/2020\/01\/Cardio-MR_color-1-2048x956.jpg 2048w\" sizes=\"auto, (max-width: 206px) 100vw, 206px\" \/><img loading=\"lazy\" decoding=\"async\" class=\"alignnone wp-image-236\" src=\"http:\/\/eventos.cmm.uchile.cl\/datacardio2020\/wp-content\/uploads\/sites\/86\/2020\/01\/PUC-300x186.png\" alt=\"\" width=\"166\" height=\"103\" srcset=\"https:\/\/eventos.cmm.uchile.cl\/datacardio2020\/wp-content\/uploads\/sites\/86\/2020\/01\/PUC-300x186.png 300w, https:\/\/eventos.cmm.uchile.cl\/datacardio2020\/wp-content\/uploads\/sites\/86\/2020\/01\/PUC.png 397w\" sizes=\"auto, (max-width: 166px) 100vw, 166px\" \/><\/p>\n","protected":false},"excerpt":{"rendered":"<p>El workshop-escuela Data-based modeling in the cardiovascular system: DataCardio-2020 est\u00e1 abierto a todos los estudantes e investigadores interesados y se realizar\u00e1 el 15 y 16 de Enero pr\u00f3ximos en el Campus San Joaqu\u00edn (IIBM) y Campus Beauchef (CMM), actividad auspiciada por IIBM-PUC, CMM-U. Chile y N\u00facleo Cardio MR. El workshop-escuela consistir\u00e1 en 2 mini-cursos y &hellip; <a href=\"https:\/\/eventos.cmm.uchile.cl\/datacardio2020\/\" class=\"more-link\">Continue reading <span class=\"screen-reader-text\">Workshop-escuela<\/span> <span class=\"meta-nav\">&rarr;<\/span><\/a><\/p>\n","protected":false},"author":2,"featured_media":0,"parent":0,"menu_order":0,"comment_status":"closed","ping_status":"closed","template":"","meta":{"inline_featured_image":false,"footnotes":""},"class_list":["post-7","page","type-page","status-publish","hentry"],"_links":{"self":[{"href":"https:\/\/eventos.cmm.uchile.cl\/datacardio2020\/wp-json\/wp\/v2\/pages\/7","targetHints":{"allow":["GET"]}}],"collection":[{"href":"https:\/\/eventos.cmm.uchile.cl\/datacardio2020\/wp-json\/wp\/v2\/pages"}],"about":[{"href":"https:\/\/eventos.cmm.uchile.cl\/datacardio2020\/wp-json\/wp\/v2\/types\/page"}],"author":[{"embeddable":true,"href":"https:\/\/eventos.cmm.uchile.cl\/datacardio2020\/wp-json\/wp\/v2\/users\/2"}],"replies":[{"embeddable":true,"href":"https:\/\/eventos.cmm.uchile.cl\/datacardio2020\/wp-json\/wp\/v2\/comments?post=7"}],"version-history":[{"count":27,"href":"https:\/\/eventos.cmm.uchile.cl\/datacardio2020\/wp-json\/wp\/v2\/pages\/7\/revisions"}],"predecessor-version":[{"id":289,"href":"https:\/\/eventos.cmm.uchile.cl\/datacardio2020\/wp-json\/wp\/v2\/pages\/7\/revisions\/289"}],"wp:attachment":[{"href":"https:\/\/eventos.cmm.uchile.cl\/datacardio2020\/wp-json\/wp\/v2\/media?parent=7"}],"curies":[{"name":"wp","href":"https:\/\/api.w.org\/{rel}","templated":true}]}}