{"id":115,"date":"2017-07-10T10:46:32","date_gmt":"2017-07-10T14:46:32","guid":{"rendered":"http:\/\/eventos.cmm.uchile.cl\/enim2024\/?page_id=115"},"modified":"2024-10-14T18:23:10","modified_gmt":"2024-10-14T21:23:10","slug":"cursos","status":"publish","type":"page","link":"https:\/\/eventos.cmm.uchile.cl\/enim2024\/cursos\/","title":{"rendered":"Cursillos"},"content":{"rendered":"<p style=\"text-align: justify\">En esta edici\u00f3n del ENIM, los cursillos se desarrollar\u00e1n en 2 bloques:<\/p>\n<ul>\n<li>Bloque A: 12h15 &#8211; 13h30<\/li>\n<li>Bloque B: 16h30 &#8211; 17h45<\/li>\n<\/ul>\n<p>Para cada uno de los bloques habr\u00e1 una oferta de 3 cursillos. Aprovechamos de recordar que los pre-requisitos son\u00a0<strong>sugeridos<\/strong>. Es decir, dentro de lo ideal se necesita tener conocimientos sobre los temas mencionados, pero quedar\u00e1 a criterio de cada persona en cuales cursillos inscribirse. Adem\u00e1s, si as\u00ed se desea, es posible tambi\u00e9n no inscribir ning\u00fan cursillo.<\/p>\n<h3><strong>Cursillos Bloque A<\/strong><\/h3>\n<hr \/>\n<ul>\n<li><a href=\"https:\/\/eventos.cmm.uchile.cl\/enim2024\/historia\/\">Algunas Aventuras de la Historia de las Matem\u00e1ticas.<\/a><\/li>\n<li><a href=\"https:\/\/eventos.cmm.uchile.cl\/enim2024\/grafos\/\">Introducci\u00f3n a la Teor\u00eda L\u00edmite de Grafos.<\/a><\/li>\n<li><a href=\"https:\/\/eventos.cmm.uchile.cl\/enim2024\/probabilidades\/\">Secuencias crecientes en un mazo de cartas.<\/a><\/li>\n<\/ul>\n<h3><strong>Cursillos Bloque B<\/strong><\/h3>\n<hr \/>\n<ul>\n<li><a href=\"https:\/\/eventos.cmm.uchile.cl\/enim2024\/redes\/\">The Math Behind the Magic: Neural Networks Theory and Practice.<\/a><\/li>\n<li><a href=\"https:\/\/eventos.cmm.uchile.cl\/enim2024\/geodiff\/\">Una introducci\u00f3n a Superficies Minimales y aplicaciones.<\/a><\/li>\n<li><a href=\"https:\/\/eventos.cmm.uchile.cl\/enim2024\/optimizacion\/\">Acciones Afirmativas en Sistemas de Admisi\u00f3n Escolar y Universitaria.<\/a><\/li>\n<\/ul>\n","protected":false},"excerpt":{"rendered":"<p>En esta edici\u00f3n del ENIM, los cursillos se desarrollar\u00e1n en 2 bloques: Bloque A: 12h15 &#8211; 13h30 Bloque B: 16h30 &#8211; 17h45 Para cada uno de los bloques habr\u00e1 una oferta de 3 cursillos. Aprovechamos de recordar que los pre-requisitos son\u00a0sugeridos. Es decir, dentro de lo ideal se necesita tener conocimientos sobre los temas mencionados, &hellip; <a href=\"https:\/\/eventos.cmm.uchile.cl\/enim2024\/cursos\/\" class=\"more-link\">Contin\u00fae leyendo <span class=\"screen-reader-text\">Cursillos<\/span> <span class=\"meta-nav\">&rarr;<\/span><\/a><\/p>\n","protected":false},"author":45,"featured_media":0,"parent":0,"menu_order":2,"comment_status":"closed","ping_status":"closed","template":"","meta":{"inline_featured_image":false,"footnotes":""},"class_list":["post-115","page","type-page","status-publish","hentry"],"_links":{"self":[{"href":"https:\/\/eventos.cmm.uchile.cl\/enim2024\/wp-json\/wp\/v2\/pages\/115","targetHints":{"allow":["GET"]}}],"collection":[{"href":"https:\/\/eventos.cmm.uchile.cl\/enim2024\/wp-json\/wp\/v2\/pages"}],"about":[{"href":"https:\/\/eventos.cmm.uchile.cl\/enim2024\/wp-json\/wp\/v2\/types\/page"}],"author":[{"embeddable":true,"href":"https:\/\/eventos.cmm.uchile.cl\/enim2024\/wp-json\/wp\/v2\/users\/45"}],"replies":[{"embeddable":true,"href":"https:\/\/eventos.cmm.uchile.cl\/enim2024\/wp-json\/wp\/v2\/comments?post=115"}],"version-history":[{"count":28,"href":"https:\/\/eventos.cmm.uchile.cl\/enim2024\/wp-json\/wp\/v2\/pages\/115\/revisions"}],"predecessor-version":[{"id":386,"href":"https:\/\/eventos.cmm.uchile.cl\/enim2024\/wp-json\/wp\/v2\/pages\/115\/revisions\/386"}],"wp:attachment":[{"href":"https:\/\/eventos.cmm.uchile.cl\/enim2024\/wp-json\/wp\/v2\/media?parent=115"}],"curies":[{"name":"wp","href":"https:\/\/api.w.org\/{rel}","templated":true}]}}