{"id":18,"date":"2017-07-14T22:00:53","date_gmt":"2017-07-15T02:00:53","guid":{"rendered":"http:\/\/eventos.cmm.uchile.cl\/enim2024\/?page_id=18"},"modified":"2024-10-14T17:45:28","modified_gmt":"2024-10-14T20:45:28","slug":"inscripciones","status":"publish","type":"page","link":"https:\/\/eventos.cmm.uchile.cl\/enim2024\/inscripciones\/","title":{"rendered":"Inscripciones"},"content":{"rendered":"<h3><strong>\u00bfC\u00f3mo me inscribo al ENIM?<\/strong><\/h3>\n<p style=\"text-align: justify\">El proceso de hace por medio de un google forms. Este fue compartido en su fecha por los centros de estudiantes de cada universidad.<\/p>\n<p style=\"text-align: justify\"><strong>Primero\u00a0<\/strong>deber\u00e1s completar las secciones iniciales del formulario que aparece en la p\u00e1gina con tus datos personales, e indicar la preferencia de cursos que desees. La informaci\u00f3n detallada de estos est\u00e1 disponible en la secci\u00f3n <a href=\"http:\/\/eventos.cmm.uchile.cl\/enim2024\/cursos\/\">cursillos<\/a>.<\/p>\n<p style=\"text-align: justify\"><strong>Despu\u00e9s de esto<\/strong> deber\u00e1s realizar el\u00a0<strong>pago de la inscripci\u00f3n\u00a0<\/strong>haciendo un dep\u00f3sito o transferencia con los siguientes datos:<\/p>\n<table class=\" alignleft\" width=\"600\">\n<tbody>\n<tr>\n<td><strong>Nombre\u00a0 \u00a0 \u00a0 \u00a0 \u00a0 \u00a0 \u00a0 \u00a0 \u00a0 \u00a0 \u00a0\u00a0<\/strong><\/td>\n<td>Maite Barrera<\/td>\n<\/tr>\n<tr>\n<td><strong>Banco de destino \u00a0 \u00a0 \u00a0 \u00a0 \u00a0 \u00a0<\/strong><\/td>\n<td>Banco de Chile-Edwards-Credichile<\/td>\n<\/tr>\n<tr>\n<td><strong>Cuenta de destino<\/strong><\/td>\n<td>00-801-28790-01<\/td>\n<\/tr>\n<tr>\n<td><strong>RUT de destino<\/strong><\/td>\n<td>20.592.193-1<\/td>\n<\/tr>\n<tr>\n<td><strong>Email<\/strong><\/td>\n<td>\n<div>maitebarreraa@gmail.com<\/div>\n<\/td>\n<\/tr>\n<\/tbody>\n<\/table>\n<p style=\"text-align: justify\">La inscripci\u00f3n incluye el derecho a participar de\u00a0<strong>todas las actividades\u00a0<\/strong>del evento y tendr\u00e1 un valor de $13.000.- para estudiantes de universidades en la regi\u00f3n metropolitana, $10.000.- para estudiantes de otras regiones, y $6.000.- para estudiantes de ingenier\u00eda matem\u00e1tica de la Universidad de Chile.<\/p>\n<p style=\"text-align: justify\">Para finalizar, una vez realizado el pago,\u00a0<strong>debes enviar el comprobante <\/strong>por medio del mismo forms en la secci\u00f3n indicada. Este comprobante lo puedes obtener al finalizar la transferencia o escaneando el comprobante de dep\u00f3sito. Ten cuidado de transferir a la cuenta corriente del banco de chile y\u00a0<strong>no a la cuenta rut<\/strong>. En caso de transferir a la cuenta incorrecta, no se considerar\u00e1 la inscripci\u00f3n como v\u00e1lida.<\/p>\n<p>En caso de que el pago de tu inscripci\u00f3n lo haga tu centro de estudiantes, no debes pagar nada al momento de responder el formulario, s\u00f3lo debes marcar la opci\u00f3n correspondiente. En caso de usar esta alternativa,\u00a0<strong>debes estar en contacto con tu centro de estudiantes<\/strong>. En caso de que marques esta opci\u00f3n pero tu centro no realice el pago a tu nombre,\u00a0<strong>tu inscripci\u00f3n no se considerar\u00e1 v\u00e1lida.<\/strong><\/p>\n<p style=\"text-align: justify\">Una vez que las inscripciones sean definitivamente cerradas, habr\u00e1 un proceso de validaci\u00f3n y <strong>se confirmar\u00e1 el registro a trav\u00e9s de un correo electr\u00f3nico<\/strong>.<\/p>\n<h3><strong>Formulario de Inscripci\u00f3n<\/strong><\/h3>\n<p><strong>\u00a1INSCRIPCI\u00d3N CERRADA!<\/strong><\/p>\n","protected":false},"excerpt":{"rendered":"<p>\u00bfC\u00f3mo me inscribo al ENIM? El proceso de hace por medio de un google forms. Este fue compartido en su fecha por los centros de estudiantes de cada universidad. Primero\u00a0deber\u00e1s completar las secciones iniciales del formulario que aparece en la p\u00e1gina con tus datos personales, e indicar la preferencia de cursos que desees. La informaci\u00f3n &hellip; <a href=\"https:\/\/eventos.cmm.uchile.cl\/enim2024\/inscripciones\/\" class=\"more-link\">Contin\u00fae leyendo <span class=\"screen-reader-text\">Inscripciones<\/span> <span class=\"meta-nav\">&rarr;<\/span><\/a><\/p>\n","protected":false},"author":2,"featured_media":0,"parent":0,"menu_order":5,"comment_status":"closed","ping_status":"closed","template":"","meta":{"inline_featured_image":false,"footnotes":""},"class_list":["post-18","page","type-page","status-publish","hentry"],"_links":{"self":[{"href":"https:\/\/eventos.cmm.uchile.cl\/enim2024\/wp-json\/wp\/v2\/pages\/18","targetHints":{"allow":["GET"]}}],"collection":[{"href":"https:\/\/eventos.cmm.uchile.cl\/enim2024\/wp-json\/wp\/v2\/pages"}],"about":[{"href":"https:\/\/eventos.cmm.uchile.cl\/enim2024\/wp-json\/wp\/v2\/types\/page"}],"author":[{"embeddable":true,"href":"https:\/\/eventos.cmm.uchile.cl\/enim2024\/wp-json\/wp\/v2\/users\/2"}],"replies":[{"embeddable":true,"href":"https:\/\/eventos.cmm.uchile.cl\/enim2024\/wp-json\/wp\/v2\/comments?post=18"}],"version-history":[{"count":14,"href":"https:\/\/eventos.cmm.uchile.cl\/enim2024\/wp-json\/wp\/v2\/pages\/18\/revisions"}],"predecessor-version":[{"id":355,"href":"https:\/\/eventos.cmm.uchile.cl\/enim2024\/wp-json\/wp\/v2\/pages\/18\/revisions\/355"}],"wp:attachment":[{"href":"https:\/\/eventos.cmm.uchile.cl\/enim2024\/wp-json\/wp\/v2\/media?parent=18"}],"curies":[{"name":"wp","href":"https:\/\/api.w.org\/{rel}","templated":true}]}}