{"id":26,"date":"2017-06-02T11:56:47","date_gmt":"2017-06-02T15:56:47","guid":{"rendered":"http:\/\/eventos.cmm.uchile.cl\/enim2024\/?page_id=26"},"modified":"2024-10-14T15:28:24","modified_gmt":"2024-10-14T18:28:24","slug":"abstracts","status":"publish","type":"page","link":"https:\/\/eventos.cmm.uchile.cl\/enim2024\/abstracts\/","title":{"rendered":"Tesis"},"content":{"rendered":"<p style=\"text-align: justify\">Dentro de las actividades del ENIM 2024 est\u00e1 la exposici\u00f3n de tesistas, enviados por los propios asistentes al evento.<\/p>\n<p style=\"text-align: justify\">Para poder participar, desde el lunes<span class=\"s1\"> <strong>23 de septiembre hasta el viernes<\/strong><strong> 18 de octubre\u00a0<\/strong>debes inscribirte en <a href=\"https:\/\/docs.google.com\/forms\/d\/e\/1FAIpQLSdbNbZLZeCZbe0OASaIHibmvju5PrkzW6nHPgJnjWCMi4wQAQ\/viewform?usp=sf_link\">este formulario<\/a>.<\/span><\/p>\n<p><a href=\"https:\/\/docs.google.com\/forms\/d\/e\/1FAIpQLSdbNbZLZeCZbe0OASaIHibmvju5PrkzW6nHPgJnjWCMi4wQAQ\/viewform?usp=sf_link\"><strong>\u00a1\u00a1Hemos extendido el plazo para participar una semana!!<\/strong><\/a><\/p>\n<p style=\"text-align: justify\">Los trabajos ser\u00e1n revisados por el <strong>Comit\u00e9 Acad\u00e9mico ENIM 2024<\/strong>, que\u00a0escoger\u00e1 los trabajos en consideraci\u00f3n a las bases, que son explicitadas a continuaci\u00f3n:<\/p>\n<ul>\n<li style=\"text-align: justify\">El tema principal del trabajo debe ser en torno a la matem\u00e1tica aplicada, si bien esto incluye a trabajos realizados en programas de Ingenier\u00eda Matem\u00e1tica, no excluye trabajos de estudiantes de otras carreras.<\/li>\n<li style=\"text-align: justify\">El expositor de tesis deber\u00e1 estar debidamente inscrito en los plazos definidos para ello. No se revisaran env\u00edos fuera del plazo.<\/li>\n<li style=\"text-align: justify\">Se tratar\u00e1 de buscar un balance entre temas, expositores de distinto g\u00e9nero y procedencia de universidades en santiago y en regiones.<\/li>\n<\/ul>\n<p style=\"text-align: justify\">La comisi\u00f3n organizadora del ENIM 2024 se reserva el derecho de admitir postulaciones que no respeten estas bases.<\/p>\n<h3 style=\"text-align: center\"><a href=\"https:\/\/docs.google.com\/forms\/d\/e\/1FAIpQLSdbNbZLZeCZbe0OASaIHibmvju5PrkzW6nHPgJnjWCMi4wQAQ\/viewform?usp=sf_link\">Forms para postular tu tesis<\/a><\/h3>\n","protected":false},"excerpt":{"rendered":"<p>Dentro de las actividades del ENIM 2024 est\u00e1 la exposici\u00f3n de tesistas, enviados por los propios asistentes al evento. Para poder participar, desde el lunes 23 de septiembre hasta el viernes 18 de octubre\u00a0debes inscribirte en este formulario. \u00a1\u00a1Hemos extendido el plazo para participar una semana!! Los trabajos ser\u00e1n revisados por el Comit\u00e9 Acad\u00e9mico ENIM &hellip; <a href=\"https:\/\/eventos.cmm.uchile.cl\/enim2024\/abstracts\/\" class=\"more-link\">Contin\u00fae leyendo <span class=\"screen-reader-text\">Tesis<\/span> <span class=\"meta-nav\">&rarr;<\/span><\/a><\/p>\n","protected":false},"author":2,"featured_media":0,"parent":0,"menu_order":6,"comment_status":"closed","ping_status":"closed","template":"","meta":{"inline_featured_image":false,"footnotes":""},"class_list":["post-26","page","type-page","status-publish","hentry"],"_links":{"self":[{"href":"https:\/\/eventos.cmm.uchile.cl\/enim2024\/wp-json\/wp\/v2\/pages\/26","targetHints":{"allow":["GET"]}}],"collection":[{"href":"https:\/\/eventos.cmm.uchile.cl\/enim2024\/wp-json\/wp\/v2\/pages"}],"about":[{"href":"https:\/\/eventos.cmm.uchile.cl\/enim2024\/wp-json\/wp\/v2\/types\/page"}],"author":[{"embeddable":true,"href":"https:\/\/eventos.cmm.uchile.cl\/enim2024\/wp-json\/wp\/v2\/users\/2"}],"replies":[{"embeddable":true,"href":"https:\/\/eventos.cmm.uchile.cl\/enim2024\/wp-json\/wp\/v2\/comments?post=26"}],"version-history":[{"count":14,"href":"https:\/\/eventos.cmm.uchile.cl\/enim2024\/wp-json\/wp\/v2\/pages\/26\/revisions"}],"predecessor-version":[{"id":318,"href":"https:\/\/eventos.cmm.uchile.cl\/enim2024\/wp-json\/wp\/v2\/pages\/26\/revisions\/318"}],"wp:attachment":[{"href":"https:\/\/eventos.cmm.uchile.cl\/enim2024\/wp-json\/wp\/v2\/media?parent=26"}],"curies":[{"name":"wp","href":"https:\/\/api.w.org\/{rel}","templated":true}]}}