{"id":367,"date":"2024-10-14T18:01:06","date_gmt":"2024-10-14T21:01:06","guid":{"rendered":"https:\/\/eventos.cmm.uchile.cl\/enim2024\/?page_id=367"},"modified":"2024-11-22T01:35:54","modified_gmt":"2024-11-22T04:35:54","slug":"probabilidades","status":"publish","type":"page","link":"https:\/\/eventos.cmm.uchile.cl\/enim2024\/probabilidades\/","title":{"rendered":"Secuencias crecientes en un mazo de cartas"},"content":{"rendered":"<p><img loading=\"lazy\" decoding=\"async\" class=\"alignnone wp-image-293\" src=\"https:\/\/eventos.cmm.uchile.cl\/enim2024\/wp-content\/uploads\/sites\/206\/2024\/10\/cartitas-300x167.png\" alt=\"\" width=\"974\" height=\"542\" srcset=\"https:\/\/eventos.cmm.uchile.cl\/enim2024\/wp-content\/uploads\/sites\/206\/2024\/10\/cartitas-300x167.png 300w, https:\/\/eventos.cmm.uchile.cl\/enim2024\/wp-content\/uploads\/sites\/206\/2024\/10\/cartitas-1024x571.png 1024w, https:\/\/eventos.cmm.uchile.cl\/enim2024\/wp-content\/uploads\/sites\/206\/2024\/10\/cartitas-768x428.png 768w, https:\/\/eventos.cmm.uchile.cl\/enim2024\/wp-content\/uploads\/sites\/206\/2024\/10\/cartitas.png 1382w\" sizes=\"auto, (max-width: 974px) 100vw, 974px\" \/><\/p>\n<h3><strong>Profesor:<\/strong> <a href=\"https:\/\/eventos.cmm.uchile.cl\/enim2024\/profesores\/#remenik\">Daniel Remenik<\/a><\/h3>\n<h3><strong>[Bloque A]<\/strong> 3 sesiones, cada d\u00eda de las 12h15 a las 13h30<\/h3>\n<p>Consideremos el siguiente juego. Se baraja un mazo de cartas enumeradas del 1 al 52, y luego se le pide buscar la subsucesi\u00f3n creciente m\u00e1s larga que pueda encontrar dentro del orden obtenido. Como premio obtendr\u00e1 un n\u00famero de pesos igual al n\u00famero de cartas en esta subsucesi\u00f3n. \u00bfCu\u00e1l es el valor esperado del premio obtenido? Y si ahora el mazo tiene n cartas, \u00bfqu\u00e9 pasa cuando n \u2192 \u221e? En este cursillo daremos algunas respuestas a esta pregunta, que corresponde a un problema cl\u00e1sico en probabilidades y combinatoria. El problema tiene conexiones inesperadas con otras \u00e1reas de las matem\u00e1ticas, y ha sido muy estudiado desde varias perspectivas. En el curso usaremos algunos m\u00e9todos probabil\u00edsticos para entender el problema, que a su vez son utilizados ampliamente en muchos otros problemas.<\/p>\n<h5><strong>Pre-requisitos sugeridos:<\/strong> Teor\u00eda de la medida, Procesos Estoc\u00e1sticos o Cadenas de Markov.<\/h5>\n<p>&nbsp;<\/p>\n","protected":false},"excerpt":{"rendered":"<p>Profesor: Daniel Remenik [Bloque A] 3 sesiones, cada d\u00eda de las 12h15 a las 13h30 Consideremos el siguiente juego. Se baraja un mazo de cartas enumeradas del 1 al 52, y luego se le pide buscar la subsucesi\u00f3n creciente m\u00e1s larga que pueda encontrar dentro del orden obtenido. Como premio obtendr\u00e1 un n\u00famero de pesos &hellip; <a href=\"https:\/\/eventos.cmm.uchile.cl\/enim2024\/probabilidades\/\" class=\"more-link\">Contin\u00fae leyendo <span class=\"screen-reader-text\">Secuencias crecientes en un mazo de cartas<\/span> <span class=\"meta-nav\">&rarr;<\/span><\/a><\/p>\n","protected":false},"author":120,"featured_media":0,"parent":0,"menu_order":0,"comment_status":"closed","ping_status":"closed","template":"","meta":{"inline_featured_image":false,"footnotes":""},"class_list":["post-367","page","type-page","status-publish","hentry"],"_links":{"self":[{"href":"https:\/\/eventos.cmm.uchile.cl\/enim2024\/wp-json\/wp\/v2\/pages\/367","targetHints":{"allow":["GET"]}}],"collection":[{"href":"https:\/\/eventos.cmm.uchile.cl\/enim2024\/wp-json\/wp\/v2\/pages"}],"about":[{"href":"https:\/\/eventos.cmm.uchile.cl\/enim2024\/wp-json\/wp\/v2\/types\/page"}],"author":[{"embeddable":true,"href":"https:\/\/eventos.cmm.uchile.cl\/enim2024\/wp-json\/wp\/v2\/users\/120"}],"replies":[{"embeddable":true,"href":"https:\/\/eventos.cmm.uchile.cl\/enim2024\/wp-json\/wp\/v2\/comments?post=367"}],"version-history":[{"count":3,"href":"https:\/\/eventos.cmm.uchile.cl\/enim2024\/wp-json\/wp\/v2\/pages\/367\/revisions"}],"predecessor-version":[{"id":646,"href":"https:\/\/eventos.cmm.uchile.cl\/enim2024\/wp-json\/wp\/v2\/pages\/367\/revisions\/646"}],"wp:attachment":[{"href":"https:\/\/eventos.cmm.uchile.cl\/enim2024\/wp-json\/wp\/v2\/media?parent=367"}],"curies":[{"name":"wp","href":"https:\/\/api.w.org\/{rel}","templated":true}]}}