{"id":372,"date":"2024-10-14T18:11:09","date_gmt":"2024-10-14T21:11:09","guid":{"rendered":"https:\/\/eventos.cmm.uchile.cl\/enim2024\/?page_id=372"},"modified":"2024-11-22T01:36:48","modified_gmt":"2024-11-22T04:36:48","slug":"redes","status":"publish","type":"page","link":"https:\/\/eventos.cmm.uchile.cl\/enim2024\/redes\/","title":{"rendered":"The Math Behind the Magic: Neural Networks, Theory and Practice"},"content":{"rendered":"<p><img loading=\"lazy\" decoding=\"async\" class=\"alignnone wp-image-294\" src=\"https:\/\/eventos.cmm.uchile.cl\/enim2024\/wp-content\/uploads\/sites\/206\/2024\/10\/machine-300x166.png\" alt=\"\" width=\"713\" height=\"394\" srcset=\"https:\/\/eventos.cmm.uchile.cl\/enim2024\/wp-content\/uploads\/sites\/206\/2024\/10\/machine-300x166.png 300w, https:\/\/eventos.cmm.uchile.cl\/enim2024\/wp-content\/uploads\/sites\/206\/2024\/10\/machine-1024x566.png 1024w, https:\/\/eventos.cmm.uchile.cl\/enim2024\/wp-content\/uploads\/sites\/206\/2024\/10\/machine-768x424.png 768w, https:\/\/eventos.cmm.uchile.cl\/enim2024\/wp-content\/uploads\/sites\/206\/2024\/10\/machine-1536x849.png 1536w, https:\/\/eventos.cmm.uchile.cl\/enim2024\/wp-content\/uploads\/sites\/206\/2024\/10\/machine.png 1542w\" sizes=\"auto, (max-width: 713px) 100vw, 713px\" \/><\/p>\n<h3><strong>Profesores:<\/strong> <a href=\"https:\/\/eventos.cmm.uchile.cl\/enim2024\/profesores\/#fontbona\">Joaquin Fontbona<\/a>, <a href=\"https:\/\/eventos.cmm.uchile.cl\/enim2024\/profesores\/#dolguin\">Diego Olgu\u00edn<\/a> &amp; <a href=\"https:\/\/eventos.cmm.uchile.cl\/enim2024\/profesores\/#xavi\">Javier Maass<\/a><\/h3>\n<h3><strong>[Bloque B]<\/strong> 3 sesiones, cada d\u00eda de las 16h30 a las 17h45<\/h3>\n<p>El curso tiene como objetivo abordar los resultados te\u00f3rico-matem\u00e1ticos m\u00e1s importantes de las redes neuronales, conect\u00e1ndolos con aplicaciones del mundo real. Se explorar\u00e1n conceptos clave como las arquitecturas de red, el teorema de aproximaci\u00f3n universal y la optimizaci\u00f3n mediante descenso de gradiente estoc\u00e1stico.<\/p>\n<p>Se combinar\u00e1n discusiones te\u00f3ricas con tutoriales pr\u00e1cticos, enfoc\u00e1ndose en la aplicaci\u00f3n de redes neuronales convolucionales para la clasificaci\u00f3n de im\u00e1genes, as\u00ed como en el uso de redes neuronales informadas por f\u00edsica (PINNs) para la simulaci\u00f3n de sistemas f\u00edsicos o regidos por ecuaciones diferenciales.<\/p>\n<p>Las actividades pr\u00e1cticas se desarrollar\u00e1n en PyTorch, por lo que se recomienda tener conocimientos intermedios de Python. Todo el trabajo de programaci\u00f3n se realizar\u00e1 en la nube, por lo que no ser\u00e1 necesario instalar ning\u00fan software para las sesiones. Adem\u00e1s, se abordar\u00e1n aspectos t\u00e9cnicos como GitHub y el uso de GPU, sin requerir experiencia previa.<\/p>\n<h5><strong>Conocimientos previos deseables:\u00a0<\/strong>Probabilidades, Python (intermedio).<\/h5>\n","protected":false},"excerpt":{"rendered":"<p>Profesores: Joaquin Fontbona, Diego Olgu\u00edn &amp; Javier Maass [Bloque B] 3 sesiones, cada d\u00eda de las 16h30 a las 17h45 El curso tiene como objetivo abordar los resultados te\u00f3rico-matem\u00e1ticos m\u00e1s importantes de las redes neuronales, conect\u00e1ndolos con aplicaciones del mundo real. Se explorar\u00e1n conceptos clave como las arquitecturas de red, el teorema de aproximaci\u00f3n universal &hellip; <a href=\"https:\/\/eventos.cmm.uchile.cl\/enim2024\/redes\/\" class=\"more-link\">Contin\u00fae leyendo <span class=\"screen-reader-text\">The Math Behind the Magic: Neural Networks, Theory and Practice<\/span> <span class=\"meta-nav\">&rarr;<\/span><\/a><\/p>\n","protected":false},"author":120,"featured_media":0,"parent":0,"menu_order":0,"comment_status":"closed","ping_status":"closed","template":"","meta":{"inline_featured_image":false,"footnotes":""},"class_list":["post-372","page","type-page","status-publish","hentry"],"_links":{"self":[{"href":"https:\/\/eventos.cmm.uchile.cl\/enim2024\/wp-json\/wp\/v2\/pages\/372","targetHints":{"allow":["GET"]}}],"collection":[{"href":"https:\/\/eventos.cmm.uchile.cl\/enim2024\/wp-json\/wp\/v2\/pages"}],"about":[{"href":"https:\/\/eventos.cmm.uchile.cl\/enim2024\/wp-json\/wp\/v2\/types\/page"}],"author":[{"embeddable":true,"href":"https:\/\/eventos.cmm.uchile.cl\/enim2024\/wp-json\/wp\/v2\/users\/120"}],"replies":[{"embeddable":true,"href":"https:\/\/eventos.cmm.uchile.cl\/enim2024\/wp-json\/wp\/v2\/comments?post=372"}],"version-history":[{"count":3,"href":"https:\/\/eventos.cmm.uchile.cl\/enim2024\/wp-json\/wp\/v2\/pages\/372\/revisions"}],"predecessor-version":[{"id":647,"href":"https:\/\/eventos.cmm.uchile.cl\/enim2024\/wp-json\/wp\/v2\/pages\/372\/revisions\/647"}],"wp:attachment":[{"href":"https:\/\/eventos.cmm.uchile.cl\/enim2024\/wp-json\/wp\/v2\/media?parent=372"}],"curies":[{"name":"wp","href":"https:\/\/api.w.org\/{rel}","templated":true}]}}