{"id":388,"date":"2024-10-14T18:52:09","date_gmt":"2024-10-14T21:52:09","guid":{"rendered":"https:\/\/eventos.cmm.uchile.cl\/enim2024\/?page_id=388"},"modified":"2024-10-14T19:11:45","modified_gmt":"2024-10-14T22:11:45","slug":"auditorio-detigny","status":"publish","type":"page","link":"https:\/\/eventos.cmm.uchile.cl\/enim2024\/auditorio-detigny\/","title":{"rendered":"Auditorio D&#8217;Etigny"},"content":{"rendered":"<p><img loading=\"lazy\" decoding=\"async\" class=\"alignnone wp-image-60\" src=\"https:\/\/eventos.cmm.uchile.cl\/enim2024\/wp-content\/uploads\/sites\/206\/2017\/06\/beauchef851_auditorio_venue01-300x99.jpg\" alt=\"\" width=\"791\" height=\"261\" srcset=\"https:\/\/eventos.cmm.uchile.cl\/enim2024\/wp-content\/uploads\/sites\/206\/2017\/06\/beauchef851_auditorio_venue01-300x99.jpg 300w, https:\/\/eventos.cmm.uchile.cl\/enim2024\/wp-content\/uploads\/sites\/206\/2017\/06\/beauchef851_auditorio_venue01.jpg 604w\" sizes=\"auto, (max-width: 791px) 100vw, 791px\" \/><\/p>\n<p><img loading=\"lazy\" decoding=\"async\" class=\"alignnone wp-image-67\" src=\"https:\/\/eventos.cmm.uchile.cl\/enim2024\/wp-content\/uploads\/sites\/206\/2017\/06\/b851_edificio_acceso_detigny02-300x164.png\" alt=\"Acceso Auditorio D'Etigny\" width=\"757\" height=\"414\" srcset=\"https:\/\/eventos.cmm.uchile.cl\/enim2024\/wp-content\/uploads\/sites\/206\/2017\/06\/b851_edificio_acceso_detigny02-300x164.png 300w, https:\/\/eventos.cmm.uchile.cl\/enim2024\/wp-content\/uploads\/sites\/206\/2017\/06\/b851_edificio_acceso_detigny02-768x419.png 768w, https:\/\/eventos.cmm.uchile.cl\/enim2024\/wp-content\/uploads\/sites\/206\/2017\/06\/b851_edificio_acceso_detigny02.png 880w\" sizes=\"auto, (max-width: 757px) 100vw, 757px\" \/><\/p>\n<p><b>Auditorio Enrique d&#8217;Etigny<\/b><br \/>\nFacultad de Ciencias F\u00edsicas y Matem\u00e1ticas<br \/>\nUniversidad de Chile<br \/>\nBeauchef 851,<br \/>\nSantiago\u00a0\u2013 Chile<\/p>\n<p>Desde la entrada principal por\u00a0Beauchef 851, ingresa al patio central y camina hacia la izquierda para acceder al Auditorio Enrique d&#8217;Etigny por una de las dos escaleras laterales.<\/p>\n<hr \/>\n<p>Este auditorio ubicado en Beauchef 851 debe su nombre en la memoria de Enrique d\u2019Etigny,(1926-2014), quien jug\u00f3 un papel protag\u00f3nico en la modernizaci\u00f3n de la Facultad de Ciencias F\u00edsicas y Matem\u00e1ticas (FCFM), pues moviliz\u00f3 voluntades para que se produjera el desarrollo de una nueva estructura organizacional donde se constituyeron departamentos con responsabilidades tanto docentes como del desarrollo de la ciencia y la investigaci\u00f3n. La capacidad de este moderno auditorio es de m\u00e1s de 100 personas. La caracter\u00edstica de este auditorio es que se encuentra en una construcci\u00f3n elevada dise\u00f1ado por A4 Arquitectos + Borja Huidobro. Esta arquitectura caracteristica caus\u00f3 que entre los estudiantes se le apodara &#8220;La Ara\u00f1a&#8221;<\/p>\n","protected":false},"excerpt":{"rendered":"<p>Auditorio Enrique d&#8217;Etigny Facultad de Ciencias F\u00edsicas y Matem\u00e1ticas Universidad de Chile Beauchef 851, Santiago\u00a0\u2013 Chile Desde la entrada principal por\u00a0Beauchef 851, ingresa al patio central y camina hacia la izquierda para acceder al Auditorio Enrique d&#8217;Etigny por una de las dos escaleras laterales. Este auditorio ubicado en Beauchef 851 debe su nombre en la &hellip; <a href=\"https:\/\/eventos.cmm.uchile.cl\/enim2024\/auditorio-detigny\/\" class=\"more-link\">Contin\u00fae leyendo <span class=\"screen-reader-text\">Auditorio D&#8217;Etigny<\/span> <span class=\"meta-nav\">&rarr;<\/span><\/a><\/p>\n","protected":false},"author":120,"featured_media":0,"parent":0,"menu_order":0,"comment_status":"closed","ping_status":"closed","template":"","meta":{"inline_featured_image":false,"footnotes":""},"class_list":["post-388","page","type-page","status-publish","hentry"],"_links":{"self":[{"href":"https:\/\/eventos.cmm.uchile.cl\/enim2024\/wp-json\/wp\/v2\/pages\/388","targetHints":{"allow":["GET"]}}],"collection":[{"href":"https:\/\/eventos.cmm.uchile.cl\/enim2024\/wp-json\/wp\/v2\/pages"}],"about":[{"href":"https:\/\/eventos.cmm.uchile.cl\/enim2024\/wp-json\/wp\/v2\/types\/page"}],"author":[{"embeddable":true,"href":"https:\/\/eventos.cmm.uchile.cl\/enim2024\/wp-json\/wp\/v2\/users\/120"}],"replies":[{"embeddable":true,"href":"https:\/\/eventos.cmm.uchile.cl\/enim2024\/wp-json\/wp\/v2\/comments?post=388"}],"version-history":[{"count":6,"href":"https:\/\/eventos.cmm.uchile.cl\/enim2024\/wp-json\/wp\/v2\/pages\/388\/revisions"}],"predecessor-version":[{"id":402,"href":"https:\/\/eventos.cmm.uchile.cl\/enim2024\/wp-json\/wp\/v2\/pages\/388\/revisions\/402"}],"wp:attachment":[{"href":"https:\/\/eventos.cmm.uchile.cl\/enim2024\/wp-json\/wp\/v2\/media?parent=388"}],"curies":[{"name":"wp","href":"https:\/\/api.w.org\/{rel}","templated":true}]}}