{"id":390,"date":"2024-10-14T18:51:14","date_gmt":"2024-10-14T21:51:14","guid":{"rendered":"https:\/\/eventos.cmm.uchile.cl\/enim2024\/?page_id=390"},"modified":"2024-10-14T19:11:37","modified_gmt":"2024-10-14T22:11:37","slug":"entrada-beauchef-851","status":"publish","type":"page","link":"https:\/\/eventos.cmm.uchile.cl\/enim2024\/entrada-beauchef-851\/","title":{"rendered":"Entrada Beauchef 851"},"content":{"rendered":"<p><img loading=\"lazy\" decoding=\"async\" class=\"alignnone wp-image-407 \" src=\"https:\/\/eventos.cmm.uchile.cl\/enim2024\/wp-content\/uploads\/sites\/206\/2024\/10\/beauchef-851-300x139.jpeg\" alt=\"\" width=\"913\" height=\"423\" srcset=\"https:\/\/eventos.cmm.uchile.cl\/enim2024\/wp-content\/uploads\/sites\/206\/2024\/10\/beauchef-851-300x139.jpeg 300w, https:\/\/eventos.cmm.uchile.cl\/enim2024\/wp-content\/uploads\/sites\/206\/2024\/10\/beauchef-851-768x355.jpeg 768w, https:\/\/eventos.cmm.uchile.cl\/enim2024\/wp-content\/uploads\/sites\/206\/2024\/10\/beauchef-851.jpeg 960w\" sizes=\"auto, (max-width: 913px) 100vw, 913px\" \/><\/p>\n<p><b>Entrada Beauchef 851<\/b><br \/>\nFacultad de Ciencias F\u00edsicas y Matem\u00e1ticas<br \/>\nUniversidad de Chile<br \/>\nBeauchef 851,<br \/>\nSantiago\u00a0\u2013 Chile<\/p>\n<p>Emplazado en la calle beauchef 851, Santiago. El mes\u00f3n de acreditaci\u00f3n se encontrar\u00e1 a la derecha una vez pasados los torniquetes.<\/p>\n<hr \/>\n<p>Beauchef 851 fue el proyecto de infraestructura m\u00e1s importante que la Facultad de Ciencias F\u00edsicas y Matem\u00e1ticas desarroll\u00f3 luego de la construcci\u00f3n del Edificio Escuela (Beauchef 850) en 1922. El complejo cuenta con 55.000 m2 aproximadamente de terreno, el cual expandi\u00f3 en un 50% la infraestructura del campus.<\/p>\n<p>El complejo de edificios, de siete pisos sobre superficie y seis en subterr\u00e1neo, cuenta con salas de clases, laboratorios, oficinas, espacios deportivos y de recreaci\u00f3n, piscina y estacionamientos que incluyen espacios destinados exclusivamente para bicicletas y veh\u00edculos h\u00edbridos. En su torre norte, se encuentra el Departamento de Ingenier\u00eda Matem\u00e1tica (4to piso) as\u00ed como el Centro de Modelamiento Matem\u00e1tico (6to piso).<\/p>\n<p>Una de las caracter\u00edsticas que destacan en este complejo, adem\u00e1s de su belleza arquitect\u00f3nica, es la eficiencia energ\u00e9tica incorporada en el dise\u00f1o, construcci\u00f3n y operaci\u00f3n de la obra.\u00a0 En sus diversos sistemas, como iluminaci\u00f3n exterior e interior, calefacci\u00f3n y refrigeraci\u00f3n, logra un ahorro energ\u00e9tico de un 50% con respecto a un edificio tradicional en Chile. Tambi\u00e9n incorpora el uso de energ\u00edas renovables no convencionales, reutilizaci\u00f3n de aguas grises para regar los jardines del campus, \u00a0y cristales en las fachadas y doble piel que permite el uso de luz natural, entre otras. Por ello, el edificio se encuentra en\u00a0 proceso de certificaci\u00f3n bajo los exigentes est\u00e1ndares LEED del Consejo de Edificios Verdes de Estados Unidos (U.S. Green Building Council, USGBC). Distinci\u00f3n que solo posee un selecto grupo de edificaciones a nivel mundial y, en Chile, Beauchef 851 ser\u00eda el primer proyecto educacional en obtenerla.<\/p>\n<p>Este mega-proyecto, que llev\u00f3 m\u00e1s de tres a\u00f1os de gestaci\u00f3n, fue dise\u00f1ado por A4 Arquitectos + Borja Huidobro y su ejecuci\u00f3n estuvo a cargo de la empresa constructora INGEVEC. Las labores de construcci\u00f3n comenzaron en marzo del 2011 y su inauguraci\u00f3n oficial se llev\u00f3 a cabo el 25 de noviembre de 2014.<\/p>\n<p>&nbsp;<\/p>\n","protected":false},"excerpt":{"rendered":"<p>Entrada Beauchef 851 Facultad de Ciencias F\u00edsicas y Matem\u00e1ticas Universidad de Chile Beauchef 851, Santiago\u00a0\u2013 Chile Emplazado en la calle beauchef 851, Santiago. El mes\u00f3n de acreditaci\u00f3n se encontrar\u00e1 a la derecha una vez pasados los torniquetes. Beauchef 851 fue el proyecto de infraestructura m\u00e1s importante que la Facultad de Ciencias F\u00edsicas y Matem\u00e1ticas desarroll\u00f3 &hellip; <a href=\"https:\/\/eventos.cmm.uchile.cl\/enim2024\/entrada-beauchef-851\/\" class=\"more-link\">Contin\u00fae leyendo <span class=\"screen-reader-text\">Entrada Beauchef 851<\/span> <span class=\"meta-nav\">&rarr;<\/span><\/a><\/p>\n","protected":false},"author":120,"featured_media":0,"parent":0,"menu_order":0,"comment_status":"closed","ping_status":"closed","template":"","meta":{"inline_featured_image":false,"footnotes":""},"class_list":["post-390","page","type-page","status-publish","hentry"],"_links":{"self":[{"href":"https:\/\/eventos.cmm.uchile.cl\/enim2024\/wp-json\/wp\/v2\/pages\/390","targetHints":{"allow":["GET"]}}],"collection":[{"href":"https:\/\/eventos.cmm.uchile.cl\/enim2024\/wp-json\/wp\/v2\/pages"}],"about":[{"href":"https:\/\/eventos.cmm.uchile.cl\/enim2024\/wp-json\/wp\/v2\/types\/page"}],"author":[{"embeddable":true,"href":"https:\/\/eventos.cmm.uchile.cl\/enim2024\/wp-json\/wp\/v2\/users\/120"}],"replies":[{"embeddable":true,"href":"https:\/\/eventos.cmm.uchile.cl\/enim2024\/wp-json\/wp\/v2\/comments?post=390"}],"version-history":[{"count":3,"href":"https:\/\/eventos.cmm.uchile.cl\/enim2024\/wp-json\/wp\/v2\/pages\/390\/revisions"}],"predecessor-version":[{"id":410,"href":"https:\/\/eventos.cmm.uchile.cl\/enim2024\/wp-json\/wp\/v2\/pages\/390\/revisions\/410"}],"wp:attachment":[{"href":"https:\/\/eventos.cmm.uchile.cl\/enim2024\/wp-json\/wp\/v2\/media?parent=390"}],"curies":[{"name":"wp","href":"https:\/\/api.w.org\/{rel}","templated":true}]}}