{"id":392,"date":"2024-10-14T18:51:35","date_gmt":"2024-10-14T21:51:35","guid":{"rendered":"https:\/\/eventos.cmm.uchile.cl\/enim2024\/?page_id=392"},"modified":"2024-12-14T23:43:03","modified_gmt":"2024-12-15T02:43:03","slug":"salas","status":"publish","type":"page","link":"https:\/\/eventos.cmm.uchile.cl\/enim2024\/salas\/","title":{"rendered":"Salas"},"content":{"rendered":"<h2 id=\"b204\"><strong>B204 &#8211; Segundo piso, torre norte<\/strong><\/h2>\n<h6>\ud83d\udcda <a href=\"https:\/\/eventos.cmm.uchile.cl\/enim2024\/grafos\/\">Introducci\u00f3n a la Teor\u00eda L\u00edmite de Grafos<\/a> | Bloque A (ma\u00f1ana)<br \/>\n\ud83d\udcda <a href=\"https:\/\/eventos.cmm.uchile.cl\/enim2024\/redes\/\">The Math Behind the Magic: Neural Networks, Theory and Practice<\/a>| Bloque B (tarde)<\/h6>\n<h6><\/h6>\n[Foto]\n\ud83d\udccdDesde la entrada a Beauchef 851, doblar a la derecha para entrar a la torre norte. Subiendo al segundo piso por las escaleras o por el ascensor, la sala se encuentra en el lado poniente del edificio.<\/p>\n<hr \/>\n<h2 id=\"b04\"><strong>B04 &#8211; Piso -1, Beauchef 851<\/strong><\/h2>\n<h6>\ud83d\udcda <a href=\"https:\/\/eventos.cmm.uchile.cl\/enim2024\/probabilidades\/\">Secuencias crecientes en un mazo de cartas<\/a> | Bloque A (ma\u00f1ana)<br \/>\n\ud83d\udcda<a href=\"https:\/\/eventos.cmm.uchile.cl\/enim2024\/geodiff\/\"> Una introducci\u00f3n a superficies minimales y aplicaciones<\/a> | Bloque B (tarde)<\/h6>\n[Foto]\n\ud83d\udccdDesde la entrada a Beauchef 851, dirigirse al centro del patio para bajar por la escalera de caracol. Una vez en el piso -1, doblar a la derecha. La sala se encuentra en el lado oriente del edificio.<\/p>\n<hr \/>\n<h2 id=\"b05\"><strong>B05 &#8211; Piso -1, Beauchef 851<\/strong><\/h2>\n<h6>\ud83d\udcda <a href=\"https:\/\/eventos.cmm.uchile.cl\/enim2024\/historia\/\">Algunas Aventuras de la Historia de las Matem\u00e1ticas<\/a> | Bloque A (ma\u00f1ana)<br \/>\n\ud83d\udcda <a href=\"https:\/\/eventos.cmm.uchile.cl\/enim2024\/optimizacion\/\">Acciones Afirmativas en Sistemas de Admisi\u00f3n Escolar y Universitaria<\/a> | Bloque B (tarde)<\/h6>\n[Foto]\n\ud83d\udccdDesde la entrada a Beauchef 851, doblar a la derecha para tomar las escaleras hac\u00eda el piso -1. Una vez abajo, tomar el pasillo derecho para llegar a la sala. La sala se encuentra en el lado poniente del edificio.<\/p>\n<hr \/>\n<p>&nbsp;<\/p>\n","protected":false},"excerpt":{"rendered":"<p>B204 &#8211; Segundo piso, torre norte \ud83d\udcda Introducci\u00f3n a la Teor\u00eda L\u00edmite de Grafos | Bloque A (ma\u00f1ana) \ud83d\udcda The Math Behind the Magic: Neural Networks, Theory and Practice| Bloque B (tarde) [Foto] \ud83d\udccdDesde la entrada a Beauchef 851, doblar a la derecha para entrar a la torre norte. Subiendo al segundo piso por las &hellip; <a href=\"https:\/\/eventos.cmm.uchile.cl\/enim2024\/salas\/\" class=\"more-link\">Contin\u00fae leyendo <span class=\"screen-reader-text\">Salas<\/span> <span class=\"meta-nav\">&rarr;<\/span><\/a><\/p>\n","protected":false},"author":120,"featured_media":0,"parent":0,"menu_order":0,"comment_status":"closed","ping_status":"closed","template":"","meta":{"inline_featured_image":false,"footnotes":""},"class_list":["post-392","page","type-page","status-publish","hentry"],"_links":{"self":[{"href":"https:\/\/eventos.cmm.uchile.cl\/enim2024\/wp-json\/wp\/v2\/pages\/392","targetHints":{"allow":["GET"]}}],"collection":[{"href":"https:\/\/eventos.cmm.uchile.cl\/enim2024\/wp-json\/wp\/v2\/pages"}],"about":[{"href":"https:\/\/eventos.cmm.uchile.cl\/enim2024\/wp-json\/wp\/v2\/types\/page"}],"author":[{"embeddable":true,"href":"https:\/\/eventos.cmm.uchile.cl\/enim2024\/wp-json\/wp\/v2\/users\/120"}],"replies":[{"embeddable":true,"href":"https:\/\/eventos.cmm.uchile.cl\/enim2024\/wp-json\/wp\/v2\/comments?post=392"}],"version-history":[{"count":9,"href":"https:\/\/eventos.cmm.uchile.cl\/enim2024\/wp-json\/wp\/v2\/pages\/392\/revisions"}],"predecessor-version":[{"id":722,"href":"https:\/\/eventos.cmm.uchile.cl\/enim2024\/wp-json\/wp\/v2\/pages\/392\/revisions\/722"}],"wp:attachment":[{"href":"https:\/\/eventos.cmm.uchile.cl\/enim2024\/wp-json\/wp\/v2\/media?parent=392"}],"curies":[{"name":"wp","href":"https:\/\/api.w.org\/{rel}","templated":true}]}}