{"id":440,"date":"2024-10-15T15:06:34","date_gmt":"2024-10-15T18:06:34","guid":{"rendered":"https:\/\/eventos.cmm.uchile.cl\/enim2024\/?page_id=440"},"modified":"2024-10-15T15:23:23","modified_gmt":"2024-10-15T18:23:23","slug":"rezagadas","status":"publish","type":"page","link":"https:\/\/eventos.cmm.uchile.cl\/enim2024\/rezagadas\/","title":{"rendered":"Inscripciones Rezagadas"},"content":{"rendered":"<p style=\"text-align: justify\">Nos complace anunciar que<\/p>\n<p><strong><a href=\"https:\/\/docs.google.com\/forms\/d\/e\/1FAIpQLScUM21RQJOLstiHMhhylfVkyjMtN-xEs_lDuYJJWSN3Is2GBA\/viewform?usp=sf_link\">\u00a1\u00a1Hemos abierto un plazo para inscripciones rezagadas!!<\/a><\/strong><\/p>\n<p style=\"text-align: justify\"><span class=\"s1\">Este plazo estar\u00e1 disponible <strong>hasta el d\u00eda viernes 18 de octubre<\/strong> bajo las siguientes condiciones:<\/span><\/p>\n<ul>\n<li style=\"text-align: justify\">Actualmente tenemos 270 inscritos, y una capacidad m\u00e1xima de 300 personas, por lo que <strong>s\u00f3lo hay 30 cupos rezagados<\/strong>. En caso de superarse esta cifra, se decidir\u00e1 por orden de llegada.<\/li>\n<li style=\"text-align: justify\">S\u00f3lo es posible inscribirse en los cursillos que a\u00fan tienen cupo, estos son:\n<ul>\n<li>[Bloque A]\u00a0<a href=\"https:\/\/eventos.cmm.uchile.cl\/enim2024\/historia\/\">Algunas Aventuras de la Historia de las Matem\u00e1ticas.<\/a><\/li>\n<li>[Bloque B] <a href=\"https:\/\/eventos.cmm.uchile.cl\/enim2024\/optimizacion\/\">Acciones Afirmativas en Sistemas de Admisi\u00f3n Escolar y Universitaria.<\/a><\/li>\n<\/ul>\n<\/li>\n<li style=\"text-align: justify\">Recordamos que no es obligatorio inscribirse en los cursillos para participar del ENIM.<\/li>\n<li>Si no eres estudiante de ingenier\u00eda matem\u00e1tica, es posible inscribirte.<\/li>\n<\/ul>\n<p style=\"text-align: justify\">La comisi\u00f3n organizadora del ENIM 2024 se reserva el derecho de admitir postulaciones que no respeten estas bases.<\/p>\n<h3 style=\"text-align: center\"><a href=\"https:\/\/docs.google.com\/forms\/d\/e\/1FAIpQLScUM21RQJOLstiHMhhylfVkyjMtN-xEs_lDuYJJWSN3Is2GBA\/viewform?usp=sf_link\">Forms para la inscripci\u00f3n.<\/a><\/h3>\n","protected":false},"excerpt":{"rendered":"<p>Nos complace anunciar que \u00a1\u00a1Hemos abierto un plazo para inscripciones rezagadas!! Este plazo estar\u00e1 disponible hasta el d\u00eda viernes 18 de octubre bajo las siguientes condiciones: Actualmente tenemos 270 inscritos, y una capacidad m\u00e1xima de 300 personas, por lo que s\u00f3lo hay 30 cupos rezagados. En caso de superarse esta cifra, se decidir\u00e1 por orden &hellip; <a href=\"https:\/\/eventos.cmm.uchile.cl\/enim2024\/rezagadas\/\" class=\"more-link\">Contin\u00fae leyendo <span class=\"screen-reader-text\">Inscripciones Rezagadas<\/span> <span class=\"meta-nav\">&rarr;<\/span><\/a><\/p>\n","protected":false},"author":120,"featured_media":0,"parent":0,"menu_order":0,"comment_status":"closed","ping_status":"closed","template":"","meta":{"inline_featured_image":false,"footnotes":""},"class_list":["post-440","page","type-page","status-publish","hentry"],"_links":{"self":[{"href":"https:\/\/eventos.cmm.uchile.cl\/enim2024\/wp-json\/wp\/v2\/pages\/440","targetHints":{"allow":["GET"]}}],"collection":[{"href":"https:\/\/eventos.cmm.uchile.cl\/enim2024\/wp-json\/wp\/v2\/pages"}],"about":[{"href":"https:\/\/eventos.cmm.uchile.cl\/enim2024\/wp-json\/wp\/v2\/types\/page"}],"author":[{"embeddable":true,"href":"https:\/\/eventos.cmm.uchile.cl\/enim2024\/wp-json\/wp\/v2\/users\/120"}],"replies":[{"embeddable":true,"href":"https:\/\/eventos.cmm.uchile.cl\/enim2024\/wp-json\/wp\/v2\/comments?post=440"}],"version-history":[{"count":2,"href":"https:\/\/eventos.cmm.uchile.cl\/enim2024\/wp-json\/wp\/v2\/pages\/440\/revisions"}],"predecessor-version":[{"id":442,"href":"https:\/\/eventos.cmm.uchile.cl\/enim2024\/wp-json\/wp\/v2\/pages\/440\/revisions\/442"}],"wp:attachment":[{"href":"https:\/\/eventos.cmm.uchile.cl\/enim2024\/wp-json\/wp\/v2\/media?parent=440"}],"curies":[{"name":"wp","href":"https:\/\/api.w.org\/{rel}","templated":true}]}}