{"id":445,"date":"2024-10-15T17:07:26","date_gmt":"2024-10-15T20:07:26","guid":{"rendered":"https:\/\/eventos.cmm.uchile.cl\/enim2024\/?page_id=445"},"modified":"2024-10-15T17:07:26","modified_gmt":"2024-10-15T20:07:26","slug":"programa","status":"publish","type":"page","link":"https:\/\/eventos.cmm.uchile.cl\/enim2024\/programa\/","title":{"rendered":"Programa"},"content":{"rendered":"<p>En esta secci\u00f3n podr\u00e1s encontrar p\u00e1ginas con toda la informaci\u00f3n relevante sobre los eventos que se llevar\u00e1n a cabo en el ENIM 2024.<\/p>\n<hr \/>\n<p>&nbsp;<\/p>\n","protected":false},"excerpt":{"rendered":"<p>En esta secci\u00f3n podr\u00e1s encontrar p\u00e1ginas con toda la informaci\u00f3n relevante sobre los eventos que se llevar\u00e1n a cabo en el ENIM 2024. &nbsp;<\/p>\n","protected":false},"author":120,"featured_media":0,"parent":0,"menu_order":0,"comment_status":"closed","ping_status":"closed","template":"","meta":{"inline_featured_image":false,"footnotes":""},"class_list":["post-445","page","type-page","status-publish","hentry"],"_links":{"self":[{"href":"https:\/\/eventos.cmm.uchile.cl\/enim2024\/wp-json\/wp\/v2\/pages\/445","targetHints":{"allow":["GET"]}}],"collection":[{"href":"https:\/\/eventos.cmm.uchile.cl\/enim2024\/wp-json\/wp\/v2\/pages"}],"about":[{"href":"https:\/\/eventos.cmm.uchile.cl\/enim2024\/wp-json\/wp\/v2\/types\/page"}],"author":[{"embeddable":true,"href":"https:\/\/eventos.cmm.uchile.cl\/enim2024\/wp-json\/wp\/v2\/users\/120"}],"replies":[{"embeddable":true,"href":"https:\/\/eventos.cmm.uchile.cl\/enim2024\/wp-json\/wp\/v2\/comments?post=445"}],"version-history":[{"count":1,"href":"https:\/\/eventos.cmm.uchile.cl\/enim2024\/wp-json\/wp\/v2\/pages\/445\/revisions"}],"predecessor-version":[{"id":446,"href":"https:\/\/eventos.cmm.uchile.cl\/enim2024\/wp-json\/wp\/v2\/pages\/445\/revisions\/446"}],"wp:attachment":[{"href":"https:\/\/eventos.cmm.uchile.cl\/enim2024\/wp-json\/wp\/v2\/media?parent=445"}],"curies":[{"name":"wp","href":"https:\/\/api.w.org\/{rel}","templated":true}]}}