{"id":478,"date":"2024-10-30T12:50:24","date_gmt":"2024-10-30T15:50:24","guid":{"rendered":"https:\/\/eventos.cmm.uchile.cl\/enim2024\/?page_id=478"},"modified":"2024-10-30T12:50:24","modified_gmt":"2024-10-30T15:50:24","slug":"biblioteca","status":"publish","type":"page","link":"https:\/\/eventos.cmm.uchile.cl\/enim2024\/biblioteca\/","title":{"rendered":"Biblioteca Central"},"content":{"rendered":"<p>&nbsp;<\/p>\n<p><img loading=\"lazy\" decoding=\"async\" class=\"alignnone wp-image-479 \" src=\"https:\/\/eventos.cmm.uchile.cl\/enim2024\/wp-content\/uploads\/sites\/206\/2024\/10\/biblioteca-300x200.jpg\" alt=\"\" width=\"824\" height=\"550\" srcset=\"https:\/\/eventos.cmm.uchile.cl\/enim2024\/wp-content\/uploads\/sites\/206\/2024\/10\/biblioteca-300x200.jpg 300w, https:\/\/eventos.cmm.uchile.cl\/enim2024\/wp-content\/uploads\/sites\/206\/2024\/10\/biblioteca-768x512.jpg 768w, https:\/\/eventos.cmm.uchile.cl\/enim2024\/wp-content\/uploads\/sites\/206\/2024\/10\/biblioteca.jpg 1000w\" sizes=\"auto, (max-width: 824px) 100vw, 824px\" \/><\/p>\n<p><b>Biblioteca Central<\/b><br \/>\nFacultad de Ciencias F\u00edsicas y Matem\u00e1ticas<br \/>\nUniversidad de Chile<br \/>\nBeauchef 850,<br \/>\nSantiago\u00a0\u2013 Chile<\/p>\n<p>Desde la entrada principal por Beauchef 850, ingresa al edificio escuela y dobla hacia la izquierda en la estuatua de Minerva (&#8220;La mona&#8221;) para encontrar la entrada a la biblioteca.<\/p>\n<hr \/>\n<p>La Biblioteca Central de la Facultad de Ciencias F\u00edsicas y Matem\u00e1ticas de la Universidad de Chile entrega servicios innovadores de apoyo al aprendizaje, la docencia y la investigaci\u00f3n, proporcionando acceso a recursos de informaci\u00f3n de alto impacto en las \u00e1reas de ciencias f\u00edsicas, matem\u00e1ticas e ingenier\u00eda.<\/p>\n<p>Posee amplios espacios para el estudio individual y colectivo, ya que cuenta con seis mil metros cuadrados distribuidos en cinco niveles, 500 puestos de trabajo, cobertura a red inal\u00e1mbrica, salas de trabajo y sala audiovisual.<\/p>\n<p>Su colecci\u00f3n bibliogr\u00e1fica alcanza m\u00e1s de 120 mil vol\u00famenes de libros en estanter\u00edas abiertas, tres mil t\u00edtulos de revistas impresas y m\u00e1s de 52 mil digitales, 30 computadores port\u00e1tiles, 50 calculadoras cient\u00edficas y 15 terminales de consulta.<\/p>\n<hr \/>\n<p><strong>P\u00e9ndulo de Foucault<\/strong><\/p>\n<p><img loading=\"lazy\" decoding=\"async\" class=\"alignnone  wp-image-480\" src=\"https:\/\/eventos.cmm.uchile.cl\/enim2024\/wp-content\/uploads\/sites\/206\/2024\/10\/pendulo-300x200.jpg\" alt=\"\" width=\"716\" height=\"477\" srcset=\"https:\/\/eventos.cmm.uchile.cl\/enim2024\/wp-content\/uploads\/sites\/206\/2024\/10\/pendulo-300x200.jpg 300w, https:\/\/eventos.cmm.uchile.cl\/enim2024\/wp-content\/uploads\/sites\/206\/2024\/10\/pendulo-768x512.jpg 768w, https:\/\/eventos.cmm.uchile.cl\/enim2024\/wp-content\/uploads\/sites\/206\/2024\/10\/pendulo.jpg 1000w\" sizes=\"auto, (max-width: 716px) 100vw, 716px\" \/><\/p>\n<p>El p\u00e9ndulo de Foucault fue el instrumento que emple\u00f3 el f\u00edsico franc\u00e9s Jean Bernard Le\u00f3n Foucault (1819-1868) para demostrar visualmente la rotaci\u00f3n de la Tierra. \u00c9ste consta de una esfera pesada colgada de un cable met\u00e1lico. Su plano de oscilaci\u00f3n gira por efecto de la rotaci\u00f3n terrestre, con una velocidad angular correspondiente a 8.3 grados por hora en Santiago de Chile.<\/p>\n<p>El 3 de noviembre de 2017, en el marco de la celebraci\u00f3n de sus 175 a\u00f1os, la Facultad de Ciencias F\u00edsicas y Matem\u00e1ticas de la Universidad de Chile inaugur\u00f3 un p\u00e9ndulo de Foucault en el hall de la Biblioteca Central, el cual tiene un largo aproximado de 18 m. La esfera tiene 30 cm de di\u00e1metro con un peso de 100 kg. la que est\u00e1 unida a un cable de 4mm.<\/p>\n","protected":false},"excerpt":{"rendered":"<p>&nbsp; Biblioteca Central Facultad de Ciencias F\u00edsicas y Matem\u00e1ticas Universidad de Chile Beauchef 850, Santiago\u00a0\u2013 Chile Desde la entrada principal por Beauchef 850, ingresa al edificio escuela y dobla hacia la izquierda en la estuatua de Minerva (&#8220;La mona&#8221;) para encontrar la entrada a la biblioteca. La Biblioteca Central de la Facultad de Ciencias F\u00edsicas &hellip; <a href=\"https:\/\/eventos.cmm.uchile.cl\/enim2024\/biblioteca\/\" class=\"more-link\">Contin\u00fae leyendo <span class=\"screen-reader-text\">Biblioteca Central<\/span> <span class=\"meta-nav\">&rarr;<\/span><\/a><\/p>\n","protected":false},"author":120,"featured_media":0,"parent":0,"menu_order":0,"comment_status":"closed","ping_status":"closed","template":"","meta":{"inline_featured_image":false,"footnotes":""},"class_list":["post-478","page","type-page","status-publish","hentry"],"_links":{"self":[{"href":"https:\/\/eventos.cmm.uchile.cl\/enim2024\/wp-json\/wp\/v2\/pages\/478","targetHints":{"allow":["GET"]}}],"collection":[{"href":"https:\/\/eventos.cmm.uchile.cl\/enim2024\/wp-json\/wp\/v2\/pages"}],"about":[{"href":"https:\/\/eventos.cmm.uchile.cl\/enim2024\/wp-json\/wp\/v2\/types\/page"}],"author":[{"embeddable":true,"href":"https:\/\/eventos.cmm.uchile.cl\/enim2024\/wp-json\/wp\/v2\/users\/120"}],"replies":[{"embeddable":true,"href":"https:\/\/eventos.cmm.uchile.cl\/enim2024\/wp-json\/wp\/v2\/comments?post=478"}],"version-history":[{"count":1,"href":"https:\/\/eventos.cmm.uchile.cl\/enim2024\/wp-json\/wp\/v2\/pages\/478\/revisions"}],"predecessor-version":[{"id":481,"href":"https:\/\/eventos.cmm.uchile.cl\/enim2024\/wp-json\/wp\/v2\/pages\/478\/revisions\/481"}],"wp:attachment":[{"href":"https:\/\/eventos.cmm.uchile.cl\/enim2024\/wp-json\/wp\/v2\/media?parent=478"}],"curies":[{"name":"wp","href":"https:\/\/api.w.org\/{rel}","templated":true}]}}