{"id":531,"date":"2024-11-13T23:52:35","date_gmt":"2024-11-14T02:52:35","guid":{"rendered":"https:\/\/eventos.cmm.uchile.cl\/enim2024\/?page_id=531"},"modified":"2024-12-04T13:21:08","modified_gmt":"2024-12-04T16:21:08","slug":"destacados","status":"publish","type":"page","link":"https:\/\/eventos.cmm.uchile.cl\/enim2024\/destacados\/","title":{"rendered":"Invitados destacados"},"content":{"rendered":"<div class=\"su-divider su-divider-style-default\" style=\"margin:15px 0;border-width:3px;border-color:#EE3124\"><\/div>\n<h1 id=\"francisco\"><strong>Francisco Mart\u00ednez Concha<\/strong><\/h1>\n<h6>Decano de la Facultad de Ciencias F\u00edsicas y Matem\u00e1ticas | <a href=\"https:\/\/ingenieria.uchile.cl\/sobre-la-fcfm\/organizacion\/personas\/cuerpo-academico\/ingenieria-civil?qui_id=1698\">Perfil acad\u00e9mico<\/a><\/h6>\n<p><img loading=\"lazy\" decoding=\"async\" class=\"alignright size-full wp-image-685\" src=\"https:\/\/eventos.cmm.uchile.cl\/enim2024\/wp-content\/uploads\/sites\/206\/2024\/12\/martinez_francisco_01.jpg\" alt=\"Francisco Mart\u00ednez\" width=\"200\" height=\"240\" \/><\/p>\n<p>El Profesor Francisco Mart\u00ednez Concha es ingeniero civil de la Universidad de Chile, y Master of arts y Ph.d. de la Universidad de Leeds, Inglaterra. Desde 1986 ha sido acad\u00e9mico de la FCFM, en donde ha ejercido diversos cargos administrativos como: director del Departamento de Ingenier\u00eda Civil; coordinador del Programa de Cursos Externos; de Postgrado y del Mag\u00edster en Ingenier\u00eda de Transporte del mismo departamento, entre otros. Asimismo, en su destacada trayectoria acad\u00e9mica tambi\u00e9n ha desempe\u00f1ado varios cargos en la Universidad de Chile: como vicerrector de Asuntos Econ\u00f3micos y de Gesti\u00f3n Institucional, miembro del Comit\u00e9 Asesor del Departamento de Investigaci\u00f3n y Desarrollo de nuestra casa de estudios, vicepresidente de la Comisi\u00f3n de Proyecto Institucional, CPI, senador transversal y asesor de los rectores V\u00edctor P\u00e9rez y Ennio Vivaldi.<\/p>\n<p>En tanto, a nivel nacional, fue jefe de la Divisi\u00f3n de Educaci\u00f3n Superior del Ministerio de Educaci\u00f3n, miembro del Consejo de Conicyt y de la Comisi\u00f3n Nacional de Acreditaci\u00f3n, presidente y vicepresidente de la Sociedad Chilena de Ingenier\u00eda de Transporte (Sochitran), y miembro del Grupo Ingenier\u00eda 1 de Conicyt, entre otros.<\/p>\n<p>Su \u00e1rea de investigaci\u00f3n es el funcionamiento y evoluci\u00f3n de la ciudad, con inter\u00e9s en la econom\u00eda urbana y la din\u00e1mica de los sistemas urbanos, modelos de localizaci\u00f3n, la interacci\u00f3n entre el transporte y el uso de suelo, la accesibilidad, y los m\u00e9todos de evaluaci\u00f3n de pol\u00edticas de gesti\u00f3n urbana. El Prof. Mart\u00ednez es el creador del modelo de uso de suelo de Santiago, MUSSA, que ha sido aplicado en diversas ciudades del mundo, como Minneapolis, Boston, Par\u00eds y Berl\u00edn, entre otras, y se utiliza en docencia en varias universidades del mundo. Tambi\u00e9n ha trabajado en teoria de distribuci\u00f3n de la riqueza, investigando en derechos de consumo.<\/p>\n<p>Ha realizado visitas acad\u00e9micas a las universidades de MIT, Washington y California-Davis en Estados Unidos; de Lyon en Francia; de Leeds, University College of London, Cambridge, Cardiff y de West England en Reino Unido; de Tokyo, Nagoya y Yokohama en Jap\u00f3n; de Monarch y Sydney en Australia; entre otras.<\/p>\n<p>Adem\u00e1s, ha participado en proyectos de investigaci\u00f3n internacionales, como el Risk habitat megacities con el Instituto Helmholts de Alemania y en el Smart Singapore-MIT alliance for research and technology.<\/p>\n<p>En 2011 fue nombrado Profesor Titular de la Universidad de Chile. En 2018 asumi\u00f3 como decano de la FCFM.<\/p>\n<p>En 2018 asumi\u00f3 como decano de la FCFM y en 2022 fue reelecto por un segundo periodo.<\/p>\n<p>&nbsp;<\/p>\n<div class=\"su-divider su-divider-style-default\" style=\"margin:15px 0;border-width:3px;border-color:#EE3124\"><a href=\"#\" style=\"color:#999999\">Volver arriba<\/a><\/div>\n<h1 id=\"hector\"><strong>H\u00e9ctor Ram\u00edrez<\/strong><\/h1>\n<h6>Director del Centro de Modelamiento Matem\u00e1tico | <a href=\"https:\/\/www.cmm.uchile.cl\/?cmm_people=hector-ramirez\">Perfil acad\u00e9mico<\/a><\/h6>\n<p><img loading=\"lazy\" decoding=\"async\" class=\"alignright size-full wp-image-683\" src=\"https:\/\/eventos.cmm.uchile.cl\/enim2024\/wp-content\/uploads\/sites\/206\/2024\/12\/ramirez_hector_200x240_01.jpg\" alt=\"H\u00e9ctor Ram\u00edrez\" width=\"200\" height=\"240\" \/><\/p>\n<p>El Profesor H\u00e9ctor Ram\u00edrez es Ingeniero Civil Matem\u00e1tico de la Universidad de Chile (2001). Obtuvo dos doctorados en 2005: uno en Matem\u00e1ticas Aplicadas en la \u00c9cole Polytechnique de Francia y otro en Modelamiento Matem\u00e1tico en la Universidad de Chile.<\/p>\n<p>Desde 2005, ha sido acad\u00e9mico del Departamento de Ingenier\u00eda Matem\u00e1tica de la Universidad de Chile, donde actualmente es Profesor Titular. En 2021, asumi\u00f3 como Director del CMM, liderando investigaciones en \u00e1reas como optimizaci\u00f3n continua, programaci\u00f3n c\u00f3nica y control \u00f3ptimo. Su trabajo se centra en la estabilidad de soluciones de problemas de optimizaci\u00f3n con restricciones c\u00f3nicas y en la aplicaci\u00f3n de t\u00e9cnicas de control \u00f3ptimo en la gesti\u00f3n sostenible de recursos naturales, pol\u00edticas p\u00fablicas en salud y bioprocesos.<\/p>\n<p>Ha colaborado con instituciones internacionales, destacando la afiliaci\u00f3n del CMM como Laboratorio Internacional de Investigaci\u00f3n del CNRS de Francia. Bajo su direcci\u00f3n, el CMM ha fortalecido la cooperaci\u00f3n cient\u00edfica y la transferencia de conocimientos en matem\u00e1ticas aplicadas. En docencia, el Profesor Ram\u00edrez ha impartido cursos como Optimizaci\u00f3n Matem\u00e1tica y Control \u00d3ptimo, contribuyendo a la formaci\u00f3n de ingenieros y cient\u00edficos en modelamiento matem\u00e1tico.<\/p>\n<p>Su liderazgo en el CMM ha impulsado proyectos de alto impacto, como el desarrollo del supercomputador Leftraru Epu, que cuadruplica la capacidad de procesamiento existente en Chile, beneficiando a m\u00e1s de 500 investigadores y permitiendo la realizaci\u00f3n de m\u00e1s de 200 proyectos anuales. Adem\u00e1s, ha participado en iniciativas para predecir y reducir el ausentismo en citas m\u00e9dicas, aplicando modelos matem\u00e1ticos para mejorar la eficiencia en el sistema de salud. El Profesor Ram\u00edrez contin\u00faa liderando el CMM hacia nuevos desaf\u00edos en investigaci\u00f3n y aplicaci\u00f3n de las matem\u00e1ticas, consolidando su posici\u00f3n como referente en la comunidad cient\u00edfica nacional e internacional.<\/p>\n<p>&nbsp;<\/p>\n<div class=\"su-divider su-divider-style-default\" style=\"margin:15px 0;border-width:3px;border-color:#EE3124\"><a href=\"#\" style=\"color:#999999\">Volver arriba<\/a><\/div>\n<h1 id=\"jose\"><strong>Jos\u00e9 Soto<\/strong><\/h1>\n<h6>Director del Departamento de Ingenier\u00eda Matem\u00e1tica | <a href=\"https:\/\/www.cmm.uchile.cl\/?cmm_people=jose-soto\">Perfil acad\u00e9mico<\/a><\/h6>\n<p><img loading=\"lazy\" decoding=\"async\" class=\"alignright\" src=\"https:\/\/www.cmm.uchile.cl\/wp-content\/uploads\/2012\/04\/soto_j2.jpg\" alt=\"Jos\u00e9 Soto\" width=\"198\" height=\"237\" \/><\/p>\n<p>El Profesor Jos\u00e9 Soto San Mart\u00edn es Ingeniero Civil Matem\u00e1tico y Licenciado en Ciencias de la Ingenier\u00eda por la Universidad de Chile. Obtuvo su Doctorado en Matem\u00e1ticas en el Massachusetts Institute of Technology (MIT) en 2011, bajo la supervisi\u00f3n del Profesor Michel Goemans. Tras completar su doctorado, realiz\u00f3 un postdoctorado en el grupo de Optimizaci\u00f3n Combinatoria y Algoritmos de Grafos (COGA) de la Universidad T\u00e9cnica de Berl\u00edn (TU-Berlin) entre 2012 y 2013. Desde 2011, ha sido acad\u00e9mico del Departamento de Ingenier\u00eda Matem\u00e1tica de la Universidad de Chile, donde actualmente es Profesor Asociado.<\/p>\n<p>En 2024, asumi\u00f3 como Director del DIM, liderando investigaciones en \u00e1reas como combinatoria, algoritmos y optimizaci\u00f3n combinatoria. Sus intereses de investigaci\u00f3n incluyen algoritmos de aproximaci\u00f3n, optimizaci\u00f3n en l\u00ednea y teor\u00eda de matroides. Ha sido investigador principal de proyectos como el Fondecyt 1181180, enfocado en algoritmos de aproximaci\u00f3n y en l\u00ednea para optimizaci\u00f3n en matroides, emparejamientos y sistemas de independencia (2018-2022). Adem\u00e1s, ha colaborado en proyectos internacionales, como el desarrollado entre la Universidad de Chile y el Instituto Max Planck, centrado en algoritmos de aproximaci\u00f3n para conjuntos de datos masivos.<\/p>\n<p>En docencia, el Profesor Soto ha impartido cursos como Optimizaci\u00f3n Combinatoria y Algoritmos de Aproximaci\u00f3n, contribuyendo a la formaci\u00f3n de ingenieros y cient\u00edficos en modelamiento matem\u00e1tico. Su liderazgo en el DIM ha impulsado proyectos de alto impacto, fortaleciendo la cooperaci\u00f3n cient\u00edfica y la transferencia de conocimientos en matem\u00e1ticas aplicadas. Adem\u00e1s, ha participado en iniciativas para predecir y reducir el ausentismo en citas m\u00e9dicas, aplicando modelos matem\u00e1ticos para mejorar la eficiencia en el sistema de salud.<\/p>\n<p>El Profesor Soto contin\u00faa liderando el DIM hacia nuevos desaf\u00edos en investigaci\u00f3n y aplicaci\u00f3n de las matem\u00e1ticas, consolidando su posici\u00f3n como referente en la comunidad cient\u00edfica nacional e internacional.<\/p>\n<p>&nbsp;<\/p>\n<div class=\"su-divider su-divider-style-default\" style=\"margin:15px 0;border-width:3px;border-color:#EE3124\"><a href=\"#\" style=\"color:#999999\">Volver arriba<\/a><\/div>\n","protected":false},"excerpt":{"rendered":"<p>Francisco Mart\u00ednez Concha Decano de la Facultad de Ciencias F\u00edsicas y Matem\u00e1ticas | Perfil acad\u00e9mico El Profesor Francisco Mart\u00ednez Concha es ingeniero civil de la Universidad de Chile, y Master of arts y Ph.d. de la Universidad de Leeds, Inglaterra. Desde 1986 ha sido acad\u00e9mico de la FCFM, en donde ha ejercido diversos cargos administrativos &hellip; <a href=\"https:\/\/eventos.cmm.uchile.cl\/enim2024\/destacados\/\" class=\"more-link\">Contin\u00fae leyendo <span class=\"screen-reader-text\">Invitados destacados<\/span> <span class=\"meta-nav\">&rarr;<\/span><\/a><\/p>\n","protected":false},"author":120,"featured_media":0,"parent":0,"menu_order":0,"comment_status":"closed","ping_status":"closed","template":"","meta":{"inline_featured_image":false,"footnotes":""},"class_list":["post-531","page","type-page","status-publish","hentry"],"_links":{"self":[{"href":"https:\/\/eventos.cmm.uchile.cl\/enim2024\/wp-json\/wp\/v2\/pages\/531","targetHints":{"allow":["GET"]}}],"collection":[{"href":"https:\/\/eventos.cmm.uchile.cl\/enim2024\/wp-json\/wp\/v2\/pages"}],"about":[{"href":"https:\/\/eventos.cmm.uchile.cl\/enim2024\/wp-json\/wp\/v2\/types\/page"}],"author":[{"embeddable":true,"href":"https:\/\/eventos.cmm.uchile.cl\/enim2024\/wp-json\/wp\/v2\/users\/120"}],"replies":[{"embeddable":true,"href":"https:\/\/eventos.cmm.uchile.cl\/enim2024\/wp-json\/wp\/v2\/comments?post=531"}],"version-history":[{"count":24,"href":"https:\/\/eventos.cmm.uchile.cl\/enim2024\/wp-json\/wp\/v2\/pages\/531\/revisions"}],"predecessor-version":[{"id":686,"href":"https:\/\/eventos.cmm.uchile.cl\/enim2024\/wp-json\/wp\/v2\/pages\/531\/revisions\/686"}],"wp:attachment":[{"href":"https:\/\/eventos.cmm.uchile.cl\/enim2024\/wp-json\/wp\/v2\/media?parent=531"}],"curies":[{"name":"wp","href":"https:\/\/api.w.org\/{rel}","templated":true}]}}