{"id":6,"date":"2017-05-29T19:48:05","date_gmt":"2017-05-29T23:48:05","guid":{"rendered":"http:\/\/eventos.cmm.uchile.cl\/enim2024\/?page_id=6"},"modified":"2024-10-27T16:53:49","modified_gmt":"2024-10-27T19:53:49","slug":"enim-2024","status":"publish","type":"page","link":"https:\/\/eventos.cmm.uchile.cl\/enim2024\/","title":{"rendered":"ENIM 2024"},"content":{"rendered":"<h3 class=\"p1\" style=\"text-align: justify\"><strong>Encuentro Nacional de Ingenier\u00eda Matem\u00e1tica<\/strong><\/h3>\n<h4 class=\"p1\" style=\"text-align: justify\"><strong><span class=\"s1\">16, 17 y 18 de diciembre 2024<\/span><\/strong><\/h4>\n<h3><strong>\u00a1Per\u00edodo de Inscripciones cerrado!<\/strong><\/h3>\n<h3><strong>\u00a1Plazo para postular tu tesis cerrado!<\/strong><\/h3>\n<h3><strong>\u00a1Plazo para postular tu poster cerrado!<\/strong><\/h3>\n<p style=\"text-align: justify\">El Encuentro Nacional de Ingenier\u00eda Matem\u00e1tica es un evento que busca reunir no solo a la comunidad estudiantil y acad\u00e9mica que comparte el inter\u00e9s por la matem\u00e1tica aplicada, sino que tambi\u00e9n, a quienes se interesan en el naciente y fruct\u00edfero desarrollo de estas herramientas en la industria nacional. El encuentro es tambi\u00e9n el principal evento de la comunidad estudiantil de Ingenier\u00eda Matem\u00e1tica a nivel pa\u00eds, considerando a nueve universidades: la Universidad de Chile (actual anfitri\u00f3n), la Pontificia Universidad Cat\u00f3lica de Chile (organizadora de la primera versi\u00f3n del encuentro), la Universidad de Concepci\u00f3n, la Universidad Cat\u00f3lica del Maule, la Universidad de la Frontera, la Universidad de O\u2019Higgins, la Universidad de Santiago de Chile, la Universidad de Valpara\u00edso y la Universidad T\u00e9cnica Federico Santa Mar\u00eda.<\/p>\n<h5 style=\"text-align: left\">Fechas importantes:<\/h5>\n<ul>\n<li class=\"p1\" style=\"text-align: left\"><span class=\"s1\"><strong>Per\u00edodo de Inscripciones<\/strong>: lunes 23 de septiembre &#8211; viernes 11 de octubre.<\/span><\/li>\n<li><b>Postulaci\u00f3n de tesis y posters:\u00a0<\/b>hasta el viernes 18 de octubre.<\/li>\n<li><strong>Per\u00edodo de Inscripciones Rezagadas:\u00a0<\/strong>hasta el viernes 18 de octubre.<\/li>\n<\/ul>\n<p>&nbsp;<\/p>\n<p><img loading=\"lazy\" decoding=\"async\" class=\"aligncenter size-full wp-image-468\" src=\"https:\/\/eventos.cmm.uchile.cl\/enim2024\/wp-content\/uploads\/sites\/206\/2024\/10\/enim2024_web_02.jpg\" alt=\"\" width=\"1080\" height=\"1350\" srcset=\"https:\/\/eventos.cmm.uchile.cl\/enim2024\/wp-content\/uploads\/sites\/206\/2024\/10\/enim2024_web_02.jpg 1080w, https:\/\/eventos.cmm.uchile.cl\/enim2024\/wp-content\/uploads\/sites\/206\/2024\/10\/enim2024_web_02-240x300.jpg 240w, https:\/\/eventos.cmm.uchile.cl\/enim2024\/wp-content\/uploads\/sites\/206\/2024\/10\/enim2024_web_02-819x1024.jpg 819w, https:\/\/eventos.cmm.uchile.cl\/enim2024\/wp-content\/uploads\/sites\/206\/2024\/10\/enim2024_web_02-768x960.jpg 768w\" sizes=\"auto, (max-width: 1080px) 100vw, 1080px\" \/><\/p>\n","protected":false},"excerpt":{"rendered":"<p>Encuentro Nacional de Ingenier\u00eda Matem\u00e1tica 16, 17 y 18 de diciembre 2024 \u00a1Per\u00edodo de Inscripciones cerrado! \u00a1Plazo para postular tu tesis cerrado! \u00a1Plazo para postular tu poster cerrado! El Encuentro Nacional de Ingenier\u00eda Matem\u00e1tica es un evento que busca reunir no solo a la comunidad estudiantil y acad\u00e9mica que comparte el inter\u00e9s por la matem\u00e1tica &hellip; <a href=\"https:\/\/eventos.cmm.uchile.cl\/enim2024\/\" class=\"more-link\">Contin\u00fae leyendo <span class=\"screen-reader-text\">ENIM 2024<\/span> <span class=\"meta-nav\">&rarr;<\/span><\/a><\/p>\n","protected":false},"author":2,"featured_media":0,"parent":0,"menu_order":0,"comment_status":"closed","ping_status":"closed","template":"","meta":{"inline_featured_image":false,"footnotes":""},"class_list":["post-6","page","type-page","status-publish","hentry"],"_links":{"self":[{"href":"https:\/\/eventos.cmm.uchile.cl\/enim2024\/wp-json\/wp\/v2\/pages\/6","targetHints":{"allow":["GET"]}}],"collection":[{"href":"https:\/\/eventos.cmm.uchile.cl\/enim2024\/wp-json\/wp\/v2\/pages"}],"about":[{"href":"https:\/\/eventos.cmm.uchile.cl\/enim2024\/wp-json\/wp\/v2\/types\/page"}],"author":[{"embeddable":true,"href":"https:\/\/eventos.cmm.uchile.cl\/enim2024\/wp-json\/wp\/v2\/users\/2"}],"replies":[{"embeddable":true,"href":"https:\/\/eventos.cmm.uchile.cl\/enim2024\/wp-json\/wp\/v2\/comments?post=6"}],"version-history":[{"count":38,"href":"https:\/\/eventos.cmm.uchile.cl\/enim2024\/wp-json\/wp\/v2\/pages\/6\/revisions"}],"predecessor-version":[{"id":472,"href":"https:\/\/eventos.cmm.uchile.cl\/enim2024\/wp-json\/wp\/v2\/pages\/6\/revisions\/472"}],"wp:attachment":[{"href":"https:\/\/eventos.cmm.uchile.cl\/enim2024\/wp-json\/wp\/v2\/media?parent=6"}],"curies":[{"name":"wp","href":"https:\/\/api.w.org\/{rel}","templated":true}]}}