{"id":739,"date":"2025-03-11T00:48:03","date_gmt":"2025-03-11T03:48:03","guid":{"rendered":"https:\/\/eventos.cmm.uchile.cl\/enim2024\/?page_id=739"},"modified":"2025-03-24T12:39:47","modified_gmt":"2025-03-24T15:39:47","slug":"repositorio","status":"publish","type":"page","link":"https:\/\/eventos.cmm.uchile.cl\/enim2024\/repositorio\/","title":{"rendered":"Repositorio: ENIM 2024"},"content":{"rendered":"<p>Dejamos a su disposici\u00f3n un repositorio con el material usado en esta edici\u00f3n del enim.<\/p>\n<h5><a href=\"https:\/\/drive.google.com\/drive\/folders\/1JTQBvMDM609rH6bA7mYWQFIAadvG3Mn4?usp=sharing\"><strong>Enlace al repositorio<\/strong><\/a><\/h5>\n<p>Este se ir\u00e1 actualizando a medida que recibamos las autorizaciones necesarias.<\/p>\n","protected":false},"excerpt":{"rendered":"<p>Dejamos a su disposici\u00f3n un repositorio con el material usado en esta edici\u00f3n del enim. Enlace al repositorio Este se ir\u00e1 actualizando a medida que recibamos las autorizaciones necesarias.<\/p>\n","protected":false},"author":120,"featured_media":0,"parent":0,"menu_order":0,"comment_status":"closed","ping_status":"closed","template":"","meta":{"inline_featured_image":false,"footnotes":""},"class_list":["post-739","page","type-page","status-publish","hentry"],"_links":{"self":[{"href":"https:\/\/eventos.cmm.uchile.cl\/enim2024\/wp-json\/wp\/v2\/pages\/739","targetHints":{"allow":["GET"]}}],"collection":[{"href":"https:\/\/eventos.cmm.uchile.cl\/enim2024\/wp-json\/wp\/v2\/pages"}],"about":[{"href":"https:\/\/eventos.cmm.uchile.cl\/enim2024\/wp-json\/wp\/v2\/types\/page"}],"author":[{"embeddable":true,"href":"https:\/\/eventos.cmm.uchile.cl\/enim2024\/wp-json\/wp\/v2\/users\/120"}],"replies":[{"embeddable":true,"href":"https:\/\/eventos.cmm.uchile.cl\/enim2024\/wp-json\/wp\/v2\/comments?post=739"}],"version-history":[{"count":4,"href":"https:\/\/eventos.cmm.uchile.cl\/enim2024\/wp-json\/wp\/v2\/pages\/739\/revisions"}],"predecessor-version":[{"id":748,"href":"https:\/\/eventos.cmm.uchile.cl\/enim2024\/wp-json\/wp\/v2\/pages\/739\/revisions\/748"}],"wp:attachment":[{"href":"https:\/\/eventos.cmm.uchile.cl\/enim2024\/wp-json\/wp\/v2\/media?parent=739"}],"curies":[{"name":"wp","href":"https:\/\/api.w.org\/{rel}","templated":true}]}}