{"id":21,"date":"2020-11-06T18:07:40","date_gmt":"2020-11-06T21:07:40","guid":{"rendered":"http:\/\/eventos.cmm.uchile.cl\/feci2021\/?page_id=21"},"modified":"2021-10-23T17:33:06","modified_gmt":"2021-10-23T20:33:06","slug":"registro","status":"publish","type":"page","link":"https:\/\/eventos.cmm.uchile.cl\/feci2021\/registro\/","title":{"rendered":"Registro"},"content":{"rendered":"<p>Por favor reg\u00edstrate para asistir a este evento. Enviaremos a tu correo el link a Zoom, para que te puedas conectar el 23 de octubre a las 12:00 hrs.<\/p>\n<div class=\"su-box su-box-style-default\" id=\"\" style=\"border-color:#0050c8;border-radius:3px;max-width:none\"><div class=\"su-box-title\" style=\"background-color:#1683FB;color:#FFFFFF;border-top-left-radius:1px;border-top-right-radius:1px\">REGISTRO CERRADO<\/div><div class=\"su-box-content su-u-clearfix su-u-trim\" style=\"border-bottom-left-radius:1px;border-bottom-right-radius:1px\">\n<p>**** EL REGISTRO PARA ESTA ACTIVIDAD EST\u00c1 CERRADO **** Gracias por tu inter\u00e9s. Puedes ver el registro grabado en la secci\u00f3n <a href=\"https:\/\/eventos.cmm.uchile.cl\/feci2021\/videos\/\">Videos<\/a>.<\/p>\n<p>M\u00e1s informaci\u00f3n:<\/p>\n<ul>\n<li>Grupo de Procesamiento de Lenguaje Natural CMM (sobre el trabajo presentado por Jocelyn Dunstan) &#8211; <a href=\"https:\/\/pln.cmm.uchile.cl\/\" target=\"_blank\" rel=\"noopener\">https:\/\/pln.cmm.uchile.cl\/<\/a><\/li>\n<\/ul>\n<\/div><\/div>\n<p>&nbsp;<\/p>\n<p><img loading=\"lazy\" decoding=\"async\" class=\"size-full wp-image-57 aligncenter\" src=\"http:\/\/eventos.cmm.uchile.cl\/feci2021\/wp-content\/uploads\/sites\/125\/2020\/11\/feci-cmm20_logos_03.png\" alt=\"\" width=\"604\" height=\"180\" srcset=\"https:\/\/eventos.cmm.uchile.cl\/feci2021\/wp-content\/uploads\/sites\/125\/2020\/11\/feci-cmm20_logos_03.png 604w, https:\/\/eventos.cmm.uchile.cl\/feci2021\/wp-content\/uploads\/sites\/125\/2020\/11\/feci-cmm20_logos_03-300x89.png 300w\" sizes=\"auto, (max-width: 604px) 100vw, 604px\" \/><\/p>\n<p>&nbsp;<\/p>\n","protected":false},"excerpt":{"rendered":"<p>Por favor reg\u00edstrate para asistir a este evento. Enviaremos a tu correo el link a Zoom, para que te puedas conectar el 23 de octubre a las 12:00 hrs. &nbsp; &nbsp;<\/p>\n","protected":false},"author":2,"featured_media":0,"parent":0,"menu_order":2,"comment_status":"closed","ping_status":"closed","template":"","meta":{"inline_featured_image":false,"footnotes":""},"class_list":["post-21","page","type-page","status-publish","hentry"],"_links":{"self":[{"href":"https:\/\/eventos.cmm.uchile.cl\/feci2021\/wp-json\/wp\/v2\/pages\/21","targetHints":{"allow":["GET"]}}],"collection":[{"href":"https:\/\/eventos.cmm.uchile.cl\/feci2021\/wp-json\/wp\/v2\/pages"}],"about":[{"href":"https:\/\/eventos.cmm.uchile.cl\/feci2021\/wp-json\/wp\/v2\/types\/page"}],"author":[{"embeddable":true,"href":"https:\/\/eventos.cmm.uchile.cl\/feci2021\/wp-json\/wp\/v2\/users\/2"}],"replies":[{"embeddable":true,"href":"https:\/\/eventos.cmm.uchile.cl\/feci2021\/wp-json\/wp\/v2\/comments?post=21"}],"version-history":[{"count":12,"href":"https:\/\/eventos.cmm.uchile.cl\/feci2021\/wp-json\/wp\/v2\/pages\/21\/revisions"}],"predecessor-version":[{"id":134,"href":"https:\/\/eventos.cmm.uchile.cl\/feci2021\/wp-json\/wp\/v2\/pages\/21\/revisions\/134"}],"wp:attachment":[{"href":"https:\/\/eventos.cmm.uchile.cl\/feci2021\/wp-json\/wp\/v2\/media?parent=21"}],"curies":[{"name":"wp","href":"https:\/\/api.w.org\/{rel}","templated":true}]}}