{"id":9,"date":"2020-11-06T01:16:23","date_gmt":"2020-11-06T01:16:23","guid":{"rendered":"http:\/\/eventos.cmm.uchile.cl\/feci2021\/?page_id=9"},"modified":"2021-10-23T17:27:39","modified_gmt":"2021-10-23T20:27:39","slug":"feci-2021","status":"publish","type":"page","link":"https:\/\/eventos.cmm.uchile.cl\/feci2021\/","title":{"rendered":"Conversando de Matem\u00e1ticas y Salud"},"content":{"rendered":"<h2 class=\"subtitulo\">Festival de la Ciencia FECI 2021<\/h2>\n<p><img loading=\"lazy\" decoding=\"async\" class=\"aligncenter wp-image-121 size-full\" src=\"https:\/\/eventos.cmm.uchile.cl\/feci2021\/wp-content\/uploads\/sites\/125\/2021\/09\/celebremos_la_curiosidad.svg\" alt=\"Celebremos la curiosidad\" width=\"1787\" height=\"546\" \/><\/p>\n<p>&nbsp;<\/p>\n<p>\u00bfPodemos usar las matem\u00e1ticas en los problemas de la medicina y la sociedad? Los cient\u00edficos del Centro de Modelamiento Matem\u00e1tico nos cuentan las formas en que las matem\u00e1ticas est\u00e1n aportando a resolver problemas de gran importancia para la sociedad chilena, como el trasplante de \u00f3rganos y c\u00f3mo se usa la inteligencia artificial para tomar mejores decisiones en la medicina y en los hospitales.<\/p>\n<h3 style=\"text-align: center;\">S\u00e1bado 23 de octubre de 2021<br \/>\n12:00-13:15 hrs. v\u00eda ZOOM\/Streaming<\/h3>\n<p>Ya esta disponible el registro en video de nuestra actividad, en la secci\u00f3n\u00a0<a href=\"https:\/\/eventos.cmm.uchile.cl\/feci2021\/videos\/\">Videos<\/a><\/p>\n<div class=\"su-button-center\"><a href=\"https:\/\/eventos.cmm.uchile.cl\/feci2021\/registro\/\" class=\"su-button su-button-style-flatcmmbot\" style=\"color:#FFFFFF;background-color:#1683FB;border-color:#1269c9;border-radius:7px\" target=\"_self\"><span style=\"color:#FFFFFF;padding:7px 20px;font-size:16px;line-height:24px;border-color:#5ca9fd;border-radius:7px;text-shadow:none\"><i class=\"sui sui-calendar-check-o\" style=\"font-size:16px;color:#FFFFFF\"><\/i> Reg\u00edstrate para recibir el link a Zoom<\/span><\/a><\/div>\n<p>&nbsp;<\/p>\n<h3>Programa<\/h3>\n<ul>\n<li>12:00-12:10\u00a0 <strong>El Centro de Modelamiento Matem\u00e1tico (CMM)<\/strong><br \/>\n\u2013 <a href=\"https:\/\/eventos.cmm.uchile.cl\/feci2021\/expositores\/#ramirez\">H\u00e9ctor Ram\u00edrez<\/a>, Director CMM<\/li>\n<li>12:10-12:30\u00a0 <strong>Matem\u00e1ticas y el trasplante de \u00f3rganos: <\/strong><strong>Gesti\u00f3n de trasplantes basado en aprendizaje autom\u00e1tico y dise\u00f1o de mercado<\/strong><br \/>\n\u2013 <a href=\"https:\/\/eventos.cmm.uchile.cl\/feci2021\/expositores\/#correa\">Jos\u00e9 R. Correa<\/a>, investigador CMM<\/li>\n<li>12:30-12:50\u00a0 <strong>Inteligencia artificial para tomar decisiones en medicina<\/strong><br \/>\n\u2013 <a href=\"https:\/\/eventos.cmm.uchile.cl\/feci2021\/expositores\/#dunstan\">Jocelyn Dunstan<\/a>, investigadora CMM<\/li>\n<li>12:50-13:15\u00a0 <strong>Conversatorio y preguntas<\/strong><\/li>\n<\/ul>\n<p>&nbsp;<\/p>\n<p>&nbsp;<\/p>\n<p><img loading=\"lazy\" decoding=\"async\" class=\"size-full wp-image-57 aligncenter\" src=\"http:\/\/eventos.cmm.uchile.cl\/feci2021\/wp-content\/uploads\/sites\/125\/2020\/11\/feci-cmm20_logos_03.png\" alt=\"\" width=\"604\" height=\"180\" srcset=\"https:\/\/eventos.cmm.uchile.cl\/feci2021\/wp-content\/uploads\/sites\/125\/2020\/11\/feci-cmm20_logos_03.png 604w, https:\/\/eventos.cmm.uchile.cl\/feci2021\/wp-content\/uploads\/sites\/125\/2020\/11\/feci-cmm20_logos_03-300x89.png 300w\" sizes=\"auto, (max-width: 604px) 100vw, 604px\" \/><\/p>\n<p style=\"text-align: center;\">Una actividad para p\u00fablico general organizada por el <a href=\"https:\/\/www.cmm.uchile.cl\" target=\"_blank\" rel=\"noopener noreferrer\">Centro de Modelamiento Matem\u00e1tico (CMM)<\/a> de la Universidad de Chile en el marco del <a href=\"https:\/\/festivaldelaciencia.cl\/\" target=\"_blank\" rel=\"noopener noreferrer\">Festival de la Ciencia FECI 2021<\/a> del programa Ciencia P\u00fablica del Ministerio de Ciencia, Tecnolog\u00eda, Conocimiento e Innovaci\u00f3n de Chile.\u00a0 #FECI2021 #CelebremosLaCuriosidad #CentrosANID<\/p>\n<div class=\"su-divider su-divider-style-default\" style=\"margin:15px 0;border-width:3px;border-color:#FD6368\"><a href=\"#\" style=\"color:#999999\">Ir arriba<\/a><\/div>\n","protected":false},"excerpt":{"rendered":"<p>Festival de la Ciencia FECI 2021 &nbsp; \u00bfPodemos usar las matem\u00e1ticas en los problemas de la medicina y la sociedad? Los cient\u00edficos del Centro de Modelamiento Matem\u00e1tico nos cuentan las formas en que las matem\u00e1ticas est\u00e1n aportando a resolver problemas de gran importancia para la sociedad chilena, como el trasplante de \u00f3rganos y c\u00f3mo se &hellip; <a href=\"https:\/\/eventos.cmm.uchile.cl\/feci2021\/\" class=\"more-link\">Seguir leyendo <span class=\"screen-reader-text\">Conversando de Matem\u00e1ticas y Salud<\/span> <span class=\"meta-nav\">&rarr;<\/span><\/a><\/p>\n","protected":false},"author":2,"featured_media":0,"parent":0,"menu_order":0,"comment_status":"closed","ping_status":"closed","template":"","meta":{"inline_featured_image":false,"footnotes":""},"class_list":["post-9","page","type-page","status-publish","hentry"],"_links":{"self":[{"href":"https:\/\/eventos.cmm.uchile.cl\/feci2021\/wp-json\/wp\/v2\/pages\/9","targetHints":{"allow":["GET"]}}],"collection":[{"href":"https:\/\/eventos.cmm.uchile.cl\/feci2021\/wp-json\/wp\/v2\/pages"}],"about":[{"href":"https:\/\/eventos.cmm.uchile.cl\/feci2021\/wp-json\/wp\/v2\/types\/page"}],"author":[{"embeddable":true,"href":"https:\/\/eventos.cmm.uchile.cl\/feci2021\/wp-json\/wp\/v2\/users\/2"}],"replies":[{"embeddable":true,"href":"https:\/\/eventos.cmm.uchile.cl\/feci2021\/wp-json\/wp\/v2\/comments?post=9"}],"version-history":[{"count":34,"href":"https:\/\/eventos.cmm.uchile.cl\/feci2021\/wp-json\/wp\/v2\/pages\/9\/revisions"}],"predecessor-version":[{"id":132,"href":"https:\/\/eventos.cmm.uchile.cl\/feci2021\/wp-json\/wp\/v2\/pages\/9\/revisions\/132"}],"wp:attachment":[{"href":"https:\/\/eventos.cmm.uchile.cl\/feci2021\/wp-json\/wp\/v2\/media?parent=9"}],"curies":[{"name":"wp","href":"https:\/\/api.w.org\/{rel}","templated":true}]}}