{"id":90,"date":"2021-09-30T13:08:09","date_gmt":"2021-09-30T16:08:09","guid":{"rendered":"https:\/\/eventos.cmm.uchile.cl\/feci2021\/?page_id=90"},"modified":"2021-10-18T17:05:08","modified_gmt":"2021-10-18T20:05:08","slug":"expositores","status":"publish","type":"page","link":"https:\/\/eventos.cmm.uchile.cl\/feci2021\/expositores\/","title":{"rendered":"Expositores"},"content":{"rendered":"<h2 id=\"correa\">Jos\u00e9 R. Correa<\/h2>\n<p><img loading=\"lazy\" decoding=\"async\" class=\"expositor alignleft\" src=\"https:\/\/eventos.cmm.uchile.cl\/feci2021\/wp-content\/uploads\/sites\/125\/2021\/09\/jose_correa_250_01.jpg\" alt=\"Jos\u00e9 Correa\" width=\"250\" height=\"250\" \/>Jos\u00e9 es Doctor en Investigaci\u00f3n de Operaciones por el Massachusetts Institute of Technology, EE.\u00a0UU., e ingeniero civil matem\u00e1tico por la Universidad de Chile.<\/p>\n<p>Es profesor titular del Departamento de Ingenier\u00eda Industrial de la Universidad de Chile e investigador del <a href=\"https:\/\/www.cmm.uchile.cl\/\" target=\"_blank\" rel=\"noopener\">Centro de Modelamiento Matem\u00e1tico (CMM)<\/a>.<\/p>\n<p>Su investigaci\u00f3n, centrada en la teor\u00eda algor\u00edtmica de juegos y dise\u00f1o de mecanismos, ha recibido numerosos premios, entre ellos un premio al mejor art\u00edculo de ACM SIGecom, un premio al mejor art\u00edculo de <em>INFORMS Transportation Science and Logistics<\/em>, un finalista del premio Tucker y premios de investigaci\u00f3n de Amazon y Google. Jos\u00e9 ha impartido charlas magistrales en varias instituciones y conferencias, y ha formado parte del comit\u00e9 de programa de conferencias internacionales de ciencias de la computaci\u00f3n. Tambi\u00e9n forma y ha formado parte del consejo editorial de algunas de las principales revistas de su campo: <em>Mathematical Programming B, Mathematics of Operations Research<\/em> (como editor del \u00e1rea de Teor\u00eda de Juegos), y <em>Operations Research.<\/em><\/p>\n<p><a href=\"https:\/\/scholar.google.com\/citations?user=QP1aKqcAAAAJ\" target=\"_blank\" rel=\"noopener\"><span class=\"simple-icon-googlescholar\" style=\"fill:#4285F4;\"><svg role=\"img\" xmlns=\"http:\/\/www.w3.org\/2000\/svg\" viewBox=\"0 0 24 24\"><title>Google Scholar<\/title><path d=\"M5.242 13.769L0 9.5 12 0l12 9.5-5.242 4.269C17.548 11.249 14.978 9.5 12 9.5c-2.977 0-5.548 1.748-6.758 4.269zM12 10a7 7 0 1 0 0 14 7 7 0 0 0 0-14z\" \/><\/svg><\/span><\/a>\u00a0 <a href=\"https:\/\/www.researchgate.net\/profile\/Jose-Correa-16\" target=\"_blank\" rel=\"noopener\"><span class=\"simple-icon-researchgate\" style=\"fill:#00CCBB;\"><svg role=\"img\" xmlns=\"http:\/\/www.w3.org\/2000\/svg\" viewBox=\"0 0 24 24\"><title>ResearchGate<\/title><path d=\"M19.586 0c-.818 0-1.508.19-2.073.565-.563.377-.97.936-1.213 1.68a3.193 3.193 0 0 0-.112.437 8.365 8.365 0 0 0-.078.53 9 9 0 0 0-.05.727c-.01.282-.013.621-.013 1.016a31.121 31.123 0 0 0 .014 1.017 9 9 0 0 0 .05.727 7.946 7.946 0 0 0 .077.53h-.005a3.334 3.334 0 0 0 .113.438c.245.743.65 1.303 1.214 1.68.565.376 1.256.564 2.075.564.8 0 1.536-.213 2.105-.603.57-.39.94-.916 1.175-1.65.076-.235.135-.558.177-.93a10.9 10.9 0 0 0 .043-1.207v-.82c0-.095-.047-.142-.14-.142h-3.064c-.094 0-.14.047-.14.141v.956c0 .094.046.14.14.14h1.666c.056 0 .084.03.084.086 0 .36 0 .62-.036.865-.038.244-.1.447-.147.606-.108.385-.348.664-.638.876-.29.212-.738.35-1.227.35-.545 0-.901-.15-1.21-.353-.306-.203-.517-.454-.67-.915a3.136 3.136 0 0 1-.147-.762 17.366 17.367 0 0 1-.034-.656c-.01-.26-.014-.572-.014-.939a26.401 26.403 0 0 1 .014-.938 15.821 15.822 0 0 1 .035-.656 3.19 3.19 0 0 1 .148-.76 1.89 1.89 0 0 1 .742-1.01c.344-.244.593-.352 1.137-.352.508 0 .815.096 1.144.303.33.207.528.492.764.925.047.094.111.118.198.07l1.044-.43c.075-.048.09-.115.042-.199a3.549 3.549 0 0 0-.466-.742 3 3 0 0 0-.679-.607 3.313 3.313 0 0 0-.903-.41A4.068 4.068 0 0 0 19.586 0zM8.217 5.836c-1.69 0-3.036.086-4.297.086-1.146 0-2.291 0-3.007-.029v.831l1.088.2c.744.144 1.174.488 1.174 2.264v11.288c0 1.777-.43 2.12-1.174 2.263l-1.088.2v.832c.773-.029 2.12-.086 3.465-.086 1.29 0 2.951.057 3.667.086v-.831l-1.49-.2c-.773-.115-1.174-.487-1.174-2.264v-4.784c.688.057 1.29.057 2.206.057 1.748 3.123 3.41 5.472 4.355 6.56.86 1.032 2.177 1.691 3.839 1.691.487 0 1.003-.086 1.318-.23v-.744c-1.031 0-2.063-.716-2.808-1.518-1.26-1.376-2.95-3.582-4.355-6.074 2.32-.545 4.04-2.722 4.04-4.9 0-3.208-2.492-4.698-5.758-4.698zm-.515 1.29c2.406 0 3.839 1.26 3.839 3.552 0 2.263-1.547 3.782-4.097 3.782-.974 0-1.404-.03-2.063-.086v-7.19c.66-.059 1.547-.059 2.32-.059z\" \/><\/svg><\/span><\/a>\u00a0 <a href=\"https:\/\/publons.com\/researcher\/2481214\/jose-r-correa\/\" target=\"_blank\" rel=\"noopener\"><span class=\"simple-icon-publons\" style=\"fill:#336699;\"><svg role=\"img\" xmlns=\"http:\/\/www.w3.org\/2000\/svg\" viewBox=\"0 0 24 24\"><title>Publons<\/title><path d=\"M0 0v24h24V0zm10.34 5.1c.083.014.114.096.156.158.054.354.1.71.154 1.065.157-.162.31-.328.49-.464.867-.666 2.05-.94 3.11-.63.72.21 1.315.72 1.756 1.316.187.263.348.547.45.855.198.582.225 1.206.198 1.815-.053 1.12-.433 2.244-1.169 3.103a4.029 4.029 0 01-2.616 1.41 4.418 4.418 0 01-2.188-.317c.019 1.01.032 2.018.038 3.028.021.465-.021.938.087 1.396.031.14.123.292.28.308.302.036.608.013.912.02.057 0 .13.037.126.101.004.186.009.373-.004.56-.046.092-.17.07-.255.072a44.358 44.358 0 00-4.437 0l-.07-.056c-.004-.22-.063-.467.034-.671.3-.035.606.02.904-.032.191-.048.268-.26.295-.434.04-.32.027-.642.042-.963V8.348c0-.156.006-.31-.008-.465a.888.888 0 00-.34-.656c-.203-.158-.438-.265-.662-.388-.082-.052-.181-.097-.229-.187a.985.985 0 01.008-.337c.056-.066.144-.086.219-.122.73-.315 1.456-.636 2.185-.952.17-.068.346-.144.533-.144zm1.99 1.146c-.053 0-.104 0-.156.013a2.12 2.12 0 00-1.493.86c.005 1.44 0 2.88.003 4.32.005.327.073.676.302.924.524.512 1.302.692 2.014.593.577-.096 1.037-.538 1.279-1.054.344-.736.395-1.571.335-2.371-.053-.655-.181-1.312-.449-1.915-.184-.407-.442-.793-.811-1.054a1.717 1.717 0 00-1.024-.313z\" \/><\/svg><\/span><\/a><\/p>\n<div class=\"su-divider su-divider-style-default\" style=\"margin:15px 0;border-width:3px;border-color:#FD6368\"><a href=\"#\" style=\"color:#999999\">Ir arriba<\/a><\/div>\n<h2 id=\"dunstan\">Jocelyn Dunstan<\/h2>\n<p><img loading=\"lazy\" decoding=\"async\" class=\"expositor alignleft\" src=\"https:\/\/eventos.cmm.uchile.cl\/feci2021\/wp-content\/uploads\/sites\/125\/2021\/09\/jocelyn_dunstan_250_01.jpg\" alt=\"Jocelyn Dunstan\" width=\"250\" height=\"250\" \/>Jocelyn es Doctora en Matem\u00e1ticas Aplicadas y F\u00edsica Te\u00f3rica por la Universidad de Cambridge, Reino Unido, y Mag\u00edster en Ciencias en F\u00edsica por la Universidad de Chile.<\/p>\n<p>Es profesora asistente en la Facultad de Ciencias F\u00edsicas y Matem\u00e1ticas de la Universidad de Chile e investigadora del <a href=\"https:\/\/www.cmm.uchile.cl\/\" target=\"_blank\" rel=\"noopener\">Centro de Modelamiento Matem\u00e1tico (CMM)<\/a>.<\/p>\n<p>Es una f\u00edsica que trabaja en el \u00e1mbito de la salud p\u00fablica, especialmente interesada en utilizar el aprendizaje autom\u00e1tico y el procesamiento del lenguaje natural para resolver problemas clave. Su investigaci\u00f3n se centra en la miner\u00eda de textos cl\u00ednicos, la priorizaci\u00f3n de pacientes y la comprensi\u00f3n de la conexi\u00f3n entre la obesidad y la venta de alimentos. Tambi\u00e9n dirige proyectos con la industria. El sitio web de su grupo es <a href=\"https:\/\/pln.cmm.uchile.cl\/\" target=\"_blank\" rel=\"noopener\">pln.cmm.uchile.cl<\/a>.<\/p>\n<p><a href=\"https:\/\/scholar.google.com\/citations?user=geH4mS0AAAAJ\" target=\"_blank\" rel=\"noopener\"><span class=\"simple-icon-googlescholar\" style=\"fill:#4285F4;\"><svg role=\"img\" xmlns=\"http:\/\/www.w3.org\/2000\/svg\" viewBox=\"0 0 24 24\"><title>Google Scholar<\/title><path d=\"M5.242 13.769L0 9.5 12 0l12 9.5-5.242 4.269C17.548 11.249 14.978 9.5 12 9.5c-2.977 0-5.548 1.748-6.758 4.269zM12 10a7 7 0 1 0 0 14 7 7 0 0 0 0-14z\" \/><\/svg><\/span><\/a>\u00a0 <a href=\"https:\/\/www.researchgate.net\/profile\/Jocelyn_Dunstan\" target=\"_blank\" rel=\"noopener\"><span class=\"simple-icon-researchgate\" style=\"fill:#00CCBB;\"><svg role=\"img\" xmlns=\"http:\/\/www.w3.org\/2000\/svg\" viewBox=\"0 0 24 24\"><title>ResearchGate<\/title><path d=\"M19.586 0c-.818 0-1.508.19-2.073.565-.563.377-.97.936-1.213 1.68a3.193 3.193 0 0 0-.112.437 8.365 8.365 0 0 0-.078.53 9 9 0 0 0-.05.727c-.01.282-.013.621-.013 1.016a31.121 31.123 0 0 0 .014 1.017 9 9 0 0 0 .05.727 7.946 7.946 0 0 0 .077.53h-.005a3.334 3.334 0 0 0 .113.438c.245.743.65 1.303 1.214 1.68.565.376 1.256.564 2.075.564.8 0 1.536-.213 2.105-.603.57-.39.94-.916 1.175-1.65.076-.235.135-.558.177-.93a10.9 10.9 0 0 0 .043-1.207v-.82c0-.095-.047-.142-.14-.142h-3.064c-.094 0-.14.047-.14.141v.956c0 .094.046.14.14.14h1.666c.056 0 .084.03.084.086 0 .36 0 .62-.036.865-.038.244-.1.447-.147.606-.108.385-.348.664-.638.876-.29.212-.738.35-1.227.35-.545 0-.901-.15-1.21-.353-.306-.203-.517-.454-.67-.915a3.136 3.136 0 0 1-.147-.762 17.366 17.367 0 0 1-.034-.656c-.01-.26-.014-.572-.014-.939a26.401 26.403 0 0 1 .014-.938 15.821 15.822 0 0 1 .035-.656 3.19 3.19 0 0 1 .148-.76 1.89 1.89 0 0 1 .742-1.01c.344-.244.593-.352 1.137-.352.508 0 .815.096 1.144.303.33.207.528.492.764.925.047.094.111.118.198.07l1.044-.43c.075-.048.09-.115.042-.199a3.549 3.549 0 0 0-.466-.742 3 3 0 0 0-.679-.607 3.313 3.313 0 0 0-.903-.41A4.068 4.068 0 0 0 19.586 0zM8.217 5.836c-1.69 0-3.036.086-4.297.086-1.146 0-2.291 0-3.007-.029v.831l1.088.2c.744.144 1.174.488 1.174 2.264v11.288c0 1.777-.43 2.12-1.174 2.263l-1.088.2v.832c.773-.029 2.12-.086 3.465-.086 1.29 0 2.951.057 3.667.086v-.831l-1.49-.2c-.773-.115-1.174-.487-1.174-2.264v-4.784c.688.057 1.29.057 2.206.057 1.748 3.123 3.41 5.472 4.355 6.56.86 1.032 2.177 1.691 3.839 1.691.487 0 1.003-.086 1.318-.23v-.744c-1.031 0-2.063-.716-2.808-1.518-1.26-1.376-2.95-3.582-4.355-6.074 2.32-.545 4.04-2.722 4.04-4.9 0-3.208-2.492-4.698-5.758-4.698zm-.515 1.29c2.406 0 3.839 1.26 3.839 3.552 0 2.263-1.547 3.782-4.097 3.782-.974 0-1.404-.03-2.063-.086v-7.19c.66-.059 1.547-.059 2.32-.059z\" \/><\/svg><\/span><\/a>\u00a0 <a href=\"https:\/\/publons.com\/researcher\/1500876\/jocelyn-dunstan\/\" target=\"_blank\" rel=\"noopener\"><span class=\"simple-icon-publons\" style=\"fill:#336699;\"><svg role=\"img\" xmlns=\"http:\/\/www.w3.org\/2000\/svg\" viewBox=\"0 0 24 24\"><title>Publons<\/title><path d=\"M0 0v24h24V0zm10.34 5.1c.083.014.114.096.156.158.054.354.1.71.154 1.065.157-.162.31-.328.49-.464.867-.666 2.05-.94 3.11-.63.72.21 1.315.72 1.756 1.316.187.263.348.547.45.855.198.582.225 1.206.198 1.815-.053 1.12-.433 2.244-1.169 3.103a4.029 4.029 0 01-2.616 1.41 4.418 4.418 0 01-2.188-.317c.019 1.01.032 2.018.038 3.028.021.465-.021.938.087 1.396.031.14.123.292.28.308.302.036.608.013.912.02.057 0 .13.037.126.101.004.186.009.373-.004.56-.046.092-.17.07-.255.072a44.358 44.358 0 00-4.437 0l-.07-.056c-.004-.22-.063-.467.034-.671.3-.035.606.02.904-.032.191-.048.268-.26.295-.434.04-.32.027-.642.042-.963V8.348c0-.156.006-.31-.008-.465a.888.888 0 00-.34-.656c-.203-.158-.438-.265-.662-.388-.082-.052-.181-.097-.229-.187a.985.985 0 01.008-.337c.056-.066.144-.086.219-.122.73-.315 1.456-.636 2.185-.952.17-.068.346-.144.533-.144zm1.99 1.146c-.053 0-.104 0-.156.013a2.12 2.12 0 00-1.493.86c.005 1.44 0 2.88.003 4.32.005.327.073.676.302.924.524.512 1.302.692 2.014.593.577-.096 1.037-.538 1.279-1.054.344-.736.395-1.571.335-2.371-.053-.655-.181-1.312-.449-1.915-.184-.407-.442-.793-.811-1.054a1.717 1.717 0 00-1.024-.313z\" \/><\/svg><\/span><\/a><\/p>\n<div class=\"su-divider su-divider-style-default\" style=\"margin:15px 0;border-width:3px;border-color:#FD6368\"><a href=\"#\" style=\"color:#999999\">Ir arriba<\/a><\/div>\n<h2 id=\"ramirez\">H\u00e9ctor Ram\u00edrez<\/h2>\n<p><img loading=\"lazy\" decoding=\"async\" class=\"expositor alignleft\" src=\"https:\/\/eventos.cmm.uchile.cl\/feci2021\/wp-content\/uploads\/sites\/125\/2021\/09\/hector_ramirez_250_01.jpg\" alt=\"H\u00e9ctor R\u00e1mirez\" width=\"250\" height=\"250\" \/>H\u00e9ctor es Doctor en Matem\u00e1ticas Aplicadas por la \u00c9cole Polytechnique, Francia, e ingeniero civil matem\u00e1tico por la Universidad de Chile.<\/p>\n<p>Es profesor titular del Departamento de Ingenier\u00eda Matem\u00e1tica de la Universidad de Chile y director del <a href=\"https:\/\/www.cmm.uchile.cl\/\" target=\"_blank\" rel=\"noopener\">Centro de Modelamiento Matem\u00e1tico (CMM)<\/a>.<\/p>\n<p>Sus intereses de investigaci\u00f3n:<\/p>\n<ul>\n<li>Optimizaci\u00f3n continua: Programaci\u00f3n c\u00f3nica (SDP, SOCP), an\u00e1lisis de estabilidad, aplicaciones de control \u00f3ptimo.<\/li>\n<li>Aplicaciones: Bioprocesos, gesti\u00f3n sostenible de recursos naturales, gesti\u00f3n sanitaria.<\/li>\n<\/ul>\n<p>Es editor jefe del \u00e1rea de Optimizaci\u00f3n Continua de la revista <em>Operation Research Letters<\/em> (desde 2017) y editor asociado de revistas tales como <em>Computation and Applied Mathematics<\/em> y <em>Natural Resources Modeling<\/em>.<\/p>\n<p><a href=\"https:\/\/scholar.google.com\/citations?hl=es&amp;user=Vze5x18AAAAJ\" target=\"_blank\" rel=\"noopener\"><span class=\"simple-icon-googlescholar\" style=\"fill:#4285F4;\"><svg role=\"img\" xmlns=\"http:\/\/www.w3.org\/2000\/svg\" viewBox=\"0 0 24 24\"><title>Google Scholar<\/title><path d=\"M5.242 13.769L0 9.5 12 0l12 9.5-5.242 4.269C17.548 11.249 14.978 9.5 12 9.5c-2.977 0-5.548 1.748-6.758 4.269zM12 10a7 7 0 1 0 0 14 7 7 0 0 0 0-14z\" \/><\/svg><\/span><\/a>\u00a0 <a href=\"https:\/\/www.researchgate.net\/profile\/Hector-Cabrera-4\" target=\"_blank\" rel=\"noopener\"><span class=\"simple-icon-researchgate\" style=\"fill:#00CCBB;\"><svg role=\"img\" xmlns=\"http:\/\/www.w3.org\/2000\/svg\" viewBox=\"0 0 24 24\"><title>ResearchGate<\/title><path d=\"M19.586 0c-.818 0-1.508.19-2.073.565-.563.377-.97.936-1.213 1.68a3.193 3.193 0 0 0-.112.437 8.365 8.365 0 0 0-.078.53 9 9 0 0 0-.05.727c-.01.282-.013.621-.013 1.016a31.121 31.123 0 0 0 .014 1.017 9 9 0 0 0 .05.727 7.946 7.946 0 0 0 .077.53h-.005a3.334 3.334 0 0 0 .113.438c.245.743.65 1.303 1.214 1.68.565.376 1.256.564 2.075.564.8 0 1.536-.213 2.105-.603.57-.39.94-.916 1.175-1.65.076-.235.135-.558.177-.93a10.9 10.9 0 0 0 .043-1.207v-.82c0-.095-.047-.142-.14-.142h-3.064c-.094 0-.14.047-.14.141v.956c0 .094.046.14.14.14h1.666c.056 0 .084.03.084.086 0 .36 0 .62-.036.865-.038.244-.1.447-.147.606-.108.385-.348.664-.638.876-.29.212-.738.35-1.227.35-.545 0-.901-.15-1.21-.353-.306-.203-.517-.454-.67-.915a3.136 3.136 0 0 1-.147-.762 17.366 17.367 0 0 1-.034-.656c-.01-.26-.014-.572-.014-.939a26.401 26.403 0 0 1 .014-.938 15.821 15.822 0 0 1 .035-.656 3.19 3.19 0 0 1 .148-.76 1.89 1.89 0 0 1 .742-1.01c.344-.244.593-.352 1.137-.352.508 0 .815.096 1.144.303.33.207.528.492.764.925.047.094.111.118.198.07l1.044-.43c.075-.048.09-.115.042-.199a3.549 3.549 0 0 0-.466-.742 3 3 0 0 0-.679-.607 3.313 3.313 0 0 0-.903-.41A4.068 4.068 0 0 0 19.586 0zM8.217 5.836c-1.69 0-3.036.086-4.297.086-1.146 0-2.291 0-3.007-.029v.831l1.088.2c.744.144 1.174.488 1.174 2.264v11.288c0 1.777-.43 2.12-1.174 2.263l-1.088.2v.832c.773-.029 2.12-.086 3.465-.086 1.29 0 2.951.057 3.667.086v-.831l-1.49-.2c-.773-.115-1.174-.487-1.174-2.264v-4.784c.688.057 1.29.057 2.206.057 1.748 3.123 3.41 5.472 4.355 6.56.86 1.032 2.177 1.691 3.839 1.691.487 0 1.003-.086 1.318-.23v-.744c-1.031 0-2.063-.716-2.808-1.518-1.26-1.376-2.95-3.582-4.355-6.074 2.32-.545 4.04-2.722 4.04-4.9 0-3.208-2.492-4.698-5.758-4.698zm-.515 1.29c2.406 0 3.839 1.26 3.839 3.552 0 2.263-1.547 3.782-4.097 3.782-.974 0-1.404-.03-2.063-.086v-7.19c.66-.059 1.547-.059 2.32-.059z\" \/><\/svg><\/span><\/a>\u00a0 <a href=\"https:\/\/publons.com\/researcher\/2851096\/hector-ramirez\/\" target=\"_blank\" rel=\"noopener\"><span class=\"simple-icon-publons\" style=\"fill:#336699;\"><svg role=\"img\" xmlns=\"http:\/\/www.w3.org\/2000\/svg\" viewBox=\"0 0 24 24\"><title>Publons<\/title><path d=\"M0 0v24h24V0zm10.34 5.1c.083.014.114.096.156.158.054.354.1.71.154 1.065.157-.162.31-.328.49-.464.867-.666 2.05-.94 3.11-.63.72.21 1.315.72 1.756 1.316.187.263.348.547.45.855.198.582.225 1.206.198 1.815-.053 1.12-.433 2.244-1.169 3.103a4.029 4.029 0 01-2.616 1.41 4.418 4.418 0 01-2.188-.317c.019 1.01.032 2.018.038 3.028.021.465-.021.938.087 1.396.031.14.123.292.28.308.302.036.608.013.912.02.057 0 .13.037.126.101.004.186.009.373-.004.56-.046.092-.17.07-.255.072a44.358 44.358 0 00-4.437 0l-.07-.056c-.004-.22-.063-.467.034-.671.3-.035.606.02.904-.032.191-.048.268-.26.295-.434.04-.32.027-.642.042-.963V8.348c0-.156.006-.31-.008-.465a.888.888 0 00-.34-.656c-.203-.158-.438-.265-.662-.388-.082-.052-.181-.097-.229-.187a.985.985 0 01.008-.337c.056-.066.144-.086.219-.122.73-.315 1.456-.636 2.185-.952.17-.068.346-.144.533-.144zm1.99 1.146c-.053 0-.104 0-.156.013a2.12 2.12 0 00-1.493.86c.005 1.44 0 2.88.003 4.32.005.327.073.676.302.924.524.512 1.302.692 2.014.593.577-.096 1.037-.538 1.279-1.054.344-.736.395-1.571.335-2.371-.053-.655-.181-1.312-.449-1.915-.184-.407-.442-.793-.811-1.054a1.717 1.717 0 00-1.024-.313z\" \/><\/svg><\/span><\/a><\/p>\n<div class=\"su-divider su-divider-style-default\" style=\"margin:15px 0;border-width:3px;border-color:#FD6368\"><a href=\"#\" style=\"color:#999999\">Ir arriba<\/a><\/div>\n<p>&nbsp;<\/p>\n","protected":false},"excerpt":{"rendered":"<p>Jos\u00e9 R. Correa Jos\u00e9 es Doctor en Investigaci\u00f3n de Operaciones por el Massachusetts Institute of Technology, EE.\u00a0UU., e ingeniero civil matem\u00e1tico por la Universidad de Chile. Es profesor titular del Departamento de Ingenier\u00eda Industrial de la Universidad de Chile e investigador del Centro de Modelamiento Matem\u00e1tico (CMM). Su investigaci\u00f3n, centrada en la teor\u00eda algor\u00edtmica de &hellip; <a href=\"https:\/\/eventos.cmm.uchile.cl\/feci2021\/expositores\/\" class=\"more-link\">Seguir leyendo <span class=\"screen-reader-text\">Expositores<\/span> <span class=\"meta-nav\">&rarr;<\/span><\/a><\/p>\n","protected":false},"author":2,"featured_media":0,"parent":0,"menu_order":0,"comment_status":"closed","ping_status":"closed","template":"","meta":{"inline_featured_image":false,"footnotes":""},"class_list":["post-90","page","type-page","status-publish","hentry"],"_links":{"self":[{"href":"https:\/\/eventos.cmm.uchile.cl\/feci2021\/wp-json\/wp\/v2\/pages\/90","targetHints":{"allow":["GET"]}}],"collection":[{"href":"https:\/\/eventos.cmm.uchile.cl\/feci2021\/wp-json\/wp\/v2\/pages"}],"about":[{"href":"https:\/\/eventos.cmm.uchile.cl\/feci2021\/wp-json\/wp\/v2\/types\/page"}],"author":[{"embeddable":true,"href":"https:\/\/eventos.cmm.uchile.cl\/feci2021\/wp-json\/wp\/v2\/users\/2"}],"replies":[{"embeddable":true,"href":"https:\/\/eventos.cmm.uchile.cl\/feci2021\/wp-json\/wp\/v2\/comments?post=90"}],"version-history":[{"count":25,"href":"https:\/\/eventos.cmm.uchile.cl\/feci2021\/wp-json\/wp\/v2\/pages\/90\/revisions"}],"predecessor-version":[{"id":128,"href":"https:\/\/eventos.cmm.uchile.cl\/feci2021\/wp-json\/wp\/v2\/pages\/90\/revisions\/128"}],"wp:attachment":[{"href":"https:\/\/eventos.cmm.uchile.cl\/feci2021\/wp-json\/wp\/v2\/media?parent=90"}],"curies":[{"name":"wp","href":"https:\/\/api.w.org\/{rel}","templated":true}]}}