{"id":157,"date":"2022-10-05T10:46:24","date_gmt":"2022-10-05T13:46:24","guid":{"rendered":"https:\/\/eventos.cmm.uchile.cl\/feci2022\/?page_id=157"},"modified":"2022-10-07T12:17:14","modified_gmt":"2022-10-07T15:17:14","slug":"documental","status":"publish","type":"page","link":"https:\/\/eventos.cmm.uchile.cl\/feci2022\/documental\/","title":{"rendered":"Estreno del documental \u00abExplorando la vida invisible del Oc\u00e9ano\u00bb"},"content":{"rendered":"<h2 id=\"dunstan\">Domingo 9 de octubre<br \/>\n16:00 hrs.<\/h2>\n<p>Regi\u00f3n: Regi\u00f3n Metropolitana de Santiago<\/p>\n<p>Lugar: Parque de la Familia<br \/>\nCostanera Sur Pte. 3201, Quinta Normal, Regi\u00f3n Metropolitana<br \/>\nCarpa Domo<\/p>\n<p>P\u00fablico: Familiar \/ Todo p\u00fablico<br \/>\nModalidad: Presencial<br \/>\nDisciplina: Multidisciplinario<\/p>\n<p><img loading=\"lazy\" decoding=\"async\" class=\"aligncenter size-full wp-image-176\" src=\"https:\/\/eventos.cmm.uchile.cl\/feci2022\/wp-content\/uploads\/sites\/144\/2022\/10\/FOTOTEXTOCuadrado.png\" alt=\"Anuncio estreno documental\" width=\"1080\" height=\"1080\" srcset=\"https:\/\/eventos.cmm.uchile.cl\/feci2022\/wp-content\/uploads\/sites\/144\/2022\/10\/FOTOTEXTOCuadrado.png 1080w, https:\/\/eventos.cmm.uchile.cl\/feci2022\/wp-content\/uploads\/sites\/144\/2022\/10\/FOTOTEXTOCuadrado-300x300.png 300w, https:\/\/eventos.cmm.uchile.cl\/feci2022\/wp-content\/uploads\/sites\/144\/2022\/10\/FOTOTEXTOCuadrado-1024x1024.png 1024w, https:\/\/eventos.cmm.uchile.cl\/feci2022\/wp-content\/uploads\/sites\/144\/2022\/10\/FOTOTEXTOCuadrado-150x150.png 150w, https:\/\/eventos.cmm.uchile.cl\/feci2022\/wp-content\/uploads\/sites\/144\/2022\/10\/FOTOTEXTOCuadrado-768x768.png 768w\" sizes=\"auto, (max-width: 1080px) 100vw, 1080px\" \/><\/p>\n<div class=\"su-divider su-divider-style-default\" style=\"margin:15px 0;border-width:3px;border-color:#FD6368\"><a href=\"#\" style=\"color:#999999\">Ir arriba<\/a><\/div>\n<h2 id=\"ramirez\">Detalles del evento<\/h2>\n<p>Para dar a conocer la importancia de la biodiversidad planct\u00f3nica en nuestros oc\u00e9anos y su relaci\u00f3n con el cambio clim\u00e1tico, el Centro de Modelamiento Matem\u00e1tico y CEODOS Chile presentan el documental \u00abExplorando la vida invisible del Oc\u00e9ano\u00bb en el marco de FECI al Parque.<\/p>\n<p>El documental ser\u00e1 introducido por la dra. Camila Fern\u00e1ndez, directora del centro COPAS Coastal y codirectora de CEODOS Chile.<\/p>\n<h4>FECI al Parque<\/h4>\n<p>FECI al Parque, organizado por el Programa Ciencia P\u00fablica, ser\u00e1 el evento de cierre de la versi\u00f3n 2022 de FECI, el Festival de las Ciencias. Con un escenario principal que contar\u00e1 con una obra de teatro, conversatorios y entrevistas, adem\u00e1s de la presentaci\u00f3n del grupo musical infantil Tikitiklip, el Parque de la Familia recibir\u00e1 a sus visitantes con una rana gigante, stands interactivos de diversos de centros de investigaci\u00f3n, sectores de juegos, talleres para ni\u00f1as, ni\u00f1os y adultos, la participaci\u00f3n de MIM M\u00f3vil y la presentaci\u00f3n del concierto ciudadano \u00abCanto al Agua\u00bb de Natalia Contesse, desde las 15:00 y hasta las 19:00 horas.<\/p>\n<h4>Acerca de CEODOS Chile<\/h4>\n<p><a href=\"https:\/\/www.ceodoschile.cl\/\" target=\"_blank\" rel=\"noopener\">CEODOS Chile<\/a> es un consorcio de investigaci\u00f3n franco-chileno, que surge de una historia de colaboraci\u00f3n de larga data entre el CNRS (el Centro Nacional de Investigaci\u00f3n Cient\u00edfica de Francia), la Tara Ocean Foundation, e instituciones chilenas. Un gran grupo de centros de excelencia en tem\u00e1ticas marinas, ambientales, gen\u00f3micas, de modelamiento matem\u00e1tico e inteligencia artificial trabajan en conjunto para proveer al pa\u00eds de <strong>una primera evaluaci\u00f3n de la diversidad planct\u00f3nica<\/strong> (desde el zooplancton hasta virus), con herramientas oceanogr\u00e1ficas, gen\u00f3micas, de la bioinform\u00e1tica y ciencia de datos de frontera, <strong>para cuantificar el estado fisiol\u00f3gico de organismos responsables por la absorci\u00f3n de CO2, y otros gases de efecto invernadero en el oc\u00e9ano<\/strong>. CEODOS Chile est\u00e1 compuesto por:<\/p>\n<ul>\n<li>Centro de Modelamiento Matem\u00e1tico (CMM)<\/li>\n<li>Multiscale Adaptive Strategies (LIA MAST)<\/li>\n<li>Centro de Ciencia del Clima y la Resiliencia (CR2)<\/li>\n<li>Centro de Investigaci\u00f3n Din\u00e1mica de Ecosistemas Marinos de Altas Latitudes (IDEAL)<\/li>\n<li>Centro de Investigaci\u00f3n en Ecosistemas de la Patagonia (CIEP)<\/li>\n<li>Centro de Investigaci\u00f3n Oceanogr\u00e1fica (COPAS Coastal)<\/li>\n<li>Centro de Regulaci\u00f3n del Genoma (CRG)<\/li>\n<li>Centro Interdisciplinario para la Investigaci\u00f3n Acu\u00edcola (Incar)<\/li>\n<li>Inria Chile<\/li>\n<\/ul>\n<h4>INSTITUCION(ES) QUE ORGANIZAN<\/h4>\n<p>Ciencia P\u00fablica, Universidad de Chile, <a href=\"https:\/\/www.cmm.uchile.cl\" target=\"_blank\" rel=\"noopener\">Centro de Modelamiento Matem\u00e1tico (CMM)<\/a>, Centro COPAS Coastal, CEODOS Chile<\/p>\n<p><img loading=\"lazy\" decoding=\"async\" class=\"aligncenter size-full wp-image-179\" src=\"https:\/\/eventos.cmm.uchile.cl\/feci2022\/wp-content\/uploads\/sites\/144\/2022\/10\/FECI_2022_organizadores_documental_02.png\" alt=\"Organizadores estreno documental\" width=\"1080\" height=\"1080\" srcset=\"https:\/\/eventos.cmm.uchile.cl\/feci2022\/wp-content\/uploads\/sites\/144\/2022\/10\/FECI_2022_organizadores_documental_02.png 1080w, https:\/\/eventos.cmm.uchile.cl\/feci2022\/wp-content\/uploads\/sites\/144\/2022\/10\/FECI_2022_organizadores_documental_02-300x300.png 300w, https:\/\/eventos.cmm.uchile.cl\/feci2022\/wp-content\/uploads\/sites\/144\/2022\/10\/FECI_2022_organizadores_documental_02-1024x1024.png 1024w, https:\/\/eventos.cmm.uchile.cl\/feci2022\/wp-content\/uploads\/sites\/144\/2022\/10\/FECI_2022_organizadores_documental_02-150x150.png 150w, https:\/\/eventos.cmm.uchile.cl\/feci2022\/wp-content\/uploads\/sites\/144\/2022\/10\/FECI_2022_organizadores_documental_02-768x768.png 768w\" sizes=\"auto, (max-width: 1080px) 100vw, 1080px\" \/><\/p>\n<div class=\"su-divider su-divider-style-default\" style=\"margin:15px 0;border-width:3px;border-color:#FD6368\"><a href=\"#\" style=\"color:#999999\">Ir arriba<\/a><\/div>\n<p>&nbsp;<\/p>\n","protected":false},"excerpt":{"rendered":"<p>Domingo 9 de octubre 16:00 hrs. Regi\u00f3n: Regi\u00f3n Metropolitana de Santiago Lugar: Parque de la Familia Costanera Sur Pte. 3201, Quinta Normal, Regi\u00f3n Metropolitana Carpa Domo P\u00fablico: Familiar \/ Todo p\u00fablico Modalidad: Presencial Disciplina: Multidisciplinario Detalles del evento Para dar a conocer la importancia de la biodiversidad planct\u00f3nica en nuestros oc\u00e9anos y su relaci\u00f3n con &hellip; <a href=\"https:\/\/eventos.cmm.uchile.cl\/feci2022\/documental\/\" class=\"more-link\">Seguir leyendo <span class=\"screen-reader-text\">Estreno del documental \u00abExplorando la vida invisible del Oc\u00e9ano\u00bb<\/span> <span class=\"meta-nav\">&rarr;<\/span><\/a><\/p>\n","protected":false},"author":2,"featured_media":0,"parent":0,"menu_order":0,"comment_status":"closed","ping_status":"closed","template":"","meta":{"inline_featured_image":false,"footnotes":""},"class_list":["post-157","page","type-page","status-publish","hentry"],"_links":{"self":[{"href":"https:\/\/eventos.cmm.uchile.cl\/feci2022\/wp-json\/wp\/v2\/pages\/157","targetHints":{"allow":["GET"]}}],"collection":[{"href":"https:\/\/eventos.cmm.uchile.cl\/feci2022\/wp-json\/wp\/v2\/pages"}],"about":[{"href":"https:\/\/eventos.cmm.uchile.cl\/feci2022\/wp-json\/wp\/v2\/types\/page"}],"author":[{"embeddable":true,"href":"https:\/\/eventos.cmm.uchile.cl\/feci2022\/wp-json\/wp\/v2\/users\/2"}],"replies":[{"embeddable":true,"href":"https:\/\/eventos.cmm.uchile.cl\/feci2022\/wp-json\/wp\/v2\/comments?post=157"}],"version-history":[{"count":10,"href":"https:\/\/eventos.cmm.uchile.cl\/feci2022\/wp-json\/wp\/v2\/pages\/157\/revisions"}],"predecessor-version":[{"id":182,"href":"https:\/\/eventos.cmm.uchile.cl\/feci2022\/wp-json\/wp\/v2\/pages\/157\/revisions\/182"}],"wp:attachment":[{"href":"https:\/\/eventos.cmm.uchile.cl\/feci2022\/wp-json\/wp\/v2\/media?parent=157"}],"curies":[{"name":"wp","href":"https:\/\/api.w.org\/{rel}","templated":true}]}}