{"id":13,"date":"2022-06-06T16:51:59","date_gmt":"2022-06-06T20:51:59","guid":{"rendered":"https:\/\/eventos.cmm.uchile.cl\/fondefnsp\/?page_id=13"},"modified":"2022-07-29T17:59:45","modified_gmt":"2022-07-29T21:59:45","slug":"inicio","status":"publish","type":"page","link":"https:\/\/eventos.cmm.uchile.cl\/fondefnsp\/","title":{"rendered":"Evento de cierre"},"content":{"rendered":"<p><strong>H\u00e9ctor Ram\u00edrez<\/strong>, director del Centro de Modelamiento Matem\u00e1tico de la Universidad de Chile, y <strong>Jocelyn Dunstan<\/strong>, coordinadora del \u00e1rea Salud Digital del mismo centro, invitan al evento de cierre del proyecto <strong>FONDEF IDeA I+D ID19I10271 &#8220;Soluciones tecnol\u00f3gicas, basadas en t\u00e9cnicas matem\u00e1ticas avanzadas de aprendizaje de m\u00e1quinas&#8221;<\/strong>.<\/p>\n<p>El encuentro se llevar\u00e1 a cabo el\u00a0<strong>jueves 28 de julio de 2022 a las 9:30 hrs.<\/strong> en el Auditorio Enrique d\u2019Etigny de la Facultad de Ciencias F\u00edsicas y Matem\u00e1ticas de la Universidad de Chile, ubicado en Beauchef 851, Santiago. Ser\u00e1 transmitido en vivo v\u00eda YouTube.<\/p>\n<p>&nbsp;<\/p>\n<p style=\"text-align: center;\"><a href=\"https:\/\/eventos.cmm.uchile.cl\/fondefnsp\/?page_id=31\" class=\"su-button su-button-style-flat\" style=\"color:#FFFFFF;background-color:#89A5CA;border-color:#6e84a2;border-radius:7px\" target=\"_self\" title=\"Reserve su cupo\"><span style=\"color:#FFFFFF;padding:7px 20px;font-size:16px;line-height:24px;border-color:#adc0da;border-radius:7px;text-shadow:none\"><i class=\"sui sui-wpforms\" style=\"font-size:16px;color:#FFFFFF\"><\/i> Registrarme<\/span><\/a>\n<p style=\"text-align: center;\"><a href=\"https:\/\/go.cmm.uchile.cl\/fondefnspyt\" class=\"su-button su-button-style-flat\" style=\"color:#FFFFFF;background-color:#89A5CA;border-color:#6e84a2;border-radius:7px\" target=\"_self\" title=\"Siga la transmisi\u00f3n en l\u00ednea\"><span style=\"color:#FFFFFF;padding:7px 20px;font-size:16px;line-height:24px;border-color:#adc0da;border-radius:7px;text-shadow:none\"><i class=\"sui sui-youtube\" style=\"font-size:16px;color:#FFFFFF\"><\/i> Transmisi\u00f3n en YouTube<\/span><\/a>\n<p>&nbsp;<\/p>\n<p><img loading=\"lazy\" decoding=\"async\" class=\"alignnone size-full wp-image-28\" src=\"https:\/\/eventos.cmm.uchile.cl\/fondefnsp\/wp-content\/uploads\/sites\/138\/2022\/06\/fondefnsp_sponsors_02.png\" alt=\"sponsors\" width=\"604\" height=\"175\" srcset=\"https:\/\/eventos.cmm.uchile.cl\/fondefnsp\/wp-content\/uploads\/sites\/138\/2022\/06\/fondefnsp_sponsors_02.png 604w, https:\/\/eventos.cmm.uchile.cl\/fondefnsp\/wp-content\/uploads\/sites\/138\/2022\/06\/fondefnsp_sponsors_02-300x87.png 300w\" sizes=\"auto, (max-width: 604px) 100vw, 604px\" \/><\/p>\n<hr \/>\n<p>El\u00a0<strong>Centro de Modelamiento Matem\u00e1tico (CMM)<\/strong>\u00a0es un centro cient\u00edfico de referencia nacional para la investigaci\u00f3n y las aplicaciones de las matem\u00e1ticas. Su objetivo es crear nuevas matem\u00e1ticas y utilizarlas para resolver problemas procedentes de otras ciencias, la industria y las pol\u00edticas p\u00fablicas.<\/p>\n<p class=\"p1\"><strong>CMM Salud Digital<\/strong> es una de las seis l\u00edneas de investigaci\u00f3n aplicada del CMM, que nace del inter\u00e9s de mejorar el acceso y eficiencia de la salud en Chile a trav\u00e9s de la incorporaci\u00f3n de la modelaci\u00f3n matem\u00e1tica y herramientas de inteligencia artificial en los distintos procesos que tienen lugar en los centros de salud.<\/p>\n<p>&nbsp;<\/p>\n<p><small>Cr\u00e9dito foto cabecera: <a href=\"https:\/\/unsplash.com\/@corymogk?utm_source=unsplash&amp;utm_medium=referral&amp;utm_content=creditCopyText\" target=\"_blank\" rel=\"noopener\">Cory Mogk<\/a><\/small><\/p>\n","protected":false},"excerpt":{"rendered":"<p>H\u00e9ctor Ram\u00edrez, director del Centro de Modelamiento Matem\u00e1tico de la Universidad de Chile, y Jocelyn Dunstan, coordinadora del \u00e1rea Salud Digital del mismo centro, invitan al evento de cierre del proyecto FONDEF IDeA I+D ID19I10271 &#8220;Soluciones tecnol\u00f3gicas, basadas en t\u00e9cnicas matem\u00e1ticas avanzadas de aprendizaje de m\u00e1quinas&#8221;. El encuentro se llevar\u00e1 a cabo el\u00a0jueves 28 de &hellip; <a href=\"https:\/\/eventos.cmm.uchile.cl\/fondefnsp\/\" class=\"more-link\">Contin\u00fae leyendo <span class=\"screen-reader-text\">Evento de cierre<\/span> <span class=\"meta-nav\">&rarr;<\/span><\/a><\/p>\n","protected":false},"author":2,"featured_media":0,"parent":0,"menu_order":0,"comment_status":"closed","ping_status":"closed","template":"","meta":{"inline_featured_image":false,"footnotes":""},"class_list":["post-13","page","type-page","status-publish","hentry"],"_links":{"self":[{"href":"https:\/\/eventos.cmm.uchile.cl\/fondefnsp\/index.php?rest_route=\/wp\/v2\/pages\/13","targetHints":{"allow":["GET"]}}],"collection":[{"href":"https:\/\/eventos.cmm.uchile.cl\/fondefnsp\/index.php?rest_route=\/wp\/v2\/pages"}],"about":[{"href":"https:\/\/eventos.cmm.uchile.cl\/fondefnsp\/index.php?rest_route=\/wp\/v2\/types\/page"}],"author":[{"embeddable":true,"href":"https:\/\/eventos.cmm.uchile.cl\/fondefnsp\/index.php?rest_route=\/wp\/v2\/users\/2"}],"replies":[{"embeddable":true,"href":"https:\/\/eventos.cmm.uchile.cl\/fondefnsp\/index.php?rest_route=%2Fwp%2Fv2%2Fcomments&post=13"}],"version-history":[{"count":23,"href":"https:\/\/eventos.cmm.uchile.cl\/fondefnsp\/index.php?rest_route=\/wp\/v2\/pages\/13\/revisions"}],"predecessor-version":[{"id":119,"href":"https:\/\/eventos.cmm.uchile.cl\/fondefnsp\/index.php?rest_route=\/wp\/v2\/pages\/13\/revisions\/119"}],"wp:attachment":[{"href":"https:\/\/eventos.cmm.uchile.cl\/fondefnsp\/index.php?rest_route=%2Fwp%2Fv2%2Fmedia&parent=13"}],"curies":[{"name":"wp","href":"https:\/\/api.w.org\/{rel}","templated":true}]}}