{"id":38,"date":"2022-07-04T16:12:17","date_gmt":"2022-07-04T20:12:17","guid":{"rendered":"https:\/\/eventos.cmm.uchile.cl\/fondefnsp\/?page_id=38"},"modified":"2022-07-27T12:54:07","modified_gmt":"2022-07-27T16:54:07","slug":"programa","status":"publish","type":"page","link":"https:\/\/eventos.cmm.uchile.cl\/fondefnsp\/?page_id=38","title":{"rendered":"Programa"},"content":{"rendered":"<table class=\"evento_sr\" width=\"100%\">\n<tbody>\n<tr>\n<td width=\"45%\"><strong>Jocelyn Dunstan<\/strong><br \/>\nDirectora del proyecto<br \/>\nCentro de Modelamiento Matem\u00e1tico, Universidad de Chile<\/td>\n<td width=\"55%\">Bienvenida e introducci\u00f3n al proyecto<\/td>\n<\/tr>\n<tr>\n<td><strong>Francisco Mart\u00ednez<br \/>\n<\/strong>Decano<br \/>\nFacultad de Ciencias F\u00edsicas y Matem\u00e1ticas, Universidad de Chile<\/td>\n<td><\/td>\n<\/tr>\n<tr>\n<td><strong>Crist\u00f3bal Cuadrado<\/strong><br \/>\nSubsecretario de Salud P\u00fablica<br \/>\nMinisterio de Salud<\/td>\n<td><\/td>\n<\/tr>\n<tr>\n<td><strong>Enrique Aliste<br \/>\n<\/strong>Vicerrector de Investigaci\u00f3n y Desarrollo, Universidad de Chile<\/td>\n<td><\/td>\n<\/tr>\n<tr>\n<td><strong>H\u00e9ctor Ram\u00edrez<\/strong><br \/>\nDirector Alterno del proyecto<br \/>\nCentro de Modelamiento Matem\u00e1tico, Universidad de Chile<\/td>\n<td>Resultados del dise\u00f1o experimental realizado con las instituciones de salud participantes<\/td>\n<\/tr>\n<tr>\n<td><strong>Michel Royer<br \/>\n<\/strong>Director<br \/>\nHospital Dr. Luis Calvo Mackenna<\/td>\n<td>Experiencia de las instituciones de salud participantes<\/td>\n<\/tr>\n<tr>\n<td><strong>Helena Montenegro<\/strong><br \/>\nInvestigadora del proyecto<br \/>\nCentro de Modelamiento Matem\u00e1tico, Universidad de Chile<\/td>\n<td>Resultados del proceso de entrevistas a pacientes<\/td>\n<\/tr>\n<tr>\n<td><strong>Jocelyn Dunstan<\/strong><br \/>\nDirectora del proyecto<br \/>\nCentro de Modelamiento Matem\u00e1tico, Universidad de Chile<\/td>\n<td>Proyecciones del proyecto<\/td>\n<\/tr>\n<tr>\n<td>Coffee break<\/td>\n<td>\u2014<\/td>\n<\/tr>\n<\/tbody>\n<\/table>\n<p>&nbsp;<\/p>\n<p>&nbsp;<\/p>\n<p><img loading=\"lazy\" decoding=\"async\" class=\"alignnone size-full wp-image-28\" src=\"https:\/\/eventos.cmm.uchile.cl\/fondefnsp\/wp-content\/uploads\/sites\/138\/2022\/06\/fondefnsp_sponsors_02.png\" alt=\"sponsors\" width=\"604\" height=\"175\" srcset=\"https:\/\/eventos.cmm.uchile.cl\/fondefnsp\/wp-content\/uploads\/sites\/138\/2022\/06\/fondefnsp_sponsors_02.png 604w, https:\/\/eventos.cmm.uchile.cl\/fondefnsp\/wp-content\/uploads\/sites\/138\/2022\/06\/fondefnsp_sponsors_02-300x87.png 300w\" sizes=\"auto, (max-width: 604px) 100vw, 604px\" \/><\/p>\n","protected":false},"excerpt":{"rendered":"<p>Jocelyn Dunstan Directora del proyecto Centro de Modelamiento Matem\u00e1tico, Universidad de Chile Bienvenida e introducci\u00f3n al proyecto Francisco Mart\u00ednez Decano Facultad de Ciencias F\u00edsicas y Matem\u00e1ticas, Universidad de Chile Crist\u00f3bal Cuadrado Subsecretario de Salud P\u00fablica Ministerio de Salud Enrique Aliste Vicerrector de Investigaci\u00f3n y Desarrollo, Universidad de Chile H\u00e9ctor Ram\u00edrez Director Alterno del proyecto Centro &hellip; <a href=\"https:\/\/eventos.cmm.uchile.cl\/fondefnsp\/?page_id=38\" class=\"more-link\">Contin\u00fae leyendo <span class=\"screen-reader-text\">Programa<\/span> <span class=\"meta-nav\">&rarr;<\/span><\/a><\/p>\n","protected":false},"author":2,"featured_media":0,"parent":0,"menu_order":3,"comment_status":"closed","ping_status":"closed","template":"","meta":{"inline_featured_image":false,"footnotes":""},"class_list":["post-38","page","type-page","status-publish","hentry"],"_links":{"self":[{"href":"https:\/\/eventos.cmm.uchile.cl\/fondefnsp\/index.php?rest_route=\/wp\/v2\/pages\/38","targetHints":{"allow":["GET"]}}],"collection":[{"href":"https:\/\/eventos.cmm.uchile.cl\/fondefnsp\/index.php?rest_route=\/wp\/v2\/pages"}],"about":[{"href":"https:\/\/eventos.cmm.uchile.cl\/fondefnsp\/index.php?rest_route=\/wp\/v2\/types\/page"}],"author":[{"embeddable":true,"href":"https:\/\/eventos.cmm.uchile.cl\/fondefnsp\/index.php?rest_route=\/wp\/v2\/users\/2"}],"replies":[{"embeddable":true,"href":"https:\/\/eventos.cmm.uchile.cl\/fondefnsp\/index.php?rest_route=%2Fwp%2Fv2%2Fcomments&post=38"}],"version-history":[{"count":24,"href":"https:\/\/eventos.cmm.uchile.cl\/fondefnsp\/index.php?rest_route=\/wp\/v2\/pages\/38\/revisions"}],"predecessor-version":[{"id":113,"href":"https:\/\/eventos.cmm.uchile.cl\/fondefnsp\/index.php?rest_route=\/wp\/v2\/pages\/38\/revisions\/113"}],"wp:attachment":[{"href":"https:\/\/eventos.cmm.uchile.cl\/fondefnsp\/index.php?rest_route=%2Fwp%2Fv2%2Fmedia&parent=38"}],"curies":[{"name":"wp","href":"https:\/\/api.w.org\/{rel}","templated":true}]}}