{"id":54,"date":"2022-07-04T16:48:52","date_gmt":"2022-07-04T20:48:52","guid":{"rendered":"https:\/\/eventos.cmm.uchile.cl\/fondefnsp\/?page_id=54"},"modified":"2023-04-11T18:11:35","modified_gmt":"2023-04-11T22:11:35","slug":"acerca-del-proyecto","status":"publish","type":"page","link":"https:\/\/eventos.cmm.uchile.cl\/fondefnsp\/?page_id=54","title":{"rendered":"Acerca del proyecto"},"content":{"rendered":"<p>Seg\u00fan el Reporte Estad\u00edstico Mensual 2019 del Ministerio de Salud, la proporci\u00f3n de atenciones de consultas m\u00e9dicas de especialidad perdidas en Chile debido al ausentismo sin aviso de los pacientes es del 19%, lo que a nivel nacional es aproximadamente 1.400.000 inasistencias anuales. Esto se traduce en cuantiosas p\u00e9rdidas econ\u00f3micas para el Estado. Adem\u00e1s, este ausentismo genera la p\u00e9rdida de adhesi\u00f3n a los tratamientos y consecuente impacto en la salud del paciente, una baja en satisfacci\u00f3n usuaria por aumento de tiempos de espera, el costo de oportunidad del hospital al no recibir el pago de esa hora, y la p\u00e9rdida del tiempo del profesional que los atiende.<\/p>\n<p>Para mitigar estas p\u00e9rdidas, el proyecto <strong>FONDEF ID19I10271 \u2018Soluciones tecnol\u00f3gicas, basadas en t\u00e9cnicas matem\u00e1ticas avanzadas de aprendizaje de m\u00e1quinas\u2019<\/strong> propone incorporar la predicci\u00f3n del ausentismo en la gesti\u00f3n de la agenda m\u00e9dica, bas\u00e1ndose en t\u00e9cnicas de aprendizaje de m\u00e1quinas. La soluci\u00f3n propuesta se configura en una herramienta inform\u00e1tica cuyo foco est\u00e1 en la inasistencia de pacientes. Esta analiza la data de las citas y el comportamiento hist\u00f3rico de los pacientes a horas de especialidad agendadas, predice su comportamiento, y propone al usuario una lista de pacientes a contactar, con el objeto de realizar acciones preventivas.<\/p>\n<p>Este proyecto tiene como entidades asociadas al <strong>Hospital Luis Calvo Mackenna<\/strong> (hospital pedi\u00e1trico de alta complejidad y centro de referencia nacional), al <strong>Hospital Regional de Talca<\/strong> (hospital de alta complejidad y centro de referencia regional), y al <strong>Centro de Referencia en Salud Cordillera Oriente<\/strong> (centro ambulatorio especializado y multidisciplinario).<\/p>\n<p>Para m\u00e1s informaci\u00f3n, ver\u00a0<a href=\"https:\/\/eventos.cmm.uchile.cl\/fondefnsp\/wp-content\/uploads\/sites\/138\/2022\/07\/Resumen-Ejecutivo-FONDEF-NSP_02_v29jun2022.pdf\">Resumen Ejecutivo FONDEF NSP.<\/a><\/p>\n<div class=\"su-button-center\"><a href=\"https:\/\/eventos.cmm.uchile.cl\/fondefnsp\/wp-content\/uploads\/sites\/138\/2022\/07\/Resumen-Ejecutivo-FONDEF-NSP_02_v29jun2022.pdf\" class=\"su-button su-button-style-flat\" style=\"color:#FFFFFF;background-color:#89A5CA;border-color:#6e84a2;border-radius:7px\" target=\"_blank\" rel=\"noopener noreferrer\" title=\"Descargar PDF\"><span style=\"color:#FFFFFF;padding:7px 20px;font-size:16px;line-height:24px;border-color:#adc0da;border-radius:7px;text-shadow:none\"><i class=\"sui sui-file-pdf-o\" style=\"font-size:16px;color:#FFFFFF\"><\/i> Descargue el Resumen ejecutivo<\/span><\/a><\/div>\n<p>&nbsp;<\/p>\n<p>&nbsp;<\/p>\n<p><img loading=\"lazy\" decoding=\"async\" class=\"alignnone size-full wp-image-28\" src=\"https:\/\/eventos.cmm.uchile.cl\/fondefnsp\/wp-content\/uploads\/sites\/138\/2022\/06\/fondefnsp_sponsors_02.png\" alt=\"sponsors\" width=\"604\" height=\"175\" srcset=\"https:\/\/eventos.cmm.uchile.cl\/fondefnsp\/wp-content\/uploads\/sites\/138\/2022\/06\/fondefnsp_sponsors_02.png 604w, https:\/\/eventos.cmm.uchile.cl\/fondefnsp\/wp-content\/uploads\/sites\/138\/2022\/06\/fondefnsp_sponsors_02-300x87.png 300w\" sizes=\"auto, (max-width: 604px) 100vw, 604px\" \/><\/p>\n","protected":false},"excerpt":{"rendered":"<p>Seg\u00fan el Reporte Estad\u00edstico Mensual 2019 del Ministerio de Salud, la proporci\u00f3n de atenciones de consultas m\u00e9dicas de especialidad perdidas en Chile debido al ausentismo sin aviso de los pacientes es del 19%, lo que a nivel nacional es aproximadamente 1.400.000 inasistencias anuales. Esto se traduce en cuantiosas p\u00e9rdidas econ\u00f3micas para el Estado. Adem\u00e1s, este &hellip; <a href=\"https:\/\/eventos.cmm.uchile.cl\/fondefnsp\/?page_id=54\" class=\"more-link\">Contin\u00fae leyendo <span class=\"screen-reader-text\">Acerca del proyecto<\/span> <span class=\"meta-nav\">&rarr;<\/span><\/a><\/p>\n","protected":false},"author":2,"featured_media":0,"parent":0,"menu_order":1,"comment_status":"closed","ping_status":"closed","template":"","meta":{"inline_featured_image":false,"footnotes":""},"class_list":["post-54","page","type-page","status-publish","hentry"],"_links":{"self":[{"href":"https:\/\/eventos.cmm.uchile.cl\/fondefnsp\/index.php?rest_route=\/wp\/v2\/pages\/54","targetHints":{"allow":["GET"]}}],"collection":[{"href":"https:\/\/eventos.cmm.uchile.cl\/fondefnsp\/index.php?rest_route=\/wp\/v2\/pages"}],"about":[{"href":"https:\/\/eventos.cmm.uchile.cl\/fondefnsp\/index.php?rest_route=\/wp\/v2\/types\/page"}],"author":[{"embeddable":true,"href":"https:\/\/eventos.cmm.uchile.cl\/fondefnsp\/index.php?rest_route=\/wp\/v2\/users\/2"}],"replies":[{"embeddable":true,"href":"https:\/\/eventos.cmm.uchile.cl\/fondefnsp\/index.php?rest_route=%2Fwp%2Fv2%2Fcomments&post=54"}],"version-history":[{"count":7,"href":"https:\/\/eventos.cmm.uchile.cl\/fondefnsp\/index.php?rest_route=\/wp\/v2\/pages\/54\/revisions"}],"predecessor-version":[{"id":122,"href":"https:\/\/eventos.cmm.uchile.cl\/fondefnsp\/index.php?rest_route=\/wp\/v2\/pages\/54\/revisions\/122"}],"wp:attachment":[{"href":"https:\/\/eventos.cmm.uchile.cl\/fondefnsp\/index.php?rest_route=%2Fwp%2Fv2%2Fmedia&parent=54"}],"curies":[{"name":"wp","href":"https:\/\/api.w.org\/{rel}","templated":true}]}}