{"id":16,"date":"2018-03-22T16:05:50","date_gmt":"2018-03-22T19:05:50","guid":{"rendered":"http:\/\/eventos.cmm.uchile.cl\/immc\/?page_id=16"},"modified":"2018-10-29T10:24:40","modified_gmt":"2018-10-29T13:24:40","slug":"como-participar","status":"publish","type":"page","link":"https:\/\/eventos.cmm.uchile.cl\/immc\/como-participar\/","title":{"rendered":"C\u00f3mo participar"},"content":{"rendered":"<p><span style=\"font-weight: 400\">Para participar en el proceso de selecci\u00f3n para representar a Chile en el IM\u00b2C 2019, lo primero que deben hacer es revisar las <a href=\"http:\/\/eventos.cmm.uchile.cl\/immc\/wp-content\/uploads\/sites\/59\/2018\/10\/Bases-proceso-de-seleccio\u0301n-IMMC-2019-Chile.pdf\" target=\"_blank\" rel=\"noopener\">Bases del proceso de selecci\u00f3n IMMC 2019 &#8211; Chile<\/a>. Luego, tienen que conformar un equipo en tu colegio o liceo y encontrar un\/a profesor\/a gu\u00eda. Tengan en cuenta que los equipos deben estar conformados por 4 estudiantes, todos del mismo establecimiento educacional, que est\u00e9n cursando hasta 3\u00ba medio durante el a\u00f1o escolar 2018. <\/span><\/p>\n<p><span style=\"font-weight: 400\">Una vez formado el equipo, deben inscribirse completando el Formulario de Inscripci\u00f3n\u00a0<a href=\"http:\/\/eventos.cmm.uchile.cl\/immc\/formulario-de-inscripcion\/\">Formulario de Inscripci\u00f3n\u00a0<\/a>a m\u00e1s tardar el <\/span><b>lunes 12 de noviembre de 2018<\/b><span style=\"font-weight: 400\">. Tengan en cuenta que el formulario requiere \u00a0informaci\u00f3n del establecimiento, de su profesor\/a gu\u00eda y de los integrantes del equipo, y que adem\u00e1s se debe adjuntar una Carta compromiso del establecimiento y una Carta de consentimiento del apoderado\u00a0 por cada uno de los integrantes del equipo.\u00a0<\/span><\/p>\n<p><span style=\"font-weight: 400\">Los equipos inscritos que cumplan con todas las condiciones solicitadas podr\u00e1n pasar a la etapa de <\/span><b>Preselecci\u00f3n<\/b><span style=\"font-weight: 400\"> donde tendr\u00e1n que resolver un problema de modelamiento corto. Los equipos con las mejores soluciones pasar\u00e1n a la etapa de <\/span><b>Prueba nacional<\/b><span style=\"font-weight: 400\">, donde trabajaran un nuevo problema de modelamiento. \u00a0Finalmente, los equipos que queden seleccionados en esta etapa tendr\u00e1n la posibilidad de resolver el problema de la <\/span><b>Competencia internacional<\/b><span style=\"font-weight: 400\">, y de estos informes un comit\u00e9 seleccionar\u00e1 los dos mejores para representar a Chile en el IM<\/span><span style=\"font-weight: 400\">2<\/span><span style=\"font-weight: 400\">C 2019. <\/span><\/p>\n<p><img loading=\"lazy\" decoding=\"async\" class=\"aligncenter wp-image-221 size-full\" src=\"http:\/\/eventos.cmm.uchile.cl\/immc\/wp-content\/uploads\/sites\/59\/2018\/10\/esquema-etapas2.png\" alt=\"\" width=\"839\" height=\"211\" srcset=\"https:\/\/eventos.cmm.uchile.cl\/immc\/wp-content\/uploads\/sites\/59\/2018\/10\/esquema-etapas2.png 839w, https:\/\/eventos.cmm.uchile.cl\/immc\/wp-content\/uploads\/sites\/59\/2018\/10\/esquema-etapas2-300x75.png 300w, https:\/\/eventos.cmm.uchile.cl\/immc\/wp-content\/uploads\/sites\/59\/2018\/10\/esquema-etapas2-768x193.png 768w\" sizes=\"auto, (max-width: 839px) 100vw, 839px\" \/><\/p>\n<p><span style=\"font-weight: 400\">La descripci\u00f3n de cada una de estas etapas se encuentra en las <a href=\"http:\/\/eventos.cmm.uchile.cl\/immc\/wp-content\/uploads\/sites\/59\/2018\/10\/Bases-proceso-de-seleccio\u0301n-IMMC-2019-Chile.pdf\" target=\"_blank\" rel=\"noopener\">Bases del proceso de selecci\u00f3n IMMC 2019 &#8211; Chile<\/a>. <\/span><\/p>\n<h4 style=\"text-align: justify\"><b>Fechas importantes<\/b><\/h4>\n<table>\n<tbody>\n<tr>\n<td><b>Inscripci\u00f3n<\/b><\/td>\n<td>Del 26 de octubre al 12 de noviembre de 2018.<\/td>\n<\/tr>\n<tr>\n<td><b>Anuncio n\u00f3mina de inscritos<\/b><\/td>\n<td>14 de noviembre de 2018.<\/td>\n<\/tr>\n<tr>\n<td><b>Env\u00edo del problema de preselecci\u00f3n<\/b><\/td>\n<td>16 de noviembre del 2018 a las 12:00 hrs.<\/td>\n<\/tr>\n<tr>\n<td><b>\u00daltimo plazo para recepci\u00f3n de soluci\u00f3n del problema de preselecci\u00f3n<\/b><\/td>\n<td>19 de noviembre del 2018 a las 23:59 hrs.<\/td>\n<\/tr>\n<tr>\n<td><b>Anuncio de equipos preseleccionados<\/b><\/td>\n<td>28 de noviembre del 2018.<\/td>\n<\/tr>\n<tr>\n<td><b>Periodo para elegir 5 d\u00edas para resolver problema de prueba de selecci\u00f3n nacional<\/b><\/td>\n<td>Del 3 de diciembre al 21 de diciembre de 2018.<\/td>\n<\/tr>\n<tr>\n<td><b>\u00daltimo plazo para recepci\u00f3n de soluci\u00f3n del problema de selecci\u00f3n<\/b><\/td>\n<td>21 de diciembre de 2018 a las 23:59 hrs.<\/td>\n<\/tr>\n<tr>\n<td><b>Anuncio de equipos seleccionados<\/b><\/td>\n<td>Enero de 2019.<\/td>\n<\/tr>\n<tr>\n<td><b>Per\u00edodo para elegir 5 d\u00edas para resolver problema de competencia internacional IM<sup>2<\/sup>C<\/b><\/td>\n<td>Del 11 de marzo al 22 de abril de 2019.<\/td>\n<\/tr>\n<\/tbody>\n<\/table>\n<p style=\"text-align: justify\">Para m\u00e1s informaci\u00f3n, puedes consultar:<\/p>\n[button url=&#8221;http:\/\/eventos.cmm.uchile.cl\/immc\/como-participar\/competencia-internacional\/&#8221; target=&#8221;self&#8221; style=&#8221;flat&#8221; background=&#8221;#39B55E&#8221; color=&#8221;#FFFFFF&#8221; size=&#8221;8&#8243; wide=&#8221;no&#8221; center=&#8221;yes&#8221; radius=&#8221;auto&#8221; icon=&#8221;icon:info-circle&#8221; icon_color=&#8221;#FFFFFF&#8221; text_shadow=&#8221;none&#8221;]Reglamento de la competencia internacional[\/button]\n<p>&nbsp;<\/p>\n[button url=&#8221;http:\/\/eventos.cmm.uchile.cl\/immc\/como-participar\/preguntas-frecuentes\/&#8221; target=&#8221;self&#8221; style=&#8221;flat&#8221; background=&#8221;#39B55E&#8221; color=&#8221;#FFFFFF&#8221; size=&#8221;8&#8243; wide=&#8221;no&#8221; center=&#8221;yes&#8221; radius=&#8221;auto&#8221; icon=&#8221;icon:question-circle-o&#8221; icon_color=&#8221;#FFFFFF&#8221; text_shadow=&#8221;none&#8221;]Preguntas Frecuentes[\/button]\n<h4 style=\"text-align: justify\"><\/h4>\n","protected":false},"excerpt":{"rendered":"<p>Para participar en el proceso de selecci\u00f3n para representar a Chile en el IM\u00b2C 2019, lo primero que deben hacer es revisar las Bases del proceso de selecci\u00f3n IMMC 2019 &#8211; Chile. Luego, tienen que conformar un equipo en tu colegio o liceo y encontrar un\/a profesor\/a gu\u00eda. Tengan en cuenta que los equipos deben &hellip; <a href=\"https:\/\/eventos.cmm.uchile.cl\/immc\/como-participar\/\" class=\"more-link\">Contin\u00fae leyendo <span class=\"screen-reader-text\">C\u00f3mo participar<\/span> <span class=\"meta-nav\">&rarr;<\/span><\/a><\/p>\n","protected":false},"author":2,"featured_media":0,"parent":0,"menu_order":2,"comment_status":"closed","ping_status":"closed","template":"","meta":{"inline_featured_image":false,"footnotes":""},"class_list":["post-16","page","type-page","status-publish","hentry"],"_links":{"self":[{"href":"https:\/\/eventos.cmm.uchile.cl\/immc\/wp-json\/wp\/v2\/pages\/16","targetHints":{"allow":["GET"]}}],"collection":[{"href":"https:\/\/eventos.cmm.uchile.cl\/immc\/wp-json\/wp\/v2\/pages"}],"about":[{"href":"https:\/\/eventos.cmm.uchile.cl\/immc\/wp-json\/wp\/v2\/types\/page"}],"author":[{"embeddable":true,"href":"https:\/\/eventos.cmm.uchile.cl\/immc\/wp-json\/wp\/v2\/users\/2"}],"replies":[{"embeddable":true,"href":"https:\/\/eventos.cmm.uchile.cl\/immc\/wp-json\/wp\/v2\/comments?post=16"}],"version-history":[{"count":19,"href":"https:\/\/eventos.cmm.uchile.cl\/immc\/wp-json\/wp\/v2\/pages\/16\/revisions"}],"predecessor-version":[{"id":223,"href":"https:\/\/eventos.cmm.uchile.cl\/immc\/wp-json\/wp\/v2\/pages\/16\/revisions\/223"}],"wp:attachment":[{"href":"https:\/\/eventos.cmm.uchile.cl\/immc\/wp-json\/wp\/v2\/media?parent=16"}],"curies":[{"name":"wp","href":"https:\/\/api.w.org\/{rel}","templated":true}]}}