{"id":34,"date":"2018-03-27T16:35:44","date_gmt":"2018-03-27T19:35:44","guid":{"rendered":"http:\/\/eventos.cmm.uchile.cl\/immc\/?page_id=34"},"modified":"2018-10-29T10:26:46","modified_gmt":"2018-10-29T13:26:46","slug":"proceso-seleccion","status":"publish","type":"page","link":"https:\/\/eventos.cmm.uchile.cl\/immc\/como-participar\/proceso-seleccion\/","title":{"rendered":"Proceso de selecci\u00f3n"},"content":{"rendered":"<h3 style=\"text-align: justify\">Proceso de selecci\u00f3n para IM<sup>2<\/sup>C 2019 &#8211; Chile<\/h3>\n<ol style=\"text-align: justify\">\n<li><b>Inscripci\u00f3n.\u00a0<\/b>Cada equipo deber\u00e1 completar el <a href=\"http:\/\/eventos.cmm.uchile.cl\/immc\/formulario-de-inscripcion\/\">Formulario de Inscripci\u00f3n<\/a>, subir escaneada la carta de compromiso el establecimiento con firma del(la) director(a) y timbre del establecimiento, y subir escaneadas las cartas de consentimiento de los apoderados con sus respectivas firmas.<br \/>\nLa organizaci\u00f3n nacional revisar\u00e1 los antecedentes entregados y anunciar\u00e1 a m\u00e1s tardar el <b>mi\u00e9rcoles 14 de noviembre de 2018<\/b> los equipos que pasar\u00e1n a la etapa de preselecci\u00f3n. En caso de que el equipo no entregue toda la informaci\u00f3n solicitada, esta no sea fidedigna o no cumpla con las bases, quedar\u00e1 fuera de la competencia. La organizaci\u00f3n nacional se reserva el derecho a extender la fecha de inscripci\u00f3n.<\/li>\n<li><b>Preselecci\u00f3n.<\/b> Los equipos que hayan pasado a esta etapa tendr\u00e1n que trabajar en un problema de modelamiento matem\u00e1tico, el cual ser\u00e1 enviado por correo electr\u00f3nico a cada equipo inscrito el <b>viernes<\/b> <b>16 de noviembre a las 12.00 hrs<\/b> y, adem\u00e1s, estar\u00e1 disponible en la p\u00e1gina web de la competencia a partir de la fecha antes mencionada.La soluci\u00f3n del problema debe ser un documento en formato pdf de a lo m\u00e1s tres p\u00e1ginas, que no contenga ninguna referencia al establecimiento ni a los integrantes del equipo. Este informe debe ser enviado al correo <a href=\"mailto:immc@cmm.uchile.cl\">immc@cmm.uchile.cl<\/a> indicando el establecimiento y nombre de cada uno de los integrantes del equipo, antes del<b> lunes 19 de noviembre a las 23.59 hrs<\/b>.<br \/>\nLa organizaci\u00f3n nacional revisar\u00e1 las soluciones presentadas y, en un plazo de m\u00e1ximo dos semanas, anunciar\u00e1 los equipos que podr\u00e1n rendir la prueba nacional. Un m\u00e1ximo de 20 equipos podr\u00e1n pasar a la siguiente etapa.<\/li>\n<li><b>Prueba nacional.<\/b> Los equipos que hayan llegado a esta etapa deber\u00e1n resolver un nuevo problema de modelamiento matem\u00e1tico, el que ser\u00e1 trabajado usando una modalidad similar a la de la competencia internacional. Este ser\u00e1 enviado por correo electr\u00f3nico a cada equipo preseleccionado.Dentro del periodo comprendido entre el <b>lunes 3 de diciembre y el viernes 21 de diciembre de 2018<\/b>, cada equipo deber\u00e1 seleccionar un intervalo de <b>5 d\u00edas<\/b> para trabajar en el problema y coordinar con la organizaci\u00f3n nacional la entrega del problema al inicio de ese intervalo. Antes de que finalice el periodo de 5 d\u00edas, el equipo deber\u00e1 enviar su soluci\u00f3n al correo <a href=\"mailto:immc@cmm.uchile.cl\">immc@cmm.uchile.cl<\/a>, teniendo como plazo m\u00e1ximo de entrega el d\u00eda <b>viernes 21 de diciembre a las 23:59 hrs<\/b>. La soluci\u00f3n deber\u00e1 ser entregada en la forma de un informe de m\u00e1ximo de 10 p\u00e1ginas m\u00e1s una p\u00e1gina de resumen, que no contenga ninguna referencia al establecimiento ni a los integrantes del equipo.Un comit\u00e9 revisar\u00e1 los informes y en un plazo de m\u00e1ximo de un mes informar\u00e1 los equipos seleccionados en esta etapa. Un m\u00ednimo de dos equipos y un m\u00e1ximo de cinco equipos pasar\u00e1n a la siguiente etapa y tendr\u00e1n la oportunidad de trabajar el problema de la competencia internacional.<\/li>\n<li><b>Competencia internacional.<\/b> Los equipos que alcancen esta etapa deber\u00e1n resolver el problema de la competencia internacional IM2C. La modalidad de trabajo es an\u00e1loga a la de la etapa anterior, es decir, cada equipo deber\u00e1 seleccionar un intervalo de <b>5 d\u00edas<\/b> para elaborar un informe con su soluci\u00f3n. El periodo para trabajar en el problema internacional comienza el <b>lunes 11 de marzo<\/b> y finaliza el <b>lunes 22 de abril de 2019<\/b>. Una vez que los equipos decidan el intervalo de trabajo, la organizaci\u00f3n nacional les proveer\u00e1 una versi\u00f3n en espa\u00f1ol del problema internacional, y contar\u00e1n con 5 d\u00edas corridos para entregar un informe en espa\u00f1ol siguiendo las reglas de la competencia internacional.Un comit\u00e9 formado por investigadores del CMM revisar\u00e1 las soluciones, y seleccionar\u00e1 los dos informes que representar\u00e1n al pa\u00eds en la competencia internacional IM2C 2019. La organizaci\u00f3n nacional se encargar\u00e1 de traducir y enviar los informes seleccionados.<\/li>\n<\/ol>\n<h3 style=\"text-align: justify\">Evaluaci\u00f3n y reconocimientos<\/h3>\n<p><span style=\"font-weight: 400\">Un comit\u00e9 formado por investigadores asociados al CMM se encargar\u00e1 de revisar los informes entregados durante la etapa de Prueba nacional y de seleccionar los dos informes que representen al pa\u00eds en la Competencia internacional. La composici\u00f3n del comit\u00e9 ser\u00e1 anunciada prontamente. <\/span><\/p>\n<p><span style=\"font-weight: 400\">Tres dimensiones ser\u00e1n evaluadas en estas dos instancias:<\/span><\/p>\n<ol style=\"text-align: justify\">\n<li><b>Presentaci\u00f3n del informe:<\/b> \u201cClaridad del resumen\u201d y \u201cOrganizaci\u00f3n y redacci\u00f3n del informe\u201d.<\/li>\n<li><b>Soluci\u00f3n propuesta:<\/b> \u201cRespuesta a interrogantes\u201d, \u201cCalidad matem\u00e1tica\u201d e \u201cInterpretaci\u00f3n de resultados\u201d.<\/li>\n<li><b>Dise\u00f1o del modelo:<\/b> \u201cPresentaci\u00f3n del modelo\u201d, \u201cRacionalidad de los supuestos\u201d y \u201cCumplimiento de restricciones\u201d.<\/li>\n<\/ol>\n<p><span style=\"font-weight: 400\">Los trabajos de los equipos que pasen a la etapa de la prueba nacional podr\u00e1n ser reconocidos con distintas menciones. El comit\u00e9 evaluador se reserva la facultad de hacer p\u00fablicos los resultados. <\/span><\/p>\n<h4 style=\"text-align: justify\"><b>Fechas importantes<\/b><\/h4>\n<table>\n<tbody>\n<tr>\n<td><b>Inscripci\u00f3n<\/b><\/td>\n<td>Del 26 de octubre al 12 de noviembre de 2018.<\/td>\n<\/tr>\n<tr>\n<td><b>Anuncio n\u00f3mina de inscritos<\/b><\/td>\n<td>14 de noviembre de 2018.<\/td>\n<\/tr>\n<tr>\n<td><b>Env\u00edo del problema de preselecci\u00f3n<\/b><\/td>\n<td>16 de noviembre del 2018 a las 12:00 hrs.<\/td>\n<\/tr>\n<tr>\n<td><b>\u00daltimo plazo para recepci\u00f3n de soluci\u00f3n del problema de preselecci\u00f3n<\/b><\/td>\n<td>19 de noviembre del 2018 a las 23:59 hrs.<\/td>\n<\/tr>\n<tr>\n<td><b>Anuncio de equipos preseleccionados<\/b><\/td>\n<td>28 de noviembre del 2018.<\/td>\n<\/tr>\n<tr>\n<td><b>Periodo para elegir 5 d\u00edas para resolver problema de prueba de selecci\u00f3n nacional<\/b><\/td>\n<td>Del 3 de diciembre al 21 de diciembre de 2018.<\/td>\n<\/tr>\n<tr>\n<td><b>\u00daltimo plazo para recepci\u00f3n de soluci\u00f3n del problema de selecci\u00f3n<\/b><\/td>\n<td>21 de diciembre de 2018 a las 23:59 hrs.<\/td>\n<\/tr>\n<tr>\n<td><b>Anuncio de equipos seleccionados<\/b><\/td>\n<td>Enero de 2019.<\/td>\n<\/tr>\n<tr>\n<td><b>Per\u00edodo para elegir 5 d\u00edas para resolver problema de competencia internacional IM<sup>2<\/sup>C<\/b><\/td>\n<td>Del 11 de marzo al 22 de abril de 2019.<\/td>\n<\/tr>\n<\/tbody>\n<\/table>\n","protected":false},"excerpt":{"rendered":"<p>Proceso de selecci\u00f3n para IM2C 2019 &#8211; Chile Inscripci\u00f3n.\u00a0Cada equipo deber\u00e1 completar el Formulario de Inscripci\u00f3n, subir escaneada la carta de compromiso el establecimiento con firma del(la) director(a) y timbre del establecimiento, y subir escaneadas las cartas de consentimiento de los apoderados con sus respectivas firmas. La organizaci\u00f3n nacional revisar\u00e1 los antecedentes entregados y anunciar\u00e1 &hellip; <a href=\"https:\/\/eventos.cmm.uchile.cl\/immc\/como-participar\/proceso-seleccion\/\" class=\"more-link\">Contin\u00fae leyendo <span class=\"screen-reader-text\">Proceso de selecci\u00f3n<\/span> <span class=\"meta-nav\">&rarr;<\/span><\/a><\/p>\n","protected":false},"author":2,"featured_media":0,"parent":16,"menu_order":0,"comment_status":"closed","ping_status":"closed","template":"","meta":{"inline_featured_image":false,"footnotes":""},"class_list":["post-34","page","type-page","status-publish","hentry"],"_links":{"self":[{"href":"https:\/\/eventos.cmm.uchile.cl\/immc\/wp-json\/wp\/v2\/pages\/34","targetHints":{"allow":["GET"]}}],"collection":[{"href":"https:\/\/eventos.cmm.uchile.cl\/immc\/wp-json\/wp\/v2\/pages"}],"about":[{"href":"https:\/\/eventos.cmm.uchile.cl\/immc\/wp-json\/wp\/v2\/types\/page"}],"author":[{"embeddable":true,"href":"https:\/\/eventos.cmm.uchile.cl\/immc\/wp-json\/wp\/v2\/users\/2"}],"replies":[{"embeddable":true,"href":"https:\/\/eventos.cmm.uchile.cl\/immc\/wp-json\/wp\/v2\/comments?post=34"}],"version-history":[{"count":20,"href":"https:\/\/eventos.cmm.uchile.cl\/immc\/wp-json\/wp\/v2\/pages\/34\/revisions"}],"predecessor-version":[{"id":225,"href":"https:\/\/eventos.cmm.uchile.cl\/immc\/wp-json\/wp\/v2\/pages\/34\/revisions\/225"}],"up":[{"embeddable":true,"href":"https:\/\/eventos.cmm.uchile.cl\/immc\/wp-json\/wp\/v2\/pages\/16"}],"wp:attachment":[{"href":"https:\/\/eventos.cmm.uchile.cl\/immc\/wp-json\/wp\/v2\/media?parent=34"}],"curies":[{"name":"wp","href":"https:\/\/api.w.org\/{rel}","templated":true}]}}