{"id":63,"date":"2018-03-28T10:13:14","date_gmt":"2018-03-28T13:13:14","guid":{"rendered":"http:\/\/eventos.cmm.uchile.cl\/immc\/?page_id=63"},"modified":"2018-10-23T12:40:01","modified_gmt":"2018-10-23T15:40:01","slug":"modelamiento-matematico","status":"publish","type":"page","link":"https:\/\/eventos.cmm.uchile.cl\/immc\/recursos\/modelamiento-matematico\/","title":{"rendered":"Modelamiento matem\u00e1tico"},"content":{"rendered":"<p><span style=\"font-weight: 400\">Un <\/span><b>modelo matem\u00e1tico<\/b><span style=\"font-weight: 400\"> es un sistema de conceptos, procedimientos, algoritmos y otros componentes matem\u00e1ticos que ayudan a explicar una situaci\u00f3n, estudiar los efectos de los diferentes componentes, y a realizar predicciones sobre el comportamiento. El proceso de desarrollo de un modelo matem\u00e1tico se denomina <\/span><b>modelamiento matem\u00e1tico<\/b><span style=\"font-weight: 400\">. En otras palabras, el modelamiento matem\u00e1tico es el arte de traducir un problema de un \u00e1rea de aplicaci\u00f3n a formulaciones matem\u00e1ticas que proporcionan informaci\u00f3n sobre el problema, respuestas y gu\u00edas \u00fatiles para la aplicaci\u00f3n.<\/span><\/p>\n<p><span style=\"font-weight: 400\">Los modelos matem\u00e1ticos tienen muchas aplicaciones en la vida diaria y son utilizados en distintas disciplinas: de las ciencias naturales, tales como f\u00edsica, biolog\u00eda, qu\u00edmica, ciencias de la tierra o meteorolog\u00eda; de la ingenier\u00eda, tales como inform\u00e1tica, tecnolog\u00eda y transporte; y de las ciencias sociales, tales como econom\u00eda o sociolog\u00eda. <\/span><\/p>\n","protected":false},"excerpt":{"rendered":"<p>Un modelo matem\u00e1tico es un sistema de conceptos, procedimientos, algoritmos y otros componentes matem\u00e1ticos que ayudan a explicar una situaci\u00f3n, estudiar los efectos de los diferentes componentes, y a realizar predicciones sobre el comportamiento. El proceso de desarrollo de un modelo matem\u00e1tico se denomina modelamiento matem\u00e1tico. En otras palabras, el modelamiento matem\u00e1tico es el arte &hellip; <a href=\"https:\/\/eventos.cmm.uchile.cl\/immc\/recursos\/modelamiento-matematico\/\" class=\"more-link\">Contin\u00fae leyendo <span class=\"screen-reader-text\">Modelamiento matem\u00e1tico<\/span> <span class=\"meta-nav\">&rarr;<\/span><\/a><\/p>\n","protected":false},"author":2,"featured_media":0,"parent":148,"menu_order":0,"comment_status":"closed","ping_status":"closed","template":"","meta":{"inline_featured_image":false,"footnotes":""},"class_list":["post-63","page","type-page","status-publish","hentry"],"_links":{"self":[{"href":"https:\/\/eventos.cmm.uchile.cl\/immc\/wp-json\/wp\/v2\/pages\/63","targetHints":{"allow":["GET"]}}],"collection":[{"href":"https:\/\/eventos.cmm.uchile.cl\/immc\/wp-json\/wp\/v2\/pages"}],"about":[{"href":"https:\/\/eventos.cmm.uchile.cl\/immc\/wp-json\/wp\/v2\/types\/page"}],"author":[{"embeddable":true,"href":"https:\/\/eventos.cmm.uchile.cl\/immc\/wp-json\/wp\/v2\/users\/2"}],"replies":[{"embeddable":true,"href":"https:\/\/eventos.cmm.uchile.cl\/immc\/wp-json\/wp\/v2\/comments?post=63"}],"version-history":[{"count":1,"href":"https:\/\/eventos.cmm.uchile.cl\/immc\/wp-json\/wp\/v2\/pages\/63\/revisions"}],"predecessor-version":[{"id":64,"href":"https:\/\/eventos.cmm.uchile.cl\/immc\/wp-json\/wp\/v2\/pages\/63\/revisions\/64"}],"up":[{"embeddable":true,"href":"https:\/\/eventos.cmm.uchile.cl\/immc\/wp-json\/wp\/v2\/pages\/148"}],"wp:attachment":[{"href":"https:\/\/eventos.cmm.uchile.cl\/immc\/wp-json\/wp\/v2\/media?parent=63"}],"curies":[{"name":"wp","href":"https:\/\/api.w.org\/{rel}","templated":true}]}}