{"id":16,"date":"2022-10-21T11:26:30","date_gmt":"2022-10-21T14:26:30","guid":{"rendered":"https:\/\/eventos.cmm.uchile.cl\/itt2022\/?page_id=16"},"modified":"2022-11-10T18:40:46","modified_gmt":"2022-11-10T21:40:46","slug":"acerca","status":"publish","type":"page","link":"https:\/\/eventos.cmm.uchile.cl\/itt2022\/?page_id=16","title":{"rendered":"Acerca de ITT"},"content":{"rendered":"<p class=\"rteindent2\">El concepto de <strong>ITT <\/strong>fue creado por la Universidad de Bath en el Reino Unido como parte del programa de Doctorado del <a href=\"https:\/\/samba.ac.uk\/\" target=\"_blank\" rel=\"noopener\">Centro EPSRC de Formaci\u00f3n Doctoral en Matem\u00e1tica Estad\u00edstica Aplicada (EPSRC-SAMBA)<\/a>\u00a0 y\u00a0 ha dado lugar a\u00a0 un n\u00famero importante de tesis matem\u00e1ticas e\u00a0 investigaci\u00f3n\u00a0 con <a href=\"https:\/\/samba.ac.uk\/working-with-samba\/integrative-think-tanks-itts\/\" target=\"_blank\" rel=\"noopener\">aplicaciones en diversos \u00e1mbitos en la industria<\/a>.<\/p>\n<p class=\"rteindent2\">Desde hace varios a\u00f1os se realizan eventos ITT en la Universidad de Bath y recientemente se han llevado a cabo en otros pa\u00edses, como Alemania (Heidelberg) y M\u00e9xico (CIMAT Guanajuato). El <a href=\"https:\/\/www.bath.ac.uk\/departments\/department-of-mathematical-sciences\/\" target=\"_blank\" rel=\"noopener\">Departamento de Ciencias Matem\u00e1ticas<\/a> de la Universidad de Bath es parte activa en cada evento,\u00a0 participando en ellos investigadores y estudiantes de dicha instituci\u00f3n.<\/p>\n<p>SAMBa es un centro del <a href=\"https:\/\/www.ukri.org\/councils\/epsrc\/\" target=\"_blank\" rel=\"noopener\">Engineering and Physical Sciences Research Council (EPSRC)<\/a> en la Universidad de Bath, Reino Unido.<\/p>\n<p class=\"rteindent2\"><img loading=\"lazy\" decoding=\"async\" class=\"aligncenter size-full wp-image-143\" src=\"https:\/\/eventos.cmm.uchile.cl\/itt2022\/wp-content\/uploads\/sites\/146\/2022\/11\/itt_comp_03.jpg\" alt=\"\" width=\"604\" height=\"264\" srcset=\"https:\/\/eventos.cmm.uchile.cl\/itt2022\/wp-content\/uploads\/sites\/146\/2022\/11\/itt_comp_03.jpg 604w, https:\/\/eventos.cmm.uchile.cl\/itt2022\/wp-content\/uploads\/sites\/146\/2022\/11\/itt_comp_03-300x131.jpg 300w\" sizes=\"auto, (max-width: 604px) 100vw, 604px\" \/><\/p>\n","protected":false},"excerpt":{"rendered":"<p>El concepto de ITT fue creado por la Universidad de Bath en el Reino Unido como parte del programa de Doctorado del Centro EPSRC de Formaci\u00f3n Doctoral en Matem\u00e1tica Estad\u00edstica Aplicada (EPSRC-SAMBA)\u00a0 y\u00a0 ha dado lugar a\u00a0 un n\u00famero importante de tesis matem\u00e1ticas e\u00a0 investigaci\u00f3n\u00a0 con aplicaciones en diversos \u00e1mbitos en la industria. Desde hace &hellip; <a href=\"https:\/\/eventos.cmm.uchile.cl\/itt2022\/?page_id=16\" class=\"more-link\">Contin\u00fae leyendo <span class=\"screen-reader-text\">Acerca de ITT<\/span> <span class=\"meta-nav\">&rarr;<\/span><\/a><\/p>\n","protected":false},"author":2,"featured_media":0,"parent":0,"menu_order":1,"comment_status":"closed","ping_status":"closed","template":"","meta":{"inline_featured_image":false,"footnotes":""},"class_list":["post-16","page","type-page","status-publish","hentry"],"_links":{"self":[{"href":"https:\/\/eventos.cmm.uchile.cl\/itt2022\/index.php?rest_route=\/wp\/v2\/pages\/16","targetHints":{"allow":["GET"]}}],"collection":[{"href":"https:\/\/eventos.cmm.uchile.cl\/itt2022\/index.php?rest_route=\/wp\/v2\/pages"}],"about":[{"href":"https:\/\/eventos.cmm.uchile.cl\/itt2022\/index.php?rest_route=\/wp\/v2\/types\/page"}],"author":[{"embeddable":true,"href":"https:\/\/eventos.cmm.uchile.cl\/itt2022\/index.php?rest_route=\/wp\/v2\/users\/2"}],"replies":[{"embeddable":true,"href":"https:\/\/eventos.cmm.uchile.cl\/itt2022\/index.php?rest_route=%2Fwp%2Fv2%2Fcomments&post=16"}],"version-history":[{"count":10,"href":"https:\/\/eventos.cmm.uchile.cl\/itt2022\/index.php?rest_route=\/wp\/v2\/pages\/16\/revisions"}],"predecessor-version":[{"id":144,"href":"https:\/\/eventos.cmm.uchile.cl\/itt2022\/index.php?rest_route=\/wp\/v2\/pages\/16\/revisions\/144"}],"wp:attachment":[{"href":"https:\/\/eventos.cmm.uchile.cl\/itt2022\/index.php?rest_route=%2Fwp%2Fv2%2Fmedia&parent=16"}],"curies":[{"name":"wp","href":"https:\/\/api.w.org\/{rel}","templated":true}]}}