{"id":21,"date":"2022-10-28T13:00:49","date_gmt":"2022-10-28T16:00:49","guid":{"rendered":"https:\/\/eventos.cmm.uchile.cl\/itt2022\/?page_id=21"},"modified":"2022-11-10T17:57:35","modified_gmt":"2022-11-10T20:57:35","slug":"desafios","status":"publish","type":"page","link":"https:\/\/eventos.cmm.uchile.cl\/itt2022\/?page_id=21","title":{"rendered":"Desaf\u00edos"},"content":{"rendered":"<p style=\"text-align: left;\"><strong>ITT Chile 2022<\/strong> tendr\u00e1 los siguientes\u00a0 partners y desaf\u00edos<\/p>\n<ul>\n<li style=\"text-align: left;\"><strong>Centro de Investigaci\u00f3n\u00a0 en Miner\u00eda Sustentable, JRI-Ingenier\u00eda<br \/>\n<\/strong><em>Modelamiento de fluidos complejos en tranques de relaves\u00a0 mineros:\u00a0 simulaci\u00f3n y cuantificaci\u00f3n de riesgos de eventos de colapso.<br \/>\nM\u00e1s informaci\u00f3n: <a href=\"https:\/\/www.cimsjri.cl\/\" target=\"_blank\" rel=\"noopener\">https:\/\/www.cimsjri.cl\/<\/a><\/em><\/li>\n<li style=\"text-align: left;\"><strong>TARA-CEODOS Chile<br \/>\n<\/strong><em>B\u00fasqueda y descubrimiento de patrones de biodiversidad, f\u00edsicos, de cambio clim\u00e1tico y metagen\u00f3micos,\u00a0 en los datos generados por la expedici\u00f3n oceanogr\u00e1fica internacional Misi\u00f3n Microbioma de TARA Oceans.<br \/>\nM\u00e1s informaci\u00f3n: <a href=\"https:\/\/www.ceodoschile.cl\/\" target=\"_blank\" rel=\"noopener\">https:\/\/www.ceodoschile.cl\/<\/a><\/em><\/li>\n<li style=\"text-align: left;\"><strong>ALeRCE<\/strong><strong>, Automatic LEarning for Rapid Classification of Events<br \/>\n<\/strong><em>Nuevos m\u00e9todos de aumentaci\u00f3n de datos, desde las probabilidades a la IA, y\u00a0 aplicaciones en la clasificaci\u00f3n autom\u00e1tica de series temporales astron\u00f3micas.<br \/>\nM\u00e1s informaci\u00f3n: <a href=\"https:\/\/alerce.science\/\" target=\"_blank\" rel=\"noopener\">https:\/\/alerce.science\/<\/a><\/em><\/li>\n<\/ul>\n<p>&nbsp;<\/p>\n<p><img loading=\"lazy\" decoding=\"async\" class=\"aligncenter size-full wp-image-130\" src=\"https:\/\/eventos.cmm.uchile.cl\/itt2022\/wp-content\/uploads\/sites\/146\/2022\/11\/itt_chile_2022_partners_01.png\" alt=\"2022 partners\" width=\"604\" height=\"80\" srcset=\"https:\/\/eventos.cmm.uchile.cl\/itt2022\/wp-content\/uploads\/sites\/146\/2022\/11\/itt_chile_2022_partners_01.png 604w, https:\/\/eventos.cmm.uchile.cl\/itt2022\/wp-content\/uploads\/sites\/146\/2022\/11\/itt_chile_2022_partners_01-300x40.png 300w\" sizes=\"auto, (max-width: 604px) 100vw, 604px\" \/><\/p>\n","protected":false},"excerpt":{"rendered":"<p>ITT Chile 2022 tendr\u00e1 los siguientes\u00a0 partners y desaf\u00edos Centro de Investigaci\u00f3n\u00a0 en Miner\u00eda Sustentable, JRI-Ingenier\u00eda Modelamiento de fluidos complejos en tranques de relaves\u00a0 mineros:\u00a0 simulaci\u00f3n y cuantificaci\u00f3n de riesgos de eventos de colapso. M\u00e1s informaci\u00f3n: https:\/\/www.cimsjri.cl\/ TARA-CEODOS Chile B\u00fasqueda y descubrimiento de patrones de biodiversidad, f\u00edsicos, de cambio clim\u00e1tico y metagen\u00f3micos,\u00a0 en los datos &hellip; <a href=\"https:\/\/eventos.cmm.uchile.cl\/itt2022\/?page_id=21\" class=\"more-link\">Contin\u00fae leyendo <span class=\"screen-reader-text\">Desaf\u00edos<\/span> <span class=\"meta-nav\">&rarr;<\/span><\/a><\/p>\n","protected":false},"author":2,"featured_media":0,"parent":0,"menu_order":2,"comment_status":"closed","ping_status":"closed","template":"","meta":{"inline_featured_image":false,"footnotes":""},"class_list":["post-21","page","type-page","status-publish","hentry"],"_links":{"self":[{"href":"https:\/\/eventos.cmm.uchile.cl\/itt2022\/index.php?rest_route=\/wp\/v2\/pages\/21","targetHints":{"allow":["GET"]}}],"collection":[{"href":"https:\/\/eventos.cmm.uchile.cl\/itt2022\/index.php?rest_route=\/wp\/v2\/pages"}],"about":[{"href":"https:\/\/eventos.cmm.uchile.cl\/itt2022\/index.php?rest_route=\/wp\/v2\/types\/page"}],"author":[{"embeddable":true,"href":"https:\/\/eventos.cmm.uchile.cl\/itt2022\/index.php?rest_route=\/wp\/v2\/users\/2"}],"replies":[{"embeddable":true,"href":"https:\/\/eventos.cmm.uchile.cl\/itt2022\/index.php?rest_route=%2Fwp%2Fv2%2Fcomments&post=21"}],"version-history":[{"count":22,"href":"https:\/\/eventos.cmm.uchile.cl\/itt2022\/index.php?rest_route=\/wp\/v2\/pages\/21\/revisions"}],"predecessor-version":[{"id":132,"href":"https:\/\/eventos.cmm.uchile.cl\/itt2022\/index.php?rest_route=\/wp\/v2\/pages\/21\/revisions\/132"}],"wp:attachment":[{"href":"https:\/\/eventos.cmm.uchile.cl\/itt2022\/index.php?rest_route=%2Fwp%2Fv2%2Fmedia&parent=21"}],"curies":[{"name":"wp","href":"https:\/\/api.w.org\/{rel}","templated":true}]}}