{"id":9,"date":"2023-06-23T15:57:08","date_gmt":"2023-06-23T19:57:08","guid":{"rendered":"https:\/\/eventos.cmm.uchile.cl\/waves2023\/?page_id=9"},"modified":"2024-06-24T19:24:10","modified_gmt":"2024-06-24T23:24:10","slug":"speakers","status":"publish","type":"page","link":"https:\/\/eventos.cmm.uchile.cl\/mmp2024\/speakers\/","title":{"rendered":"Speakers"},"content":{"rendered":"<p><a href=\"http:\/\/www.mat.ufpb.br\/araujo\/\" target=\"_blank\" rel=\"noopener\">Dami\u00e3o Ara\u00fajo<\/a> (Universidade Federal da Para\u00edba, Brazil)<\/p>\n<p><a href=\"http:\/\/mate.dm.uba.ar\/~jfbonder\/\" target=\"_blank\" rel=\"noopener\">Julian Bonder<\/a> (Universidad de Buenos Aires, Argentina )<\/p>\n<p><a href=\"https:\/\/sites.google.com\/view\/rayssacaju\/home\" target=\"_blank\" rel=\"noopener\">Rayssa Caju<\/a> (Universidad de Chile, Chile)<\/p>\n<p><a href=\"https:\/\/www.researchgate.net\/profile\/Joao-Da-Silva-13\" target=\"_blank\" rel=\"noopener\">Jo\u00e3o Vitor da Silva<\/a> (Universidade Estadual de Campinas, Brazil)<\/p>\n<p><a href=\"https:\/\/sites.google.com\/view\/jfernandes\/home\" target=\"_blank\" rel=\"noopener\">Juliana Fernandes<\/a> (Universidade Federal do Rio de Janeiro, Brazil)<\/p>\n<p><a href=\"https:\/\/sites.google.com\/view\/pedrogaspar\" target=\"_blank\" rel=\"noopener\">Pedro Gaspar<\/a> (Pontificia Universidad Cat\u00f3lica de Chile, Chile)<\/p>\n<p><a href=\"http:\/\/mat.uc.cl\/~nikamburov\/index.html\" target=\"_blank\" rel=\"noopener\">Nikola Kamburov<\/a> (Pontificia Universidad Cat\u00f3lica de Chile, Chile)<\/p>\n<p><a href=\"https:\/\/w-rdb.waseda.jp\/html\/100003702_en.html\" target=\"_blank\" rel=\"noopener\">Shuhei Kitano<\/a> (Waseda University, Japan)<\/p>\n<p><a href=\"https:\/\/w-rdb.waseda.jp\/html\/100000019_en.html\" target=\"_blank\" rel=\"noopener\">Shigeaki Koike<\/a> (Waseda University, Japan)<\/p>\n<p><a href=\"https:\/\/phd.uniroma1.it\/web\/FABIANA-LEONI_nC3284_IT.aspx\" target=\"_blank\" rel=\"noopener\">Fabiana Leoni<\/a> (Sapienza Universit\u00e0 di Roma, Italy)<\/p>\n<p><a href=\"https:\/\/www.researchgate.net\/profile\/Liliane-Maia\" target=\"_blank\" rel=\"noopener\">Liliane Maia<\/a> (Universidade de Bras\u00edlia, Brazil)<\/p>\n<p><a href=\"http:\/\/buscatextual.cnpq.br\/buscatextual\/visualizacv.do\" target=\"_blank\" rel=\"noopener\">Diego Moreira<\/a> (Universidade Federal do Cear\u00e1, Brazil)<\/p>\n<p><a href=\"https:\/\/www.researchgate.net\/profile\/Filomena-Pacella-2\" target=\"_blank\" rel=\"noopener\">Filomena Pacella<\/a> (Sapienza Universit\u00e0 di Roma, Italy)<\/p>\n<p><a href=\"https:\/\/pincho.net.technion.ac.il\/\" target=\"_blank\" rel=\"noopener\">Yehuda Pinchover<\/a> (Technion Israel Institute of Technology, Israel)<\/p>\n<p><a href=\"https:\/\/matematica.usm.cl\/alexander-quaas\/\" target=\"_blank\" rel=\"noopener\">Alexander Quaas<\/a> (Universidad T\u00e9cnica Federico Santa Mar\u00eda, Chile)<\/p>\n<p><a href=\"https:\/\/www.math.univ-toulouse.fr\/~roque\/\" target=\"_blank\" rel=\"noopener\">Jean-Michel Roquejoffre<\/a> (Universit\u00e9 Paul Sabatier, France)<\/p>\n<p><a href=\"http:\/\/mate.dm.uba.ar\/~jrossi\/\" target=\"_blank\" rel=\"noopener\">Julio Rossi<\/a> (Universidad de Buenos Aires, Argentina)<\/p>\n<p><a href=\"https:\/\/research.uniroma1.it\/researcher\/0306a68c11525e716e70fbbb19158dc62d8db90a66bdcd63d2e03a4f\" target=\"_blank\" rel=\"noopener\">Antonio Siconolfi<\/a> (Sapienza Universit\u00e0 di Roma, Italy)<\/p>\n<p><a href=\"https:\/\/www.ugr.es\/~pieralberto\/welcome-EN.htm\" target=\"_blank\" rel=\"noopener\">Pieralberto Sicbaldi<\/a> (Universidad de Granada, Spain)<\/p>\n<p><a href=\"https:\/\/scholar.google.com\/citations?user=-eQ_DxYAAAAJ&amp;hl=es\" target=\"_blank\" rel=\"noopener\">Mayra Soares<\/a> (Universidade de Bras\u00edlia, Brazil)<\/p>\n<p><a href=\"https:\/\/swiech.math.gatech.edu\/\" target=\"_blank\" rel=\"noopener\">Andrzej Swiech<\/a> (Georgia Institute of Technology, USA)<\/p>\n<p><a href=\"https:\/\/sites.google.com\/site\/hugotavaresmath\/\" target=\"_blank\" rel=\"noopener\">Hugo Tavares<\/a> (Instituto Superior T\u00e9cnico, Portugal)<\/p>\n<p><a href=\"https:\/\/www.researchgate.net\/profile\/Erwin-Topp\" target=\"_blank\" rel=\"noopener\">Erwin Topp<\/a> (Universidade Federal do Rio de Janeiro, Brazil)<\/p>\n<div class=\"su-divider su-divider-style-default\" style=\"margin:15px 0;border-width:3px;border-color:#008230\"><a href=\"#\" style=\"color:#999999\">Go to top<\/a><\/div>\n<div id=\"gtx-trans\" style=\"position: absolute; left: -20px; top: 4px;\">\n<div class=\"gtx-trans-icon\"><\/div>\n<\/div>\n","protected":false},"excerpt":{"rendered":"<p>Dami\u00e3o Ara\u00fajo (Universidade Federal da Para\u00edba, Brazil) Julian Bonder (Universidad de Buenos Aires, Argentina ) Rayssa Caju (Universidad de Chile, Chile) Jo\u00e3o Vitor da Silva (Universidade Estadual de Campinas, Brazil) Juliana Fernandes (Universidade Federal do Rio de Janeiro, Brazil) Pedro Gaspar (Pontificia Universidad Cat\u00f3lica de Chile, Chile) Nikola Kamburov (Pontificia Universidad Cat\u00f3lica de Chile, Chile) &hellip; <a href=\"https:\/\/eventos.cmm.uchile.cl\/mmp2024\/speakers\/\" class=\"more-link\">Continue reading <span class=\"screen-reader-text\">Speakers<\/span> <span class=\"meta-nav\">&rarr;<\/span><\/a><\/p>\n","protected":false},"author":2,"featured_media":0,"parent":0,"menu_order":2,"comment_status":"closed","ping_status":"closed","template":"","meta":{"inline_featured_image":false,"footnotes":""},"class_list":["post-9","page","type-page","status-publish","hentry"],"_links":{"self":[{"href":"https:\/\/eventos.cmm.uchile.cl\/mmp2024\/wp-json\/wp\/v2\/pages\/9","targetHints":{"allow":["GET"]}}],"collection":[{"href":"https:\/\/eventos.cmm.uchile.cl\/mmp2024\/wp-json\/wp\/v2\/pages"}],"about":[{"href":"https:\/\/eventos.cmm.uchile.cl\/mmp2024\/wp-json\/wp\/v2\/types\/page"}],"author":[{"embeddable":true,"href":"https:\/\/eventos.cmm.uchile.cl\/mmp2024\/wp-json\/wp\/v2\/users\/2"}],"replies":[{"embeddable":true,"href":"https:\/\/eventos.cmm.uchile.cl\/mmp2024\/wp-json\/wp\/v2\/comments?post=9"}],"version-history":[{"count":21,"href":"https:\/\/eventos.cmm.uchile.cl\/mmp2024\/wp-json\/wp\/v2\/pages\/9\/revisions"}],"predecessor-version":[{"id":213,"href":"https:\/\/eventos.cmm.uchile.cl\/mmp2024\/wp-json\/wp\/v2\/pages\/9\/revisions\/213"}],"wp:attachment":[{"href":"https:\/\/eventos.cmm.uchile.cl\/mmp2024\/wp-json\/wp\/v2\/media?parent=9"}],"curies":[{"name":"wp","href":"https:\/\/api.w.org\/{rel}","templated":true}]}}