{"id":66,"date":"2013-09-30T18:29:50","date_gmt":"2013-09-30T21:29:50","guid":{"rendered":"http:\/\/eventos.cmm.uchile.cl\/mordukhovich2024\/?page_id=66"},"modified":"2024-03-04T21:53:38","modified_gmt":"2024-03-05T00:53:38","slug":"scientific-program","status":"publish","type":"page","link":"https:\/\/eventos.cmm.uchile.cl\/mordukhovich2024\/scientific-program\/","title":{"rendered":"Scientific Program"},"content":{"rendered":"<p>&nbsp;<\/p>\n<p align=\"center\"><a href=\"https:\/\/eventos.cmm.uchile.cl\/mordukhovich2024\/wp-content\/uploads\/sites\/155\/2024\/01\/Program_With_dinner.png\"><img loading=\"lazy\" decoding=\"async\" class=\"aligncenter wp-image-447 size-full\" src=\"https:\/\/eventos.cmm.uchile.cl\/mordukhovich2024\/wp-content\/uploads\/sites\/155\/2024\/01\/Program_With_dinner.png\" alt=\"\" width=\"2800\" height=\"1076\" srcset=\"https:\/\/eventos.cmm.uchile.cl\/mordukhovich2024\/wp-content\/uploads\/sites\/155\/2024\/01\/Program_With_dinner.png 2800w, https:\/\/eventos.cmm.uchile.cl\/mordukhovich2024\/wp-content\/uploads\/sites\/155\/2024\/01\/Program_With_dinner-300x115.png 300w, https:\/\/eventos.cmm.uchile.cl\/mordukhovich2024\/wp-content\/uploads\/sites\/155\/2024\/01\/Program_With_dinner-1024x394.png 1024w, https:\/\/eventos.cmm.uchile.cl\/mordukhovich2024\/wp-content\/uploads\/sites\/155\/2024\/01\/Program_With_dinner-768x295.png 768w, https:\/\/eventos.cmm.uchile.cl\/mordukhovich2024\/wp-content\/uploads\/sites\/155\/2024\/01\/Program_With_dinner-1536x590.png 1536w, https:\/\/eventos.cmm.uchile.cl\/mordukhovich2024\/wp-content\/uploads\/sites\/155\/2024\/01\/Program_With_dinner-2048x787.png 2048w\" sizes=\"auto, (max-width: 2800px) 100vw, 2800px\" \/><\/a><\/p>\n<p align=\"center\"><b>TUESDAY<\/b><\/p>\n<p><b>\u00a008:40\u00a0 \u00a0 Registration &#8211; opening<\/b><\/p>\n<p><b>09:30\u00a0 \u00a0 \u00a0Claudia Sagastiz\u00e1bal, <\/b><i>Weak Convexity and Approximate Subdifferentials<\/i><b><\/b><\/p>\n<p><b>10:00\u00a0 \u00a0 Mikhail Solodov, <\/b>Descent Sequences in Weakly Convex Optimization<\/p>\n<p align=\"center\"><b>Coffee break<\/b><\/p>\n<p><b>11:00\u00a0 \u00a0 \u00a0Ren\u00e9 Henrion<\/b><i>, On a Chance-Constrained Optimal Control Problem with Turnpike Property<\/i><\/p>\n<p><b>11:30\u00a0 \u00a0 \u00a0Alejandro Jofr\u00e9, <\/b><em>Pollution Regulation for Electricity Generators in a Transmission Network<\/em><\/p>\n<p><b>12:00\u00a0 \u00a0 <\/b><em><b>Nicol\u00e1s H\u00e9rnandez-Santib\u00e1\u00f1ez , <\/b>Dynamic Programming Approach for Continuous&#8211;Time Stackelberg Games<\/em><\/p>\n<p><b>12:30\u00a0 \u00a0 Maria Soledad Aronna<\/b><em><b>, <\/b>Optimal Control on a Network, Through Vaccination<\/em><\/p>\n<p align=\"center\"><b>Lunch<\/b><\/p>\n<p><b>15:00\u00a0 \u00a0 Michel De Lara, <\/b><em>Algorithms in Generalized Convexity. Application to Sparse Optimization<\/em><\/p>\n<p><b>15:30\u00a0 \u00a0 \u00a0Francisco J. Silva,\u00a0 <\/b><em>Nonlinear Perspective Functions<\/em><\/p>\n<p><b>16:00\u00a0 \u00a0<\/b><strong>Patrick L. Combettes<\/strong><b>, <\/b><em>Arbitrary Products Of Monotone Operators<\/em><\/p>\n<p align=\"center\"><b>Coffee break<\/b><\/p>\n<p><b>17:00\u00a0 \u00a0 \u00a0Jules Berry,<\/b>\u00a0<i> Approximation and Perturbations of Stable Solutions to a Stationary Mean Field Game System<\/i><b><\/b><\/p>\n<p><b>17:30\u00a0 \u00a0 \u00a0Francisco Venegas M.<\/b><b>, <\/b><em>Asymmetric F<\/em><em>ree Spaces<\/em><\/p>\n<p>&nbsp;<\/p>\n<p style=\"text-align: center;\"><b>WEDNESDAY<br \/>\n<\/b><\/p>\n<p><b>09:00\u00a0 Johannes Royset,<\/b><em> Epi-Convergence in Stochastic Optimization and Mixed-Integer Programming<\/em><\/p>\n<p><b>09:30\u00a0 Claudia Soto, <\/b><em>Probability Functions Generated By Set-Valued Mappings<\/em><\/p>\n<p><b>10:00\u00a0 Eladio Oca\u00f1a,<\/b><em> On the Twice Differentiability of the Marginal Function<\/em><b><\/b><\/p>\n<p align=\"center\"><b>Coffee break<\/b><\/p>\n<p><b>11:00\u00a0 \u00a0Ebrahim Sarabi,\u00a0<\/b><i> Second-Order Variational Properties of Spectral Functions<\/i><b><\/b><\/p>\n<p><b>11:30 Didier Aussel,<\/b><em> When Solutions of Variational and Quasi-Variational Inequality are Analysed in a Local Way: Concepts, Existence and Applications<\/em><b><\/b><\/p>\n<p><b>12:00 David Salas,\u00a0<\/b><em>The Polyhedral Geometry of Linear Bilevel Programming<\/em><\/p>\n<p><b>12:30 Jiri Outrata, <\/b><em>On the Implicit Programming Approach to MPECs via the SC Generalized Derivatives<\/em><\/p>\n<p align=\"center\"><b>Lunch<\/b><\/p>\n<p><b>15:00\u00a0 \u00a0Felipe Lara, <\/b><em>On the Minimization of the Sum of Two Nonconvex Functions with Applications<\/em><\/p>\n<p><b>15:30\u00a0 Stephanie Caro, <\/b><em>Discretization Method Optimization Problems with an Application to<strong>\u00a0<\/strong>\u00a0 \u03b5-Subdifferential<\/em><i><\/i><\/p>\n<p><b>16:00\u00a0 \u00a0Matus Benko,\u00a0<\/b><i> On Superlinear Convergence of Newton-like Methods<\/i><i><\/i><\/p>\n<p align=\"center\"><b>Coffee break &#8211;\u00a0<a href=\"https:\/\/eventos.cmm.uchile.cl\/mordukhovich2024\/scientific-program\/group-photo\/\">Group photo<\/a><\/b><\/p>\n<p><b>17:00\u00a0 \u00a0Tri Minh Le,\u00a0 <\/b><em>Metric Compatibility and Determination in Complete Metric Spaces<\/em><i><\/i><\/p>\n<p><b>17:30\u00a0 Sebasti\u00e1n Tapia<\/b><b>,\u00a0<\/b><i> A Slope Generalization of Attouch Theorem<\/i><\/p>\n<p><b>20:00-22:30\u00a0 \u00a0 \u00a0 Conference dinner (Hotel Diego de Almagro Providencia, <a href=\"https:\/\/maps.app.goo.gl\/Ge2kQbASQAbKrM639\" target=\"_blank\" rel=\"noopener\" data-saferedirecturl=\"https:\/\/www.google.com\/url?q=https:\/\/maps.app.goo.gl\/Ge2kQbASQAbKrM639&amp;source=gmail&amp;ust=1705282215491000&amp;usg=AOvVaw3zb9ZzVgXS37ah4PJsWZuK\">Pio X 2530, Providencia<\/a>)<\/b><\/p>\n<p align=\"center\"><b>\u00a0THURSDAY<\/b><\/p>\n<p><b>09:00\u00a0 Rafael Correa, <\/b><em>Approach Based on the Fenchel-Moreau-Rockafellar Theorem for Subdifferential Calculus<\/em><\/p>\n<p><b>09:30\u00a0 Mathieu Marechal ,\u00a0<\/b><i> A Sufficient Condition for Metric Subregularity of Set-Valued Mappings Between Asplund Spaces Based on an Outer-coderivative-like Variational Tool<\/i><\/p>\n<p><b>10:00\u00a0 Christoper Hermosilla, <\/b><em>Hamilton-Jacobi-Bellman Approach for Optimal Control Problems of Sweeping Processes<\/em><\/p>\n<p style=\"text-align: center;\"><b>\u00a0<\/b><b>Coffee break<\/b><\/p>\n<p><b>11:00\u00a0 \u00a0 \u00a0Samir Adly, <\/b><em>Proto-Differentiability in Monotone Inclusions and the Graphical Convergence of Maximally Monotone Operators<\/em><b><\/b><\/p>\n<p><b>11:30\u00a0 \u00a0 Marco A. L\u00f3pez, <\/b><em>Homogeneous Formulas for the Subdifferential of the Supremum Function in Convex Analysis<\/em><\/p>\n<p><b>12:00\u00a0 Andrea Ridolfi,\u00a0<\/b><i> Graphical Derivative Of The Dual Feasible Set In Linear Conic Optimization<\/i><\/p>\n<p><b>12:30\u00a0 David Sossa,\u00a0<\/b><i> Computing Critical Angles Between Two Convex Cones<\/i><\/p>\n<p align=\"center\"><b>Lunch<\/b><\/p>\n<p><b>15:00\u00a0 \u00a0Hasnaa Zidani, <\/b><em>Optimal control problems in some metric spaces<\/em><\/p>\n<p><b>15:30\u00a0 \u00a0 Terry Rockafellar, <\/b>Primal-Dual Stability in Local Optimization<\/p>\n<p><b>16:00\u00a0 Closing ceremony<\/b><\/p>\n<p>&nbsp;<\/p>\n<p align=\"center\"><b>FRIDAY<\/b><\/p>\n<p><b>09:00-09:30\u00a0 \u00a0 \u00a0Departure from CMM\u00a0<\/b><\/p>\n<p><b>09:30-11:00\u00a0 \u00a0 \u00a0Travel Vi\u00f1a Tarapac\u00e1\u00a0<\/b><b><\/b><\/p>\n<p><b>11:00-12:30\u00a0 \u00a0 Vineyard tour and wine tasting<\/b><\/p>\n<p><b>12:30-15:00\u00a0 \u00a0 Lunch<\/b><i><\/i><\/p>\n<p><b>16:30-17:00\u00a0 Departure back to CMM<\/b><\/p>\n<p align=\"center\"><b>\u00a0<\/b><\/p>\n","protected":false},"excerpt":{"rendered":"<p>&nbsp; TUESDAY \u00a008:40\u00a0 \u00a0 Registration &#8211; opening 09:30\u00a0 \u00a0 \u00a0Claudia Sagastiz\u00e1bal, Weak Convexity and Approximate Subdifferentials 10:00\u00a0 \u00a0 Mikhail Solodov, Descent Sequences in Weakly Convex Optimization Coffee break 11:00\u00a0 \u00a0 \u00a0Ren\u00e9 Henrion, On a Chance-Constrained Optimal Control Problem with Turnpike Property 11:30\u00a0 \u00a0 \u00a0Alejandro Jofr\u00e9, Pollution Regulation for Electricity Generators in a Transmission Network 12:00\u00a0 &hellip; <a href=\"https:\/\/eventos.cmm.uchile.cl\/mordukhovich2024\/scientific-program\/\" class=\"more-link\">Continue reading <span class=\"screen-reader-text\">Scientific Program<\/span> <span class=\"meta-nav\">&rarr;<\/span><\/a><\/p>\n","protected":false},"author":5,"featured_media":0,"parent":0,"menu_order":3,"comment_status":"closed","ping_status":"closed","template":"","meta":{"inline_featured_image":false,"footnotes":""},"class_list":["post-66","page","type-page","status-publish","hentry"],"_links":{"self":[{"href":"https:\/\/eventos.cmm.uchile.cl\/mordukhovich2024\/wp-json\/wp\/v2\/pages\/66","targetHints":{"allow":["GET"]}}],"collection":[{"href":"https:\/\/eventos.cmm.uchile.cl\/mordukhovich2024\/wp-json\/wp\/v2\/pages"}],"about":[{"href":"https:\/\/eventos.cmm.uchile.cl\/mordukhovich2024\/wp-json\/wp\/v2\/types\/page"}],"author":[{"embeddable":true,"href":"https:\/\/eventos.cmm.uchile.cl\/mordukhovich2024\/wp-json\/wp\/v2\/users\/5"}],"replies":[{"embeddable":true,"href":"https:\/\/eventos.cmm.uchile.cl\/mordukhovich2024\/wp-json\/wp\/v2\/comments?post=66"}],"version-history":[{"count":73,"href":"https:\/\/eventos.cmm.uchile.cl\/mordukhovich2024\/wp-json\/wp\/v2\/pages\/66\/revisions"}],"predecessor-version":[{"id":469,"href":"https:\/\/eventos.cmm.uchile.cl\/mordukhovich2024\/wp-json\/wp\/v2\/pages\/66\/revisions\/469"}],"wp:attachment":[{"href":"https:\/\/eventos.cmm.uchile.cl\/mordukhovich2024\/wp-json\/wp\/v2\/media?parent=66"}],"curies":[{"name":"wp","href":"https:\/\/api.w.org\/{rel}","templated":true}]}}