{"id":29,"date":"2016-11-10T17:16:09","date_gmt":"2016-11-10T20:16:09","guid":{"rendered":"http:\/\/eventos.cmm.uchile.cl\/multiscale2018\/?page_id=29"},"modified":"2018-01-29T15:11:40","modified_gmt":"2018-01-29T18:11:40","slug":"venue","status":"publish","type":"page","link":"https:\/\/eventos.cmm.uchile.cl\/multiscale2018\/venue\/","title":{"rendered":"Venue"},"content":{"rendered":"<h2>Conference<\/h2>\n<p><img loading=\"lazy\" decoding=\"async\" class=\"alignnone size-full wp-image-53\" src=\"http:\/\/eventos.cmm.uchile.cl\/bioprocesos2016\/wp-content\/uploads\/sites\/35\/2016\/06\/cmm_hall_venue01.jpg\" alt=\"CMM - Center for Mathematical Modeling\" width=\"604\" height=\"200\" \/><br \/>\n<b>John Von Neumann Seminar Room<\/b><br \/>\n<a href=\"http:\/\/www.cmm.uchile.cl\">CMM &#8211; Centro de Modelamiento Matem\u00e1tico<br \/>\n<\/a>Facultad de Ciencias F\u00edsicas y Matem\u00e1ticas<br \/>\nUniversidad de Chile<br \/>\nBeauchef 851<br \/>\nSantiago, Chile<\/p>\n\n<!-- iframe plugin v.6.0 wordpress.org\/plugins\/iframe\/ -->\n<iframe loading=\"lazy\" src=\"https:\/\/www.google.com\/maps\/d\/u\/0\/embed?mid=11XYy6-ZNTAFgGhj6OXCsNmktJirz8_Nc\" width=\"604\" height=\"502\" frameborder=\"0\" marginwidth=\"0\" marginheight=\"0\" scrolling=\"no\" class=\"iframe-class\"><\/iframe>\n\n<small>See the\u00a0<a href=\"https:\/\/www.google.com\/maps\/d\/viewer?mid=1uprp-B0vGzc8gZOKUS6zOnhk6us&amp;usp=sharing\" target=\"_blank\" rel=\"noopener noreferrer\">CMM<\/a>\u00a0in a bigger map<br \/>\n<\/small><\/p>\n<p><a href=\"http:\/\/static.cmm.uchile.cl\/descargas\/venue\/uchile_cmm-dim_map03.png\" target=\"_blank\" rel=\"noopener\"><img loading=\"lazy\" decoding=\"async\" class=\"wp-image-76 size-medium aligncenter\" src=\"http:\/\/static.cmm.uchile.cl\/descargas\/venue\/uchile_cmm-dim_map03.png\" alt=\"cmm-dim map\" width=\"604\" height=\"604\" \/><\/a><\/p>\n<p>The nearest subway stations are &#8220;Toesca&#8221; and &#8220;Parque O&#8217;Higgins&#8221; stations, both in Line 2 (yellow line).<\/p>\n<p style=\"text-align: center\"><a href=\"http:\/\/static.cmm.uchile.cl\/descargas\/venue\/2017-plano-metro-red.pdf\" class=\"su-button su-button-style-default\" style=\"color:#FFF;background-color:#EE3124;border-color:#bf281d;border-radius:5px\" target=\"__blank\" title=\"download map\"><span style=\"color:#FFF;padding:6px 16px;font-size:13px;line-height:20px;border-color:#f46f66;border-radius:5px;text-shadow:none\"><i class=\"sui sui-file-pdf-o\" style=\"font-size:13px;color:#FFF\"><\/i> Metro de Santiago&#8217;s network map<\/span><\/a> <a href=\"http:\/\/static.cmm.uchile.cl\/descargas\/venue\/uchile_cmm-dim_map03.pdf\" class=\"su-button su-button-style-default\" style=\"color:#FFF;background-color:#EE3124;border-color:#bf281d;border-radius:5px\" target=\"__blank\" title=\"download map\"><span style=\"color:#FFF;padding:6px 16px;font-size:13px;line-height:20px;border-color:#f46f66;border-radius:5px;text-shadow:none\"><i class=\"sui sui-file-pdf-o\" style=\"font-size:13px;color:#FFF\"><\/i> CMM\/FCFM location map<\/span><\/a>\n<p>&nbsp;<\/p>\n<h2>Summer School<\/h2>\n<p><strong>Sala Luis Crisosto<br \/>\n<\/strong><a href=\"https:\/\/www.ing.uc.cl\/\" target=\"_blank\" rel=\"noopener\">Escuela de Ingenier\u00eda<\/a>, Campus San Joaqu\u00edn,<br \/>\nUniversidad Cat\u00f3lica de Chile<br \/>\nVicu\u00f1a Mackenna 4860, Macul<br \/>\nSantiago, Chile<\/p>\n\n<!-- iframe plugin v.6.0 wordpress.org\/plugins\/iframe\/ -->\n<iframe loading=\"lazy\" src=\"https:\/\/www.google.com\/maps\/embed?pb=!1m14!1m8!1m3!1d207.94162629076303!2d-70.6121957!3d-33.4996594!3m2!1i1024!2i768!4f13.1!3m3!1m2!1s0x9662d00dd00524f1%3A0xb0317a8e10970d4e!2sSala+Luis+Crisosto+Aguilera!5e0!3m2!1ses!2scl!4v1513619796966\" width=\"604\" height=\"502\" frameborder=\"0\" style=\"border:0\" 0=\"allowfullscreen\" marginwidth=\"0\" marginheight=\"0\" scrolling=\"no\" class=\"iframe-class\"><\/iframe>\n\n<small>See the\u00a0<a href=\"https:\/\/www.google.cl\/maps\/place\/Sala+Luis+Crisosto+Aguilera\/@-33.4996594,-70.6121957,21z\/data=!4m12!1m6!3m5!1s0x9662d00dd00524f1:0xb0317a8e10970d4e!2sSala+Luis+Crisosto+Aguilera!8m2!3d-33.4995869!4d-70.6120555!3m4!1s0x9662d00dd00524f1:0xb0317a8e10970d4e!8m2!3d-33.4995869!4d-70.6120555?hl=es\" target=\"_blank\" rel=\"noopener noreferrer\">School venue<\/a>\u00a0in a bigger map<\/small><\/p>\n<h2>Additional information<\/h2>\n<ol>\n<li>If you are coming from outside Chile, please do not bring any food with you unless you have full knowledge about Chilean customs and their particular laws at the airport. For example, Chilean customs are known for being extremely restrictive with non sealed vegetables\/fruits\/meals\/beverages, etc.<\/li>\n<li>After customs, you can share a shuttle Transvip (about 8000 pesos or 12 dollars) that will bring you to the Alcal\u00e1 del R\u00edo hotel:<br \/>\n<a href=\"https:\/\/goo.gl\/maps\/YAawxMU6a6M2\">https:\/\/goo.gl\/maps\/YAawxMU6a6M2<\/a><br \/>\nThe ride takes approx. 30 mins.<\/li>\n<\/ol>\n","protected":false},"excerpt":{"rendered":"<p>Conference John Von Neumann Seminar Room CMM &#8211; Centro de Modelamiento Matem\u00e1tico Facultad de Ciencias F\u00edsicas y Matem\u00e1ticas Universidad de Chile Beauchef 851 Santiago, Chile See the\u00a0CMM\u00a0in a bigger map The nearest subway stations are &#8220;Toesca&#8221; and &#8220;Parque O&#8217;Higgins&#8221; stations, both in Line 2 (yellow line). &nbsp; Summer School Sala Luis Crisosto Escuela de Ingenier\u00eda, &hellip; <a href=\"https:\/\/eventos.cmm.uchile.cl\/multiscale2018\/venue\/\" class=\"more-link\">Continue reading <span class=\"screen-reader-text\">Venue<\/span> <span class=\"meta-nav\">&rarr;<\/span><\/a><\/p>\n","protected":false},"author":2,"featured_media":0,"parent":0,"menu_order":4,"comment_status":"closed","ping_status":"closed","template":"","meta":{"inline_featured_image":false,"footnotes":""},"class_list":["post-29","page","type-page","status-publish","hentry"],"_links":{"self":[{"href":"https:\/\/eventos.cmm.uchile.cl\/multiscale2018\/wp-json\/wp\/v2\/pages\/29","targetHints":{"allow":["GET"]}}],"collection":[{"href":"https:\/\/eventos.cmm.uchile.cl\/multiscale2018\/wp-json\/wp\/v2\/pages"}],"about":[{"href":"https:\/\/eventos.cmm.uchile.cl\/multiscale2018\/wp-json\/wp\/v2\/types\/page"}],"author":[{"embeddable":true,"href":"https:\/\/eventos.cmm.uchile.cl\/multiscale2018\/wp-json\/wp\/v2\/users\/2"}],"replies":[{"embeddable":true,"href":"https:\/\/eventos.cmm.uchile.cl\/multiscale2018\/wp-json\/wp\/v2\/comments?post=29"}],"version-history":[{"count":14,"href":"https:\/\/eventos.cmm.uchile.cl\/multiscale2018\/wp-json\/wp\/v2\/pages\/29\/revisions"}],"predecessor-version":[{"id":189,"href":"https:\/\/eventos.cmm.uchile.cl\/multiscale2018\/wp-json\/wp\/v2\/pages\/29\/revisions\/189"}],"wp:attachment":[{"href":"https:\/\/eventos.cmm.uchile.cl\/multiscale2018\/wp-json\/wp\/v2\/media?parent=29"}],"curies":[{"name":"wp","href":"https:\/\/api.w.org\/{rel}","templated":true}]}}