{"id":95,"date":"2017-08-11T11:51:04","date_gmt":"2017-08-11T15:51:04","guid":{"rendered":"http:\/\/eventos.cmm.uchile.cl\/tarachile2017\/?page_id=95"},"modified":"2017-08-30T18:03:50","modified_gmt":"2017-08-30T21:03:50","slug":"encuentro-tara-america-del-sur","status":"publish","type":"page","link":"https:\/\/eventos.cmm.uchile.cl\/tarachile2017\/es\/encuentro-tara-america-del-sur\/","title":{"rendered":"Encuentro Tara Am\u00e9rica del Sur"},"content":{"rendered":"<h2>El programa <em>Tara Oceans<\/em>: estructuraci\u00f3n de la cooperaci\u00f3n cient\u00edfica internacional con Am\u00e9rica del Sur<\/h2>\n<h3>Taller cient\u00edfico<\/h3>\n<p><strong>4-6 de septiembre de 2017<\/strong><br \/>\n<strong>Universidad de Concepci\u00f3n, Chile<\/strong><\/p>\n<p>Auditorio &#8220;Jaime Baeza&#8221; Vicerrector\u00eda de Investigaci\u00f3n y Desarrollo, Campus Universidad de Concepci\u00f3n<\/p>\n<h4>Lunes 4 de septiembre<\/h4>\n<h5><em>TARA Oceans<\/em>: visi\u00f3n general y progresos cient\u00edficos<\/h5>\n<p><strong>09:00-09:30<\/strong> <strong>Palabras de bienvenida y observaciones preliminares:<\/strong> Osvaldo Ulloa, autoridades locales y Andr\u00e9 Abreu<br \/>\n<strong>09:30-10:30 Conferencia inaugural: <\/strong>Historia y perspectiva general de <em>TARA Oceans<\/em>: <em>Eric Karsenti<\/em><br \/>\n<strong>10:30-11:00 Caf\u00e9<\/strong><br \/>\n<strong>11:00-11:30<\/strong> <strong>Gen\u00f3mica y datos<\/strong> <em>Patrick Wincker<\/em><br \/>\n<strong>11:30-12:00<\/strong> <strong>Virus<\/strong> <em>Consuelo Gazitua<\/em><br \/>\n<strong>12:00-12:30 <\/strong> <strong>Procariotas<\/strong> <em>Samuel Chaffron<\/em><br \/>\n<strong>12:30-13:00<\/strong> <strong>Protistas<\/strong> <em>Colomban De Vargas<\/em><br \/>\n<strong>13:00-14:30<\/strong> <strong>Almuerzo<\/strong><br \/>\n<strong>14:30-15:00<\/strong> <strong>Virus <\/strong> <em>Pascal Hingamp<\/em><br \/>\n<strong>15:00-15:30<\/strong> <strong>Zooplancton<\/strong> <em>Lars<\/em> <em>Stemmann<\/em><br \/>\n<strong>15:30-16:00<\/strong> <strong>Oceanograf\u00eda de sistemas<\/strong>\u00a0<em>Daniele Iudicone<\/em><br \/>\n<strong>16:00-16:30 Caf\u00e9<\/strong><br \/>\n<strong>16:30-17:00<\/strong> <strong>Genoceanography<\/strong> <em>Lionel Guidi<\/em><br \/>\n<strong>17:00-17:30<\/strong> <strong>Ecolog\u00eda de sistemas<\/strong>\u00a0<em>Jeroen Raes<\/em><br \/>\n<strong>17:30-18:00<\/strong> <strong>An\u00e1lisis de datos<\/strong> <em>Damien Eveillard<\/em><\/p>\n<p>&nbsp;<\/p>\n<h4>Martes 5 de septiembre<\/h4>\n<h5>El esfuerzo de colaboraci\u00f3n de <em>TARA Oceans<\/em> para el desarrollo de capacidades y la cooperaci\u00f3n internacional<\/h5>\n<p><strong>09:00-10:00<\/strong> <strong>El proyecto Plancton oce\u00e1nico, Clima y Desarrollo<\/strong> <em>Andr\u00e9 Abreu \/ Eric Karsenti<\/em><br \/>\n<strong>10:00-11:00<\/strong> <strong>Microbioma<\/strong> <em>Alejandro Murillo \/ Luis Coelho<\/em><br \/>\n<strong>11:00-11:30<\/strong> <strong>Caf\u00e9<\/strong><br \/>\n<strong>11:30-12:30<\/strong> <strong>Symbiome<\/strong><strong> planct\u00f3nico<\/strong> <em>Marko Budinich \/ Colomban de Vargas<\/em><br \/>\n<strong>12:30-14:30<\/strong> <strong>Almuerzo<\/strong><br \/>\n<strong>14:30-15.30<\/strong> <strong>Funcionalidades eucariotas en entornos an\u00f3xicos <\/strong><em> Janaina Rigonato \/ \u00a0Patrick Wincker<\/em><br \/>\n<strong>15:30-16:30<\/strong> <strong>Caracter\u00edsticas del ciclo biol\u00f3gico planct\u00f3nico<\/strong> <em>Juan Pierella Karlusisch \/ Chris Bowler<\/em><br \/>\n<strong>16:30-17:00 Caf\u00e9<\/strong><br \/>\n<strong>17:00-18:00<\/strong> <strong>Sistemas zooplanct\u00f3nicos<\/strong> <em>Manoela Brandao \/ Lars Stemmann<\/em><br \/>\n<strong>18:00-19:30<\/strong> <strong>Debate sobre las colaboraciones <\/strong><strong>entre grupos<\/strong><br \/>\n<strong>20:30-23:30<\/strong> <strong>Cena<\/strong><\/p>\n<p>&nbsp;<\/p>\n<h4>Mi\u00e9rcoles 6 de septiembre<\/h4>\n<h5>Posible cooperaci\u00f3n sudamericana regional e internacional<\/h5>\n<p><strong>09:00-11:00<\/strong> Presentaci\u00f3n de programas y temas locales: Pedro Flombaum &amp; Leonardo Erijman (Argentina), Paulo Calil, Andrea Freire &amp; Hugo Sarmento (Brasil), Giovanna Sotil (Per\u00fa) y Jorge Rafael Berm\u00fadez (Ecuador).<br \/>\n<strong>11:00-11:30<\/strong> <strong>Caf\u00e9<\/strong><br \/>\n<strong>11:30-12:00<\/strong> Presentaci\u00f3n de programas y temas locales: Osvaldo Ulloa &amp; Alejandro Maass (Chile).<br \/>\n<strong>12:00-13:00<\/strong> Posibilidades de financiamiento: EU H2020, instituciones p\u00fablicas y regionales, fundaciones p\u00fablicas y privadas.<br \/>\n<strong>13:00-14:30<\/strong> <strong>Almuerzo<\/strong><br \/>\n<strong>14:30-15:30<\/strong> Lluvia de ideas sobre posibilidades de proyectos regionales usando la informaci\u00f3n y metodolog\u00eda de Tara Oceans.<\/p>\n","protected":false},"excerpt":{"rendered":"<p>El programa Tara Oceans: estructuraci\u00f3n de la cooperaci\u00f3n cient\u00edfica internacional con Am\u00e9rica del Sur Taller cient\u00edfico 4-6 de septiembre de 2017 Universidad de Concepci\u00f3n, Chile Auditorio &#8220;Jaime Baeza&#8221; Vicerrector\u00eda de Investigaci\u00f3n y Desarrollo, Campus Universidad de Concepci\u00f3n Lunes 4 de septiembre TARA Oceans: visi\u00f3n general y progresos cient\u00edficos 09:00-09:30 Palabras de bienvenida y observaciones preliminares: &hellip; <a href=\"https:\/\/eventos.cmm.uchile.cl\/tarachile2017\/es\/encuentro-tara-america-del-sur\/\" class=\"more-link\">Continue reading <span class=\"screen-reader-text\">Encuentro Tara Am\u00e9rica del Sur<\/span> <span class=\"meta-nav\">&rarr;<\/span><\/a><\/p>\n","protected":false},"author":2,"featured_media":0,"parent":0,"menu_order":2,"comment_status":"closed","ping_status":"closed","template":"","meta":{"inline_featured_image":false,"footnotes":""},"class_list":["post-95","page","type-page","status-publish","hentry"],"_links":{"self":[{"href":"https:\/\/eventos.cmm.uchile.cl\/tarachile2017\/wp-json\/wp\/v2\/pages\/95","targetHints":{"allow":["GET"]}}],"collection":[{"href":"https:\/\/eventos.cmm.uchile.cl\/tarachile2017\/wp-json\/wp\/v2\/pages"}],"about":[{"href":"https:\/\/eventos.cmm.uchile.cl\/tarachile2017\/wp-json\/wp\/v2\/types\/page"}],"author":[{"embeddable":true,"href":"https:\/\/eventos.cmm.uchile.cl\/tarachile2017\/wp-json\/wp\/v2\/users\/2"}],"replies":[{"embeddable":true,"href":"https:\/\/eventos.cmm.uchile.cl\/tarachile2017\/wp-json\/wp\/v2\/comments?post=95"}],"version-history":[{"count":9,"href":"https:\/\/eventos.cmm.uchile.cl\/tarachile2017\/wp-json\/wp\/v2\/pages\/95\/revisions"}],"predecessor-version":[{"id":208,"href":"https:\/\/eventos.cmm.uchile.cl\/tarachile2017\/wp-json\/wp\/v2\/pages\/95\/revisions\/208"}],"wp:attachment":[{"href":"https:\/\/eventos.cmm.uchile.cl\/tarachile2017\/wp-json\/wp\/v2\/media?parent=95"}],"curies":[{"name":"wp","href":"https:\/\/api.w.org\/{rel}","templated":true}]}}