{"id":65,"date":"2021-09-20T17:19:42","date_gmt":"2021-09-20T20:19:42","guid":{"rendered":"http:\/\/eventos.cmm.uchile.cl\/womaths2023\/?page_id=65"},"modified":"2023-05-09T11:47:40","modified_gmt":"2023-05-09T15:47:40","slug":"programa","status":"publish","type":"page","link":"https:\/\/eventos.cmm.uchile.cl\/womaths2023\/programa\/","title":{"rendered":"Programa"},"content":{"rendered":"<p>El programa se compone de diversas actividades tales como Plenarias, Charlas y Cursillo a cargo de investigadoras nacionales e internaciones. Adem\u00e1s, se realizar\u00e1 una sesi\u00f3n de posters donde se podr\u00e1 conocer el trabajo de estudiantes tanto de pregrado como de postgrado.<\/p>\n<p>&nbsp;<\/p>\n<table>\n<tbody>\n<tr>\n<td colspan=\"4\">\n<h2 style=\"text-align: center;\"><b>Cronograma General WoMaths 2023<\/b><\/h2>\n<\/td>\n<\/tr>\n<tr>\n<td style=\"text-align: center;\"><\/td>\n<td style=\"text-align: center;\"><strong>MI\u00c9RCOLES<br \/>\nUC<\/strong><\/td>\n<td style=\"text-align: center;\"><strong>JUEVES<br \/>\nUSACH<\/strong><\/td>\n<td>\n<p style=\"text-align: center;\"><strong>VIERNES<br \/>\nUCHILE<\/strong><\/p>\n<\/td>\n<\/tr>\n<tr>\n<td>\n<p style=\"text-align: center;\"><strong>8:00 &#8211; 9:00<\/strong><\/p>\n<\/td>\n<td style=\"text-align: center;\"><span style=\"font-weight: 400;\">Recepci\u00f3n <\/span><span style=\"font-weight: 400;\"><br \/>\n<\/span><span style=\"font-weight: 400;\">Coffee Break<\/span><\/td>\n<td style=\"text-align: center;\">&#8211;<\/td>\n<td style=\"text-align: center;\">&#8211;<\/td>\n<\/tr>\n<tr>\n<td style=\"text-align: center;\"><strong>9:00 &#8211; 9:20<\/strong><\/td>\n<td style=\"text-align: center;\"><span style=\"font-weight: 400;\">Bienvenida\u00a0<\/span><\/td>\n<td style=\"text-align: center;\"><span style=\"font-weight: 400;\">Bienvenida\u00a0<\/span><\/td>\n<td>\n<p style=\"text-align: center;\"><span style=\"font-weight: 400;\">Bienvenida\u00a0<\/span><\/p>\n<\/td>\n<\/tr>\n<tr>\n<td>\n<p style=\"text-align: center;\"><strong>9:20 &#8211; 10:30<\/strong><\/p>\n<\/td>\n<td style=\"text-align: center;\"><span style=\"font-weight: 400;\">Plenaria I-A<br \/>\n<strong>Dra. Carolina<br \/>\nUrz\u00faa <\/strong><strong>Torres<\/strong><br \/>\n<\/span><\/td>\n<td style=\"text-align: center;\"><span style=\"font-weight: 400;\">Plenaria II-A<br \/>\n<strong>Dra. Nancy<br \/>\nGuelman <\/strong><strong>Tenenbaum<\/strong><br \/>\n<\/span><\/td>\n<td>\n<p style=\"text-align: center;\"><span style=\"font-weight: 400;\">Plenaria III-A<br \/>\n<strong>Dra. Mar\u00eda de la Luz<br \/>\nDe <\/strong><strong>Teresa de Oteyza<\/strong><br \/>\n<\/span><\/p>\n<p>&nbsp;<\/td>\n<\/tr>\n<tr>\n<td style=\"text-align: center;\"><strong>10:30 &#8211; 11:15<\/strong><\/td>\n<td style=\"text-align: center;\"><span style=\"font-weight: 400;\">Inauguraci\u00f3n Congreso<\/span><\/td>\n<td style=\"text-align: center;\"><span style=\"font-weight: 400;\">Coffee Break<\/span><\/td>\n<td>\n<p style=\"text-align: center;\"><span style=\"font-weight: 400;\">Coffee Break<\/span><\/p>\n<\/td>\n<\/tr>\n<tr>\n<td style=\"text-align: center;\"><strong>11:15 &#8211; 12:15<\/strong><\/td>\n<td style=\"text-align: center;\"><span style=\"font-weight: 400;\">Charlas<\/span><span style=\"font-weight: 400;\"><br \/>\n<\/span><span style=\"font-weight: 400;\">1A &#8211; <strong>Dra. <\/strong><strong>Gloria<br \/>\nHenr\u00edquez <\/strong><strong>D\u00edaz<\/strong><br \/>\n1B-\u00a0 <strong>Dra. <\/strong><strong>Anah\u00ed<br \/>\nGajardo <\/strong><strong>Schulz<\/strong><\/span><\/td>\n<td style=\"text-align: center;\"><span style=\"font-weight: 400;\">Charla<\/span><span style=\"font-weight: 400;\"><br \/>\n<\/span><span style=\"font-weight: 400;\">2A &#8211; <strong>Dra. <\/strong><strong>Elizabeth<br \/>\nTerezinha <\/strong><strong>Gasparim<\/strong><br \/>\n2B &#8211; <strong>Dra. <\/strong><strong>Tamara<br \/>\nD\u00edaz Chang<\/strong><\/span><\/td>\n<td>\n<p style=\"text-align: center;\"><span style=\"font-weight: 400;\">Charla<\/span><span style=\"font-weight: 400;\"><br \/>\n<\/span><span style=\"font-weight: 400;\">3A &#8211; <strong>Dra. <\/strong><strong>Lorena<br \/>\nEspinoza <\/strong><strong>Salfate<\/strong><br \/>\n3B &#8211; <strong>Dra. <\/strong><strong>Pilar<br \/>\n<\/strong><\/span><span style=\"font-weight: 400;\"><strong>Herreros <\/strong><strong>Cort\u00e1zar<\/strong><\/span><\/p>\n<p>&nbsp;<\/td>\n<\/tr>\n<tr>\n<td>\n<p style=\"text-align: center;\"><strong>12:15 &#8211; 14:00<\/strong><\/p>\n<\/td>\n<td colspan=\"3\">\n<p style=\"text-align: center;\"><span style=\"font-weight: 400;\">Almuerzo<\/span><\/p>\n<\/td>\n<\/tr>\n<tr>\n<td>\n<p style=\"text-align: center;\"><strong>14:00- 15:30<\/strong><\/p>\n<\/td>\n<td style=\"text-align: center;\"><span style=\"font-weight: 400;\">Cursillos<\/span><\/p>\n<p><span style=\"font-weight: 400;\">S1A &#8211; <strong>Dra. <\/strong><strong>Hanne Van Den<\/strong><br \/>\n<strong>Bosch<\/strong><br \/>\nS1B &#8211; <strong>Dra. <\/strong><strong>Yuriko Pitones<\/strong><br \/>\n<strong>Amaro<\/strong><\/span><\/td>\n<td style=\"text-align: center;\"><span style=\"font-weight: 400;\">Cursillos<\/span><\/p>\n<p><span style=\"font-weight: 400;\">S2A &#8211; <strong>Dra. <\/strong><strong>Hanne Van Den<\/strong><br \/>\n<strong>Bosch<\/strong><br \/>\nS2B &#8211;<strong> Dra. Yuriko Pitones<\/strong><br \/>\n<strong>Amaro<\/strong><\/span><\/td>\n<td style=\"text-align: center;\" rowspan=\"2\">\n<p style=\"text-align: center;\"><span style=\"font-weight: 400;\"><strong>P\u00f3steres<\/strong><br \/>\nFrancisca Aguayo-PUC<br \/>\nCarolina Chiu-UChile<br \/>\nNathaly Corrales-UTFSM<br \/>\nJessica Correa-PUC<br \/>\nValeria Henr\u00edquez-UdeC<br \/>\nConstanza Molina-PUC<br \/>\nValentina Moreno-UChile<br \/>\nJohana Telenchana-PUC<br \/>\nJessica Trespalacios-UChile<br \/>\nLesly Su\u00e1rez-USACH<br \/>\n<\/span><\/p>\n<\/td>\n<\/tr>\n<tr>\n<td style=\"text-align: center;\"><strong>15:30 &#8211; 16:15<\/strong><\/td>\n<td style=\"text-align: center;\"><span style=\"font-weight: 400;\">Coffee Break<\/span><\/td>\n<td>\n<p style=\"text-align: center;\"><span style=\"font-weight: 400;\">Coffee Break<\/span><\/p>\n<\/td>\n<\/tr>\n<tr>\n<td>\n<p style=\"text-align: center;\"><strong>16:15 &#8211; 17:25<\/strong><\/p>\n<\/td>\n<td style=\"text-align: center;\"><span style=\"font-weight: 400;\">Plenaria I-B<br \/>\n<strong>Dra. Michela Artebani<\/strong><br \/>\n<\/span><\/td>\n<td style=\"text-align: center;\"><span style=\"font-weight: 400;\">Plenaria II-B<br \/>\n<strong>Dra. Carolina<br \/>\nNeira <\/strong><strong>Jim\u00e9nez<\/strong><br \/>\n<\/span><\/td>\n<td>\n<p style=\"text-align: center;\"><span style=\"font-weight: 400;\">Plenaria III-B<br \/>\n<strong>Dra. Claudia<br \/>\nAlejandra<\/strong><br \/>\n<strong>Sagastiz\u00e1bal<\/strong><br \/>\n<\/span><\/p>\n<\/td>\n<\/tr>\n<tr>\n<td style=\"text-align: center;\"><strong>17:25 -18:25<\/strong><\/td>\n<td style=\"text-align: center;\"><\/td>\n<td style=\"text-align: center;\"><\/td>\n<td>\n<p style=\"text-align: center;\"><span style=\"font-weight: 400;\">C\u00f3ctel<\/span><\/p>\n<\/td>\n<\/tr>\n<\/tbody>\n<\/table>\n<p>&nbsp;<\/p>\n<div class=\"su-divider su-divider-style-default\" style=\"margin:20px 0;border-width:3px;border-color:#23519A\"><a href=\"#\" style=\"color:#999999\">Volver arriba \u2303<\/a><\/div>\n","protected":false},"excerpt":{"rendered":"<p>El programa se compone de diversas actividades tales como Plenarias, Charlas y Cursillo a cargo de investigadoras nacionales e internaciones. Adem\u00e1s, se realizar\u00e1 una sesi\u00f3n de posters donde se podr\u00e1 conocer el trabajo de estudiantes tanto de pregrado como de postgrado. &nbsp; Cronograma General WoMaths 2023 MI\u00c9RCOLES UC JUEVES USACH VIERNES UCHILE 8:00 &#8211; 9:00 &hellip; <a href=\"https:\/\/eventos.cmm.uchile.cl\/womaths2023\/programa\/\" class=\"more-link\">Seguir leyendo <span class=\"screen-reader-text\">Programa<\/span> <span class=\"meta-nav\">&rarr;<\/span><\/a><\/p>\n","protected":false},"author":2,"featured_media":0,"parent":0,"menu_order":1,"comment_status":"closed","ping_status":"closed","template":"","meta":{"inline_featured_image":false,"footnotes":""},"class_list":["post-65","page","type-page","status-publish","hentry"],"_links":{"self":[{"href":"https:\/\/eventos.cmm.uchile.cl\/womaths2023\/wp-json\/wp\/v2\/pages\/65","targetHints":{"allow":["GET"]}}],"collection":[{"href":"https:\/\/eventos.cmm.uchile.cl\/womaths2023\/wp-json\/wp\/v2\/pages"}],"about":[{"href":"https:\/\/eventos.cmm.uchile.cl\/womaths2023\/wp-json\/wp\/v2\/types\/page"}],"author":[{"embeddable":true,"href":"https:\/\/eventos.cmm.uchile.cl\/womaths2023\/wp-json\/wp\/v2\/users\/2"}],"replies":[{"embeddable":true,"href":"https:\/\/eventos.cmm.uchile.cl\/womaths2023\/wp-json\/wp\/v2\/comments?post=65"}],"version-history":[{"count":83,"href":"https:\/\/eventos.cmm.uchile.cl\/womaths2023\/wp-json\/wp\/v2\/pages\/65\/revisions"}],"predecessor-version":[{"id":1273,"href":"https:\/\/eventos.cmm.uchile.cl\/womaths2023\/wp-json\/wp\/v2\/pages\/65\/revisions\/1273"}],"wp:attachment":[{"href":"https:\/\/eventos.cmm.uchile.cl\/womaths2023\/wp-json\/wp\/v2\/media?parent=65"}],"curies":[{"name":"wp","href":"https:\/\/api.w.org\/{rel}","templated":true}]}}